{"id":1389,"date":"2024-12-09T14:26:47","date_gmt":"2024-12-09T13:26:47","guid":{"rendered":"https:\/\/www.segler.eu\/?page_id=1389"},"modified":"2025-06-26T13:19:43","modified_gmt":"2025-06-26T11:19:43","slug":"snail-wings","status":"publish","type":"page","link":"https:\/\/www.segler.eu\/en\/produkte\/schneckenfluegel\/","title":{"rendered":"Screw flights"},"content":{"rendered":"<p>[et_pb_section fb_built=&#8220;1&#8243; _builder_version=&#8220;4.27.4&#8243; _module_preset=&#8220;default&#8220; background_image=&#8220;https:\/\/www.segler.eu\/wp-content\/uploads\/2024\/12\/SCHNECKEN-2.png&#8220; height=&#8220;45vh&#8220; custom_margin=&#8220;-10%||||false|false&#8220; locked=&#8220;off&#8220; global_colors_info=&#8220;{}&#8220;][et_pb_row _builder_version=&#8220;4.27.2&#8243; _module_preset=&#8220;default&#8220; custom_padding=&#8220;20vh||||false|false&#8220; global_colors_info=&#8220;{}&#8220;][et_pb_column type=&#8220;4_4&#8243; _builder_version=&#8220;4.27.2&#8243; _module_preset=&#8220;default&#8220; global_colors_info=&#8220;{}&#8220;][\/et_pb_column][\/et_pb_row][\/et_pb_section][et_pb_section fb_built=&#8220;1&#8243; _builder_version=&#8220;4.27.2&#8243; _module_preset=&#8220;default&#8220; locked=&#8220;off&#8220; global_colors_info=&#8220;{}&#8220;][et_pb_row _builder_version=&#8220;4.27.2&#8243; _module_preset=&#8220;default&#8220; custom_margin=&#8220;0px||0px||true|false&#8220; custom_padding=&#8220;0px||0px||true|false&#8220; locked=&#8220;off&#8220; global_colors_info=&#8220;{}&#8220;][et_pb_column type=&#8220;4_4&#8243; _builder_version=&#8220;4.27.2&#8243; _module_preset=&#8220;default&#8220; global_colors_info=&#8220;{}&#8220;][et_pb_heading title=&#8220;Produkte&#8220; _builder_version=&#8220;4.27.2&#8243; _module_preset=&#8220;default&#8220; title_level=&#8220;h4&#8243; title_font=&#8220;|||on|||||&#8220; title_text_color=&#8220;#b82435&#8243; custom_margin=&#8220;0px||0px||false|false&#8220; custom_padding=&#8220;0px||0px||false|false&#8220; global_colors_info=&#8220;{}&#8220;][\/et_pb_heading][et_pb_heading title=&#8220;Schneckenfl\u00fcgel individuell gefertigt f\u00fcr F\u00f6rdertechnik und Prozessindustrie&#8220; _builder_version=&#8220;4.27.4&#8243; _module_preset=&#8220;default&#8220; title_font=&#8220;|||on|||||&#8220; custom_margin=&#8220;0px||15px||false|false&#8220; custom_padding=&#8220;0px||0px||true|false&#8220; global_colors_info=&#8220;{}&#8220;][\/et_pb_heading][et_pb_divider _builder_version=&#8220;4.27.2&#8243; _module_preset=&#8220;default&#8220; width=&#8220;50%&#8220; global_colors_info=&#8220;{}&#8220;][\/et_pb_divider][\/et_pb_column][\/et_pb_row][et_pb_row _builder_version=&#8220;4.27.2&#8243; _module_preset=&#8220;default&#8220; locked=&#8220;off&#8220; global_colors_info=&#8220;{}&#8220;][et_pb_column type=&#8220;4_4&#8243; _builder_version=&#8220;4.27.2&#8243; _module_preset=&#8220;default&#8220; global_colors_info=&#8220;{}&#8220;][et_pb_text _builder_version=&#8220;4.27.4&#8243; _module_preset=&#8220;default&#8220; hover_enabled=&#8220;0&#8243; global_colors_info=&#8220;{}&#8220; sticky_enabled=&#8220;0&#8243;]<\/p>\n<p data-start=\"66\" data-end=\"597\">SEGLER ist Ihr zuverl\u00e4ssiger Partner f\u00fcr pr\u00e4zise gefertigte <strong>Schneckenfl\u00fcgel<\/strong>, Schneckenwellen und F\u00f6rderschnecken, die exakt auf Ihre F\u00f6rdertechnik abgestimmt sind. Seit Jahrzehnten entwickeln und produzieren wir ma\u00dfgeschneiderte Komponenten f\u00fcr die Prozessindustrie \u2013 mit dem Anspruch an h\u00f6chste Effizienz, Langlebigkeit und technische Pr\u00e4zision. Unsere Schneckenfl\u00fcgel und Spiralen sind f\u00fcr unterschiedlichste Anforderungen konzipiert \u2013 von der Neuanfertigung \u00fcber Ersatz bis hin zur Reparatur und Optimierung bestehender Systeme.<\/p>\n<p data-start=\"599\" data-end=\"1180\">Als erfahrener Hersteller legen wir besonderen Wert auf pr\u00e4zise Berechnungen und eine individuelle Auslegung Ihrer F\u00f6rderschnecken. Wir fertigen Schneckenfl\u00fcgel aus einer Vielzahl hochwertiger Materialien, darunter Edelst\u00e4hle wie Duplex 1.4462, Superduplex 1.4410, 1.4539, 1.4547 (Alloy 254 SMO) sowie hitzebest\u00e4ndige St\u00e4hle wie 1.4828, 1.4841 und 1.4845. Auch schlei\u00dfz\u00e4he Werkstoffe wie Brinar, Hardox, XAR, Raex oder Creusabro kommen je nach Anforderung zum Einsatz. F\u00fcr hitzebest\u00e4ndige Anwendungen verarbeiten wir unter anderem Kesselblech P 265 GH (H II) oder 1.5415 = 16 Mo 3.<\/p>\n<p data-start=\"1182\" data-end=\"1704\">Unsere Schneckenfl\u00fcgel k\u00f6nnen mit verbesserten Oberfl\u00e4chen versehen werden \u2013 feingeschliffen und poliert mit Mittenrauwerten bis Ra 0,4 \u00b5m, dokumentiert durch Messprotokolle und Fotodokumentation. Zudem realisieren wir Panzerungen durch Auftragschwei\u00dfungen, schmirgel- und hitzebest\u00e4ndig mit Wolframkarbidzus\u00e4tzen bis 70 HRC. Sonderformen wie s\u00e4geverzahnte Umf\u00e4nge, Aussparungen oder Kratzpickel zur Selbstreinigung sind m\u00f6glich. Auch lebensmittelechte und pharmakonforme Ausf\u00fchrungen liefern wir bescheinigt partikelfrei.<\/p>\n<p data-start=\"1706\" data-end=\"2071\">Alle Schneckenfl\u00fcgel, Spiralen und F\u00f6rderschnecken fertigen wir im eigenen Haus nach modernsten Standards, mit Toleranzen gem\u00e4\u00df ISO 2768-1 m sowie DIN 15261 Teil 2. St\u00fcckgewichte bis 12 Tonnen und Wandst\u00e4rken bis 60 mm sind realisierbar. Dank unserer exakten Berechnungen und langj\u00e4hrigen Erfahrung als Hersteller garantieren wir h\u00f6chste Qualit\u00e4t \u201eMade in Germany\u201c.<\/p>\n<p>[\/et_pb_text][\/et_pb_column][\/et_pb_row][et_pb_row column_structure=&#8220;1_2,1_2&#8243; _builder_version=&#8220;4.27.2&#8243; _module_preset=&#8220;default&#8220; global_colors_info=&#8220;{}&#8220;][et_pb_column type=&#8220;1_2&#8243; _builder_version=&#8220;4.27.2&#8243; _module_preset=&#8220;default&#8220; global_colors_info=&#8220;{}&#8220;][et_pb_image src=&#8220;http:\/\/www.segler.eu\/wp-content\/uploads\/2024\/11\/1-1.png&#8220; alt=&#8220;Spix&#8220; _builder_version=&#8220;4.27.2&#8243; _module_preset=&#8220;default&#8220; module_alignment=&#8220;center&#8220; global_colors_info=&#8220;{}&#8220;][\/et_pb_image][et_pb_toggle title=&#8220;Schneckenfl\u00fcgel&#8220; icon_color=&#8220;#b82435&#8243; open_icon_color=&#8220;#b82435&#8243; _builder_version=&#8220;4.27.4&#8243; _module_preset=&#8220;default&#8220; title_text_color=&#8220;#b82435&#8243; title_level=&#8220;h2&#8243; title_font=&#8220;|||on|||||&#8220; title_font_size=&#8220;22px&#8220; global_colors_info=&#8220;{}&#8220;]<\/p>\n<p><strong>F\u00fcr jeden Ihrer Eins\u00e4tze liefern wir das passende Werkzeug.<\/strong><\/p>\n<p>Ob zum Mischen, F\u00f6rdern, Dosieren oder Zerkleinern \u2013 ob in der Lebensmittelindustrie, der chemischen Industrie, der Umweltbranche oder in der Land- und Forsttechnik: Schneckenfl\u00fcgel SPIX erhalten Sie in allen Abmessungen, Formen und aus verschiedensten Werkstoffen \u2013 aber immer individuell nach Kundenwunsch.<\/p>\n<h3>Produktspanne<\/h3>\n<ul>\n<li>Mischpaddel<\/li>\n<li>Schneckenfl\u00fcgel (Vollblattgewinde)<\/li>\n<li>S\u00e4gezahnfl\u00fcgel<\/li>\n<li>Thermofl\u00fcgel<\/li>\n<li>Bandfl\u00fcgel<\/li>\n<li>Konische Fl\u00fcgel<\/li>\n<li>Fl\u00fcgel mit Schlei\u00dfschutz<\/li>\n<li>Schneckenfl\u00fcgel mit Aussparungen \/ Langl\u00f6chern<\/li>\n<li>Spezialfl\u00fcgel<\/li>\n<\/ul>\n<h3>Eigenschaften \/ Variationen<\/h3>\n<h4>Werkstoffe<\/h4>\n<ul>\n<li>Normalstahl, Edelstahl, Titan, Aluminium, Sonderwerkstoffe<\/li>\n<li>Edelst\u00e4hle wie A4, Duplex 1.4462, Superduplex 1.4410, 1.4539, 1.4547 (Alloy 254 SMO)<\/li>\n<li>Hitzebest\u00e4ndige Edelst\u00e4hle: 1.4828, 1.4841, 1.4845<\/li>\n<li>Schlei\u00dfz\u00e4he St\u00e4hle: Brinar, Hardox, XAR, Raex, Creusabro<\/li>\n<li>Hitzebest\u00e4ndige Baust\u00e4hle: P 265 GH (H II), 1.5415 = 16 Mo 3<\/li>\n<\/ul>\n<h4>Abmessungen<\/h4>\n<ul>\n<li>Au\u00dfendurchmesser ab 50 mm<\/li>\n<li>Materialst\u00e4rken von 2 bis 30\/35 mm, Sonderabmessungen bis 60 mm<\/li>\n<li>Gesamtmassen pro St\u00fcck bis 12 metrische Tonnen<\/li>\n<\/ul>\n<h4>Formen und Geometrien<\/h4>\n<ul>\n<li>Rechtsg\u00e4ngig oder linksg\u00e4ngig<\/li>\n<li>Konisch, gezahnt, progressive Steigung<\/li>\n<li>Mit Aussparungen, Verzahnung, Langl\u00f6chern oder Bohrungen<\/li>\n<li>Als Vollblatt, Paddel (f\u00fcr Aussparungsgewinde) oder mit \u00d6ffnungen bis zur Wellenkernkontur (f\u00fcr Fenstergewinde)<\/li>\n<\/ul>\n<h4>Oberfl\u00e4chenbehandlungen<\/h4>\n<ul>\n<li>Beizen, Passivieren, Schleifen, Strahlen, \u00d6len, Lackieren (je nach Material und Anwendung)<\/li>\n<li>Feingeschliffene und polierte Oberfl\u00e4chen mit Ra \u2264 0,4\u202f\u00b5m inkl. Messprotokoll und Fotodokumentation<\/li>\n<li>F\u00f6rderspiralen aus Edelstahl stets gebeizt, neutralisiert und passiviert<\/li>\n<\/ul>\n<h4>Schlei\u00dfschutzma\u00dfnahmen<\/h4>\n<ul>\n<li>Aufgeschraubte Verschlei\u00dfsegmente<\/li>\n<li>Auftragschwei\u00dfungen \u2013 als Komplettpanzerung oder wirtschaftliche Strichraupenpanzerung<\/li>\n<li>Schwei\u00dfzus\u00e4tze mit schlei\u00dfbest\u00e4ndigen Wolframkarbiden (bis 70 HRC)<\/li>\n<li>Raupenverlauf quer zur Bewegung \u2013 sch\u00fctzt durch F\u00f6rdergut-Grenzschicht<\/li>\n<li>Geschwei\u00dfte Aufpanzerungen deutlich haltbarer als aufgespritzte Beschichtungen<\/li>\n<\/ul>\n<h4>Sonderfunktionen<\/h4>\n<ul>\n<li>S\u00e4geverzahnte Umf\u00e4nge<\/li>\n<li>Aussparungen und Langl\u00f6cher<\/li>\n<li>Aufgeschwei\u00dfte Kratzpickel bis 70 HRC zum Freischneiden bei anhaftendem F\u00f6rdergut<\/li>\n<li>Jede Ausf\u00fchrung mit dokumentierter Vermessung<\/li>\n<\/ul>\n<h4>Zertifizierung &amp; Reinheit<\/h4>\n<ul>\n<li>Lebensmittelechte und pharmakonforme Ausf\u00fchrungen \u2013 garantiert frei von Partikeln, \u00d6l, Fett, Staub etc.<\/li>\n<li>Hochwertige Edelstahlausf\u00fchrungen mit 3.1-Materialzeugnissen belegbar<\/li>\n<\/ul>\n<h4>Fertigungstoleranzen<\/h4>\n<ul>\n<li>Nach ISO 2768-1 m und DIN 15261 Teil 2<\/li>\n<li>Alle Fertigungsschritte im eigenen Haus \u2013 \u201eMade in Germany\u201c<\/li>\n<\/ul>\n<h3>Vorteile<\/h3>\n<ul>\n<li>Hohe Ma\u00dfhaltigkeit<\/li>\n<li>Fertigung nach branchenspezifischen Standards und Normen<\/li>\n<li>Maximale Flexibilit\u00e4t<\/li>\n<li>Kurze Reaktionszeiten<\/li>\n<li>Langj\u00e4hrige branchenspezifische und branchen\u00fcbergreifende Erfahrung<\/li>\n<li>Umfangreiches Know-how in Verfahrenstechnik, Werkstoffen und Verarbeitung<\/li>\n<\/ul>\n<p>[\/et_pb_toggle][\/et_pb_column][et_pb_column type=&#8220;1_2&#8243; _builder_version=&#8220;4.27.2&#8243; _module_preset=&#8220;default&#8220; global_colors_info=&#8220;{}&#8220;][\/et_pb_column][\/et_pb_row][et_pb_row _builder_version=&#8220;4.27.4&#8243; _module_preset=&#8220;default&#8220; global_colors_info=&#8220;{}&#8220;][et_pb_column type=&#8220;4_4&#8243; _builder_version=&#8220;4.27.4&#8243; _module_preset=&#8220;default&#8220; global_colors_info=&#8220;{}&#8220;][et_pb_heading title=&#8220;Referenzen &#038; Einblicke&#8220; _builder_version=&#8220;4.27.4&#8243; _module_preset=&#8220;default&#8220; title_level=&#8220;h3&#8243; title_font=&#8220;|||on|||||&#8220; global_colors_info=&#8220;{}&#8220;][\/et_pb_heading][et_pb_gallery gallery_ids=&#8220;1971,1972,1973&#8243; posts_number=&#8220;3&#8243; show_title_and_caption=&#8220;off&#8220; show_pagination=&#8220;off&#8220; _builder_version=&#8220;4.27.4&#8243; _module_preset=&#8220;default&#8220; border_radii_image=&#8220;on|7px|7px|7px|7px&#8220; box_shadow_style_image=&#8220;preset3&#8243; global_colors_info=&#8220;{}&#8220;][\/et_pb_gallery][\/et_pb_column][\/et_pb_row][et_pb_row column_structure=&#8220;3_5,2_5&#8243; make_equal=&#8220;on&#8220; _builder_version=&#8220;4.27.2&#8243; _module_preset=&#8220;default&#8220; background_color=&#8220;#b82435&#8243; custom_margin=&#8220;25px||||false|false&#8220; custom_padding=&#8220;20px|25px|20px|25px|false|true&#8220; border_radii=&#8220;on|2px|2px|2px|2px&#8220; box_shadow_style=&#8220;preset1&#8243; locked=&#8220;off&#8220; global_colors_info=&#8220;{}&#8220;][et_pb_column type=&#8220;3_5&#8243; module_class=&#8220;vertikal-zentrieren&#8220; _builder_version=&#8220;4.27.2&#8243; _module_preset=&#8220;default&#8220; global_colors_info=&#8220;{}&#8220;][et_pb_heading title=&#8220;Ihre L\u00f6sung f\u00fcr h\u00f6chste Pr\u00e4zision und Qualit\u00e4t&#8220; _builder_version=&#8220;4.27.2&#8243; _module_preset=&#8220;default&#8220; title_level=&#8220;h4&#8243; title_text_align=&#8220;left&#8220; title_text_color=&#8220;#FFFFFF&#8220; custom_margin=&#8220;||0px||false|false&#8220; global_colors_info=&#8220;{}&#8220;][\/et_pb_heading][et_pb_text _builder_version=&#8220;4.27.2&#8243; _module_preset=&#8220;default&#8220; global_colors_info=&#8220;{}&#8220;]<\/p>\n<p><span style=\"color: #ffffff;\">Setzen Sie auf ma\u00dfgeschneiderte Schneckenfl\u00fcgel vom Hersteller \u2013 gefertigt mit Expertise, Pr\u00e4zision und \u201eMade in Germany\u201c. Kontaktieren Sie uns jetzt f\u00fcr individuelle L\u00f6sungen und schnelle Umsetzung.<\/span><\/p>\n<p>[\/et_pb_text][\/et_pb_column][et_pb_column type=&#8220;2_5&#8243; module_class=&#8220;vertikal-zentrieren&#8220; _builder_version=&#8220;4.27.2&#8243; _module_preset=&#8220;default&#8220; global_colors_info=&#8220;{}&#8220;][et_pb_button button_url=&#8220;@ET-DC@eyJkeW5hbWljIjp0cnVlLCJjb250ZW50IjoicG9zdF9saW5rX3VybF9wYWdlIiwic2V0dGluZ3MiOnsicG9zdF9pZCI6IjI3MyJ9fQ==@&#8220; button_text=&#8220;Jetzt Kontakt aufnehmen&#8220; button_alignment=&#8220;center&#8220; _builder_version=&#8220;4.27.2&#8243; _dynamic_attributes=&#8220;button_url&#8220; _module_preset=&#8220;default&#8220; custom_button=&#8220;on&#8220; button_text_color=&#8220;#b82435&#8243; button_bg_color=&#8220;#FFFFFF&#8220; button_border_width=&#8220;1px&#8220; button_border_color=&#8220;#FFFFFF&#8220; box_shadow_style=&#8220;preset1&#8243; global_colors_info=&#8220;{}&#8220;][\/et_pb_button][\/et_pb_column][\/et_pb_row][\/et_pb_section]<\/p>\n","protected":false},"excerpt":{"rendered":"<p>SEGLER ist Ihr zuverl\u00e4ssiger Partner f\u00fcr pr\u00e4zise gefertigte Schneckenfl\u00fcgel, Schneckenwellen und F\u00f6rderschnecken, die exakt auf Ihre F\u00f6rdertechnik abgestimmt sind. Seit Jahrzehnten entwickeln und produzieren wir ma\u00dfgeschneiderte Komponenten f\u00fcr die Prozessindustrie \u2013 mit dem Anspruch an h\u00f6chste Effizienz, Langlebigkeit und technische Pr\u00e4zision. Unsere Schneckenfl\u00fcgel und Spiralen sind f\u00fcr unterschiedlichste Anforderungen konzipiert \u2013 von der Neuanfertigung \u00fcber [&hellip;]<\/p>\n","protected":false},"author":1,"featured_media":0,"parent":164,"menu_order":0,"comment_status":"closed","ping_status":"closed","template":"","meta":{"_et_pb_use_builder":"on","_et_pb_old_content":"","_et_gb_content_width":"","footnotes":""},"class_list":["post-1389","page","type-page","status-publish","hentry"],"yoast_head":"<!-- This site is optimized with the Yoast SEO plugin v27.4 - https:\/\/yoast.com\/product\/yoast-seo-wordpress\/ -->\n<title>Schneckenfl\u00fcgel von SEGLER \u2013 Pr\u00e4zise &amp; langlebig<\/title>\n<meta name=\"description\" content=\"Schneckenfl\u00fcgel f\u00fcr effiziente F\u00f6rdertechnik \u2013 ma\u00dfgeschneiderte L\u00f6sungen in h\u00f6chster Qualit\u00e4t. Jetzt informieren!\" \/>\n<meta name=\"robots\" content=\"index, follow, max-snippet:-1, max-image-preview:large, max-video-preview:-1\" \/>\n<link rel=\"canonical\" href=\"https:\/\/www.segler.eu\/en\/products\/snail-wings\/\" \/>\n<meta property=\"og:locale\" content=\"en_US\" \/>\n<meta property=\"og:type\" content=\"article\" \/>\n<meta property=\"og:title\" content=\"Schneckenfl\u00fcgel von SEGLER \u2013 Pr\u00e4zise &amp; langlebig\" \/>\n<meta property=\"og:description\" content=\"Schneckenfl\u00fcgel f\u00fcr effiziente F\u00f6rdertechnik \u2013 ma\u00dfgeschneiderte L\u00f6sungen in h\u00f6chster Qualit\u00e4t. Jetzt informieren!\" \/>\n<meta property=\"og:url\" content=\"https:\/\/www.segler.eu\/en\/products\/snail-wings\/\" \/>\n<meta property=\"og:site_name\" content=\"SEGLER\" \/>\n<meta property=\"article:publisher\" content=\"https:\/\/www.facebook.com\/people\/Segler-Frderanlagen-Maschinenfabrik-GmbH\/61567270711954\/\" \/>\n<meta property=\"article:modified_time\" content=\"2025-06-26T11:19:43+00:00\" \/>\n<meta property=\"og:image\" content=\"https:\/\/www.segler.eu\/wp-content\/uploads\/2024\/11\/SEGLER-BERGE-1.png\" \/>\n\t<meta property=\"og:image:width\" content=\"750\" \/>\n\t<meta property=\"og:image:height\" content=\"750\" \/>\n\t<meta property=\"og:image:type\" content=\"image\/png\" \/>\n<meta name=\"twitter:label1\" content=\"Est. reading time\" \/>\n\t<meta name=\"twitter:data1\" content=\"5 minutes\" \/>\n<script type=\"application\/ld+json\" class=\"yoast-schema-graph\">{\"@context\":\"https:\\\/\\\/schema.org\",\"@graph\":[{\"@type\":\"WebPage\",\"@id\":\"https:\\\/\\\/www.segler.eu\\\/produkte\\\/schneckenfluegel\\\/\",\"url\":\"https:\\\/\\\/www.segler.eu\\\/produkte\\\/schneckenfluegel\\\/\",\"name\":\"Schneckenfl\u00fcgel von SEGLER \u2013 Pr\u00e4zise & langlebig\",\"isPartOf\":{\"@id\":\"https:\\\/\\\/www.segler.eu\\\/#website\"},\"datePublished\":\"2024-12-09T13:26:47+00:00\",\"dateModified\":\"2025-06-26T11:19:43+00:00\",\"description\":\"Schneckenfl\u00fcgel f\u00fcr effiziente F\u00f6rdertechnik \u2013 ma\u00dfgeschneiderte L\u00f6sungen in h\u00f6chster Qualit\u00e4t. Jetzt informieren!\",\"breadcrumb\":{\"@id\":\"https:\\\/\\\/www.segler.eu\\\/produkte\\\/schneckenfluegel\\\/#breadcrumb\"},\"inLanguage\":\"en-US\",\"potentialAction\":[{\"@type\":\"ReadAction\",\"target\":[\"https:\\\/\\\/www.segler.eu\\\/produkte\\\/schneckenfluegel\\\/\"]}]},{\"@type\":\"BreadcrumbList\",\"@id\":\"https:\\\/\\\/www.segler.eu\\\/produkte\\\/schneckenfluegel\\\/#breadcrumb\",\"itemListElement\":[{\"@type\":\"ListItem\",\"position\":1,\"name\":\"Startseite\",\"item\":\"https:\\\/\\\/www.segler.eu\\\/\"},{\"@type\":\"ListItem\",\"position\":2,\"name\":\"Produkte\",\"item\":\"https:\\\/\\\/www.segler.eu\\\/produkte\\\/\"},{\"@type\":\"ListItem\",\"position\":3,\"name\":\"Schneckenfl\u00fcgel\"}]},{\"@type\":\"WebSite\",\"@id\":\"https:\\\/\\\/www.segler.eu\\\/#website\",\"url\":\"https:\\\/\\\/www.segler.eu\\\/\",\"name\":\"SEGLER\",\"description\":\"Materials in motion\",\"publisher\":{\"@id\":\"https:\\\/\\\/www.segler.eu\\\/#organization\"},\"potentialAction\":[{\"@type\":\"SearchAction\",\"target\":{\"@type\":\"EntryPoint\",\"urlTemplate\":\"https:\\\/\\\/www.segler.eu\\\/?s={search_term_string}\"},\"query-input\":{\"@type\":\"PropertyValueSpecification\",\"valueRequired\":true,\"valueName\":\"search_term_string\"}}],\"inLanguage\":\"en-US\"},{\"@type\":\"Organization\",\"@id\":\"https:\\\/\\\/www.segler.eu\\\/#organization\",\"name\":\"Segler-F\u00f6rderanlagen Maschinenfabrik GmbH\",\"alternateName\":\"SEGLER\",\"url\":\"https:\\\/\\\/www.segler.eu\\\/\",\"logo\":{\"@type\":\"ImageObject\",\"inLanguage\":\"en-US\",\"@id\":\"https:\\\/\\\/www.segler.eu\\\/#\\\/schema\\\/logo\\\/image\\\/\",\"url\":\"https:\\\/\\\/www.segler.eu\\\/wp-content\\\/uploads\\\/2024\\\/11\\\/SEGLER-BERGE-1.png\",\"contentUrl\":\"https:\\\/\\\/www.segler.eu\\\/wp-content\\\/uploads\\\/2024\\\/11\\\/SEGLER-BERGE-1.png\",\"width\":750,\"height\":750,\"caption\":\"Segler-F\u00f6rderanlagen Maschinenfabrik GmbH\"},\"image\":{\"@id\":\"https:\\\/\\\/www.segler.eu\\\/#\\\/schema\\\/logo\\\/image\\\/\"},\"sameAs\":[\"https:\\\/\\\/www.facebook.com\\\/people\\\/Segler-Frderanlagen-Maschinenfabrik-GmbH\\\/61567270711954\\\/\"]}]}<\/script>\n<!-- \/ Yoast SEO plugin. -->","yoast_head_json":{"title":"Auger blades from SEGLER - Precise &amp; durable","description":"Screw blades for efficient conveyor technology - customized solutions of the highest quality. Find out more now!","robots":{"index":"index","follow":"follow","max-snippet":"max-snippet:-1","max-image-preview":"max-image-preview:large","max-video-preview":"max-video-preview:-1"},"canonical":"https:\/\/www.segler.eu\/en\/products\/snail-wings\/","og_locale":"en_US","og_type":"article","og_title":"Schneckenfl\u00fcgel von SEGLER \u2013 Pr\u00e4zise & langlebig","og_description":"Schneckenfl\u00fcgel f\u00fcr effiziente F\u00f6rdertechnik \u2013 ma\u00dfgeschneiderte L\u00f6sungen in h\u00f6chster Qualit\u00e4t. Jetzt informieren!","og_url":"https:\/\/www.segler.eu\/en\/products\/snail-wings\/","og_site_name":"SEGLER","article_publisher":"https:\/\/www.facebook.com\/people\/Segler-Frderanlagen-Maschinenfabrik-GmbH\/61567270711954\/","article_modified_time":"2025-06-26T11:19:43+00:00","og_image":[{"width":750,"height":750,"url":"https:\/\/www.segler.eu\/wp-content\/uploads\/2024\/11\/SEGLER-BERGE-1.png","type":"image\/png"}],"twitter_misc":{"Est. reading time":"5 minutes"},"schema":{"@context":"https:\/\/schema.org","@graph":[{"@type":"WebPage","@id":"https:\/\/www.segler.eu\/produkte\/schneckenfluegel\/","url":"https:\/\/www.segler.eu\/produkte\/schneckenfluegel\/","name":"Auger blades from SEGLER - Precise &amp; durable","isPartOf":{"@id":"https:\/\/www.segler.eu\/#website"},"datePublished":"2024-12-09T13:26:47+00:00","dateModified":"2025-06-26T11:19:43+00:00","description":"Screw blades for efficient conveyor technology - customized solutions of the highest quality. Find out more now!","breadcrumb":{"@id":"https:\/\/www.segler.eu\/produkte\/schneckenfluegel\/#breadcrumb"},"inLanguage":"en-US","potentialAction":[{"@type":"ReadAction","target":["https:\/\/www.segler.eu\/produkte\/schneckenfluegel\/"]}]},{"@type":"BreadcrumbList","@id":"https:\/\/www.segler.eu\/produkte\/schneckenfluegel\/#breadcrumb","itemListElement":[{"@type":"ListItem","position":1,"name":"Startseite","item":"https:\/\/www.segler.eu\/"},{"@type":"ListItem","position":2,"name":"Produkte","item":"https:\/\/www.segler.eu\/produkte\/"},{"@type":"ListItem","position":3,"name":"Schneckenfl\u00fcgel"}]},{"@type":"WebSite","@id":"https:\/\/www.segler.eu\/#website","url":"https:\/\/www.segler.eu\/","name":"SEGLER","description":"Materials in motion","publisher":{"@id":"https:\/\/www.segler.eu\/#organization"},"potentialAction":[{"@type":"SearchAction","target":{"@type":"EntryPoint","urlTemplate":"https:\/\/www.segler.eu\/?s={search_term_string}"},"query-input":{"@type":"PropertyValueSpecification","valueRequired":true,"valueName":"search_term_string"}}],"inLanguage":"en-US"},{"@type":"Organization","@id":"https:\/\/www.segler.eu\/#organization","name":"Segler-F\u00f6rderanlagen Maschinenfabrik GmbH","alternateName":"SEGLER","url":"https:\/\/www.segler.eu\/","logo":{"@type":"ImageObject","inLanguage":"en-US","@id":"https:\/\/www.segler.eu\/#\/schema\/logo\/image\/","url":"https:\/\/www.segler.eu\/wp-content\/uploads\/2024\/11\/SEGLER-BERGE-1.png","contentUrl":"https:\/\/www.segler.eu\/wp-content\/uploads\/2024\/11\/SEGLER-BERGE-1.png","width":750,"height":750,"caption":"Segler-F\u00f6rderanlagen Maschinenfabrik GmbH"},"image":{"@id":"https:\/\/www.segler.eu\/#\/schema\/logo\/image\/"},"sameAs":["https:\/\/www.facebook.com\/people\/Segler-Frderanlagen-Maschinenfabrik-GmbH\/61567270711954\/"]}]}},"_links":{"self":[{"href":"https:\/\/www.segler.eu\/en\/wp-json\/wp\/v2\/pages\/1389","targetHints":{"allow":["GET"]}}],"collection":[{"href":"https:\/\/www.segler.eu\/en\/wp-json\/wp\/v2\/pages"}],"about":[{"href":"https:\/\/www.segler.eu\/en\/wp-json\/wp\/v2\/types\/page"}],"author":[{"embeddable":true,"href":"https:\/\/www.segler.eu\/en\/wp-json\/wp\/v2\/users\/1"}],"replies":[{"embeddable":true,"href":"https:\/\/www.segler.eu\/en\/wp-json\/wp\/v2\/comments?post=1389"}],"version-history":[{"count":0,"href":"https:\/\/www.segler.eu\/en\/wp-json\/wp\/v2\/pages\/1389\/revisions"}],"up":[{"embeddable":true,"href":"https:\/\/www.segler.eu\/en\/wp-json\/wp\/v2\/pages\/164"}],"wp:attachment":[{"href":"https:\/\/www.segler.eu\/en\/wp-json\/wp\/v2\/media?parent=1389"}],"curies":[{"name":"wp","href":"https:\/\/api.w.org\/{rel}","templated":true}]}}