{"id":164,"date":"2024-11-04T16:02:34","date_gmt":"2024-11-04T15:02:34","guid":{"rendered":"http:\/\/www.segler.eu\/?page_id=164"},"modified":"2025-10-13T09:40:08","modified_gmt":"2025-10-13T07:40:08","slug":"products","status":"publish","type":"page","link":"https:\/\/www.segler.eu\/en\/produkte\/","title":{"rendered":"products"},"content":{"rendered":"<p>[et_pb_section fb_built=&#8220;1&#8243; _builder_version=&#8220;4.27.4&#8243; _module_preset=&#8220;default&#8220; background_image=&#8220;https:\/\/www.segler.eu\/wp-content\/uploads\/2024\/11\/6.jpg&#8220; height=&#8220;45vh&#8220; custom_margin=&#8220;-10%||||false|false&#8220; locked=&#8220;off&#8220; global_colors_info=&#8220;{}&#8220;][et_pb_row _builder_version=&#8220;4.27.2&#8243; _module_preset=&#8220;default&#8220; custom_padding=&#8220;20vh||||false|false&#8220; global_colors_info=&#8220;{}&#8220;][et_pb_column type=&#8220;4_4&#8243; _builder_version=&#8220;4.27.2&#8243; _module_preset=&#8220;default&#8220; global_colors_info=&#8220;{}&#8220;][\/et_pb_column][\/et_pb_row][\/et_pb_section][et_pb_section fb_built=&#8220;1&#8243; _builder_version=&#8220;4.27.2&#8243; _module_preset=&#8220;default&#8220; locked=&#8220;off&#8220; global_colors_info=&#8220;{}&#8220;][et_pb_row _builder_version=&#8220;4.27.2&#8243; _module_preset=&#8220;default&#8220; custom_margin=&#8220;0px||0px||true|false&#8220; custom_padding=&#8220;0px||0px||true|false&#8220; locked=&#8220;off&#8220; global_colors_info=&#8220;{}&#8220;][et_pb_column type=&#8220;4_4&#8243; _builder_version=&#8220;4.27.2&#8243; _module_preset=&#8220;default&#8220; global_colors_info=&#8220;{}&#8220;][et_pb_heading title=&#8220;Produkte&#8220; _builder_version=&#8220;4.27.2&#8243; _module_preset=&#8220;default&#8220; title_level=&#8220;h4&#8243; title_font=&#8220;|||on|||||&#8220; title_text_color=&#8220;#b82435&#8243; custom_margin=&#8220;0px||0px||false|false&#8220; custom_padding=&#8220;0px||0px||false|false&#8220; global_colors_info=&#8220;{}&#8220;][\/et_pb_heading][et_pb_heading title=&#8220;\u00dcberblick&#8220; _builder_version=&#8220;4.27.2&#8243; _module_preset=&#8220;default&#8220; title_font=&#8220;|||on|||||&#8220; custom_margin=&#8220;0px||15px||false|false&#8220; custom_padding=&#8220;0px||0px||true|false&#8220; global_colors_info=&#8220;{}&#8220;][\/et_pb_heading][et_pb_divider _builder_version=&#8220;4.27.2&#8243; _module_preset=&#8220;default&#8220; width=&#8220;50%&#8220; global_colors_info=&#8220;{}&#8220;][\/et_pb_divider][et_pb_text _builder_version=&#8220;4.27.4&#8243; _module_preset=&#8220;default&#8220; hover_enabled=&#8220;0&#8243; sticky_enabled=&#8220;0&#8243;]<\/p>\n<p><b>Pr\u00e4zision in jeder Komponente.<\/b> Unser Produktportfolio deckt das gesamte Spektrum der F\u00f6rder- und Verfahrenstechnik ab. Von der einzelnen F\u00f6rderschnecke bis zum kompletten Anlagenbau entwickeln wir robuste, langlebige und individuell an Ihre Prozesse angepasste L\u00f6sungen \u2013 f\u00fcr den optimalen Fluss Ihrer Materialien.<\/p>\n<p>[\/et_pb_text][\/et_pb_column][\/et_pb_row][et_pb_row column_structure=&#8220;1_4,1_4,1_4,1_4&#8243; _builder_version=&#8220;4.27.2&#8243; _module_preset=&#8220;default&#8220; locked=&#8220;off&#8220; global_colors_info=&#8220;{}&#8220;][et_pb_column type=&#8220;1_4&#8243; _builder_version=&#8220;4.27.2&#8243; _module_preset=&#8220;default&#8220; global_colors_info=&#8220;{}&#8220;][et_pb_blurb title=&#8220;F\u00f6rderschnecken&#8220; image=&#8220;https:\/\/www.segler.eu\/wp-content\/uploads\/2025\/07\/Foerderschnecken-2.webp&#8220; alt=&#8220;Fo\u0308rderschnecken&#8220; _builder_version=&#8220;4.27.4&#8243; _dynamic_attributes=&#8220;link_option_url&#8220; _module_preset=&#8220;default&#8220; header_font=&#8220;|||on|||||&#8220; header_text_align=&#8220;left&#8220; header_text_color=&#8220;#b82435&#8243; link_option_url=&#8220;@ET-DC@eyJkeW5hbWljIjp0cnVlLCJjb250ZW50IjoicG9zdF9saW5rX3VybF9wYWdlIiwic2V0dGluZ3MiOnsicG9zdF9pZCI6IjIwNzcifX0=@&#8220; border_radii_image=&#8220;on|7px|7px|7px|7px&#8220; global_colors_info=&#8220;{}&#8220; hover_enabled=&#8220;0&#8243; sticky_enabled=&#8220;0&#8243;]<\/p>\n<p>Das Herzst\u00fcck der Sch\u00fcttgutf\u00f6rderung. Wir fertigen F\u00f6rderschnecken f\u00fcr unterschiedlichste Branchen und Materialien \u2013 effizient, betriebssicher und exakt auf Ihren Anwendungsfall ausgelegt.<\/p>\n<p>[\/et_pb_blurb][\/et_pb_column][et_pb_column type=&#8220;1_4&#8243; _builder_version=&#8220;4.27.2&#8243; _module_preset=&#8220;default&#8220; global_colors_info=&#8220;{}&#8220;][et_pb_blurb title=&#8220;Schneckenwellen&#8220; image=&#8220;https:\/\/www.segler.eu\/wp-content\/uploads\/2024\/12\/2-4.png&#8220; alt=&#8220;Schneckenwellen&#8220; _builder_version=&#8220;4.27.4&#8243; _dynamic_attributes=&#8220;link_option_url&#8220; _module_preset=&#8220;default&#8220; header_font=&#8220;|||on|||||&#8220; header_text_align=&#8220;left&#8220; header_text_color=&#8220;#b82435&#8243; link_option_url=&#8220;@ET-DC@eyJkeW5hbWljIjp0cnVlLCJjb250ZW50IjoicG9zdF9saW5rX3VybF9wYWdlIiwic2V0dGluZ3MiOnsicG9zdF9pZCI6IjE4NCJ9fQ==@&#8220; border_radii_image=&#8220;on|7px|7px|7px|7px&#8220; global_colors_info=&#8220;{}&#8220; hover_enabled=&#8220;0&#8243; sticky_enabled=&#8220;0&#8243;]<\/p>\n<p>Die zentrale Antriebskomponente. Unsere pr\u00e4zisionsgefertigten Schneckenwellen garantieren maximale Stabilit\u00e4t und eine zuverl\u00e4ssige Kraft\u00fcbertragung f\u00fcr den langlebigen Einsatz in Ihren F\u00f6rderanlagen.<\/p>\n<p>[\/et_pb_blurb][\/et_pb_column][et_pb_column type=&#8220;1_4&#8243; _builder_version=&#8220;4.27.2&#8243; _module_preset=&#8220;default&#8220; global_colors_info=&#8220;{}&#8220;][et_pb_blurb title=&#8220;Schneckenfl\u00fcgel&#8220; image=&#8220;https:\/\/www.segler.eu\/wp-content\/uploads\/2024\/12\/1-4.png&#8220; alt=&#8220;Schneckenfl\u00fcgel&#8220; _builder_version=&#8220;4.27.4&#8243; _dynamic_attributes=&#8220;link_option_url&#8220; _module_preset=&#8220;default&#8220; header_font=&#8220;|||on|||||&#8220; header_text_align=&#8220;left&#8220; header_text_color=&#8220;#b82435&#8243; link_option_url=&#8220;@ET-DC@eyJkeW5hbWljIjp0cnVlLCJjb250ZW50IjoicG9zdF9saW5rX3VybF9wYWdlIiwic2V0dGluZ3MiOnsicG9zdF9pZCI6IjEzODkifX0=@&#8220; border_radii_image=&#8220;on|7px|7px|7px|7px&#8220; global_colors_info=&#8220;{}&#8220; hover_enabled=&#8220;0&#8243; sticky_enabled=&#8220;0&#8243;]<\/p>\n<p>Perfekter Vorschub f\u00fcr jedes Material. Ob gepresst oder gewalzt, wir fertigen Schneckenfl\u00fcgel in h\u00f6chster Qualit\u00e4t und Passgenauigkeit f\u00fcr einen gleichm\u00e4\u00dfigen und schonenden Produkttransport.<\/p>\n<p>[\/et_pb_blurb][\/et_pb_column][et_pb_column type=&#8220;1_4&#8243; _builder_version=&#8220;4.27.2&#8243; _module_preset=&#8220;default&#8220; global_colors_info=&#8220;{}&#8220;][et_pb_blurb title=&#8220;Schnecken W\u00e4rmetauscher&#8220; image=&#8220;https:\/\/www.segler.eu\/wp-content\/uploads\/2024\/12\/2-3.png&#8220; alt=&#8220;Schneckenwellen und Schneckenfl\u00fcgel&#8220; _builder_version=&#8220;4.27.4&#8243; _dynamic_attributes=&#8220;link_option_url&#8220; _module_preset=&#8220;default&#8220; header_font=&#8220;|||on|||||&#8220; header_text_align=&#8220;left&#8220; header_text_color=&#8220;#b82435&#8243; link_option_url=&#8220;@ET-DC@eyJkeW5hbWljIjp0cnVlLCJjb250ZW50IjoicG9zdF9saW5rX3VybF9wYWdlIiwic2V0dGluZ3MiOnsicG9zdF9pZCI6IjEzNjQifX0=@&#8220; border_radii_image=&#8220;on|7px|7px|7px|7px&#8220; global_colors_info=&#8220;{}&#8220; hover_enabled=&#8220;0&#8243; sticky_enabled=&#8220;0&#8243;]<\/p>\n<p>F\u00f6rdern und Temperieren in einem Schritt. Unsere Schneckenw\u00e4rmetauscher erm\u00f6glichen eine effiziente thermische Behandlung Ihrer Produkte direkt w\u00e4hrend des Transports \u2013 ideal zum K\u00fchlen, Heizen oder Trocknen.<\/p>\n<p>[\/et_pb_blurb][\/et_pb_column][\/et_pb_row][et_pb_row column_structure=&#8220;1_4,1_4,1_4,1_4&#8243; _builder_version=&#8220;4.27.4&#8243; _module_preset=&#8220;default&#8220; global_colors_info=&#8220;{}&#8220;][et_pb_column type=&#8220;1_4&#8243; _builder_version=&#8220;4.27.4&#8243; _module_preset=&#8220;default&#8220; global_colors_info=&#8220;{}&#8220;][et_pb_blurb title=&#8220;Mischtechnik&#8220; image=&#8220;http:\/\/www.segler.eu\/wp-content\/uploads\/2024\/11\/4-3.jpg&#8220; alt=&#8220;Mischtechnik&#8220; _builder_version=&#8220;4.27.4&#8243; _dynamic_attributes=&#8220;link_option_url&#8220; _module_preset=&#8220;default&#8220; header_font=&#8220;|||on|||||&#8220; header_text_align=&#8220;left&#8220; header_text_color=&#8220;#b82435&#8243; link_option_url=&#8220;@ET-DC@eyJkeW5hbWljIjp0cnVlLCJjb250ZW50IjoicG9zdF9saW5rX3VybF9wYWdlIiwic2V0dGluZ3MiOnsicG9zdF9pZCI6IjE4OCJ9fQ==@&#8220; border_radii_image=&#8220;on|7px|7px|7px|7px&#8220; global_colors_info=&#8220;{}&#8220; hover_enabled=&#8220;0&#8243; sticky_enabled=&#8220;0&#8243;]<\/p>\n<p>F\u00fcr eine perfekte Homogenit\u00e4t. Wir bieten hochwirksame Mischer und R\u00fchrwerke, die f\u00fcr eine gleichm\u00e4\u00dfige Durchmischung und die Konditionierung Ihrer Produkte nach h\u00f6chsten Qualit\u00e4tsstandards sorgen.<\/p>\n<p>[\/et_pb_blurb][\/et_pb_column][et_pb_column type=&#8220;1_4&#8243; _builder_version=&#8220;4.27.4&#8243; _module_preset=&#8220;default&#8220; global_colors_info=&#8220;{}&#8220;][et_pb_blurb title=&#8220;F\u00f6rdertechnik&#8220; image=&#8220;http:\/\/www.segler.eu\/wp-content\/uploads\/2024\/11\/6-1.jpg&#8220; alt=&#8220;F\u00f6rdertechnik&#8220; _builder_version=&#8220;4.27.4&#8243; _dynamic_attributes=&#8220;link_option_url&#8220; _module_preset=&#8220;default&#8220; header_font=&#8220;|||on|||||&#8220; header_text_align=&#8220;left&#8220; header_text_color=&#8220;#b82435&#8243; link_option_url=&#8220;@ET-DC@eyJkeW5hbWljIjp0cnVlLCJjb250ZW50IjoicG9zdF9saW5rX3VybF9wYWdlIiwic2V0dGluZ3MiOnsicG9zdF9pZCI6IjE4NiJ9fQ==@&#8220; border_radii_image=&#8220;on|7px|7px|7px|7px&#8220; global_colors_info=&#8220;{}&#8220; hover_enabled=&#8220;0&#8243; sticky_enabled=&#8220;0&#8243;]<\/p>\n<p>Wir bringen Ihr Material in Bewegung. Entdecken Sie unsere vielseitigen Systeme f\u00fcr den internen Materialtransport. Wir konzipieren die optimale L\u00f6sung, um Ihre Sch\u00fcttg\u00fcter sicher und effizient von A nach B zu bef\u00f6rdern.<\/p>\n<p>[\/et_pb_blurb][\/et_pb_column][et_pb_column type=&#8220;1_4&#8243; _builder_version=&#8220;4.27.4&#8243; _module_preset=&#8220;default&#8220; global_colors_info=&#8220;{}&#8220;][et_pb_blurb title=&#8220;Ein- &#038; Austragen&#8220; image=&#8220;http:\/\/www.segler.eu\/wp-content\/uploads\/2024\/11\/2-3.jpg&#8220; alt=&#8220;Eintragen und Austragen&#8220; _builder_version=&#8220;4.27.4&#8243; _dynamic_attributes=&#8220;link_option_url&#8220; _module_preset=&#8220;default&#8220; header_font=&#8220;|||on|||||&#8220; header_text_align=&#8220;left&#8220; header_text_color=&#8220;#b82435&#8243; link_option_url=&#8220;@ET-DC@eyJkeW5hbWljIjp0cnVlLCJjb250ZW50IjoicG9zdF9saW5rX3VybF9wYWdlIiwic2V0dGluZ3MiOnsicG9zdF9pZCI6IjE5MCJ9fQ==@&#8220; border_radii_image=&#8220;on|7px|7px|7px|7px&#8220; global_colors_info=&#8220;{}&#8220; hover_enabled=&#8220;0&#8243; sticky_enabled=&#8220;0&#8243;]<\/p>\n<p>Kontrollierter Materialfluss aus Silos und Bunkern. Unsere robusten Ein- und Austragsysteme gew\u00e4hrleisten eine prozesssichere und gleichm\u00e4\u00dfige Beschickung oder Entleerung Ihrer Lagerbeh\u00e4lter.<\/p>\n<p>[\/et_pb_blurb][\/et_pb_column][et_pb_column type=&#8220;1_4&#8243; _builder_version=&#8220;4.27.4&#8243; _module_preset=&#8220;default&#8220; global_colors_info=&#8220;{}&#8220;][et_pb_blurb title=&#8220;Dosieren &#038; Handling&#8220; image=&#8220;http:\/\/www.segler.eu\/wp-content\/uploads\/2024\/11\/7-1.jpg&#8220; alt=&#8220;Dosieren &#038; Handling&#8220; _builder_version=&#8220;4.27.4&#8243; _dynamic_attributes=&#8220;link_option_url&#8220; _module_preset=&#8220;default&#8220; header_font=&#8220;|||on|||||&#8220; header_text_align=&#8220;left&#8220; header_text_color=&#8220;#b82435&#8243; link_option_url=&#8220;@ET-DC@eyJkeW5hbWljIjp0cnVlLCJjb250ZW50IjoicG9zdF9saW5rX3VybF9wYWdlIiwic2V0dGluZ3MiOnsicG9zdF9pZCI6IjE5MiJ9fQ==@&#8220; border_radii_image=&#8220;on|7px|7px|7px|7px&#8220; global_colors_info=&#8220;{}&#8220; hover_enabled=&#8220;0&#8243; sticky_enabled=&#8220;0&#8243;]<\/p>\n<p>Pr\u00e4zision, wo sie gebraucht wird. F\u00fcr Prozesse, die h\u00f6chste Genauigkeit erfordern: Unsere Dosier- und Handlingsysteme erm\u00f6glichen das exakte und schonende Zuf\u00fchren Ihrer Materialien in den Produktionsprozess.<\/p>\n<p>[\/et_pb_blurb][\/et_pb_column][\/et_pb_row][et_pb_row column_structure=&#8220;1_3,1_3,1_3&#8243; _builder_version=&#8220;4.27.2&#8243; _module_preset=&#8220;default&#8220; locked=&#8220;off&#8220; global_colors_info=&#8220;{}&#8220;][et_pb_column type=&#8220;1_3&#8243; _builder_version=&#8220;4.27.2&#8243; _module_preset=&#8220;default&#8220; global_colors_info=&#8220;{}&#8220;][et_pb_blurb title=&#8220;Apparate &#038; Beh\u00e4lter&#8220; image=&#8220;http:\/\/www.segler.eu\/wp-content\/uploads\/2024\/11\/5-1.jpg&#8220; alt=&#8220;Apparate &#038; Beh\u00e4lter&#8220; _builder_version=&#8220;4.27.4&#8243; _dynamic_attributes=&#8220;link_option_url&#8220; _module_preset=&#8220;default&#8220; header_font=&#8220;|||on|||||&#8220; header_text_align=&#8220;left&#8220; header_text_color=&#8220;#b82435&#8243; link_option_url=&#8220;@ET-DC@eyJkeW5hbWljIjp0cnVlLCJjb250ZW50IjoicG9zdF9saW5rX3VybF9wYWdlIiwic2V0dGluZ3MiOnsicG9zdF9pZCI6IjE5NCJ9fQ==@&#8220; border_radii_image=&#8220;on|7px|7px|7px|7px&#8220; global_colors_info=&#8220;{}&#8220; hover_enabled=&#8220;0&#8243; sticky_enabled=&#8220;0&#8243;]<\/p>\n<p>Ma\u00dfgeschneiderte Komponenten f\u00fcr Ihre Anlage. Wir konstruieren und fertigen hochwertige Apparate, Beh\u00e4lter, Silos und Bunker, die sich nahtlos in Ihre bestehenden oder neuen Prozessketten integrieren.<\/p>\n<p>[\/et_pb_blurb][\/et_pb_column][et_pb_column type=&#8220;1_3&#8243; _builder_version=&#8220;4.27.2&#8243; _module_preset=&#8220;default&#8220; global_colors_info=&#8220;{}&#8220;][et_pb_blurb title=&#8220;Sondermaschinen&#8220; image=&#8220;https:\/\/www.segler.eu\/wp-content\/uploads\/2024\/12\/3-3.png&#8220; alt=&#8220;Sondermaschinen&#8220; _builder_version=&#8220;4.27.4&#8243; _dynamic_attributes=&#8220;link_option_url&#8220; _module_preset=&#8220;default&#8220; header_font=&#8220;|||on|||||&#8220; header_text_align=&#8220;left&#8220; header_text_color=&#8220;#b82435&#8243; link_option_url=&#8220;@ET-DC@eyJkeW5hbWljIjp0cnVlLCJjb250ZW50IjoicG9zdF9saW5rX3VybF9wYWdlIiwic2V0dGluZ3MiOnsicG9zdF9pZCI6IjE5NiJ9fQ==@&#8220; border_radii_image=&#8220;on|7px|7px|7px|7px&#8220; global_colors_info=&#8220;{}&#8220; hover_enabled=&#8220;0&#8243; sticky_enabled=&#8220;0&#8243;]<\/p>\n<p>Ihre Anforderung ist unser Ansporn. Geht nicht, gibt&#8217;s nicht: Unser erfahrenes Ingenieurteam entwickelt und baut individuelle Sondermaschinen f\u00fcr spezielle verfahrenstechnische Herausforderungen.<\/p>\n<p>[\/et_pb_blurb][\/et_pb_column][et_pb_column type=&#8220;1_3&#8243; _builder_version=&#8220;4.27.2&#8243; _module_preset=&#8220;default&#8220; global_colors_info=&#8220;{}&#8220;][et_pb_blurb title=&#8220;Anlagenbau&#8220; image=&#8220;http:\/\/www.segler.eu\/wp-content\/uploads\/2024\/11\/3-3.jpg&#8220; alt=&#8220;Sondermaschinen und Sonderanlagen&#8220; _builder_version=&#8220;4.27.4&#8243; _dynamic_attributes=&#8220;link_option_url&#8220; _module_preset=&#8220;default&#8220; header_font=&#8220;|||on|||||&#8220; header_text_align=&#8220;left&#8220; header_text_color=&#8220;#b82435&#8243; link_option_url=&#8220;@ET-DC@eyJkeW5hbWljIjp0cnVlLCJjb250ZW50IjoicG9zdF9saW5rX3VybF9wYWdlIiwic2V0dGluZ3MiOnsicG9zdF9pZCI6IjEzNzYifX0=@&#8220; border_radii_image=&#8220;on|7px|7px|7px|7px&#8220; global_colors_info=&#8220;{}&#8220; hover_enabled=&#8220;0&#8243; sticky_enabled=&#8220;0&#8243;]<\/p>\n<p>Ihre Prozessl\u00f6sung aus einer Hand. Von der ersten Idee \u00fcber das Engineering bis zur Inbetriebnahme \u2013 wir planen und realisieren komplette, schl\u00fcsselfertige Anlagen, die perfekt auf Ihre Produktionsziele abgestimmt sind.<\/p>\n<p>[\/et_pb_blurb][\/et_pb_column][\/et_pb_row][\/et_pb_section]<\/p>\n","protected":false},"excerpt":{"rendered":"<p>Pr\u00e4zision in jeder Komponente. Unser Produktportfolio deckt das gesamte Spektrum der F\u00f6rder- und Verfahrenstechnik ab. Von der einzelnen F\u00f6rderschnecke bis zum kompletten Anlagenbau entwickeln wir robuste, langlebige und individuell an Ihre Prozesse angepasste L\u00f6sungen \u2013 f\u00fcr den optimalen Fluss Ihrer Materialien.Das Herzst\u00fcck der Sch\u00fcttgutf\u00f6rderung. Wir fertigen F\u00f6rderschnecken f\u00fcr unterschiedlichste Branchen und Materialien \u2013 effizient, betriebssicher [&hellip;]<\/p>\n","protected":false},"author":1,"featured_media":0,"parent":0,"menu_order":0,"comment_status":"closed","ping_status":"closed","template":"","meta":{"_et_pb_use_builder":"on","_et_pb_old_content":"","_et_gb_content_width":"","footnotes":""},"class_list":["post-164","page","type-page","status-publish","hentry"],"yoast_head":"<!-- This site is optimized with the Yoast SEO plugin v27.4 - https:\/\/yoast.com\/product\/yoast-seo-wordpress\/ -->\n<title>SEGLER Produkt\u00fcbersicht<\/title>\n<meta name=\"description\" content=\"Entdecken Sie SEGLERs Produktvielfalt: Schneckenwellen, Mischtechnik, F\u00f6rdertechnik und mehr f\u00fcr die Prozessindustrie.\" \/>\n<meta name=\"robots\" content=\"index, follow, max-snippet:-1, max-image-preview:large, max-video-preview:-1\" \/>\n<link rel=\"canonical\" href=\"https:\/\/www.segler.eu\/en\/products\/\" \/>\n<meta property=\"og:locale\" content=\"en_US\" \/>\n<meta property=\"og:type\" content=\"article\" \/>\n<meta property=\"og:title\" content=\"SEGLER Produkt\u00fcbersicht\" \/>\n<meta property=\"og:description\" content=\"Entdecken Sie SEGLERs Produktvielfalt: Schneckenwellen, Mischtechnik, F\u00f6rdertechnik und mehr f\u00fcr die Prozessindustrie.\" \/>\n<meta property=\"og:url\" content=\"https:\/\/www.segler.eu\/en\/products\/\" \/>\n<meta property=\"og:site_name\" content=\"SEGLER\" \/>\n<meta property=\"article:publisher\" content=\"https:\/\/www.facebook.com\/people\/Segler-Frderanlagen-Maschinenfabrik-GmbH\/61567270711954\/\" \/>\n<meta property=\"article:modified_time\" content=\"2025-10-13T07:40:08+00:00\" \/>\n<meta property=\"og:image\" content=\"https:\/\/www.segler.eu\/wp-content\/uploads\/2024\/11\/SEGLER-BERGE-1.png\" \/>\n\t<meta property=\"og:image:width\" content=\"750\" \/>\n\t<meta property=\"og:image:height\" content=\"750\" \/>\n\t<meta property=\"og:image:type\" content=\"image\/png\" \/>\n<meta name=\"twitter:label1\" content=\"Est. reading time\" \/>\n\t<meta name=\"twitter:data1\" content=\"3 minutes\" \/>\n<script type=\"application\/ld+json\" class=\"yoast-schema-graph\">{\"@context\":\"https:\\\/\\\/schema.org\",\"@graph\":[{\"@type\":\"WebPage\",\"@id\":\"https:\\\/\\\/www.segler.eu\\\/produkte\\\/\",\"url\":\"https:\\\/\\\/www.segler.eu\\\/produkte\\\/\",\"name\":\"SEGLER Produkt\u00fcbersicht\",\"isPartOf\":{\"@id\":\"https:\\\/\\\/www.segler.eu\\\/#website\"},\"datePublished\":\"2024-11-04T15:02:34+00:00\",\"dateModified\":\"2025-10-13T07:40:08+00:00\",\"description\":\"Entdecken Sie SEGLERs Produktvielfalt: Schneckenwellen, Mischtechnik, F\u00f6rdertechnik und mehr f\u00fcr die Prozessindustrie.\",\"breadcrumb\":{\"@id\":\"https:\\\/\\\/www.segler.eu\\\/produkte\\\/#breadcrumb\"},\"inLanguage\":\"en-US\",\"potentialAction\":[{\"@type\":\"ReadAction\",\"target\":[\"https:\\\/\\\/www.segler.eu\\\/produkte\\\/\"]}]},{\"@type\":\"BreadcrumbList\",\"@id\":\"https:\\\/\\\/www.segler.eu\\\/produkte\\\/#breadcrumb\",\"itemListElement\":[{\"@type\":\"ListItem\",\"position\":1,\"name\":\"Startseite\",\"item\":\"https:\\\/\\\/www.segler.eu\\\/\"},{\"@type\":\"ListItem\",\"position\":2,\"name\":\"Produkte\"}]},{\"@type\":\"WebSite\",\"@id\":\"https:\\\/\\\/www.segler.eu\\\/#website\",\"url\":\"https:\\\/\\\/www.segler.eu\\\/\",\"name\":\"SEGLER\",\"description\":\"Materials in motion\",\"publisher\":{\"@id\":\"https:\\\/\\\/www.segler.eu\\\/#organization\"},\"potentialAction\":[{\"@type\":\"SearchAction\",\"target\":{\"@type\":\"EntryPoint\",\"urlTemplate\":\"https:\\\/\\\/www.segler.eu\\\/?s={search_term_string}\"},\"query-input\":{\"@type\":\"PropertyValueSpecification\",\"valueRequired\":true,\"valueName\":\"search_term_string\"}}],\"inLanguage\":\"en-US\"},{\"@type\":\"Organization\",\"@id\":\"https:\\\/\\\/www.segler.eu\\\/#organization\",\"name\":\"Segler-F\u00f6rderanlagen Maschinenfabrik GmbH\",\"alternateName\":\"SEGLER\",\"url\":\"https:\\\/\\\/www.segler.eu\\\/\",\"logo\":{\"@type\":\"ImageObject\",\"inLanguage\":\"en-US\",\"@id\":\"https:\\\/\\\/www.segler.eu\\\/#\\\/schema\\\/logo\\\/image\\\/\",\"url\":\"https:\\\/\\\/www.segler.eu\\\/wp-content\\\/uploads\\\/2024\\\/11\\\/SEGLER-BERGE-1.png\",\"contentUrl\":\"https:\\\/\\\/www.segler.eu\\\/wp-content\\\/uploads\\\/2024\\\/11\\\/SEGLER-BERGE-1.png\",\"width\":750,\"height\":750,\"caption\":\"Segler-F\u00f6rderanlagen Maschinenfabrik GmbH\"},\"image\":{\"@id\":\"https:\\\/\\\/www.segler.eu\\\/#\\\/schema\\\/logo\\\/image\\\/\"},\"sameAs\":[\"https:\\\/\\\/www.facebook.com\\\/people\\\/Segler-Frderanlagen-Maschinenfabrik-GmbH\\\/61567270711954\\\/\"]}]}<\/script>\n<!-- \/ Yoast SEO plugin. -->","yoast_head_json":{"title":"SEGLER product overview","description":"Discover SEGLER&#039;s product range: screw shafts, mixing technology, conveyor technology and more for the process industry.","robots":{"index":"index","follow":"follow","max-snippet":"max-snippet:-1","max-image-preview":"max-image-preview:large","max-video-preview":"max-video-preview:-1"},"canonical":"https:\/\/www.segler.eu\/en\/products\/","og_locale":"en_US","og_type":"article","og_title":"SEGLER Produkt\u00fcbersicht","og_description":"Entdecken Sie SEGLERs Produktvielfalt: Schneckenwellen, Mischtechnik, F\u00f6rdertechnik und mehr f\u00fcr die Prozessindustrie.","og_url":"https:\/\/www.segler.eu\/en\/products\/","og_site_name":"SEGLER","article_publisher":"https:\/\/www.facebook.com\/people\/Segler-Frderanlagen-Maschinenfabrik-GmbH\/61567270711954\/","article_modified_time":"2025-10-13T07:40:08+00:00","og_image":[{"width":750,"height":750,"url":"https:\/\/www.segler.eu\/wp-content\/uploads\/2024\/11\/SEGLER-BERGE-1.png","type":"image\/png"}],"twitter_misc":{"Est. reading time":"3 minutes"},"schema":{"@context":"https:\/\/schema.org","@graph":[{"@type":"WebPage","@id":"https:\/\/www.segler.eu\/produkte\/","url":"https:\/\/www.segler.eu\/produkte\/","name":"SEGLER product overview","isPartOf":{"@id":"https:\/\/www.segler.eu\/#website"},"datePublished":"2024-11-04T15:02:34+00:00","dateModified":"2025-10-13T07:40:08+00:00","description":"Discover SEGLER&#039;s product range: screw shafts, mixing technology, conveyor technology and more for the process industry.","breadcrumb":{"@id":"https:\/\/www.segler.eu\/produkte\/#breadcrumb"},"inLanguage":"en-US","potentialAction":[{"@type":"ReadAction","target":["https:\/\/www.segler.eu\/produkte\/"]}]},{"@type":"BreadcrumbList","@id":"https:\/\/www.segler.eu\/produkte\/#breadcrumb","itemListElement":[{"@type":"ListItem","position":1,"name":"Startseite","item":"https:\/\/www.segler.eu\/"},{"@type":"ListItem","position":2,"name":"Produkte"}]},{"@type":"WebSite","@id":"https:\/\/www.segler.eu\/#website","url":"https:\/\/www.segler.eu\/","name":"SEGLER","description":"Materials in motion","publisher":{"@id":"https:\/\/www.segler.eu\/#organization"},"potentialAction":[{"@type":"SearchAction","target":{"@type":"EntryPoint","urlTemplate":"https:\/\/www.segler.eu\/?s={search_term_string}"},"query-input":{"@type":"PropertyValueSpecification","valueRequired":true,"valueName":"search_term_string"}}],"inLanguage":"en-US"},{"@type":"Organization","@id":"https:\/\/www.segler.eu\/#organization","name":"Segler-F\u00f6rderanlagen Maschinenfabrik GmbH","alternateName":"SEGLER","url":"https:\/\/www.segler.eu\/","logo":{"@type":"ImageObject","inLanguage":"en-US","@id":"https:\/\/www.segler.eu\/#\/schema\/logo\/image\/","url":"https:\/\/www.segler.eu\/wp-content\/uploads\/2024\/11\/SEGLER-BERGE-1.png","contentUrl":"https:\/\/www.segler.eu\/wp-content\/uploads\/2024\/11\/SEGLER-BERGE-1.png","width":750,"height":750,"caption":"Segler-F\u00f6rderanlagen Maschinenfabrik GmbH"},"image":{"@id":"https:\/\/www.segler.eu\/#\/schema\/logo\/image\/"},"sameAs":["https:\/\/www.facebook.com\/people\/Segler-Frderanlagen-Maschinenfabrik-GmbH\/61567270711954\/"]}]}},"_links":{"self":[{"href":"https:\/\/www.segler.eu\/en\/wp-json\/wp\/v2\/pages\/164","targetHints":{"allow":["GET"]}}],"collection":[{"href":"https:\/\/www.segler.eu\/en\/wp-json\/wp\/v2\/pages"}],"about":[{"href":"https:\/\/www.segler.eu\/en\/wp-json\/wp\/v2\/types\/page"}],"author":[{"embeddable":true,"href":"https:\/\/www.segler.eu\/en\/wp-json\/wp\/v2\/users\/1"}],"replies":[{"embeddable":true,"href":"https:\/\/www.segler.eu\/en\/wp-json\/wp\/v2\/comments?post=164"}],"version-history":[{"count":0,"href":"https:\/\/www.segler.eu\/en\/wp-json\/wp\/v2\/pages\/164\/revisions"}],"wp:attachment":[{"href":"https:\/\/www.segler.eu\/en\/wp-json\/wp\/v2\/media?parent=164"}],"curies":[{"name":"wp","href":"https:\/\/api.w.org\/{rel}","templated":true}]}}