{"id":172,"date":"2024-11-04T16:03:33","date_gmt":"2024-11-04T15:03:33","guid":{"rendered":"http:\/\/www.segler.eu\/?page_id=172"},"modified":"2025-10-13T09:55:20","modified_gmt":"2025-10-13T07:55:20","slug":"data-facts","status":"publish","type":"page","link":"https:\/\/www.segler.eu\/en\/unternehmen\/daten-fakten\/","title":{"rendered":"Data &amp; Facts"},"content":{"rendered":"<p>[et_pb_section fb_built=&#8220;1&#8243; _builder_version=&#8220;4.27.4&#8243; _module_preset=&#8220;default&#8220; background_image=&#8220;https:\/\/www.segler.eu\/wp-content\/uploads\/2024\/12\/6-1.jpg&#8220; background_position=&#8220;top_center&#8220; height=&#8220;45vh&#8220; custom_margin=&#8220;-10%||||false|false&#8220; global_colors_info=&#8220;{}&#8220;][et_pb_row _builder_version=&#8220;4.27.2&#8243; _module_preset=&#8220;default&#8220; custom_padding=&#8220;20vh||||false|false&#8220; global_colors_info=&#8220;{}&#8220;][et_pb_column type=&#8220;4_4&#8243; _builder_version=&#8220;4.27.2&#8243; _module_preset=&#8220;default&#8220; global_colors_info=&#8220;{}&#8220;][\/et_pb_column][\/et_pb_row][\/et_pb_section][et_pb_section fb_built=&#8220;1&#8243; _builder_version=&#8220;4.27.2&#8243; _module_preset=&#8220;default&#8220; background_enable_image=&#8220;off&#8220; global_colors_info=&#8220;{}&#8220;][et_pb_row _builder_version=&#8220;4.27.2&#8243; _module_preset=&#8220;default&#8220; custom_margin=&#8220;0px||0px||true|false&#8220; custom_padding=&#8220;0px||0px||true|false&#8220; locked=&#8220;off&#8220; global_colors_info=&#8220;{}&#8220;][et_pb_column type=&#8220;4_4&#8243; _builder_version=&#8220;4.27.2&#8243; _module_preset=&#8220;default&#8220; global_colors_info=&#8220;{}&#8220;][et_pb_heading title=&#8220;Unternehmen&#8220; _builder_version=&#8220;4.27.2&#8243; _module_preset=&#8220;default&#8220; title_level=&#8220;h4&#8243; title_font=&#8220;|||on|||||&#8220; title_text_color=&#8220;#b82435&#8243; custom_margin=&#8220;0px||0px||false|false&#8220; custom_padding=&#8220;0px||0px||false|false&#8220; global_colors_info=&#8220;{}&#8220;][\/et_pb_heading][et_pb_heading title=&#8220;DATEN &#038; FAKTEN \u00dcBER SEGLER&#8220; _builder_version=&#8220;4.27.2&#8243; _module_preset=&#8220;default&#8220; title_font=&#8220;|||on|||||&#8220; custom_margin=&#8220;0px||15px||false|false&#8220; custom_padding=&#8220;0px||0px||true|false&#8220; global_colors_info=&#8220;{}&#8220;][\/et_pb_heading][et_pb_divider _builder_version=&#8220;4.27.2&#8243; _module_preset=&#8220;default&#8220; width=&#8220;50%&#8220; global_colors_info=&#8220;{}&#8220;][\/et_pb_divider][\/et_pb_column][\/et_pb_row][et_pb_row column_structure=&#8220;1_3,1_3,1_3&#8243; _builder_version=&#8220;4.27.2&#8243; _module_preset=&#8220;default&#8220; global_colors_info=&#8220;{}&#8220;][et_pb_column type=&#8220;1_3&#8243; _builder_version=&#8220;4.27.2&#8243; _module_preset=&#8220;default&#8220; global_colors_info=&#8220;{}&#8220;][et_pb_number_counter title=&#8220;Gr\u00fcndungsjahr&#8220; number=&#8220;1911&#8243; percent_sign=&#8220;off&#8220; _builder_version=&#8220;4.27.2&#8243; _module_preset=&#8220;default&#8220; global_colors_info=&#8220;{}&#8220;][\/et_pb_number_counter][\/et_pb_column][et_pb_column type=&#8220;1_3&#8243; _builder_version=&#8220;4.27.2&#8243; _module_preset=&#8220;default&#8220; global_colors_info=&#8220;{}&#8220;][et_pb_number_counter title=&#8220;Mitarbeiter&#8220; number=&#8220;120&#8243; percent_sign=&#8220;off&#8220; _builder_version=&#8220;4.27.2&#8243; _module_preset=&#8220;default&#8220; global_colors_info=&#8220;{}&#8220;][\/et_pb_number_counter][\/et_pb_column][et_pb_column type=&#8220;1_3&#8243; _builder_version=&#8220;4.27.2&#8243; _module_preset=&#8220;default&#8220; global_colors_info=&#8220;{}&#8220;][et_pb_number_counter title=&#8220;qm\u00b2 Betriebsfl\u00e4che&#8220; number=&#8220;6743&#8243; percent_sign=&#8220;off&#8220; _builder_version=&#8220;4.27.2&#8243; _module_preset=&#8220;default&#8220; global_colors_info=&#8220;{}&#8220;][\/et_pb_number_counter][\/et_pb_column][\/et_pb_row][et_pb_row _builder_version=&#8220;4.27.2&#8243; _module_preset=&#8220;default&#8220; global_colors_info=&#8220;{}&#8220;][et_pb_column type=&#8220;4_4&#8243; _builder_version=&#8220;4.27.2&#8243; _module_preset=&#8220;default&#8220; global_colors_info=&#8220;{}&#8220;][et_pb_text _builder_version=&#8220;4.27.4&#8243; _module_preset=&#8220;default&#8220; global_colors_info=&#8220;{}&#8220;]<strong>Unternehmenssitz:<\/strong> Berge, Niedersachsen, Deutschland<br \/>\n<strong>Gesch\u00e4ftsf\u00fchrer:<\/strong> Thomas Neteler<\/p>\n<p><strong>Gesch\u00e4ftsmodell:<\/strong> Sicherstellen einer hochwertigen, stabilen und effizienten Verarbeitung von Materialien in der Prozessindustrie durch die Entwicklung und Realisierung ma\u00dfgeschneiderter verfahrenstechnischer L\u00f6sungen.<\/p>\n<p>&nbsp;<\/p>\n<p><strong>Portfolio:<\/strong><\/p>\n<ul>\n<li><a href=\"https:\/\/www.segler.eu\/produkte\/schneckenwellen-fluegel\/\">Schneckenwellen\/-fl\u00fcgel<\/a><\/li>\n<li><a href=\"https:\/\/www.segler.eu\/produkte\/foerdertechnik\/\">F\u00f6rdertechnik<\/a><\/li>\n<li><a href=\"https:\/\/www.segler.eu\/produkte\/mischtechnik\/\">Mischtechnik<\/a><\/li>\n<li><a href=\"https:\/\/www.segler.eu\/produkte\/ein-austragen\/\">Ein- &amp; Austragen<\/a><\/li>\n<li><a href=\"https:\/\/www.segler.eu\/produkte\/dosieren-handling\/\">Dosieren &amp; Handling<\/a><\/li>\n<li><a href=\"https:\/\/www.segler.eu\/produkte\/apparate-behaelter\/\">Apparate &amp; Beh\u00e4lter<\/a><\/li>\n<li><a href=\"https:\/\/www.segler.eu\/produkte\/sondermaschinen-anlagen\/\">Sondermaschinen &amp; -anlagen<\/a><\/li>\n<\/ul>\n<p><\/p>\n<p><strong>Medien:<\/strong> Sch\u00fcttg\u00fcter aller Art, Teige, Past\u00f6se Stoffe, Adh\u00e4sive\/koh\u00e4sive Stoffe, Fl\u00fcssigkeiten etc.<\/p>\n<p><\/p>\n<p><strong>Branchen:<\/strong><\/p>\n<ul>\n<li><a href=\"https:\/\/www.segler.eu\/branchen\/chemie\/\">Chemie<\/a><\/li>\n<li><a href=\"https:\/\/www.segler.eu\/branchen\/lebensmittel\/\">Lebensmittel<\/a><\/li>\n<li><a href=\"https:\/\/www.segler.eu\/branchen\/energie-umwelt\/\">Energie &amp; Umwelt<\/a><\/li>\n<li><a href=\"https:\/\/www.segler.eu\/branchen\/roh-grundstoffe\/\">Roh- &amp; Grundstoffe<\/a><\/li>\n<\/ul>\n<p><\/p>\n<p><strong><a href=\"https:\/\/www.segler.eu\/wp-content\/uploads\/2025\/01\/180523-SEGLER-Verhaltenskodex.pdf\">Verhaltenskodex <span style=\"font-size: 16px;\">SEGLER-F\u00f6rderanlagen Maschinenfabrik GmbH<\/span><\/a><\/strong>[\/et_pb_text][et_pb_image src=&#8220;https:\/\/www.segler.eu\/wp-content\/uploads\/2025\/10\/BSFZ-Siegel_RGB_3x-scaled.png&#8220; alt=&#8220;BSFZ Siegel&#8220; _builder_version=&#8220;4.27.4&#8243; _module_preset=&#8220;default&#8220; width=&#8220;20%&#8220; custom_margin=&#8220;||0px||false|false&#8220; custom_padding=&#8220;||0px||false|false&#8220; global_colors_info=&#8220;{}&#8220;][\/et_pb_image][et_pb_text _builder_version=&#8220;4.27.4&#8243; _module_preset=&#8220;default&#8220; custom_margin=&#8220;0px||||false|false&#8220; custom_padding=&#8220;0px||||false|false&#8220; global_colors_info=&#8220;{}&#8220;]<\/p>\n<p>Das rote BSFZ-Siegel steht bei uns f\u00fcr unsere eigenbetriebliche Forschungs- und Entwicklungsarbeit. Es best\u00e4tigt offiziell unsere innerbetriebliche FuE-Leistung und unterstreicht, dass wir innovative Technologien nicht nur anwenden, sondern aktiv entwickeln.<\/p>\n<p>[\/et_pb_text][et_pb_text _builder_version=&#8220;4.27.4&#8243; _module_preset=&#8220;default&#8220; hover_enabled=&#8220;0&#8243; sticky_enabled=&#8220;0&#8243;]<\/p>\n<p>Hinter diesen Zahlen steht mehr als nur Statistik: Sie repr\u00e4sentieren ein Fundament aus Erfahrung und Engagement. An unserem traditionsreichen Standort in Berge bildet unser Team aus langj\u00e4hrigen Fachexperten und jungen Talenten das Herzst\u00fcck des Unternehmens. Die bewusste Entscheidung f\u00fcr die Fertigung \u201eMade in Germany\u201c auf unserer gesamten Betriebsfl\u00e4che erm\u00f6glicht uns maximale Kontrolle und kompromisslose Qualit\u00e4t. Unsere anerkannte Forschungsarbeit ist dabei kein Selbstzweck, sondern der direkte Antrieb, um f\u00fcr jede kundenspezifische Herausforderung nicht nur eine funktionale, sondern die bestm\u00f6gliche und zukunftsf\u00e4higste L\u00f6sung zu entwickeln. So wird aus Tradition und Innovation ein echter Mehrwert.<\/p>\n<p>[\/et_pb_text][\/et_pb_column][\/et_pb_row][\/et_pb_section]<\/p>\n","protected":false},"excerpt":{"rendered":"<p>Unternehmenssitz: Berge, Niedersachsen, Deutschland Gesch\u00e4ftsf\u00fchrer: Thomas Neteler Gesch\u00e4ftsmodell: Sicherstellen einer hochwertigen, stabilen und effizienten Verarbeitung von Materialien in der Prozessindustrie durch die Entwicklung und Realisierung ma\u00dfgeschneiderter verfahrenstechnischer L\u00f6sungen. &nbsp; Portfolio: Schneckenwellen\/-fl\u00fcgel F\u00f6rdertechnik Mischtechnik Ein- &amp; Austragen Dosieren &amp; Handling Apparate &amp; Beh\u00e4lter Sondermaschinen &amp; -anlagen Medien: Sch\u00fcttg\u00fcter aller Art, Teige, Past\u00f6se Stoffe, Adh\u00e4sive\/koh\u00e4sive Stoffe, Fl\u00fcssigkeiten [&hellip;]<\/p>\n","protected":false},"author":1,"featured_media":0,"parent":162,"menu_order":0,"comment_status":"closed","ping_status":"closed","template":"","meta":{"_et_pb_use_builder":"on","_et_pb_old_content":"","_et_gb_content_width":"","footnotes":""},"class_list":["post-172","page","type-page","status-publish","hentry"],"yoast_head":"<!-- This site is optimized with the Yoast SEO plugin v27.4 - https:\/\/yoast.com\/product\/yoast-seo-wordpress\/ -->\n<title>Daten &amp; Fakten - SEGLER<\/title>\n<meta name=\"description\" content=\"Daten &amp; Fakten von SEGLER\" \/>\n<meta name=\"robots\" content=\"index, follow, max-snippet:-1, max-image-preview:large, max-video-preview:-1\" \/>\n<link rel=\"canonical\" href=\"https:\/\/www.segler.eu\/en\/company\/data-facts\/\" \/>\n<meta property=\"og:locale\" content=\"en_US\" \/>\n<meta property=\"og:type\" content=\"article\" \/>\n<meta property=\"og:title\" content=\"Daten &amp; Fakten - SEGLER\" \/>\n<meta property=\"og:description\" content=\"Daten &amp; Fakten von SEGLER\" \/>\n<meta property=\"og:url\" content=\"https:\/\/www.segler.eu\/en\/company\/data-facts\/\" \/>\n<meta property=\"og:site_name\" content=\"SEGLER\" \/>\n<meta property=\"article:publisher\" content=\"https:\/\/www.facebook.com\/people\/Segler-Frderanlagen-Maschinenfabrik-GmbH\/61567270711954\/\" \/>\n<meta property=\"article:modified_time\" content=\"2025-10-13T07:55:20+00:00\" \/>\n<meta property=\"og:image\" content=\"https:\/\/www.segler.eu\/wp-content\/uploads\/2024\/11\/SEGLER-BERGE-1.png\" \/>\n\t<meta property=\"og:image:width\" content=\"750\" \/>\n\t<meta property=\"og:image:height\" content=\"750\" \/>\n\t<meta property=\"og:image:type\" content=\"image\/png\" \/>\n<meta name=\"twitter:label1\" content=\"Est. reading time\" \/>\n\t<meta name=\"twitter:data1\" content=\"3 minutes\" \/>\n<script type=\"application\/ld+json\" class=\"yoast-schema-graph\">{\"@context\":\"https:\\\/\\\/schema.org\",\"@graph\":[{\"@type\":\"WebPage\",\"@id\":\"https:\\\/\\\/www.segler.eu\\\/unternehmen\\\/daten-fakten\\\/\",\"url\":\"https:\\\/\\\/www.segler.eu\\\/unternehmen\\\/daten-fakten\\\/\",\"name\":\"Daten & Fakten - SEGLER\",\"isPartOf\":{\"@id\":\"https:\\\/\\\/www.segler.eu\\\/#website\"},\"datePublished\":\"2024-11-04T15:03:33+00:00\",\"dateModified\":\"2025-10-13T07:55:20+00:00\",\"description\":\"Daten & Fakten von SEGLER\",\"breadcrumb\":{\"@id\":\"https:\\\/\\\/www.segler.eu\\\/unternehmen\\\/daten-fakten\\\/#breadcrumb\"},\"inLanguage\":\"en-US\",\"potentialAction\":[{\"@type\":\"ReadAction\",\"target\":[\"https:\\\/\\\/www.segler.eu\\\/unternehmen\\\/daten-fakten\\\/\"]}]},{\"@type\":\"BreadcrumbList\",\"@id\":\"https:\\\/\\\/www.segler.eu\\\/unternehmen\\\/daten-fakten\\\/#breadcrumb\",\"itemListElement\":[{\"@type\":\"ListItem\",\"position\":1,\"name\":\"Startseite\",\"item\":\"https:\\\/\\\/www.segler.eu\\\/\"},{\"@type\":\"ListItem\",\"position\":2,\"name\":\"Unternehmen\",\"item\":\"https:\\\/\\\/www.segler.eu\\\/unternehmen\\\/\"},{\"@type\":\"ListItem\",\"position\":3,\"name\":\"Daten &#038; Fakten\"}]},{\"@type\":\"WebSite\",\"@id\":\"https:\\\/\\\/www.segler.eu\\\/#website\",\"url\":\"https:\\\/\\\/www.segler.eu\\\/\",\"name\":\"SEGLER\",\"description\":\"Materials in motion\",\"publisher\":{\"@id\":\"https:\\\/\\\/www.segler.eu\\\/#organization\"},\"potentialAction\":[{\"@type\":\"SearchAction\",\"target\":{\"@type\":\"EntryPoint\",\"urlTemplate\":\"https:\\\/\\\/www.segler.eu\\\/?s={search_term_string}\"},\"query-input\":{\"@type\":\"PropertyValueSpecification\",\"valueRequired\":true,\"valueName\":\"search_term_string\"}}],\"inLanguage\":\"en-US\"},{\"@type\":\"Organization\",\"@id\":\"https:\\\/\\\/www.segler.eu\\\/#organization\",\"name\":\"Segler-F\u00f6rderanlagen Maschinenfabrik GmbH\",\"alternateName\":\"SEGLER\",\"url\":\"https:\\\/\\\/www.segler.eu\\\/\",\"logo\":{\"@type\":\"ImageObject\",\"inLanguage\":\"en-US\",\"@id\":\"https:\\\/\\\/www.segler.eu\\\/#\\\/schema\\\/logo\\\/image\\\/\",\"url\":\"https:\\\/\\\/www.segler.eu\\\/wp-content\\\/uploads\\\/2024\\\/11\\\/SEGLER-BERGE-1.png\",\"contentUrl\":\"https:\\\/\\\/www.segler.eu\\\/wp-content\\\/uploads\\\/2024\\\/11\\\/SEGLER-BERGE-1.png\",\"width\":750,\"height\":750,\"caption\":\"Segler-F\u00f6rderanlagen Maschinenfabrik GmbH\"},\"image\":{\"@id\":\"https:\\\/\\\/www.segler.eu\\\/#\\\/schema\\\/logo\\\/image\\\/\"},\"sameAs\":[\"https:\\\/\\\/www.facebook.com\\\/people\\\/Segler-Frderanlagen-Maschinenfabrik-GmbH\\\/61567270711954\\\/\"]}]}<\/script>\n<!-- \/ Yoast SEO plugin. -->","yoast_head_json":{"title":"Data &amp; Facts - SEGLER","description":"Facts &amp; Figures from SEGLER","robots":{"index":"index","follow":"follow","max-snippet":"max-snippet:-1","max-image-preview":"max-image-preview:large","max-video-preview":"max-video-preview:-1"},"canonical":"https:\/\/www.segler.eu\/en\/company\/data-facts\/","og_locale":"en_US","og_type":"article","og_title":"Daten & Fakten - SEGLER","og_description":"Daten & Fakten von SEGLER","og_url":"https:\/\/www.segler.eu\/en\/company\/data-facts\/","og_site_name":"SEGLER","article_publisher":"https:\/\/www.facebook.com\/people\/Segler-Frderanlagen-Maschinenfabrik-GmbH\/61567270711954\/","article_modified_time":"2025-10-13T07:55:20+00:00","og_image":[{"width":750,"height":750,"url":"https:\/\/www.segler.eu\/wp-content\/uploads\/2024\/11\/SEGLER-BERGE-1.png","type":"image\/png"}],"twitter_misc":{"Est. reading time":"3 minutes"},"schema":{"@context":"https:\/\/schema.org","@graph":[{"@type":"WebPage","@id":"https:\/\/www.segler.eu\/unternehmen\/daten-fakten\/","url":"https:\/\/www.segler.eu\/unternehmen\/daten-fakten\/","name":"Data &amp; Facts - SEGLER","isPartOf":{"@id":"https:\/\/www.segler.eu\/#website"},"datePublished":"2024-11-04T15:03:33+00:00","dateModified":"2025-10-13T07:55:20+00:00","description":"Facts &amp; Figures from SEGLER","breadcrumb":{"@id":"https:\/\/www.segler.eu\/unternehmen\/daten-fakten\/#breadcrumb"},"inLanguage":"en-US","potentialAction":[{"@type":"ReadAction","target":["https:\/\/www.segler.eu\/unternehmen\/daten-fakten\/"]}]},{"@type":"BreadcrumbList","@id":"https:\/\/www.segler.eu\/unternehmen\/daten-fakten\/#breadcrumb","itemListElement":[{"@type":"ListItem","position":1,"name":"Startseite","item":"https:\/\/www.segler.eu\/"},{"@type":"ListItem","position":2,"name":"Unternehmen","item":"https:\/\/www.segler.eu\/unternehmen\/"},{"@type":"ListItem","position":3,"name":"Daten &#038; Fakten"}]},{"@type":"WebSite","@id":"https:\/\/www.segler.eu\/#website","url":"https:\/\/www.segler.eu\/","name":"SEGLER","description":"Materials in motion","publisher":{"@id":"https:\/\/www.segler.eu\/#organization"},"potentialAction":[{"@type":"SearchAction","target":{"@type":"EntryPoint","urlTemplate":"https:\/\/www.segler.eu\/?s={search_term_string}"},"query-input":{"@type":"PropertyValueSpecification","valueRequired":true,"valueName":"search_term_string"}}],"inLanguage":"en-US"},{"@type":"Organization","@id":"https:\/\/www.segler.eu\/#organization","name":"Segler-F\u00f6rderanlagen Maschinenfabrik GmbH","alternateName":"SEGLER","url":"https:\/\/www.segler.eu\/","logo":{"@type":"ImageObject","inLanguage":"en-US","@id":"https:\/\/www.segler.eu\/#\/schema\/logo\/image\/","url":"https:\/\/www.segler.eu\/wp-content\/uploads\/2024\/11\/SEGLER-BERGE-1.png","contentUrl":"https:\/\/www.segler.eu\/wp-content\/uploads\/2024\/11\/SEGLER-BERGE-1.png","width":750,"height":750,"caption":"Segler-F\u00f6rderanlagen Maschinenfabrik GmbH"},"image":{"@id":"https:\/\/www.segler.eu\/#\/schema\/logo\/image\/"},"sameAs":["https:\/\/www.facebook.com\/people\/Segler-Frderanlagen-Maschinenfabrik-GmbH\/61567270711954\/"]}]}},"_links":{"self":[{"href":"https:\/\/www.segler.eu\/en\/wp-json\/wp\/v2\/pages\/172","targetHints":{"allow":["GET"]}}],"collection":[{"href":"https:\/\/www.segler.eu\/en\/wp-json\/wp\/v2\/pages"}],"about":[{"href":"https:\/\/www.segler.eu\/en\/wp-json\/wp\/v2\/types\/page"}],"author":[{"embeddable":true,"href":"https:\/\/www.segler.eu\/en\/wp-json\/wp\/v2\/users\/1"}],"replies":[{"embeddable":true,"href":"https:\/\/www.segler.eu\/en\/wp-json\/wp\/v2\/comments?post=172"}],"version-history":[{"count":0,"href":"https:\/\/www.segler.eu\/en\/wp-json\/wp\/v2\/pages\/172\/revisions"}],"up":[{"embeddable":true,"href":"https:\/\/www.segler.eu\/en\/wp-json\/wp\/v2\/pages\/162"}],"wp:attachment":[{"href":"https:\/\/www.segler.eu\/en\/wp-json\/wp\/v2\/media?parent=172"}],"curies":[{"name":"wp","href":"https:\/\/api.w.org\/{rel}","templated":true}]}}