{"id":1839,"date":"2025-03-12T12:48:28","date_gmt":"2025-03-12T11:48:28","guid":{"rendered":"https:\/\/www.segler.eu\/?page_id=1839"},"modified":"2025-08-17T21:59:45","modified_gmt":"2025-08-17T19:59:45","slug":"silo-discharge","status":"publish","type":"page","link":"https:\/\/www.segler.eu\/en\/produkte\/siloaustrag\/","title":{"rendered":"Silo discharge"},"content":{"rendered":"<p>[et_pb_section fb_built=&#8220;1&#8243; _builder_version=&#8220;4.27.4&#8243; _module_preset=&#8220;default&#8220; background_image=&#8220;https:\/\/www.segler.eu\/wp-content\/uploads\/2025\/03\/Siloaustrag-2.png&#8220; height=&#8220;45vh&#8220; custom_margin=&#8220;-7%||||false|false&#8220; locked=&#8220;off&#8220; global_colors_info=&#8220;{}&#8220;][et_pb_row _builder_version=&#8220;4.27.2&#8243; _module_preset=&#8220;default&#8220; custom_padding=&#8220;20vh||||false|false&#8220; global_colors_info=&#8220;{}&#8220;][et_pb_column type=&#8220;4_4&#8243; _builder_version=&#8220;4.27.2&#8243; _module_preset=&#8220;default&#8220; global_colors_info=&#8220;{}&#8220;][\/et_pb_column][\/et_pb_row][\/et_pb_section][et_pb_section fb_built=&#8220;1&#8243; _builder_version=&#8220;4.27.2&#8243; _module_preset=&#8220;default&#8220; locked=&#8220;off&#8220; global_colors_info=&#8220;{}&#8220;][et_pb_row _builder_version=&#8220;4.27.4&#8243; _module_preset=&#8220;default&#8220; custom_margin=&#8220;0px||0px||true|false&#8220; custom_padding=&#8220;0px||0px||true|false&#8220; locked=&#8220;off&#8220; global_colors_info=&#8220;{}&#8220;][et_pb_column type=&#8220;4_4&#8243; _builder_version=&#8220;4.27.2&#8243; _module_preset=&#8220;default&#8220; global_colors_info=&#8220;{}&#8220;][et_pb_heading title=&#8220;Platzsparend. Effizient. Zuverl\u00e4ssig.&#8220; _builder_version=&#8220;4.27.4&#8243; _module_preset=&#8220;default&#8220; title_level=&#8220;h4&#8243; title_font=&#8220;|||on|||||&#8220; title_text_color=&#8220;#b82435&#8243; custom_margin=&#8220;0px||0px||false|false&#8220; custom_padding=&#8220;0px||0px||false|false&#8220; global_colors_info=&#8220;{}&#8220;][\/et_pb_heading][et_pb_heading title=&#8220;Der SEGLER Siloaustrag&#8220; _builder_version=&#8220;4.27.4&#8243; _module_preset=&#8220;default&#8220; title_font=&#8220;|||on|||||&#8220; custom_margin=&#8220;0px||15px||false|false&#8220; custom_padding=&#8220;0px||0px||true|false&#8220; global_colors_info=&#8220;{}&#8220;][\/et_pb_heading][et_pb_divider _builder_version=&#8220;4.27.2&#8243; _module_preset=&#8220;default&#8220; width=&#8220;50%&#8220; global_colors_info=&#8220;{}&#8220;][\/et_pb_divider][\/et_pb_column][\/et_pb_row][et_pb_row _builder_version=&#8220;4.27.2&#8243; _module_preset=&#8220;default&#8220; locked=&#8220;off&#8220; global_colors_info=&#8220;{}&#8220;][et_pb_column type=&#8220;4_4&#8243; _builder_version=&#8220;4.27.2&#8243; _module_preset=&#8220;default&#8220; global_colors_info=&#8220;{}&#8220;][et_pb_text _builder_version=&#8220;4.27.4&#8243; _module_preset=&#8220;default&#8220; global_colors_info=&#8220;{}&#8220;]<\/p>\n<p class=\"p1\">Maximale Ausnutzung des Vorratsraums durch:<\/p>\n<p>[\/et_pb_text][\/et_pb_column][\/et_pb_row][et_pb_row column_structure=&#8220;1_3,1_3,1_3&#8243; _builder_version=&#8220;4.27.4&#8243; _module_preset=&#8220;default&#8220; locked=&#8220;off&#8220; global_colors_info=&#8220;{}&#8220;][et_pb_column type=&#8220;1_3&#8243; _builder_version=&#8220;4.27.4&#8243; _module_preset=&#8220;default&#8220; global_colors_info=&#8220;{}&#8220;][et_pb_blurb title=&#8220;Wegfall des Siloauslaufkonus&#8220; use_icon=&#8220;on&#8220; font_icon=&#8220;&#xf058;||fa||400&#8243; image_icon_width=&#8220;65px&#8220; _builder_version=&#8220;4.27.4&#8243; _module_preset=&#8220;default&#8220; header_font=&#8220;|||on|||||&#8220; header_text_align=&#8220;center&#8220; body_font=&#8220;||||||||&#8220; body_text_align=&#8220;center&#8220; text_orientation=&#8220;center&#8220; global_colors_info=&#8220;{}&#8220;][\/et_pb_blurb][\/et_pb_column][et_pb_column type=&#8220;1_3&#8243; _builder_version=&#8220;4.27.4&#8243; _module_preset=&#8220;default&#8220; global_colors_info=&#8220;{}&#8220;][et_pb_blurb title=&#8220;Vergleichm\u00e4\u00dfige Silof\u00fcllung&#8220; use_icon=&#8220;on&#8220; font_icon=&#8220;&#xf058;||fa||400&#8243; image_icon_width=&#8220;65px&#8220; _builder_version=&#8220;4.27.4&#8243; _module_preset=&#8220;default&#8220; header_font=&#8220;|||on|||||&#8220; header_text_align=&#8220;center&#8220; body_font=&#8220;||||||||&#8220; body_text_align=&#8220;center&#8220; text_orientation=&#8220;center&#8220; global_colors_info=&#8220;{}&#8220;][\/et_pb_blurb][\/et_pb_column][et_pb_column type=&#8220;1_3&#8243; _builder_version=&#8220;4.27.4&#8243; _module_preset=&#8220;default&#8220; global_colors_info=&#8220;{}&#8220;][et_pb_blurb title=&#8220;F\u00f6rderorgane neben relativ schmalem Antrieb platzierbar&#8220; use_icon=&#8220;on&#8220; font_icon=&#8220;&#xf058;||fa||400&#8243; image_icon_width=&#8220;65px&#8220; _builder_version=&#8220;4.27.4&#8243; _module_preset=&#8220;default&#8220; header_font=&#8220;|||on|||||&#8220; header_text_align=&#8220;center&#8220; body_font=&#8220;||||||||&#8220; body_text_align=&#8220;center&#8220; text_orientation=&#8220;center&#8220; global_colors_info=&#8220;{}&#8220;][\/et_pb_blurb][\/et_pb_column][\/et_pb_row][et_pb_row _builder_version=&#8220;4.27.4&#8243; _module_preset=&#8220;default&#8220; locked=&#8220;off&#8220; global_colors_info=&#8220;{}&#8220;][et_pb_column type=&#8220;4_4&#8243; _builder_version=&#8220;4.27.4&#8243; _module_preset=&#8220;default&#8220; global_colors_info=&#8220;{}&#8220;][et_pb_toggle title=&#8220;M\u00f6glich mit dem SEGLER Siloaustrag: Technische Details &#038; Vorteile&#8220; open=&#8220;on&#8220; icon_color=&#8220;#b82435&#8243; toggle_icon=&#8220;&#xe060;||divi||400&#8243; open_toggle_icon=&#8220;&#xf05a;||fa||900&#8243; _builder_version=&#8220;4.27.4&#8243; _module_preset=&#8220;default&#8220; title_text_color=&#8220;#b82435&#8243; hover_enabled=&#8220;0&#8243; global_colors_info=&#8220;{}&#8220; sticky_enabled=&#8220;0&#8243;]<strong>Vorteile und Merkmale:<\/strong><\/p>\n<ul>\n<li>Robuste Ausf\u00fchrung, auch f\u00fcr schwere G\u00fcter<\/li>\n<li>Zuverl\u00e4ssig durch simple Arbeitsweise<\/li>\n<li>Unter allen Siloh\u00f6hen einsetzbar<\/li>\n<li>Unempfindlich bei Agglomeraten und St\u00f6rstoffen (Brocken)<\/li>\n<li>Zuverl\u00e4ssige Produktabgabe au\u00dferhalb Silomitte<\/li>\n<li>Sorgt f\u00fcr gleichm\u00e4\u00dfigen Produktfluss, verhindert Kernfluss<\/li>\n<li>Erh\u00f6ht Silostandsicherheit durch Vergleichsm\u00e4\u00dfigen Vorrat<\/li>\n<li>Individuell angepasst an Silo-\u00d8 bis zu 3 Metern<\/li>\n<li>Effizient mit Direktantrieb Ausr\u00e4umer<\/li>\n<li>Starker SEW-IE3-Antrieb mit schmalem Planetengetriebe<\/li>\n<li>Bester Service eines namhaften Antriebsherstellers<\/li>\n<li>Wartungsarm, da keine Mechanik und keine Lager im Silo<\/li>\n<li>SEGLER-Rotationsdichtung als Arbeitswellenabdichtung, speziell f\u00fcr unmittelbaren Vorratsdruck<\/li>\n<li>Inspektion und Wartung au\u00dferhalb Siloraum<\/li>\n<li>W\u00e4getechnikgeeignet<\/li>\n<li>Kein Freisetzen dynamischer Kr\u00e4fte sowie Momente<\/li>\n<li>Boden kann bauseitig angebaute Lasten aufnehmen<\/li>\n<\/ul>\n<p>&nbsp;<\/p>\n<p><strong>M\u00f6glich:<\/p>\n<ul>\n<li>Drehw\u00e4chter zur Betriebskontrolle<\/li>\n<li>Arbeitswellenabdichtung mit Sperrluft- bzw. Sperrgasausstattung<\/li>\n<li>Edelstahlausf\u00fchrung, auch in A4 oder Duplex 1.4462<\/li>\n<li>Gasdichte Ausf\u00fchrung<\/li>\n<li>Getaktete Betriebsweise zwecks Partikelschonung<\/li>\n<li>Feingeschliffene und polierte Produktkontaktfl\u00e4chen<\/li>\n<li>Lebensmittel- und Pharmaausf\u00fchrung (FDA-konform, GMP, Betriebsstoffe NSF H1, Dichtungen EC 1935)<\/li>\n<li>Ex-Schutz bis hin zur Zone 0 und 20<\/li>\n<li>Boden elektrisch beheizbar und mit Isolierung<\/li>\n<li>Gegenflansch f\u00fcr das Silo im Lieferumfang<\/li>\n<li>Verteilrechen oben gegen Sch\u00fcttkegelaufbau<\/li>\n<li>Siloabgabe mit Kompensator am Stutzen (Entkopplung zur Verwiegung)<\/li>\n<\/ul>\n<p><a href=\"https:\/\/www.segler.eu\/produkte\/ein-austragen\/\" target=\"_blank\" rel=\"noopener\">&#8230; mehr Informationen<\/a>[\/et_pb_toggle][\/et_pb_column][\/et_pb_row][et_pb_row column_structure=&#8220;3_5,2_5&#8243; make_equal=&#8220;on&#8220; _builder_version=&#8220;4.27.2&#8243; _module_preset=&#8220;default&#8220; background_color=&#8220;#b82435&#8243; custom_margin=&#8220;25px||||false|false&#8220; custom_padding=&#8220;20px|25px|20px|25px|false|true&#8220; border_radii=&#8220;on|2px|2px|2px|2px&#8220; box_shadow_style=&#8220;preset1&#8243; locked=&#8220;off&#8220; global_colors_info=&#8220;{}&#8220;][et_pb_column type=&#8220;3_5&#8243; module_class=&#8220;vertikal-zentrieren&#8220; _builder_version=&#8220;4.27.2&#8243; _module_preset=&#8220;default&#8220; global_colors_info=&#8220;{}&#8220;][et_pb_heading title=&#8220;Optimieren Sie Ihre Sch\u00fcttgutprozesse jetzt mit SEGLER!&#8220; _builder_version=&#8220;4.27.4&#8243; _module_preset=&#8220;default&#8220; title_level=&#8220;h4&#8243; title_text_align=&#8220;left&#8220; title_text_color=&#8220;#FFFFFF&#8220; custom_margin=&#8220;||0px||false|false&#8220; global_colors_info=&#8220;{}&#8220;][\/et_pb_heading][et_pb_text _builder_version=&#8220;4.27.4&#8243; _module_preset=&#8220;default&#8220; global_colors_info=&#8220;{}&#8220;]<\/p>\n<p><span style=\"color: #ffffff;\">Steigern Sie Effizienz, reduzieren Sie Stillstandzeiten und setzen Sie auf eine zuverl\u00e4ssige Austragstechnik. <strong data-start=\"179\" data-end=\"214\">Kontaktieren Sie uns noch heute<\/strong> und lassen Sie sich individuell beraten!<\/span><\/p>\n<p>[\/et_pb_text][\/et_pb_column][et_pb_column type=&#8220;2_5&#8243; module_class=&#8220;vertikal-zentrieren&#8220; _builder_version=&#8220;4.27.2&#8243; _module_preset=&#8220;default&#8220; global_colors_info=&#8220;{}&#8220;][et_pb_button button_url=&#8220;@ET-DC@eyJkeW5hbWljIjp0cnVlLCJjb250ZW50IjoicG9zdF9saW5rX3VybF9wYWdlIiwic2V0dGluZ3MiOnsicG9zdF9pZCI6IjI3MyJ9fQ==@&#8220; button_text=&#8220;Jetzt Kontakt aufnehmen&#8220; button_alignment=&#8220;center&#8220; _builder_version=&#8220;4.27.2&#8243; _dynamic_attributes=&#8220;button_url&#8220; _module_preset=&#8220;default&#8220; custom_button=&#8220;on&#8220; button_text_color=&#8220;#b82435&#8243; button_bg_color=&#8220;#FFFFFF&#8220; button_border_width=&#8220;1px&#8220; button_border_color=&#8220;#FFFFFF&#8220; box_shadow_style=&#8220;preset1&#8243; global_colors_info=&#8220;{}&#8220;][\/et_pb_button][\/et_pb_column][\/et_pb_row][\/et_pb_section]<\/p>\n","protected":false},"excerpt":{"rendered":"<p>Maximale Ausnutzung des Vorratsraums durch:Vorteile und Merkmale: Robuste Ausf\u00fchrung, auch f\u00fcr schwere G\u00fcter Zuverl\u00e4ssig durch simple Arbeitsweise Unter allen Siloh\u00f6hen einsetzbar Unempfindlich bei Agglomeraten und St\u00f6rstoffen (Brocken) Zuverl\u00e4ssige Produktabgabe au\u00dferhalb Silomitte Sorgt f\u00fcr gleichm\u00e4\u00dfigen Produktfluss, verhindert Kernfluss Erh\u00f6ht Silostandsicherheit durch Vergleichsm\u00e4\u00dfigen Vorrat Individuell angepasst an Silo-\u00d8 bis zu 3 Metern Effizient mit Direktantrieb Ausr\u00e4umer Starker [&hellip;]<\/p>\n","protected":false},"author":1,"featured_media":0,"parent":164,"menu_order":0,"comment_status":"closed","ping_status":"closed","template":"","meta":{"_et_pb_use_builder":"on","_et_pb_old_content":"","_et_gb_content_width":"","footnotes":""},"class_list":["post-1839","page","type-page","status-publish","hentry"],"yoast_head":"<!-- This site is optimized with the Yoast SEO plugin v27.5 - https:\/\/yoast.com\/product\/yoast-seo-wordpress\/ -->\n<title>Der Siloaustrag von SEGLER<\/title>\n<meta name=\"description\" content=\"Effizienter Rundsiloaustrag von SEGLER: Platzsparend, zuverl\u00e4ssig &amp; verstopfungsfrei. Optimieren Sie Ihre Sch\u00fcttgutprozesse jetzt!\" \/>\n<meta name=\"robots\" content=\"index, follow, max-snippet:-1, max-image-preview:large, max-video-preview:-1\" \/>\n<link rel=\"canonical\" href=\"https:\/\/www.segler.eu\/en\/products\/silo-discharge\/\" \/>\n<meta property=\"og:locale\" content=\"en_US\" \/>\n<meta property=\"og:type\" content=\"article\" \/>\n<meta property=\"og:title\" content=\"Der Siloaustrag von SEGLER\" \/>\n<meta property=\"og:description\" content=\"Effizienter Rundsiloaustrag von SEGLER: Platzsparend, zuverl\u00e4ssig &amp; verstopfungsfrei. Optimieren Sie Ihre Sch\u00fcttgutprozesse jetzt!\" \/>\n<meta property=\"og:url\" content=\"https:\/\/www.segler.eu\/en\/products\/silo-discharge\/\" \/>\n<meta property=\"og:site_name\" content=\"SEGLER\" \/>\n<meta property=\"article:publisher\" content=\"https:\/\/www.facebook.com\/people\/Segler-Frderanlagen-Maschinenfabrik-GmbH\/61567270711954\/\" \/>\n<meta property=\"article:modified_time\" content=\"2025-08-17T19:59:45+00:00\" \/>\n<meta property=\"og:image\" content=\"https:\/\/www.segler.eu\/wp-content\/uploads\/2024\/11\/SEGLER-BERGE-1.png\" \/>\n\t<meta property=\"og:image:width\" content=\"750\" \/>\n\t<meta property=\"og:image:height\" content=\"750\" \/>\n\t<meta property=\"og:image:type\" content=\"image\/png\" \/>\n<meta name=\"twitter:label1\" content=\"Est. reading time\" \/>\n\t<meta name=\"twitter:data1\" content=\"2 minutes\" \/>\n<script type=\"application\/ld+json\" class=\"yoast-schema-graph\">{\"@context\":\"https:\\\/\\\/schema.org\",\"@graph\":[{\"@type\":\"WebPage\",\"@id\":\"https:\\\/\\\/www.segler.eu\\\/produkte\\\/siloaustrag\\\/\",\"url\":\"https:\\\/\\\/www.segler.eu\\\/produkte\\\/siloaustrag\\\/\",\"name\":\"Der Siloaustrag von SEGLER\",\"isPartOf\":{\"@id\":\"https:\\\/\\\/www.segler.eu\\\/#website\"},\"datePublished\":\"2025-03-12T11:48:28+00:00\",\"dateModified\":\"2025-08-17T19:59:45+00:00\",\"description\":\"Effizienter Rundsiloaustrag von SEGLER: Platzsparend, zuverl\u00e4ssig & verstopfungsfrei. Optimieren Sie Ihre Sch\u00fcttgutprozesse jetzt!\",\"breadcrumb\":{\"@id\":\"https:\\\/\\\/www.segler.eu\\\/produkte\\\/siloaustrag\\\/#breadcrumb\"},\"inLanguage\":\"en-US\",\"potentialAction\":[{\"@type\":\"ReadAction\",\"target\":[\"https:\\\/\\\/www.segler.eu\\\/produkte\\\/siloaustrag\\\/\"]}]},{\"@type\":\"BreadcrumbList\",\"@id\":\"https:\\\/\\\/www.segler.eu\\\/produkte\\\/siloaustrag\\\/#breadcrumb\",\"itemListElement\":[{\"@type\":\"ListItem\",\"position\":1,\"name\":\"Startseite\",\"item\":\"https:\\\/\\\/www.segler.eu\\\/\"},{\"@type\":\"ListItem\",\"position\":2,\"name\":\"Produkte\",\"item\":\"https:\\\/\\\/www.segler.eu\\\/produkte\\\/\"},{\"@type\":\"ListItem\",\"position\":3,\"name\":\"Siloaustrag\"}]},{\"@type\":\"WebSite\",\"@id\":\"https:\\\/\\\/www.segler.eu\\\/#website\",\"url\":\"https:\\\/\\\/www.segler.eu\\\/\",\"name\":\"SEGLER\",\"description\":\"Materials in motion\",\"publisher\":{\"@id\":\"https:\\\/\\\/www.segler.eu\\\/#organization\"},\"potentialAction\":[{\"@type\":\"SearchAction\",\"target\":{\"@type\":\"EntryPoint\",\"urlTemplate\":\"https:\\\/\\\/www.segler.eu\\\/?s={search_term_string}\"},\"query-input\":{\"@type\":\"PropertyValueSpecification\",\"valueRequired\":true,\"valueName\":\"search_term_string\"}}],\"inLanguage\":\"en-US\"},{\"@type\":\"Organization\",\"@id\":\"https:\\\/\\\/www.segler.eu\\\/#organization\",\"name\":\"Segler-F\u00f6rderanlagen Maschinenfabrik GmbH\",\"alternateName\":\"SEGLER\",\"url\":\"https:\\\/\\\/www.segler.eu\\\/\",\"logo\":{\"@type\":\"ImageObject\",\"inLanguage\":\"en-US\",\"@id\":\"https:\\\/\\\/www.segler.eu\\\/#\\\/schema\\\/logo\\\/image\\\/\",\"url\":\"https:\\\/\\\/www.segler.eu\\\/wp-content\\\/uploads\\\/2024\\\/11\\\/SEGLER-BERGE-1.png\",\"contentUrl\":\"https:\\\/\\\/www.segler.eu\\\/wp-content\\\/uploads\\\/2024\\\/11\\\/SEGLER-BERGE-1.png\",\"width\":750,\"height\":750,\"caption\":\"Segler-F\u00f6rderanlagen Maschinenfabrik GmbH\"},\"image\":{\"@id\":\"https:\\\/\\\/www.segler.eu\\\/#\\\/schema\\\/logo\\\/image\\\/\"},\"sameAs\":[\"https:\\\/\\\/www.facebook.com\\\/people\\\/Segler-Frderanlagen-Maschinenfabrik-GmbH\\\/61567270711954\\\/\"]}]}<\/script>\n<!-- \/ Yoast SEO plugin. -->","yoast_head_json":{"title":"The silo discharge of SEGLER","description":"Efficient circular silo discharge from SEGLER: Space-saving, reliable, and blockage-free. Optimize your bulk material processes now!","robots":{"index":"index","follow":"follow","max-snippet":"max-snippet:-1","max-image-preview":"max-image-preview:large","max-video-preview":"max-video-preview:-1"},"canonical":"https:\/\/www.segler.eu\/en\/products\/silo-discharge\/","og_locale":"en_US","og_type":"article","og_title":"Der Siloaustrag von SEGLER","og_description":"Effizienter Rundsiloaustrag von SEGLER: Platzsparend, zuverl\u00e4ssig & verstopfungsfrei. Optimieren Sie Ihre Sch\u00fcttgutprozesse jetzt!","og_url":"https:\/\/www.segler.eu\/en\/products\/silo-discharge\/","og_site_name":"SEGLER","article_publisher":"https:\/\/www.facebook.com\/people\/Segler-Frderanlagen-Maschinenfabrik-GmbH\/61567270711954\/","article_modified_time":"2025-08-17T19:59:45+00:00","og_image":[{"width":750,"height":750,"url":"https:\/\/www.segler.eu\/wp-content\/uploads\/2024\/11\/SEGLER-BERGE-1.png","type":"image\/png"}],"twitter_misc":{"Est. reading time":"2 minutes"},"schema":{"@context":"https:\/\/schema.org","@graph":[{"@type":"WebPage","@id":"https:\/\/www.segler.eu\/produkte\/siloaustrag\/","url":"https:\/\/www.segler.eu\/produkte\/siloaustrag\/","name":"The silo discharge of SEGLER","isPartOf":{"@id":"https:\/\/www.segler.eu\/#website"},"datePublished":"2025-03-12T11:48:28+00:00","dateModified":"2025-08-17T19:59:45+00:00","description":"Efficient circular silo discharge from SEGLER: Space-saving, reliable, and blockage-free. Optimize your bulk material processes now!","breadcrumb":{"@id":"https:\/\/www.segler.eu\/produkte\/siloaustrag\/#breadcrumb"},"inLanguage":"en-US","potentialAction":[{"@type":"ReadAction","target":["https:\/\/www.segler.eu\/produkte\/siloaustrag\/"]}]},{"@type":"BreadcrumbList","@id":"https:\/\/www.segler.eu\/produkte\/siloaustrag\/#breadcrumb","itemListElement":[{"@type":"ListItem","position":1,"name":"Startseite","item":"https:\/\/www.segler.eu\/"},{"@type":"ListItem","position":2,"name":"Produkte","item":"https:\/\/www.segler.eu\/produkte\/"},{"@type":"ListItem","position":3,"name":"Siloaustrag"}]},{"@type":"WebSite","@id":"https:\/\/www.segler.eu\/#website","url":"https:\/\/www.segler.eu\/","name":"SEGLER","description":"Materials in motion","publisher":{"@id":"https:\/\/www.segler.eu\/#organization"},"potentialAction":[{"@type":"SearchAction","target":{"@type":"EntryPoint","urlTemplate":"https:\/\/www.segler.eu\/?s={search_term_string}"},"query-input":{"@type":"PropertyValueSpecification","valueRequired":true,"valueName":"search_term_string"}}],"inLanguage":"en-US"},{"@type":"Organization","@id":"https:\/\/www.segler.eu\/#organization","name":"Segler-F\u00f6rderanlagen Maschinenfabrik GmbH","alternateName":"SEGLER","url":"https:\/\/www.segler.eu\/","logo":{"@type":"ImageObject","inLanguage":"en-US","@id":"https:\/\/www.segler.eu\/#\/schema\/logo\/image\/","url":"https:\/\/www.segler.eu\/wp-content\/uploads\/2024\/11\/SEGLER-BERGE-1.png","contentUrl":"https:\/\/www.segler.eu\/wp-content\/uploads\/2024\/11\/SEGLER-BERGE-1.png","width":750,"height":750,"caption":"Segler-F\u00f6rderanlagen Maschinenfabrik GmbH"},"image":{"@id":"https:\/\/www.segler.eu\/#\/schema\/logo\/image\/"},"sameAs":["https:\/\/www.facebook.com\/people\/Segler-Frderanlagen-Maschinenfabrik-GmbH\/61567270711954\/"]}]}},"_links":{"self":[{"href":"https:\/\/www.segler.eu\/en\/wp-json\/wp\/v2\/pages\/1839","targetHints":{"allow":["GET"]}}],"collection":[{"href":"https:\/\/www.segler.eu\/en\/wp-json\/wp\/v2\/pages"}],"about":[{"href":"https:\/\/www.segler.eu\/en\/wp-json\/wp\/v2\/types\/page"}],"author":[{"embeddable":true,"href":"https:\/\/www.segler.eu\/en\/wp-json\/wp\/v2\/users\/1"}],"replies":[{"embeddable":true,"href":"https:\/\/www.segler.eu\/en\/wp-json\/wp\/v2\/comments?post=1839"}],"version-history":[{"count":0,"href":"https:\/\/www.segler.eu\/en\/wp-json\/wp\/v2\/pages\/1839\/revisions"}],"up":[{"embeddable":true,"href":"https:\/\/www.segler.eu\/en\/wp-json\/wp\/v2\/pages\/164"}],"wp:attachment":[{"href":"https:\/\/www.segler.eu\/en\/wp-json\/wp\/v2\/media?parent=1839"}],"curies":[{"name":"wp","href":"https:\/\/api.w.org\/{rel}","templated":true}]}}