{"id":200,"date":"2024-11-04T16:07:01","date_gmt":"2024-11-04T15:07:01","guid":{"rendered":"http:\/\/www.segler.eu\/?page_id=200"},"modified":"2025-08-17T22:20:50","modified_gmt":"2025-08-17T20:20:50","slug":"groceries","status":"publish","type":"page","link":"https:\/\/www.segler.eu\/en\/branchen\/lebensmittel\/","title":{"rendered":"Groceries"},"content":{"rendered":"<p>[et_pb_section fb_built=&#8220;1&#8243; _builder_version=&#8220;4.27.2&#8243; _module_preset=&#8220;default&#8220; background_image=&#8220;http:\/\/www.segler.eu\/wp-content\/uploads\/2024\/11\/Lebensmittel_Branche.png&#8220; height=&#8220;45vh&#8220; custom_margin=&#8220;-10%||||false|false&#8220; locked=&#8220;off&#8220; global_colors_info=&#8220;{}&#8220;][et_pb_row _builder_version=&#8220;4.27.2&#8243; _module_preset=&#8220;default&#8220; custom_padding=&#8220;20vh||||false|false&#8220; global_colors_info=&#8220;{}&#8220;][et_pb_column type=&#8220;4_4&#8243; _builder_version=&#8220;4.27.2&#8243; _module_preset=&#8220;default&#8220; global_colors_info=&#8220;{}&#8220;][\/et_pb_column][\/et_pb_row][\/et_pb_section][et_pb_section fb_built=&#8220;1&#8243; _builder_version=&#8220;4.27.2&#8243; _module_preset=&#8220;default&#8220; locked=&#8220;off&#8220; global_colors_info=&#8220;{}&#8220;][et_pb_row _builder_version=&#8220;4.27.2&#8243; _module_preset=&#8220;default&#8220; custom_margin=&#8220;0px||0px||true|false&#8220; custom_padding=&#8220;0px||0px||true|false&#8220; locked=&#8220;off&#8220; global_colors_info=&#8220;{}&#8220;][et_pb_column type=&#8220;4_4&#8243; _builder_version=&#8220;4.27.2&#8243; _module_preset=&#8220;default&#8220; global_colors_info=&#8220;{}&#8220;][et_pb_heading title=&#8220;Branchen&#8220; _builder_version=&#8220;4.27.2&#8243; _module_preset=&#8220;default&#8220; title_level=&#8220;h4&#8243; title_font=&#8220;|||on|||||&#8220; title_text_color=&#8220;#b82435&#8243; custom_margin=&#8220;0px||0px||false|false&#8220; custom_padding=&#8220;0px||0px||false|false&#8220; global_colors_info=&#8220;{}&#8220;][\/et_pb_heading][et_pb_heading title=&#8220;Lebensmittel&#8220; _builder_version=&#8220;4.27.2&#8243; _module_preset=&#8220;default&#8220; title_font=&#8220;|||on|||||&#8220; custom_margin=&#8220;0px||15px||false|false&#8220; custom_padding=&#8220;0px||0px||true|false&#8220; global_colors_info=&#8220;{}&#8220;][\/et_pb_heading][et_pb_divider _builder_version=&#8220;4.27.2&#8243; _module_preset=&#8220;default&#8220; width=&#8220;50%&#8220; global_colors_info=&#8220;{}&#8220;][\/et_pb_divider][\/et_pb_column][\/et_pb_row][et_pb_row _builder_version=&#8220;4.27.2&#8243; _module_preset=&#8220;default&#8220; global_colors_info=&#8220;{}&#8220;][et_pb_column type=&#8220;4_4&#8243; _builder_version=&#8220;4.27.2&#8243; _module_preset=&#8220;default&#8220; global_colors_info=&#8220;{}&#8220;][et_pb_image src=&#8220;http:\/\/www.segler.eu\/wp-content\/uploads\/2024\/11\/csm_Branchencontent_lebensmittel_7d2cdeda60.jpg&#8220; align=&#8220;center&#8220; _builder_version=&#8220;4.27.2&#8243; _module_preset=&#8220;default&#8220; global_colors_info=&#8220;{}&#8220;][\/et_pb_image][et_pb_text _builder_version=&#8220;4.27.4&#8243; _module_preset=&#8220;default&#8220; global_colors_info=&#8220;{}&#8220;]<\/p>\n<h4>Nahrungsmittel und deren Herstellung stehen immer st\u00e4rker im Fokus der \u00d6ffentlichkeit.<\/h4>\n<p>Damit nehmen auch die Anforderungen an Qualit\u00e4t, Sicherheit und Prozessgestaltung best\u00e4ndig zu. Zu nennen sind hier eine schonende Aufbereitung unter Wahrung m\u00f6glichst vieler Inhaltsstoffe, genaueste Dosierungen, Vermeidung von Verschleppungen, allgemein Hygienic Design, einfache Rezepturwechsel und eine hohe Betriebssicherheit.<\/p>\n<p>SEGLER setzt seine breite Expertise in den Bereichen Food &amp; Feed f\u00fcr die Lebensmittelindustrie in ma\u00dfgeschneiderten Anlagenl\u00f6sungen um und unterst\u00fctzt Sie damit zuverl\u00e4ssig bei der Herstellung von Nahrungsmitteln, Futtermitteln und Getr\u00e4nken &#8211; bei Bedarf auch in Zusammenarbeit mit externen Partnerinstituten wie dem Deutschen Institut f\u00fcr Lebensmitteltechnik (DIL) mit Sitz im 20 km entfernten Quakenbr\u00fcck.<\/p>\n<p>[\/et_pb_text][\/et_pb_column][\/et_pb_row][et_pb_row column_structure=&#8220;1_2,1_2&#8243; _builder_version=&#8220;4.27.2&#8243; _module_preset=&#8220;default&#8220; global_colors_info=&#8220;{}&#8220;][et_pb_column type=&#8220;1_2&#8243; _builder_version=&#8220;4.27.2&#8243; _module_preset=&#8220;default&#8220; global_colors_info=&#8220;{}&#8220;][et_pb_text _builder_version=&#8220;4.27.4&#8243; _module_preset=&#8220;default&#8220; locked=&#8220;off&#8220; global_colors_info=&#8220;{}&#8220;]<\/p>\n<p><strong>Beispiele f\u00fcr Anwendungen<\/strong><\/p>\n<ul>\n<li><span>Rohstoffannahme, Rohstoffmanagement<\/span><\/li>\n<li><span>Aufbereiten von Grundstoffen<\/span><\/li>\n<li><span>Einbringen und Dosieren, Ein- &amp; Austragen<\/span><\/li>\n<li><span>F\u00f6rdern<\/span><\/li>\n<li><span>Mischen, Homogenisieren, R\u00fchren, Kneten<\/span><\/li>\n<li><span>Auftauen, Erw\u00e4rmen, Kochen, Trocknen, K\u00fchlen<\/span><\/li>\n<li><span>Maillard-Reaktion<\/span><\/li>\n<li><span>Aufl\u00f6sen von Agglomeraten <\/span><\/li>\n<li><span>Austragen<\/span><\/li>\n<li><span>Lagerung<\/span><\/li>\n<\/ul>\n<p><span><\/span><\/p>\n<p>[\/et_pb_text][\/et_pb_column][et_pb_column type=&#8220;1_2&#8243; _builder_version=&#8220;4.27.2&#8243; _module_preset=&#8220;default&#8220; global_colors_info=&#8220;{}&#8220;][et_pb_text _builder_version=&#8220;4.27.4&#8243; _module_preset=&#8220;default&#8220; locked=&#8220;off&#8220; global_colors_info=&#8220;{}&#8220;]<\/p>\n<p><strong>Beispiele f\u00fcr Medien<\/strong><\/p>\n<ul>\n<li><span>Mehle, St\u00e4rke, Gluten<\/span><\/li>\n<li><span>Back- und Teigwaren, Backmischungen<\/span><\/li>\n<li><span>Cerealien, M\u00fcsli<\/span><\/li>\n<li><span>Zucker, Ersatzstoffe \/ S\u00fc\u00dfungsmittel<\/span><\/li>\n<li><span>Milchpulver, Milchprodukte<\/span><\/li>\n<li><span>Gew\u00fcrze, Speisesalze<\/span><\/li>\n<li><span>Extrakte, Aroma, Enzyme<\/span><\/li>\n<li><span>Kakao, Kaffee, Teemischungen<\/span><\/li>\n<li><span>Obst (Gefrierobst)<\/span><\/li>\n<li><span>Maische, Malz, Treber, Trester, Wein<\/span><\/li>\n<li><span>Futtermittel<\/span><br \/><span><\/span><\/li>\n<li><span>Getr\u00e4nke<\/span><br \/><span><\/span><\/li>\n<li><span>Fleisch<\/span><\/li>\n<\/ul>\n<p>[\/et_pb_text][\/et_pb_column][\/et_pb_row][\/et_pb_section]<\/p>\n","protected":false},"excerpt":{"rendered":"<p>Nahrungsmittel und deren Herstellung stehen immer st\u00e4rker im Fokus der \u00d6ffentlichkeit. Damit nehmen auch die Anforderungen an Qualit\u00e4t, Sicherheit und Prozessgestaltung best\u00e4ndig zu. Zu nennen sind hier eine schonende Aufbereitung unter Wahrung m\u00f6glichst vieler Inhaltsstoffe, genaueste Dosierungen, Vermeidung von Verschleppungen, allgemein Hygienic Design, einfache Rezepturwechsel und eine hohe Betriebssicherheit. SEGLER setzt seine breite Expertise in [&hellip;]<\/p>\n","protected":false},"author":1,"featured_media":0,"parent":166,"menu_order":0,"comment_status":"closed","ping_status":"closed","template":"","meta":{"_et_pb_use_builder":"on","_et_pb_old_content":"","_et_gb_content_width":"","footnotes":""},"class_list":["post-200","page","type-page","status-publish","hentry"],"yoast_head":"<!-- This site is optimized with the Yoast SEO plugin v27.4 - https:\/\/yoast.com\/product\/yoast-seo-wordpress\/ -->\n<title>F\u00f6rderanlagen &amp; Maschinen f\u00fcr die Lebensmittelindustrie<\/title>\n<meta name=\"description\" content=\"SEGLER bietet der Lebensmittelindustrie ma\u00dfgeschneiderte F\u00f6rderanlagen und Sondermaschinen f\u00fcr effiziente und hygienische Produktionsprozesse.\" \/>\n<meta name=\"robots\" content=\"index, follow, max-snippet:-1, max-image-preview:large, max-video-preview:-1\" \/>\n<link rel=\"canonical\" href=\"https:\/\/www.segler.eu\/en\/industries\/groceries\/\" \/>\n<meta property=\"og:locale\" content=\"en_US\" \/>\n<meta property=\"og:type\" content=\"article\" \/>\n<meta property=\"og:title\" content=\"F\u00f6rderanlagen &amp; Maschinen f\u00fcr die Lebensmittelindustrie\" \/>\n<meta property=\"og:description\" content=\"SEGLER bietet der Lebensmittelindustrie ma\u00dfgeschneiderte F\u00f6rderanlagen und Sondermaschinen f\u00fcr effiziente und hygienische Produktionsprozesse.\" \/>\n<meta property=\"og:url\" content=\"https:\/\/www.segler.eu\/en\/industries\/groceries\/\" \/>\n<meta property=\"og:site_name\" content=\"SEGLER\" \/>\n<meta property=\"article:publisher\" content=\"https:\/\/www.facebook.com\/people\/Segler-Frderanlagen-Maschinenfabrik-GmbH\/61567270711954\/\" \/>\n<meta property=\"article:modified_time\" content=\"2025-08-17T20:20:50+00:00\" \/>\n<meta property=\"og:image\" content=\"https:\/\/www.segler.eu\/wp-content\/uploads\/2024\/11\/SEGLER-BERGE-1.png\" \/>\n\t<meta property=\"og:image:width\" content=\"750\" \/>\n\t<meta property=\"og:image:height\" content=\"750\" \/>\n\t<meta property=\"og:image:type\" content=\"image\/png\" \/>\n<meta name=\"twitter:label1\" content=\"Est. reading time\" \/>\n\t<meta name=\"twitter:data1\" content=\"2 minutes\" \/>\n<script type=\"application\/ld+json\" class=\"yoast-schema-graph\">{\"@context\":\"https:\\\/\\\/schema.org\",\"@graph\":[{\"@type\":\"WebPage\",\"@id\":\"https:\\\/\\\/www.segler.eu\\\/branchen\\\/lebensmittel\\\/\",\"url\":\"https:\\\/\\\/www.segler.eu\\\/branchen\\\/lebensmittel\\\/\",\"name\":\"F\u00f6rderanlagen & Maschinen f\u00fcr die Lebensmittelindustrie\",\"isPartOf\":{\"@id\":\"https:\\\/\\\/www.segler.eu\\\/#website\"},\"datePublished\":\"2024-11-04T15:07:01+00:00\",\"dateModified\":\"2025-08-17T20:20:50+00:00\",\"description\":\"SEGLER bietet der Lebensmittelindustrie ma\u00dfgeschneiderte F\u00f6rderanlagen und Sondermaschinen f\u00fcr effiziente und hygienische Produktionsprozesse.\",\"breadcrumb\":{\"@id\":\"https:\\\/\\\/www.segler.eu\\\/branchen\\\/lebensmittel\\\/#breadcrumb\"},\"inLanguage\":\"en-US\",\"potentialAction\":[{\"@type\":\"ReadAction\",\"target\":[\"https:\\\/\\\/www.segler.eu\\\/branchen\\\/lebensmittel\\\/\"]}]},{\"@type\":\"BreadcrumbList\",\"@id\":\"https:\\\/\\\/www.segler.eu\\\/branchen\\\/lebensmittel\\\/#breadcrumb\",\"itemListElement\":[{\"@type\":\"ListItem\",\"position\":1,\"name\":\"Startseite\",\"item\":\"https:\\\/\\\/www.segler.eu\\\/\"},{\"@type\":\"ListItem\",\"position\":2,\"name\":\"Branchen\",\"item\":\"https:\\\/\\\/www.segler.eu\\\/branchen\\\/\"},{\"@type\":\"ListItem\",\"position\":3,\"name\":\"Lebensmittel\"}]},{\"@type\":\"WebSite\",\"@id\":\"https:\\\/\\\/www.segler.eu\\\/#website\",\"url\":\"https:\\\/\\\/www.segler.eu\\\/\",\"name\":\"SEGLER\",\"description\":\"Materials in motion\",\"publisher\":{\"@id\":\"https:\\\/\\\/www.segler.eu\\\/#organization\"},\"potentialAction\":[{\"@type\":\"SearchAction\",\"target\":{\"@type\":\"EntryPoint\",\"urlTemplate\":\"https:\\\/\\\/www.segler.eu\\\/?s={search_term_string}\"},\"query-input\":{\"@type\":\"PropertyValueSpecification\",\"valueRequired\":true,\"valueName\":\"search_term_string\"}}],\"inLanguage\":\"en-US\"},{\"@type\":\"Organization\",\"@id\":\"https:\\\/\\\/www.segler.eu\\\/#organization\",\"name\":\"Segler-F\u00f6rderanlagen Maschinenfabrik GmbH\",\"alternateName\":\"SEGLER\",\"url\":\"https:\\\/\\\/www.segler.eu\\\/\",\"logo\":{\"@type\":\"ImageObject\",\"inLanguage\":\"en-US\",\"@id\":\"https:\\\/\\\/www.segler.eu\\\/#\\\/schema\\\/logo\\\/image\\\/\",\"url\":\"https:\\\/\\\/www.segler.eu\\\/wp-content\\\/uploads\\\/2024\\\/11\\\/SEGLER-BERGE-1.png\",\"contentUrl\":\"https:\\\/\\\/www.segler.eu\\\/wp-content\\\/uploads\\\/2024\\\/11\\\/SEGLER-BERGE-1.png\",\"width\":750,\"height\":750,\"caption\":\"Segler-F\u00f6rderanlagen Maschinenfabrik GmbH\"},\"image\":{\"@id\":\"https:\\\/\\\/www.segler.eu\\\/#\\\/schema\\\/logo\\\/image\\\/\"},\"sameAs\":[\"https:\\\/\\\/www.facebook.com\\\/people\\\/Segler-Frderanlagen-Maschinenfabrik-GmbH\\\/61567270711954\\\/\"]}]}<\/script>\n<!-- \/ Yoast SEO plugin. -->","yoast_head_json":{"title":"Conveyor systems &amp; machines for the food industry","description":"SEGLER offers the food industry tailor-made conveyor systems and special machines for efficient and hygienic production processes.","robots":{"index":"index","follow":"follow","max-snippet":"max-snippet:-1","max-image-preview":"max-image-preview:large","max-video-preview":"max-video-preview:-1"},"canonical":"https:\/\/www.segler.eu\/en\/industries\/groceries\/","og_locale":"en_US","og_type":"article","og_title":"F\u00f6rderanlagen & Maschinen f\u00fcr die Lebensmittelindustrie","og_description":"SEGLER bietet der Lebensmittelindustrie ma\u00dfgeschneiderte F\u00f6rderanlagen und Sondermaschinen f\u00fcr effiziente und hygienische Produktionsprozesse.","og_url":"https:\/\/www.segler.eu\/en\/industries\/groceries\/","og_site_name":"SEGLER","article_publisher":"https:\/\/www.facebook.com\/people\/Segler-Frderanlagen-Maschinenfabrik-GmbH\/61567270711954\/","article_modified_time":"2025-08-17T20:20:50+00:00","og_image":[{"width":750,"height":750,"url":"https:\/\/www.segler.eu\/wp-content\/uploads\/2024\/11\/SEGLER-BERGE-1.png","type":"image\/png"}],"twitter_misc":{"Est. reading time":"2 minutes"},"schema":{"@context":"https:\/\/schema.org","@graph":[{"@type":"WebPage","@id":"https:\/\/www.segler.eu\/branchen\/lebensmittel\/","url":"https:\/\/www.segler.eu\/branchen\/lebensmittel\/","name":"Conveyor systems &amp; machines for the food industry","isPartOf":{"@id":"https:\/\/www.segler.eu\/#website"},"datePublished":"2024-11-04T15:07:01+00:00","dateModified":"2025-08-17T20:20:50+00:00","description":"SEGLER offers the food industry tailor-made conveyor systems and special machines for efficient and hygienic production processes.","breadcrumb":{"@id":"https:\/\/www.segler.eu\/branchen\/lebensmittel\/#breadcrumb"},"inLanguage":"en-US","potentialAction":[{"@type":"ReadAction","target":["https:\/\/www.segler.eu\/branchen\/lebensmittel\/"]}]},{"@type":"BreadcrumbList","@id":"https:\/\/www.segler.eu\/branchen\/lebensmittel\/#breadcrumb","itemListElement":[{"@type":"ListItem","position":1,"name":"Startseite","item":"https:\/\/www.segler.eu\/"},{"@type":"ListItem","position":2,"name":"Branchen","item":"https:\/\/www.segler.eu\/branchen\/"},{"@type":"ListItem","position":3,"name":"Lebensmittel"}]},{"@type":"WebSite","@id":"https:\/\/www.segler.eu\/#website","url":"https:\/\/www.segler.eu\/","name":"SEGLER","description":"Materials in motion","publisher":{"@id":"https:\/\/www.segler.eu\/#organization"},"potentialAction":[{"@type":"SearchAction","target":{"@type":"EntryPoint","urlTemplate":"https:\/\/www.segler.eu\/?s={search_term_string}"},"query-input":{"@type":"PropertyValueSpecification","valueRequired":true,"valueName":"search_term_string"}}],"inLanguage":"en-US"},{"@type":"Organization","@id":"https:\/\/www.segler.eu\/#organization","name":"Segler-F\u00f6rderanlagen Maschinenfabrik GmbH","alternateName":"SEGLER","url":"https:\/\/www.segler.eu\/","logo":{"@type":"ImageObject","inLanguage":"en-US","@id":"https:\/\/www.segler.eu\/#\/schema\/logo\/image\/","url":"https:\/\/www.segler.eu\/wp-content\/uploads\/2024\/11\/SEGLER-BERGE-1.png","contentUrl":"https:\/\/www.segler.eu\/wp-content\/uploads\/2024\/11\/SEGLER-BERGE-1.png","width":750,"height":750,"caption":"Segler-F\u00f6rderanlagen Maschinenfabrik GmbH"},"image":{"@id":"https:\/\/www.segler.eu\/#\/schema\/logo\/image\/"},"sameAs":["https:\/\/www.facebook.com\/people\/Segler-Frderanlagen-Maschinenfabrik-GmbH\/61567270711954\/"]}]}},"_links":{"self":[{"href":"https:\/\/www.segler.eu\/en\/wp-json\/wp\/v2\/pages\/200","targetHints":{"allow":["GET"]}}],"collection":[{"href":"https:\/\/www.segler.eu\/en\/wp-json\/wp\/v2\/pages"}],"about":[{"href":"https:\/\/www.segler.eu\/en\/wp-json\/wp\/v2\/types\/page"}],"author":[{"embeddable":true,"href":"https:\/\/www.segler.eu\/en\/wp-json\/wp\/v2\/users\/1"}],"replies":[{"embeddable":true,"href":"https:\/\/www.segler.eu\/en\/wp-json\/wp\/v2\/comments?post=200"}],"version-history":[{"count":0,"href":"https:\/\/www.segler.eu\/en\/wp-json\/wp\/v2\/pages\/200\/revisions"}],"up":[{"embeddable":true,"href":"https:\/\/www.segler.eu\/en\/wp-json\/wp\/v2\/pages\/166"}],"wp:attachment":[{"href":"https:\/\/www.segler.eu\/en\/wp-json\/wp\/v2\/media?parent=200"}],"curies":[{"name":"wp","href":"https:\/\/api.w.org\/{rel}","templated":true}]}}