{"id":204,"date":"2024-11-04T16:07:25","date_gmt":"2024-11-04T15:07:25","guid":{"rendered":"http:\/\/www.segler.eu\/?page_id=204"},"modified":"2025-08-17T22:22:22","modified_gmt":"2025-08-17T20:22:22","slug":"raw-materials","status":"publish","type":"page","link":"https:\/\/www.segler.eu\/en\/branchen\/roh-grundstoffe\/","title":{"rendered":"raw materials and basic materials"},"content":{"rendered":"<p>[et_pb_section fb_built=&#8220;1&#8243; _builder_version=&#8220;4.27.2&#8243; _module_preset=&#8220;default&#8220; background_image=&#8220;http:\/\/www.segler.eu\/wp-content\/uploads\/2024\/11\/branchenslider_Grundstoffe2.jpg&#8220; height=&#8220;45vh&#8220; custom_margin=&#8220;-10%||||false|false&#8220; locked=&#8220;off&#8220; global_colors_info=&#8220;{}&#8220;][et_pb_row _builder_version=&#8220;4.27.2&#8243; _module_preset=&#8220;default&#8220; custom_padding=&#8220;20vh||||false|false&#8220; global_colors_info=&#8220;{}&#8220;][et_pb_column type=&#8220;4_4&#8243; _builder_version=&#8220;4.27.2&#8243; _module_preset=&#8220;default&#8220; global_colors_info=&#8220;{}&#8220;][\/et_pb_column][\/et_pb_row][\/et_pb_section][et_pb_section fb_built=&#8220;1&#8243; _builder_version=&#8220;4.27.2&#8243; _module_preset=&#8220;default&#8220; locked=&#8220;off&#8220; global_colors_info=&#8220;{}&#8220;][et_pb_row _builder_version=&#8220;4.27.2&#8243; _module_preset=&#8220;default&#8220; custom_margin=&#8220;0px||0px||true|false&#8220; custom_padding=&#8220;0px||0px||true|false&#8220; locked=&#8220;off&#8220; global_colors_info=&#8220;{}&#8220;][et_pb_column type=&#8220;4_4&#8243; _builder_version=&#8220;4.27.2&#8243; _module_preset=&#8220;default&#8220; global_colors_info=&#8220;{}&#8220;][et_pb_heading title=&#8220;Branchen&#8220; _builder_version=&#8220;4.27.2&#8243; _module_preset=&#8220;default&#8220; title_level=&#8220;h4&#8243; title_font=&#8220;|||on|||||&#8220; title_text_color=&#8220;#b82435&#8243; custom_margin=&#8220;0px||0px||false|false&#8220; custom_padding=&#8220;0px||0px||false|false&#8220; global_colors_info=&#8220;{}&#8220;][\/et_pb_heading][et_pb_heading title=&#8220;Grund- &#038; Rohstoffsektor&#8220; _builder_version=&#8220;4.27.2&#8243; _module_preset=&#8220;default&#8220; title_font=&#8220;|||on|||||&#8220; custom_margin=&#8220;0px||15px||false|false&#8220; custom_padding=&#8220;0px||0px||true|false&#8220; global_colors_info=&#8220;{}&#8220;][\/et_pb_heading][et_pb_divider _builder_version=&#8220;4.27.2&#8243; _module_preset=&#8220;default&#8220; width=&#8220;50%&#8220; global_colors_info=&#8220;{}&#8220;][\/et_pb_divider][\/et_pb_column][\/et_pb_row][et_pb_row _builder_version=&#8220;4.27.2&#8243; _module_preset=&#8220;default&#8220; global_colors_info=&#8220;{}&#8220;][et_pb_column type=&#8220;4_4&#8243; _builder_version=&#8220;4.27.2&#8243; _module_preset=&#8220;default&#8220; global_colors_info=&#8220;{}&#8220;][et_pb_image src=&#8220;http:\/\/www.segler.eu\/wp-content\/uploads\/2024\/11\/csm_Branchencontent_Grundstoffe_c5df1bfc03.jpg&#8220; alt=&#8220;Rohstoffe und Grundstoffe Branche SEGLER&#8220; align=&#8220;center&#8220; _builder_version=&#8220;4.27.2&#8243; _module_preset=&#8220;default&#8220; global_colors_info=&#8220;{}&#8220;][\/et_pb_image][et_pb_text _builder_version=&#8220;4.27.4&#8243; _module_preset=&#8220;default&#8220; global_colors_info=&#8220;{}&#8220;]<\/p>\n<h4>Auch unter rauesten Bedingungen leisten die L\u00f6sungen von SEGLER zuverl\u00e4ssig ihre Dienste \u2013 oftmals im Dauereinsatz.<\/h4>\n<p>Geht es um die Gewinnung, Herstellung und Verarbeitung von Grund- und Rohstoffen fallen einige Anlagenfaktoren im besonderen Ma\u00dfe ins Gewicht. Es kommt u. a. auf hohe Anlagenverf\u00fcgbarkeit, optimalen Verschlei\u00dfschutz, hohe F\u00f6rderrate und angepasste Antriebsleistungen an.<\/p>\n<p>F\u00fcr die bestm\u00f6gliche Umsetzung ist neben der konstruktions- und fertigungstechnischen Expertise u. a. auch ein hohes Ma\u00df an Kenntnissen \u00fcber das Verhalten der Medien erforderlich. Dieses hat sich SEGLER im Zuge der jahrzehntelangen Zusammenarbeit mit Unternehmen der Rohstoff- und Grundstoff-Branche aufgebaut und setzt diese erfolgreich ein.<\/p>\n<p>[\/et_pb_text][\/et_pb_column][\/et_pb_row][et_pb_row column_structure=&#8220;1_2,1_2&#8243; _builder_version=&#8220;4.27.2&#8243; _module_preset=&#8220;default&#8220; global_colors_info=&#8220;{}&#8220;][et_pb_column type=&#8220;1_2&#8243; _builder_version=&#8220;4.27.2&#8243; _module_preset=&#8220;default&#8220; global_colors_info=&#8220;{}&#8220;][et_pb_text _builder_version=&#8220;4.27.4&#8243; _module_preset=&#8220;default&#8220; locked=&#8220;off&#8220; global_colors_info=&#8220;{}&#8220;]<strong>Beispiele f\u00fcr Anwendungen<\/strong><\/p>\n<ul>\n<li>Rohstoffannahme, Rohstoffmanagement<\/li>\n<li>Aufbereiten und Konditionieren<\/li>\n<li>Einbringen und Dosieren<\/li>\n<li><span>F\u00f6rdern<\/span><\/li>\n<li>Mischen, Homogenisieren<\/li>\n<li><span>Trocknen, K\u00fchlen<\/span><\/li>\n<li><span>Reagieren, Befeuchten<\/span><\/li>\n<li><span>Coaten, Umh\u00fcllen<\/span><\/li>\n<li><span>Granulieren, Agglomerieren<\/span><\/li>\n<li><span>Pressen, Verfestigen<\/span><\/li>\n<li><span>Austragen<\/span><\/li>\n<li><span>Lagerung<\/span><\/li>\n<\/ul>\n<p>[\/et_pb_text][\/et_pb_column][et_pb_column type=&#8220;1_2&#8243; _builder_version=&#8220;4.27.2&#8243; _module_preset=&#8220;default&#8220; global_colors_info=&#8220;{}&#8220;][et_pb_text _builder_version=&#8220;4.27.4&#8243; _module_preset=&#8220;default&#8220; locked=&#8220;off&#8220; global_colors_info=&#8220;{}&#8220;]<strong>Beispiele f\u00fcr Medien<\/strong><strong> <\/strong><\/p>\n<ul>\n<li>Steine und Erden: Kies, Sand, Ton, Kaolin, Torf<\/li>\n<li>Minerale, Erze<\/li>\n<li>Salze, Kali<\/li>\n<li>Carbide<\/li>\n<li>Keramische Rohstoffe<\/li>\n<li>Kohlemischungen<\/li>\n<li>Glas<\/li>\n<li>Zement, Kalk, Gips, Beton, M\u00f6rtel, Putz<\/li>\n<li>Isolierung, Mineralwolle<\/li>\n<li>Asphalt<\/li>\n<\/ul>\n<p>[\/et_pb_text][\/et_pb_column][\/et_pb_row][\/et_pb_section]<\/p>\n","protected":false},"excerpt":{"rendered":"<p>Auch unter rauesten Bedingungen leisten die L\u00f6sungen von SEGLER zuverl\u00e4ssig ihre Dienste \u2013 oftmals im Dauereinsatz. Geht es um die Gewinnung, Herstellung und Verarbeitung von Grund- und Rohstoffen fallen einige Anlagenfaktoren im besonderen Ma\u00dfe ins Gewicht. Es kommt u. a. auf hohe Anlagenverf\u00fcgbarkeit, optimalen Verschlei\u00dfschutz, hohe F\u00f6rderrate und angepasste Antriebsleistungen an. F\u00fcr die bestm\u00f6gliche Umsetzung [&hellip;]<\/p>\n","protected":false},"author":1,"featured_media":0,"parent":166,"menu_order":0,"comment_status":"closed","ping_status":"closed","template":"","meta":{"_et_pb_use_builder":"on","_et_pb_old_content":"","_et_gb_content_width":"","footnotes":""},"class_list":["post-204","page","type-page","status-publish","hentry"],"yoast_head":"<!-- This site is optimized with the Yoast SEO plugin v27.5 - https:\/\/yoast.com\/product\/yoast-seo-wordpress\/ -->\n<title>F\u00f6rderanlagen &amp; Maschinen f\u00fcr den Grund- &amp; Rohstoffsektor<\/title>\n<meta name=\"description\" content=\"Segler bietet der Roh- und Grundstoffindustrie ma\u00dfgeschneiderte F\u00f6rderanlagen und Sondermaschinen f\u00fcr effiziente Materialverarbeitung.\" \/>\n<meta name=\"robots\" content=\"index, follow, max-snippet:-1, max-image-preview:large, max-video-preview:-1\" \/>\n<link rel=\"canonical\" href=\"https:\/\/www.segler.eu\/en\/industries\/raw-materials\/\" \/>\n<meta property=\"og:locale\" content=\"en_US\" \/>\n<meta property=\"og:type\" content=\"article\" \/>\n<meta property=\"og:title\" content=\"F\u00f6rderanlagen &amp; Maschinen f\u00fcr den Grund- &amp; Rohstoffsektor\" \/>\n<meta property=\"og:description\" content=\"Segler bietet der Roh- und Grundstoffindustrie ma\u00dfgeschneiderte F\u00f6rderanlagen und Sondermaschinen f\u00fcr effiziente Materialverarbeitung.\" \/>\n<meta property=\"og:url\" content=\"https:\/\/www.segler.eu\/en\/industries\/raw-materials\/\" \/>\n<meta property=\"og:site_name\" content=\"SEGLER\" \/>\n<meta property=\"article:publisher\" content=\"https:\/\/www.facebook.com\/people\/Segler-Frderanlagen-Maschinenfabrik-GmbH\/61567270711954\/\" \/>\n<meta property=\"article:modified_time\" content=\"2025-08-17T20:22:22+00:00\" \/>\n<meta property=\"og:image\" content=\"https:\/\/www.segler.eu\/wp-content\/uploads\/2024\/11\/SEGLER-BERGE-1.png\" \/>\n\t<meta property=\"og:image:width\" content=\"750\" \/>\n\t<meta property=\"og:image:height\" content=\"750\" \/>\n\t<meta property=\"og:image:type\" content=\"image\/png\" \/>\n<meta name=\"twitter:label1\" content=\"Est. reading time\" \/>\n\t<meta name=\"twitter:data1\" content=\"2 minutes\" \/>\n<script type=\"application\/ld+json\" class=\"yoast-schema-graph\">{\"@context\":\"https:\\\/\\\/schema.org\",\"@graph\":[{\"@type\":\"WebPage\",\"@id\":\"https:\\\/\\\/www.segler.eu\\\/en\\\/industries\\\/raw-materials\\\/\",\"url\":\"https:\\\/\\\/www.segler.eu\\\/en\\\/industries\\\/raw-materials\\\/\",\"name\":\"F\u00f6rderanlagen & Maschinen f\u00fcr den Grund- & Rohstoffsektor\",\"isPartOf\":{\"@id\":\"https:\\\/\\\/www.segler.eu\\\/#website\"},\"datePublished\":\"2024-11-04T15:07:25+00:00\",\"dateModified\":\"2025-08-17T20:22:22+00:00\",\"description\":\"Segler bietet der Roh- und Grundstoffindustrie ma\u00dfgeschneiderte F\u00f6rderanlagen und Sondermaschinen f\u00fcr effiziente Materialverarbeitung.\",\"breadcrumb\":{\"@id\":\"https:\\\/\\\/www.segler.eu\\\/en\\\/industries\\\/raw-materials\\\/#breadcrumb\"},\"inLanguage\":\"en-US\",\"potentialAction\":[{\"@type\":\"ReadAction\",\"target\":[\"https:\\\/\\\/www.segler.eu\\\/en\\\/industries\\\/raw-materials\\\/\"]}]},{\"@type\":\"BreadcrumbList\",\"@id\":\"https:\\\/\\\/www.segler.eu\\\/en\\\/industries\\\/raw-materials\\\/#breadcrumb\",\"itemListElement\":[{\"@type\":\"ListItem\",\"position\":1,\"name\":\"Startseite\",\"item\":\"https:\\\/\\\/www.segler.eu\\\/\"},{\"@type\":\"ListItem\",\"position\":2,\"name\":\"Branchen\",\"item\":\"https:\\\/\\\/www.segler.eu\\\/branchen\\\/\"},{\"@type\":\"ListItem\",\"position\":3,\"name\":\"Roh- &#038; Grundstoffe\"}]},{\"@type\":\"WebSite\",\"@id\":\"https:\\\/\\\/www.segler.eu\\\/#website\",\"url\":\"https:\\\/\\\/www.segler.eu\\\/\",\"name\":\"SEGLER\",\"description\":\"Materials in motion\",\"publisher\":{\"@id\":\"https:\\\/\\\/www.segler.eu\\\/#organization\"},\"potentialAction\":[{\"@type\":\"SearchAction\",\"target\":{\"@type\":\"EntryPoint\",\"urlTemplate\":\"https:\\\/\\\/www.segler.eu\\\/?s={search_term_string}\"},\"query-input\":{\"@type\":\"PropertyValueSpecification\",\"valueRequired\":true,\"valueName\":\"search_term_string\"}}],\"inLanguage\":\"en-US\"},{\"@type\":\"Organization\",\"@id\":\"https:\\\/\\\/www.segler.eu\\\/#organization\",\"name\":\"Segler-F\u00f6rderanlagen Maschinenfabrik GmbH\",\"alternateName\":\"SEGLER\",\"url\":\"https:\\\/\\\/www.segler.eu\\\/\",\"logo\":{\"@type\":\"ImageObject\",\"inLanguage\":\"en-US\",\"@id\":\"https:\\\/\\\/www.segler.eu\\\/#\\\/schema\\\/logo\\\/image\\\/\",\"url\":\"https:\\\/\\\/www.segler.eu\\\/wp-content\\\/uploads\\\/2024\\\/11\\\/SEGLER-BERGE-1.png\",\"contentUrl\":\"https:\\\/\\\/www.segler.eu\\\/wp-content\\\/uploads\\\/2024\\\/11\\\/SEGLER-BERGE-1.png\",\"width\":750,\"height\":750,\"caption\":\"Segler-F\u00f6rderanlagen Maschinenfabrik GmbH\"},\"image\":{\"@id\":\"https:\\\/\\\/www.segler.eu\\\/#\\\/schema\\\/logo\\\/image\\\/\"},\"sameAs\":[\"https:\\\/\\\/www.facebook.com\\\/people\\\/Segler-Frderanlagen-Maschinenfabrik-GmbH\\\/61567270711954\\\/\"]}]}<\/script>\n<!-- \/ Yoast SEO plugin. -->","yoast_head_json":{"title":"Conveyor solutions for raw materials industry","description":"Segler offers the raw materials and basic materials industry tailor-made conveyor systems and special machines for efficient material processing.","robots":{"index":"index","follow":"follow","max-snippet":"max-snippet:-1","max-image-preview":"max-image-preview:large","max-video-preview":"max-video-preview:-1"},"canonical":"https:\/\/www.segler.eu\/en\/industries\/raw-materials\/","og_locale":"en_US","og_type":"article","og_title":"F\u00f6rderanlagen & Maschinen f\u00fcr den Grund- & Rohstoffsektor","og_description":"Segler bietet der Roh- und Grundstoffindustrie ma\u00dfgeschneiderte F\u00f6rderanlagen und Sondermaschinen f\u00fcr effiziente Materialverarbeitung.","og_url":"https:\/\/www.segler.eu\/en\/industries\/raw-materials\/","og_site_name":"SEGLER","article_publisher":"https:\/\/www.facebook.com\/people\/Segler-Frderanlagen-Maschinenfabrik-GmbH\/61567270711954\/","article_modified_time":"2025-08-17T20:22:22+00:00","og_image":[{"width":750,"height":750,"url":"https:\/\/www.segler.eu\/wp-content\/uploads\/2024\/11\/SEGLER-BERGE-1.png","type":"image\/png"}],"twitter_misc":{"Est. reading time":"2 minutes"},"schema":{"@context":"https:\/\/schema.org","@graph":[{"@type":"WebPage","@id":"https:\/\/www.segler.eu\/en\/industries\/raw-materials\/","url":"https:\/\/www.segler.eu\/en\/industries\/raw-materials\/","name":"Conveyor solutions for raw materials industry","isPartOf":{"@id":"https:\/\/www.segler.eu\/#website"},"datePublished":"2024-11-04T15:07:25+00:00","dateModified":"2025-08-17T20:22:22+00:00","description":"Segler offers the raw materials and basic materials industry tailor-made conveyor systems and special machines for efficient material processing.","breadcrumb":{"@id":"https:\/\/www.segler.eu\/en\/industries\/raw-materials\/#breadcrumb"},"inLanguage":"en-US","potentialAction":[{"@type":"ReadAction","target":["https:\/\/www.segler.eu\/en\/industries\/raw-materials\/"]}]},{"@type":"BreadcrumbList","@id":"https:\/\/www.segler.eu\/en\/industries\/raw-materials\/#breadcrumb","itemListElement":[{"@type":"ListItem","position":1,"name":"Startseite","item":"https:\/\/www.segler.eu\/"},{"@type":"ListItem","position":2,"name":"Branchen","item":"https:\/\/www.segler.eu\/branchen\/"},{"@type":"ListItem","position":3,"name":"Roh- &#038; Grundstoffe"}]},{"@type":"WebSite","@id":"https:\/\/www.segler.eu\/#website","url":"https:\/\/www.segler.eu\/","name":"SEGLER","description":"Materials in motion","publisher":{"@id":"https:\/\/www.segler.eu\/#organization"},"potentialAction":[{"@type":"SearchAction","target":{"@type":"EntryPoint","urlTemplate":"https:\/\/www.segler.eu\/?s={search_term_string}"},"query-input":{"@type":"PropertyValueSpecification","valueRequired":true,"valueName":"search_term_string"}}],"inLanguage":"en-US"},{"@type":"Organization","@id":"https:\/\/www.segler.eu\/#organization","name":"Segler-F\u00f6rderanlagen Maschinenfabrik GmbH","alternateName":"SEGLER","url":"https:\/\/www.segler.eu\/","logo":{"@type":"ImageObject","inLanguage":"en-US","@id":"https:\/\/www.segler.eu\/#\/schema\/logo\/image\/","url":"https:\/\/www.segler.eu\/wp-content\/uploads\/2024\/11\/SEGLER-BERGE-1.png","contentUrl":"https:\/\/www.segler.eu\/wp-content\/uploads\/2024\/11\/SEGLER-BERGE-1.png","width":750,"height":750,"caption":"Segler-F\u00f6rderanlagen Maschinenfabrik GmbH"},"image":{"@id":"https:\/\/www.segler.eu\/#\/schema\/logo\/image\/"},"sameAs":["https:\/\/www.facebook.com\/people\/Segler-Frderanlagen-Maschinenfabrik-GmbH\/61567270711954\/"]}]}},"_links":{"self":[{"href":"https:\/\/www.segler.eu\/en\/wp-json\/wp\/v2\/pages\/204","targetHints":{"allow":["GET"]}}],"collection":[{"href":"https:\/\/www.segler.eu\/en\/wp-json\/wp\/v2\/pages"}],"about":[{"href":"https:\/\/www.segler.eu\/en\/wp-json\/wp\/v2\/types\/page"}],"author":[{"embeddable":true,"href":"https:\/\/www.segler.eu\/en\/wp-json\/wp\/v2\/users\/1"}],"replies":[{"embeddable":true,"href":"https:\/\/www.segler.eu\/en\/wp-json\/wp\/v2\/comments?post=204"}],"version-history":[{"count":0,"href":"https:\/\/www.segler.eu\/en\/wp-json\/wp\/v2\/pages\/204\/revisions"}],"up":[{"embeddable":true,"href":"https:\/\/www.segler.eu\/en\/wp-json\/wp\/v2\/pages\/166"}],"wp:attachment":[{"href":"https:\/\/www.segler.eu\/en\/wp-json\/wp\/v2\/media?parent=204"}],"curies":[{"name":"wp","href":"https:\/\/api.w.org\/{rel}","templated":true}]}}