{"id":214,"date":"2024-11-04T16:08:45","date_gmt":"2024-11-04T15:08:45","guid":{"rendered":"http:\/\/www.segler.eu\/?page_id=214"},"modified":"2024-12-11T21:26:36","modified_gmt":"2024-12-11T20:26:36","slug":"construction","status":"publish","type":"page","link":"https:\/\/www.segler.eu\/en\/leistungen\/konstruktion\/","title":{"rendered":"construction"},"content":{"rendered":"<p>[et_pb_section fb_built=&#8220;1&#8243; _builder_version=&#8220;4.27.4&#8243; _module_preset=&#8220;default&#8220; background_image=&#8220;https:\/\/www.segler.eu\/wp-content\/uploads\/2024\/12\/281_Produktdesigner.jpg&#8220; background_position=&#8220;top_center&#8220; height=&#8220;45vh&#8220; custom_margin=&#8220;-10%||||false|false&#8220; hover_enabled=&#8220;0&#8243; locked=&#8220;off&#8220; global_colors_info=&#8220;{}&#8220; alt=&#8220;Konstruktion SEGLER&#8220; sticky_enabled=&#8220;0&#8243;][et_pb_row _builder_version=&#8220;4.27.2&#8243; _module_preset=&#8220;default&#8220; custom_padding=&#8220;20vh||||false|false&#8220; global_colors_info=&#8220;{}&#8220;][et_pb_column type=&#8220;4_4&#8243; _builder_version=&#8220;4.27.2&#8243; _module_preset=&#8220;default&#8220; global_colors_info=&#8220;{}&#8220;][\/et_pb_column][\/et_pb_row][\/et_pb_section][et_pb_section fb_built=&#8220;1&#8243; _builder_version=&#8220;4.27.2&#8243; _module_preset=&#8220;default&#8220; locked=&#8220;off&#8220; global_colors_info=&#8220;{}&#8220;][et_pb_row _builder_version=&#8220;4.27.2&#8243; _module_preset=&#8220;default&#8220; custom_margin=&#8220;0px||0px||true|false&#8220; custom_padding=&#8220;0px||0px||true|false&#8220; locked=&#8220;off&#8220; global_colors_info=&#8220;{}&#8220;][et_pb_column type=&#8220;4_4&#8243; _builder_version=&#8220;4.27.2&#8243; _module_preset=&#8220;default&#8220; global_colors_info=&#8220;{}&#8220;][et_pb_heading title=&#8220;Leistungen&#8220; _builder_version=&#8220;4.27.2&#8243; _module_preset=&#8220;default&#8220; title_level=&#8220;h4&#8243; title_font=&#8220;|||on|||||&#8220; title_text_color=&#8220;#b82435&#8243; custom_margin=&#8220;0px||0px||false|false&#8220; custom_padding=&#8220;0px||0px||false|false&#8220; global_colors_info=&#8220;{}&#8220;][\/et_pb_heading][et_pb_heading title=&#8220;Konstruktion&#8220; _builder_version=&#8220;4.27.2&#8243; _module_preset=&#8220;default&#8220; title_font=&#8220;|||on|||||&#8220; custom_margin=&#8220;0px||15px||false|false&#8220; custom_padding=&#8220;0px||0px||true|false&#8220; global_colors_info=&#8220;{}&#8220;][\/et_pb_heading][et_pb_divider _builder_version=&#8220;4.27.2&#8243; _module_preset=&#8220;default&#8220; width=&#8220;50%&#8220; global_colors_info=&#8220;{}&#8220;][\/et_pb_divider][\/et_pb_column][\/et_pb_row][et_pb_row _builder_version=&#8220;4.27.2&#8243; _module_preset=&#8220;default&#8220; global_colors_info=&#8220;{}&#8220;][et_pb_column type=&#8220;4_4&#8243; _builder_version=&#8220;4.27.2&#8243; _module_preset=&#8220;default&#8220; global_colors_info=&#8220;{}&#8220;][et_pb_text _builder_version=&#8220;4.27.2&#8243; _module_preset=&#8220;default&#8220; global_colors_info=&#8220;{}&#8220;]<\/p>\n<p><span>Die Basis von dauerhaft leistungsstarken Maschinen und Anlagen sind ein guter Entwurf, sowie eine solide Konstruktion. Im engen Austausch mit Ihnen erarbeiten unsere Ingenieure und Konstrukteure individuelle, produkt- und anwendungsbezogene L\u00f6sungen. Dabei erfolgt die Auslegung nach international anerkannten Standards. Das breite und gleichzeitig detaillierte Fachwissen des SEGLER-Teams in Sachen Materialkenntnisse,\u00a0<\/span><span class=\"hiddenSpellError\" onkeypress=\"GERMAN_SPELLER_RULE---#---undefined---#---Rechtschreibfehler---#---M\u00f6glicher Tippfehler gefunden.---#---Das breite und gleichzeitig detaillierte Fachwissen des SEGLER-Teams in Sachen Materialkenntnisse, Sch\u00fcttguthandling, Produktionsprozesse sowie unsere verfahrenstechnische Kompetenz sichern Ihnen Technologien zu, die sich optimal in Ihre Produktion einf\u00fcgen.---#------#---Sch\u00fcttguthandling\">Sch\u00fcttguthandling<\/span><span>, Produktionsprozesse sowie unsere verfahrenstechnische Kompetenz sichern Ihnen Technologien zu, die sich optimal in Ihre Produktion einf\u00fcgen.<\/span><\/p>\n<p>[\/et_pb_text][et_pb_image src=&#8220;http:\/\/www.segler.eu\/wp-content\/uploads\/2024\/11\/csm_02-31886_Prospirator_4daca19229.png&#8220; alt=&#8220;csm_02&#8211;31886_Prospirator_4daca19229&#8243; align=&#8220;center&#8220; _builder_version=&#8220;4.27.2&#8243; _module_preset=&#8220;default&#8220; global_colors_info=&#8220;{}&#8220;][\/et_pb_image][et_pb_text _builder_version=&#8220;4.27.2&#8243; _module_preset=&#8220;default&#8220; global_colors_info=&#8220;{}&#8220;]<\/p>\n<p><span>Die Konstruktion erfolgt durchg\u00e4ngig rechnerbasiert\u00a0<\/span><span class=\"hiddenSuggestion\" onkeypress=\"EMPFOHLENE_ZUSAMMENSCHREIBUNG---#---23---#---Bitte pr\u00fcfen Sie die Getrenntschreibung.---#---Empfehlung: M\u00f6chten Sie die Schreibweise \u201emithilfe\u201c verwenden?---#---Die Konstruktion erfolgt durchg\u00e4ngig rechnerbasiert mit Hilfe von 2D- und 3D-CAD-Software.---#---mithilfe---#---mit Hilfe\">mithilfe<\/span><span>\u00a0von 2D- und 3D-CAD-Software. Bereits bei der Gestaltung von Einzelteilen und Baugruppen achten wir auf g\u00fcnstige Fertigungskosten und gute Herstellbarkeit. Durch eine optimale Datenvernetzung \u2013 selbstverst\u00e4ndlich bei h\u00f6chster Datensicherheit \u2013 realisieren wir schlanke Prozesse auf allen Ebenen. So k\u00f6nnen wir mit Ihnen erarbeitete Anpassungen zeitnah umsetzen und Ihnen h\u00f6chstm\u00f6gliche Flexibilit\u00e4t und Qualit\u00e4t garantieren.<\/span><\/p>\n<p>[\/et_pb_text][\/et_pb_column][\/et_pb_row][et_pb_row column_structure=&#8220;3_5,2_5&#8243; make_equal=&#8220;on&#8220; _builder_version=&#8220;4.27.2&#8243; _module_preset=&#8220;default&#8220; background_color=&#8220;#b82435&#8243; custom_padding=&#8220;20px|25px|20px|25px|true|true&#8220; border_radii=&#8220;on|2px|2px|2px|2px&#8220; box_shadow_style=&#8220;preset1&#8243; global_colors_info=&#8220;{}&#8220;][et_pb_column type=&#8220;3_5&#8243; module_class=&#8220;vertikal-zentrieren&#8220; _builder_version=&#8220;4.27.2&#8243; _module_preset=&#8220;default&#8220; global_colors_info=&#8220;{}&#8220;][et_pb_heading title=&#8220;Die SEGLER Konstruktion ber\u00e4t Sie gerne in allen technischen Fragen.&#8220; _builder_version=&#8220;4.27.2&#8243; _module_preset=&#8220;default&#8220; title_level=&#8220;h4&#8243; title_text_align=&#8220;left&#8220; title_text_color=&#8220;#FFFFFF&#8220; custom_margin=&#8220;||0px||false|false&#8220; global_colors_info=&#8220;{}&#8220;][\/et_pb_heading][et_pb_text _builder_version=&#8220;4.27.2&#8243; _module_preset=&#8220;default&#8220; global_colors_info=&#8220;{}&#8220;]<\/p>\n<p><span style=\"color: #ffffff;\">Sie profitieren von unserem breiten Einsatzgebiet und langj\u00e4hrigen Branchenerfahrungen.<\/span><\/p>\n<p>[\/et_pb_text][\/et_pb_column][et_pb_column type=&#8220;2_5&#8243; module_class=&#8220;vertikal-zentrieren&#8220; _builder_version=&#8220;4.27.2&#8243; _module_preset=&#8220;default&#8220; global_colors_info=&#8220;{}&#8220;][et_pb_button button_url=&#8220;@ET-DC@eyJkeW5hbWljIjp0cnVlLCJjb250ZW50IjoicG9zdF9saW5rX3VybF9wYWdlIiwic2V0dGluZ3MiOnsicG9zdF9pZCI6IjI3MyJ9fQ==@&#8220; button_text=&#8220;Jetzt Kontakt aufnehmen&#8220; button_alignment=&#8220;center&#8220; _builder_version=&#8220;4.27.2&#8243; _dynamic_attributes=&#8220;button_url&#8220; _module_preset=&#8220;default&#8220; custom_button=&#8220;on&#8220; button_text_color=&#8220;#b82435&#8243; button_bg_color=&#8220;#FFFFFF&#8220; button_border_width=&#8220;1px&#8220; button_border_color=&#8220;#FFFFFF&#8220; box_shadow_style=&#8220;preset1&#8243; global_colors_info=&#8220;{}&#8220;][\/et_pb_button][\/et_pb_column][\/et_pb_row][\/et_pb_section]<\/p>\n","protected":false},"excerpt":{"rendered":"<p>Die Basis von dauerhaft leistungsstarken Maschinen und Anlagen sind ein guter Entwurf, sowie eine solide Konstruktion. Im engen Austausch mit Ihnen erarbeiten unsere Ingenieure und Konstrukteure individuelle, produkt- und anwendungsbezogene L\u00f6sungen. Dabei erfolgt die Auslegung nach international anerkannten Standards. Das breite und gleichzeitig detaillierte Fachwissen des SEGLER-Teams in Sachen Materialkenntnisse,\u00a0Sch\u00fcttguthandling, Produktionsprozesse sowie unsere verfahrenstechnische Kompetenz [&hellip;]<\/p>\n","protected":false},"author":1,"featured_media":0,"parent":168,"menu_order":0,"comment_status":"closed","ping_status":"closed","template":"","meta":{"_et_pb_use_builder":"on","_et_pb_old_content":"","_et_gb_content_width":"","footnotes":""},"class_list":["post-214","page","type-page","status-publish","hentry"],"yoast_head":"<!-- This site is optimized with the Yoast SEO plugin v27.4 - https:\/\/yoast.com\/product\/yoast-seo-wordpress\/ -->\n<title>Konstruktion - SEGLER<\/title>\n<meta name=\"description\" content=\"Konstruktion von SEGLER\" \/>\n<meta name=\"robots\" content=\"index, follow, max-snippet:-1, max-image-preview:large, max-video-preview:-1\" \/>\n<link rel=\"canonical\" href=\"https:\/\/www.segler.eu\/en\/services\/construction\/\" \/>\n<meta property=\"og:locale\" content=\"en_US\" \/>\n<meta property=\"og:type\" content=\"article\" \/>\n<meta property=\"og:title\" content=\"Konstruktion - SEGLER\" \/>\n<meta property=\"og:description\" content=\"Konstruktion von SEGLER\" \/>\n<meta property=\"og:url\" content=\"https:\/\/www.segler.eu\/en\/services\/construction\/\" \/>\n<meta property=\"og:site_name\" content=\"SEGLER\" \/>\n<meta property=\"article:publisher\" content=\"https:\/\/www.facebook.com\/people\/Segler-Frderanlagen-Maschinenfabrik-GmbH\/61567270711954\/\" \/>\n<meta property=\"article:modified_time\" content=\"2024-12-11T20:26:36+00:00\" \/>\n<meta property=\"og:image\" content=\"https:\/\/www.segler.eu\/wp-content\/uploads\/2024\/11\/SEGLER-BERGE-1.png\" \/>\n\t<meta property=\"og:image:width\" content=\"750\" \/>\n\t<meta property=\"og:image:height\" content=\"750\" \/>\n\t<meta property=\"og:image:type\" content=\"image\/png\" \/>\n<meta name=\"twitter:label1\" content=\"Est. reading time\" \/>\n\t<meta name=\"twitter:data1\" content=\"3 minutes\" \/>\n<script type=\"application\/ld+json\" class=\"yoast-schema-graph\">{\"@context\":\"https:\\\/\\\/schema.org\",\"@graph\":[{\"@type\":\"WebPage\",\"@id\":\"https:\\\/\\\/www.segler.eu\\\/leistungen\\\/konstruktion\\\/\",\"url\":\"https:\\\/\\\/www.segler.eu\\\/leistungen\\\/konstruktion\\\/\",\"name\":\"Konstruktion - SEGLER\",\"isPartOf\":{\"@id\":\"https:\\\/\\\/www.segler.eu\\\/#website\"},\"datePublished\":\"2024-11-04T15:08:45+00:00\",\"dateModified\":\"2024-12-11T20:26:36+00:00\",\"description\":\"Konstruktion von SEGLER\",\"breadcrumb\":{\"@id\":\"https:\\\/\\\/www.segler.eu\\\/leistungen\\\/konstruktion\\\/#breadcrumb\"},\"inLanguage\":\"en-US\",\"potentialAction\":[{\"@type\":\"ReadAction\",\"target\":[\"https:\\\/\\\/www.segler.eu\\\/leistungen\\\/konstruktion\\\/\"]}]},{\"@type\":\"BreadcrumbList\",\"@id\":\"https:\\\/\\\/www.segler.eu\\\/leistungen\\\/konstruktion\\\/#breadcrumb\",\"itemListElement\":[{\"@type\":\"ListItem\",\"position\":1,\"name\":\"Startseite\",\"item\":\"https:\\\/\\\/www.segler.eu\\\/\"},{\"@type\":\"ListItem\",\"position\":2,\"name\":\"Leistungen\",\"item\":\"https:\\\/\\\/www.segler.eu\\\/leistungen\\\/\"},{\"@type\":\"ListItem\",\"position\":3,\"name\":\"Konstruktion\"}]},{\"@type\":\"WebSite\",\"@id\":\"https:\\\/\\\/www.segler.eu\\\/#website\",\"url\":\"https:\\\/\\\/www.segler.eu\\\/\",\"name\":\"SEGLER\",\"description\":\"Materials in motion\",\"publisher\":{\"@id\":\"https:\\\/\\\/www.segler.eu\\\/#organization\"},\"potentialAction\":[{\"@type\":\"SearchAction\",\"target\":{\"@type\":\"EntryPoint\",\"urlTemplate\":\"https:\\\/\\\/www.segler.eu\\\/?s={search_term_string}\"},\"query-input\":{\"@type\":\"PropertyValueSpecification\",\"valueRequired\":true,\"valueName\":\"search_term_string\"}}],\"inLanguage\":\"en-US\"},{\"@type\":\"Organization\",\"@id\":\"https:\\\/\\\/www.segler.eu\\\/#organization\",\"name\":\"Segler-F\u00f6rderanlagen Maschinenfabrik GmbH\",\"alternateName\":\"SEGLER\",\"url\":\"https:\\\/\\\/www.segler.eu\\\/\",\"logo\":{\"@type\":\"ImageObject\",\"inLanguage\":\"en-US\",\"@id\":\"https:\\\/\\\/www.segler.eu\\\/#\\\/schema\\\/logo\\\/image\\\/\",\"url\":\"https:\\\/\\\/www.segler.eu\\\/wp-content\\\/uploads\\\/2024\\\/11\\\/SEGLER-BERGE-1.png\",\"contentUrl\":\"https:\\\/\\\/www.segler.eu\\\/wp-content\\\/uploads\\\/2024\\\/11\\\/SEGLER-BERGE-1.png\",\"width\":750,\"height\":750,\"caption\":\"Segler-F\u00f6rderanlagen Maschinenfabrik GmbH\"},\"image\":{\"@id\":\"https:\\\/\\\/www.segler.eu\\\/#\\\/schema\\\/logo\\\/image\\\/\"},\"sameAs\":[\"https:\\\/\\\/www.facebook.com\\\/people\\\/Segler-Frderanlagen-Maschinenfabrik-GmbH\\\/61567270711954\\\/\"]}]}<\/script>\n<!-- \/ Yoast SEO plugin. -->","yoast_head_json":{"title":"Construction - SEGLER","description":"construction of SEGLER","robots":{"index":"index","follow":"follow","max-snippet":"max-snippet:-1","max-image-preview":"max-image-preview:large","max-video-preview":"max-video-preview:-1"},"canonical":"https:\/\/www.segler.eu\/en\/services\/construction\/","og_locale":"en_US","og_type":"article","og_title":"Konstruktion - SEGLER","og_description":"Konstruktion von SEGLER","og_url":"https:\/\/www.segler.eu\/en\/services\/construction\/","og_site_name":"SEGLER","article_publisher":"https:\/\/www.facebook.com\/people\/Segler-Frderanlagen-Maschinenfabrik-GmbH\/61567270711954\/","article_modified_time":"2024-12-11T20:26:36+00:00","og_image":[{"width":750,"height":750,"url":"https:\/\/www.segler.eu\/wp-content\/uploads\/2024\/11\/SEGLER-BERGE-1.png","type":"image\/png"}],"twitter_misc":{"Est. reading time":"3 minutes"},"schema":{"@context":"https:\/\/schema.org","@graph":[{"@type":"WebPage","@id":"https:\/\/www.segler.eu\/leistungen\/konstruktion\/","url":"https:\/\/www.segler.eu\/leistungen\/konstruktion\/","name":"Construction - SEGLER","isPartOf":{"@id":"https:\/\/www.segler.eu\/#website"},"datePublished":"2024-11-04T15:08:45+00:00","dateModified":"2024-12-11T20:26:36+00:00","description":"construction of SEGLER","breadcrumb":{"@id":"https:\/\/www.segler.eu\/leistungen\/konstruktion\/#breadcrumb"},"inLanguage":"en-US","potentialAction":[{"@type":"ReadAction","target":["https:\/\/www.segler.eu\/leistungen\/konstruktion\/"]}]},{"@type":"BreadcrumbList","@id":"https:\/\/www.segler.eu\/leistungen\/konstruktion\/#breadcrumb","itemListElement":[{"@type":"ListItem","position":1,"name":"Startseite","item":"https:\/\/www.segler.eu\/"},{"@type":"ListItem","position":2,"name":"Leistungen","item":"https:\/\/www.segler.eu\/leistungen\/"},{"@type":"ListItem","position":3,"name":"Konstruktion"}]},{"@type":"WebSite","@id":"https:\/\/www.segler.eu\/#website","url":"https:\/\/www.segler.eu\/","name":"SEGLER","description":"Materials in motion","publisher":{"@id":"https:\/\/www.segler.eu\/#organization"},"potentialAction":[{"@type":"SearchAction","target":{"@type":"EntryPoint","urlTemplate":"https:\/\/www.segler.eu\/?s={search_term_string}"},"query-input":{"@type":"PropertyValueSpecification","valueRequired":true,"valueName":"search_term_string"}}],"inLanguage":"en-US"},{"@type":"Organization","@id":"https:\/\/www.segler.eu\/#organization","name":"Segler-F\u00f6rderanlagen Maschinenfabrik GmbH","alternateName":"SEGLER","url":"https:\/\/www.segler.eu\/","logo":{"@type":"ImageObject","inLanguage":"en-US","@id":"https:\/\/www.segler.eu\/#\/schema\/logo\/image\/","url":"https:\/\/www.segler.eu\/wp-content\/uploads\/2024\/11\/SEGLER-BERGE-1.png","contentUrl":"https:\/\/www.segler.eu\/wp-content\/uploads\/2024\/11\/SEGLER-BERGE-1.png","width":750,"height":750,"caption":"Segler-F\u00f6rderanlagen Maschinenfabrik GmbH"},"image":{"@id":"https:\/\/www.segler.eu\/#\/schema\/logo\/image\/"},"sameAs":["https:\/\/www.facebook.com\/people\/Segler-Frderanlagen-Maschinenfabrik-GmbH\/61567270711954\/"]}]}},"_links":{"self":[{"href":"https:\/\/www.segler.eu\/en\/wp-json\/wp\/v2\/pages\/214","targetHints":{"allow":["GET"]}}],"collection":[{"href":"https:\/\/www.segler.eu\/en\/wp-json\/wp\/v2\/pages"}],"about":[{"href":"https:\/\/www.segler.eu\/en\/wp-json\/wp\/v2\/types\/page"}],"author":[{"embeddable":true,"href":"https:\/\/www.segler.eu\/en\/wp-json\/wp\/v2\/users\/1"}],"replies":[{"embeddable":true,"href":"https:\/\/www.segler.eu\/en\/wp-json\/wp\/v2\/comments?post=214"}],"version-history":[{"count":0,"href":"https:\/\/www.segler.eu\/en\/wp-json\/wp\/v2\/pages\/214\/revisions"}],"up":[{"embeddable":true,"href":"https:\/\/www.segler.eu\/en\/wp-json\/wp\/v2\/pages\/168"}],"wp:attachment":[{"href":"https:\/\/www.segler.eu\/en\/wp-json\/wp\/v2\/media?parent=214"}],"curies":[{"name":"wp","href":"https:\/\/api.w.org\/{rel}","templated":true}]}}