{"id":277,"date":"2024-11-04T16:20:08","date_gmt":"2024-11-04T15:20:08","guid":{"rendered":"http:\/\/www.segler.eu\/?page_id=277"},"modified":"2025-01-09T12:52:22","modified_gmt":"2025-01-09T11:52:22","slug":"imprint","status":"publish","type":"page","link":"https:\/\/www.segler.eu\/en\/impressum\/","title":{"rendered":"imprint"},"content":{"rendered":"<p>[et_pb_section fb_built=&#8220;1&#8243; _builder_version=&#8220;4.27.2&#8243; _module_preset=&#8220;default&#8220; global_colors_info=&#8220;{}&#8220;][et_pb_row _builder_version=&#8220;4.27.2&#8243; _module_preset=&#8220;default&#8220; global_colors_info=&#8220;{}&#8220;][et_pb_column type=&#8220;4_4&#8243; _builder_version=&#8220;4.27.2&#8243; _module_preset=&#8220;default&#8220; global_colors_info=&#8220;{}&#8220;][et_pb_text _builder_version=&#8220;4.27.2&#8243; _module_preset=&#8220;default&#8220; global_colors_info=&#8220;{}&#8220;]<\/p>\n<header>\n<h2 class=\"\">Impressum<\/h2>\n<\/header>\n<div>\n<p>Segler-F\u00f6rderanlagen Maschinenfabrik GmbH<br \/>Friedrich-Segler-Str. 11<br \/>D-49626 Berge<\/p>\n<p>Telefon: +49 (0)5435 9510 0<br \/>Fax: +49 (0)5435 9510 33<br \/>info@segler.eu<\/p>\n<p><strong>Gesch\u00e4ftsf\u00fchrung<\/strong><br \/>Herr Thomas Neteler, Gesch\u00e4ftsf\u00fchrer<\/p>\n<p><strong>Handelsregistereintrag<\/strong><br \/>Amtsgericht Osnabr\u00fcck HRB Abt. B Nr. 19887<br \/>Segler-F\u00f6rderanlagen Maschinenfabrik GmbH<\/p>\n<p><strong>Gerichtsstand<\/strong><br \/>Amtsgericht Osnabr\u00fcck<\/p>\n<p><strong>Inhaltlich Verantwortlicher<\/strong><\/p>\n<p>i.S.d. \u00a7 55 (2) RStV: Thomas Neteler<\/p>\n<p>UST-Id.-Nr. DE 811238970<br \/>Steuer-Nr. 67\/200\/02 159<\/p>\n<p><strong>Bankverbindungen<\/strong><br \/>Kreissparkasse Bersenbr\u00fcck, IBAN: DE77 2655 1540 0018 8071 15, Swift-BIC: NOLADE21BEB<br \/>Oldenburgische Landesbank AG, IBAN: DE 80 2802 0050 3867 7605 00, Swift-BIC: OLBODEH2<br \/>Commerzbank, IBAN: DE32 2654 0070 0530 9950 00, Swift-BIC: COBADEFFXX<\/p>\n<p><strong>Zulassungen<\/strong><br \/>Eignungsnachweis nach DIN 18.800-7 Abschnitt 6.3<br \/>Kennziffer DIN EN ISO 4063<\/p>\n<p><strong><a href=\"https:\/\/www.segler.eu\/wp-content\/uploads\/2025\/01\/180523-SEGLER-Verhaltenskodex.pdf\">Verhaltenskodex <span style=\"font-size: 16px;\">SEGLER-F\u00f6rderanlagen Maschinenfabrik GmbH<\/span><\/a><\/strong><\/p>\n<p><strong>Rechtshinweis:<\/strong><br \/>Alle in diesem Internetangebot enthaltenen Informationen und Angaben wurden sorgf\u00e4ltig recherchiert und gepr\u00fcft. Diese Informationen sind ein Service und ersetzen eine pers\u00f6nliche Beratung nicht. Weder der Betreiber dieses Internetangebots noch dritte Lieferanten k\u00f6nnen f\u00fcr Richtigkeit, Vollst\u00e4ndigkeit und Aktualit\u00e4t die Haftung \u00fcbernehmen.<\/p>\n<p>Alle Informationen dienen ausschlie\u00dflich zur Information der Besucher des Onlineangebotes. Im \u00fcbrigen ist die Haftung auf Vorsatz und grobe Fahrl\u00e4ssigkeit beschr\u00e4nkt. F\u00fcr Internetseiten Dritter, auf die durch Hyperlink verweist, tragen die jeweiligen Anbieter die Verantwortung. Der Betreiber dieses Internetangebots ist f\u00fcr den Inhalt solcher Seiten Dritter nicht verantwortlich. Wir m\u00f6chten ausdr\u00fccklich betonen, dass wir keinerlei Einfluss auf Gestaltung und Inhalte der gelinkten Seiten habe. Deshalb distanzieren wir uns hiermit ausdr\u00fccklich von allen Inhalten aller gelinkten Seiten auf unserer Homepage und machen uns ihre Inhalte nicht zu Eigen. Diese Erkl\u00e4rung gilt f\u00fcr alle auf unserer Homepage ausgebrachten Links und f\u00fcr alle Inhalte der Seiten, zu denen die bei uns aufgef\u00fchrten Banner und Grafiken f\u00fchren.<br \/>Desweiteren kann diese Web-Seite ohne Wissen des Betreibers von einer anderen Seite mittels Hyperlink angelinkt worden sein. Der Betreiber \u00fcbernimmt keine Verantwortung f\u00fcr Inhalt, Darstellung oder irgendeiner Verbindung zu Web-Seiten Dritter.<\/p>\n<p>Au\u00dferdem beh\u00e4lt sich der Betreiber das Recht vor, \u00c4nderungen oder Erg\u00e4nzungen der bereitgestellten Informationen vorzunehmen. Aus den in dieser Dokumentation beschriebenen Themenbereichen k\u00f6nnen keine Rechtsanspr\u00fcche abgeleitet werden.<br \/>Inhalt und Struktur dieses Onlineangebotes sind urheberrechtlich gesch\u00fctzt. Die Vervielf\u00e4ltigung von Inhalten oder Daten, insbesondere die Verwendung von Texten, Textteilen oder Bildmaterial bedarf der ausdr\u00fccklichen vorherigen Zustimmung des Betreibers sowie seiner Partner. Die Inhalte d\u00fcrfen weder ganz noch teilweise ohne vorherige schriftliche Genehmigung des Urhebers vervielf\u00e4ltigt und\/oder ver\u00f6ffentlicht oder in einem Informationssystem gespeichert werden.<\/p>\n<p>Alle personenbezogenen Daten werden grunds\u00e4tzlich vertraulich behandelt. Bei der Erhebung, Verarbeitung und Nutzung der Daten und Einzelangaben halten wir uns streng an die gesetzlichen Bestimmungen des Bundesdatenschutzgesetzes und des Teledienstgesetzes.<br \/>Sie k\u00f6nnen jederzeit schriftlich der Nutzung, Verarbeitung bzw. der \u00dcbermittlung ihrer Daten auch zu Marketingzwecken durch schriftliche Mitteilung an obige Adresse widersprechen bzw. Ihre Einwilligung widerrufen.<\/p>\n<p>&nbsp;<\/p>\n<p>&nbsp;<\/p>\n<\/div>\n<p>[\/et_pb_text][\/et_pb_column][\/et_pb_row][\/et_pb_section]<\/p>\n","protected":false},"excerpt":{"rendered":"<p>Impressum Segler-F\u00f6rderanlagen Maschinenfabrik GmbHFriedrich-Segler-Str. 11D-49626 Berge Telefon: +49 (0)5435 9510 0Fax: +49 (0)5435 9510 33info@segler.eu Gesch\u00e4ftsf\u00fchrungHerr Thomas Neteler, Gesch\u00e4ftsf\u00fchrer HandelsregistereintragAmtsgericht Osnabr\u00fcck HRB Abt. B Nr. 19887Segler-F\u00f6rderanlagen Maschinenfabrik GmbH GerichtsstandAmtsgericht Osnabr\u00fcck Inhaltlich Verantwortlicher i.S.d. \u00a7 55 (2) RStV: Thomas Neteler UST-Id.-Nr. DE 811238970Steuer-Nr. 67\/200\/02 159 BankverbindungenKreissparkasse Bersenbr\u00fcck, IBAN: DE77 2655 1540 0018 8071 15, Swift-BIC: NOLADE21BEBOldenburgische [&hellip;]<\/p>\n","protected":false},"author":1,"featured_media":0,"parent":0,"menu_order":0,"comment_status":"closed","ping_status":"closed","template":"","meta":{"_et_pb_use_builder":"on","_et_pb_old_content":"","_et_gb_content_width":"","footnotes":""},"class_list":["post-277","page","type-page","status-publish","hentry"],"yoast_head":"<!-- This site is optimized with the Yoast SEO plugin v27.4 - https:\/\/yoast.com\/product\/yoast-seo-wordpress\/ -->\n<title>Impressum - SEGLER<\/title>\n<meta name=\"description\" content=\"Impressum von SEGLER\" \/>\n<meta name=\"robots\" content=\"noindex, follow\" \/>\n<meta property=\"og:locale\" content=\"en_US\" \/>\n<meta property=\"og:type\" content=\"article\" \/>\n<meta property=\"og:title\" content=\"Impressum - SEGLER\" \/>\n<meta property=\"og:description\" content=\"Impressum von SEGLER\" \/>\n<meta property=\"og:url\" content=\"https:\/\/www.segler.eu\/en\/imprint\/\" \/>\n<meta property=\"og:site_name\" content=\"SEGLER\" \/>\n<meta property=\"article:publisher\" content=\"https:\/\/www.facebook.com\/people\/Segler-Frderanlagen-Maschinenfabrik-GmbH\/61567270711954\/\" \/>\n<meta property=\"article:modified_time\" content=\"2025-01-09T11:52:22+00:00\" \/>\n<meta property=\"og:image\" content=\"https:\/\/www.segler.eu\/wp-content\/uploads\/2024\/11\/SEGLER-BERGE-1.png\" \/>\n\t<meta property=\"og:image:width\" content=\"750\" \/>\n\t<meta property=\"og:image:height\" content=\"750\" \/>\n\t<meta property=\"og:image:type\" content=\"image\/png\" \/>\n<meta name=\"twitter:label1\" content=\"Est. reading time\" \/>\n\t<meta name=\"twitter:data1\" content=\"3 minutes\" \/>\n<script type=\"application\/ld+json\" class=\"yoast-schema-graph\">{\"@context\":\"https:\\\/\\\/schema.org\",\"@graph\":[{\"@type\":\"WebPage\",\"@id\":\"https:\\\/\\\/www.segler.eu\\\/impressum\\\/\",\"url\":\"https:\\\/\\\/www.segler.eu\\\/impressum\\\/\",\"name\":\"Impressum - SEGLER\",\"isPartOf\":{\"@id\":\"https:\\\/\\\/www.segler.eu\\\/#website\"},\"datePublished\":\"2024-11-04T15:20:08+00:00\",\"dateModified\":\"2025-01-09T11:52:22+00:00\",\"description\":\"Impressum von SEGLER\",\"breadcrumb\":{\"@id\":\"https:\\\/\\\/www.segler.eu\\\/impressum\\\/#breadcrumb\"},\"inLanguage\":\"en-US\",\"potentialAction\":[{\"@type\":\"ReadAction\",\"target\":[\"https:\\\/\\\/www.segler.eu\\\/impressum\\\/\"]}]},{\"@type\":\"BreadcrumbList\",\"@id\":\"https:\\\/\\\/www.segler.eu\\\/impressum\\\/#breadcrumb\",\"itemListElement\":[{\"@type\":\"ListItem\",\"position\":1,\"name\":\"Startseite\",\"item\":\"https:\\\/\\\/www.segler.eu\\\/\"},{\"@type\":\"ListItem\",\"position\":2,\"name\":\"Impressum\"}]},{\"@type\":\"WebSite\",\"@id\":\"https:\\\/\\\/www.segler.eu\\\/#website\",\"url\":\"https:\\\/\\\/www.segler.eu\\\/\",\"name\":\"SEGLER\",\"description\":\"Materials in motion\",\"publisher\":{\"@id\":\"https:\\\/\\\/www.segler.eu\\\/#organization\"},\"potentialAction\":[{\"@type\":\"SearchAction\",\"target\":{\"@type\":\"EntryPoint\",\"urlTemplate\":\"https:\\\/\\\/www.segler.eu\\\/?s={search_term_string}\"},\"query-input\":{\"@type\":\"PropertyValueSpecification\",\"valueRequired\":true,\"valueName\":\"search_term_string\"}}],\"inLanguage\":\"en-US\"},{\"@type\":\"Organization\",\"@id\":\"https:\\\/\\\/www.segler.eu\\\/#organization\",\"name\":\"Segler-F\u00f6rderanlagen Maschinenfabrik GmbH\",\"alternateName\":\"SEGLER\",\"url\":\"https:\\\/\\\/www.segler.eu\\\/\",\"logo\":{\"@type\":\"ImageObject\",\"inLanguage\":\"en-US\",\"@id\":\"https:\\\/\\\/www.segler.eu\\\/#\\\/schema\\\/logo\\\/image\\\/\",\"url\":\"https:\\\/\\\/www.segler.eu\\\/wp-content\\\/uploads\\\/2024\\\/11\\\/SEGLER-BERGE-1.png\",\"contentUrl\":\"https:\\\/\\\/www.segler.eu\\\/wp-content\\\/uploads\\\/2024\\\/11\\\/SEGLER-BERGE-1.png\",\"width\":750,\"height\":750,\"caption\":\"Segler-F\u00f6rderanlagen Maschinenfabrik GmbH\"},\"image\":{\"@id\":\"https:\\\/\\\/www.segler.eu\\\/#\\\/schema\\\/logo\\\/image\\\/\"},\"sameAs\":[\"https:\\\/\\\/www.facebook.com\\\/people\\\/Segler-Frderanlagen-Maschinenfabrik-GmbH\\\/61567270711954\\\/\"]}]}<\/script>\n<!-- \/ Yoast SEO plugin. -->","yoast_head_json":{"title":"Imprint - SEGLER","description":"Imprint of SEGLER","robots":{"index":"noindex","follow":"follow"},"og_locale":"en_US","og_type":"article","og_title":"Impressum - SEGLER","og_description":"Impressum von SEGLER","og_url":"https:\/\/www.segler.eu\/en\/imprint\/","og_site_name":"SEGLER","article_publisher":"https:\/\/www.facebook.com\/people\/Segler-Frderanlagen-Maschinenfabrik-GmbH\/61567270711954\/","article_modified_time":"2025-01-09T11:52:22+00:00","og_image":[{"width":750,"height":750,"url":"https:\/\/www.segler.eu\/wp-content\/uploads\/2024\/11\/SEGLER-BERGE-1.png","type":"image\/png"}],"twitter_misc":{"Est. reading time":"3 minutes"},"schema":{"@context":"https:\/\/schema.org","@graph":[{"@type":"WebPage","@id":"https:\/\/www.segler.eu\/impressum\/","url":"https:\/\/www.segler.eu\/impressum\/","name":"Imprint - SEGLER","isPartOf":{"@id":"https:\/\/www.segler.eu\/#website"},"datePublished":"2024-11-04T15:20:08+00:00","dateModified":"2025-01-09T11:52:22+00:00","description":"Imprint of SEGLER","breadcrumb":{"@id":"https:\/\/www.segler.eu\/impressum\/#breadcrumb"},"inLanguage":"en-US","potentialAction":[{"@type":"ReadAction","target":["https:\/\/www.segler.eu\/impressum\/"]}]},{"@type":"BreadcrumbList","@id":"https:\/\/www.segler.eu\/impressum\/#breadcrumb","itemListElement":[{"@type":"ListItem","position":1,"name":"Startseite","item":"https:\/\/www.segler.eu\/"},{"@type":"ListItem","position":2,"name":"Impressum"}]},{"@type":"WebSite","@id":"https:\/\/www.segler.eu\/#website","url":"https:\/\/www.segler.eu\/","name":"SEGLER","description":"Materials in motion","publisher":{"@id":"https:\/\/www.segler.eu\/#organization"},"potentialAction":[{"@type":"SearchAction","target":{"@type":"EntryPoint","urlTemplate":"https:\/\/www.segler.eu\/?s={search_term_string}"},"query-input":{"@type":"PropertyValueSpecification","valueRequired":true,"valueName":"search_term_string"}}],"inLanguage":"en-US"},{"@type":"Organization","@id":"https:\/\/www.segler.eu\/#organization","name":"Segler-F\u00f6rderanlagen Maschinenfabrik GmbH","alternateName":"SEGLER","url":"https:\/\/www.segler.eu\/","logo":{"@type":"ImageObject","inLanguage":"en-US","@id":"https:\/\/www.segler.eu\/#\/schema\/logo\/image\/","url":"https:\/\/www.segler.eu\/wp-content\/uploads\/2024\/11\/SEGLER-BERGE-1.png","contentUrl":"https:\/\/www.segler.eu\/wp-content\/uploads\/2024\/11\/SEGLER-BERGE-1.png","width":750,"height":750,"caption":"Segler-F\u00f6rderanlagen Maschinenfabrik GmbH"},"image":{"@id":"https:\/\/www.segler.eu\/#\/schema\/logo\/image\/"},"sameAs":["https:\/\/www.facebook.com\/people\/Segler-Frderanlagen-Maschinenfabrik-GmbH\/61567270711954\/"]}]}},"_links":{"self":[{"href":"https:\/\/www.segler.eu\/en\/wp-json\/wp\/v2\/pages\/277","targetHints":{"allow":["GET"]}}],"collection":[{"href":"https:\/\/www.segler.eu\/en\/wp-json\/wp\/v2\/pages"}],"about":[{"href":"https:\/\/www.segler.eu\/en\/wp-json\/wp\/v2\/types\/page"}],"author":[{"embeddable":true,"href":"https:\/\/www.segler.eu\/en\/wp-json\/wp\/v2\/users\/1"}],"replies":[{"embeddable":true,"href":"https:\/\/www.segler.eu\/en\/wp-json\/wp\/v2\/comments?post=277"}],"version-history":[{"count":0,"href":"https:\/\/www.segler.eu\/en\/wp-json\/wp\/v2\/pages\/277\/revisions"}],"wp:attachment":[{"href":"https:\/\/www.segler.eu\/en\/wp-json\/wp\/v2\/media?parent=277"}],"curies":[{"name":"wp","href":"https:\/\/api.w.org\/{rel}","templated":true}]}}