{"id":1364,"date":"2024-12-08T15:56:38","date_gmt":"2024-12-08T14:56:38","guid":{"rendered":"https:\/\/www.segler.eu\/?page_id=1364"},"modified":"2025-08-17T21:29:51","modified_gmt":"2025-08-17T19:29:51","slug":"intercambiador-de-calor-de-tornillo","status":"publish","type":"page","link":"https:\/\/www.segler.eu\/es\/produkte\/schneckenwaermetauscher\/","title":{"rendered":"intercambiador de calor de tornillo"},"content":{"rendered":"<p>[et_pb_section fb_built=&#8220;1&#8243; _builder_version=&#8220;4.27.4&#8243; _module_preset=&#8220;default&#8220; background_image=&#8220;https:\/\/www.segler.eu\/wp-content\/uploads\/2024\/12\/SCHNECKEN.png&#8220; height=&#8220;45vh&#8220; custom_margin=&#8220;-10%||||false|false&#8220; locked=&#8220;off&#8220; global_colors_info=&#8220;{}&#8220;][et_pb_row _builder_version=&#8220;4.27.2&#8243; _module_preset=&#8220;default&#8220; custom_padding=&#8220;20vh||||false|false&#8220; global_colors_info=&#8220;{}&#8220;][et_pb_column type=&#8220;4_4&#8243; _builder_version=&#8220;4.27.2&#8243; _module_preset=&#8220;default&#8220; global_colors_info=&#8220;{}&#8220;][\/et_pb_column][\/et_pb_row][\/et_pb_section][et_pb_section fb_built=&#8220;1&#8243; _builder_version=&#8220;4.27.4&#8243; _module_preset=&#8220;default&#8220; locked=&#8220;off&#8220; global_colors_info=&#8220;{}&#8220;][et_pb_row _builder_version=&#8220;4.27.2&#8243; _module_preset=&#8220;default&#8220; custom_margin=&#8220;0px||0px||true|false&#8220; custom_padding=&#8220;0px||0px||true|false&#8220; locked=&#8220;off&#8220; global_colors_info=&#8220;{}&#8220;][et_pb_column type=&#8220;4_4&#8243; _builder_version=&#8220;4.27.2&#8243; _module_preset=&#8220;default&#8220; global_colors_info=&#8220;{}&#8220;][et_pb_heading title=&#8220;Produkte&#8220; _builder_version=&#8220;4.27.2&#8243; _module_preset=&#8220;default&#8220; title_level=&#8220;h4&#8243; title_font=&#8220;|||on|||||&#8220; title_text_color=&#8220;#b82435&#8243; custom_margin=&#8220;0px||0px||false|false&#8220; custom_padding=&#8220;0px||0px||false|false&#8220; global_colors_info=&#8220;{}&#8220;][\/et_pb_heading][et_pb_heading title=&#8220;Schneckenw\u00e4rmetauscher \u2013 Ihre L\u00f6sung als K\u00fchlschnecke oder Heizschnecke&#8220; _builder_version=&#8220;4.27.4&#8243; _module_preset=&#8220;default&#8220; title_font=&#8220;|||on|||||&#8220; custom_margin=&#8220;0px||15px||false|false&#8220; custom_padding=&#8220;0px||0px||true|false&#8220; global_colors_info=&#8220;{}&#8220;][\/et_pb_heading][et_pb_divider _builder_version=&#8220;4.27.2&#8243; _module_preset=&#8220;default&#8220; width=&#8220;50%&#8220; global_colors_info=&#8220;{}&#8220;][\/et_pb_divider][\/et_pb_column][\/et_pb_row][et_pb_row _builder_version=&#8220;4.27.2&#8243; _module_preset=&#8220;default&#8220; locked=&#8220;off&#8220; global_colors_info=&#8220;{}&#8220;][et_pb_column type=&#8220;4_4&#8243; _builder_version=&#8220;4.27.2&#8243; _module_preset=&#8220;default&#8220; global_colors_info=&#8220;{}&#8220;][et_pb_text _builder_version=&#8220;4.27.4&#8243; _module_preset=&#8220;default&#8220; global_colors_info=&#8220;{}&#8220;]<\/p>\n<p data-pm-slice=\"1 1 []\"><span>Unsere Schneckenw\u00e4rmetauscher, eingesetzt als K\u00fchlschnecke oder Heizschnecke, sind eine innovative L\u00f6sung f\u00fcr die effiziente Temperierung und den Transport von Sch\u00fcttg\u00fctern und Schl\u00e4mmen. Sie vereinen die Funktionen eines klassischen F\u00f6rdersystems mit zus\u00e4tzlichen verfahrenstechnischen Prozessen, die direkt in den Transportvorgang integriert werden k\u00f6nnen. Dies macht sie zu einer \u00e4u\u00dferst vielseitigen und wertvollen Komponente f\u00fcr unterschiedlichste industrielle Anwendungen.<\/span><\/p>\n<h3><span>Vielseitige Anwendungsm\u00f6glichkeiten von K\u00fchlschnecken &amp; Heizschnecken<\/span><\/h3>\n<p><span>Schneckenw\u00e4rmetauscher kommen in zahlreichen Industriezweigen zum Einsatz, da sie verschiedene Aufgaben in einem einzigen System kombinieren k\u00f6nnen. Ob als K\u00fchlschnecke zur gezielten Temperierung oder als Heizschnecke f\u00fcr eine gleichm\u00e4\u00dfige Erw\u00e4rmung \u2013 diese Technologie bietet weitreichende Vorteile f\u00fcr Unternehmen, die auf eine pr\u00e4zise Steuerung von Temperaturprozessen angewiesen sind.<\/span><\/p>\n<p><span>Ein entscheidender Vorteil liegt in der M\u00f6glichkeit, mehrere Prozesse in einem einzigen Schritt zu kombinieren. Neben dem reinen Transport k\u00f6nnen Schneckenw\u00e4rmetauscher zus\u00e4tzliche Funktionen wie Dosieren, Trocknen, Mischen oder Hygienisieren \u00fcbernehmen. Das bedeutet, dass Unternehmen, die diese Technologie nutzen, ihre Produktionsabl\u00e4ufe erheblich optimieren und gleichzeitig Kosten f\u00fcr zus\u00e4tzliche Maschinen oder Prozessschritte einsparen k\u00f6nnen.<\/span><\/p>\n<p>[\/et_pb_text][\/et_pb_column][\/et_pb_row][et_pb_row column_structure=&#8220;1_2,1_2&#8243; _builder_version=&#8220;4.27.2&#8243; _module_preset=&#8220;default&#8220; global_colors_info=&#8220;{}&#8220;][et_pb_column type=&#8220;1_2&#8243; _builder_version=&#8220;4.27.2&#8243; _module_preset=&#8220;default&#8220; global_colors_info=&#8220;{}&#8220;][et_pb_image src=&#8220;http:\/\/www.segler.eu\/wp-content\/uploads\/2024\/12\/3-2.png&#8220; alt=&#8220;Prospirator&#8220; title_text=&#8220;1&#8243; _builder_version=&#8220;4.27.4&#8243; _module_preset=&#8220;default&#8220; module_alignment=&#8220;center&#8220; global_colors_info=&#8220;{}&#8220;][\/et_pb_image][et_pb_toggle title=&#8220;Prospirator&#8220; icon_color=&#8220;#b82435&#8243; _builder_version=&#8220;4.27.4&#8243; _module_preset=&#8220;default&#8220; title_text_color=&#8220;#b82435&#8243; title_level=&#8220;h3&#8243; hover_enabled=&#8220;0&#8243; global_colors_info=&#8220;{}&#8220; sticky_enabled=&#8220;0&#8243;]<\/p>\n<p>Referenzprojekte:<\/p>\n<p><a href=\"https:\/\/www.segler.eu\/wp-content\/uploads\/2025\/01\/241220-Kuehlung-getrock-Klaerschlamm-Berlin.pdf\" target=\"_blank\" rel=\"noopener\">K\u00fchlung und F\u00f6rderung getrockneter Kl\u00e4rschlamm<\/a><br \/><a href=\"https:\/\/www.segler.eu\/wp-content\/uploads\/2024\/12\/2024-12-12-Produktbeschreibung-SEGLER-Heizschneckenmischer.pdf\" target=\"_blank\" rel=\"noopener\">Heizschneckenmischer<\/a><\/p>\n<p>Produktspanne Schneckenw\u00e4rmetauscher:<\/p>\n<ul>\n<li>Heizschneckenf\u00f6rderer<\/li>\n<li>K\u00fchlschneckenf\u00f6rderer<\/li>\n<li>Mischschneckenf\u00f6rderer<\/li>\n<li>Siebschneckenf\u00f6rderer<\/li>\n<li>Schneckenf\u00f6rderer als Schwimm- oder Sinkstufe (Klassierer)<\/li>\n<li>Anfeuchtschneckenf\u00f6rderer<\/li>\n<li>Schneckenreaktor<\/li>\n<\/ul>\n<p>Eigenschaften \/ Variationen:<\/p>\n<ul>\n<li>Werkstoffe<br \/>In Edelstahl, Normalstahl und in Metall-Sonderwerkstoffen<\/li>\n<li>Bauweise<br \/>1-, 2- oder mehrwellig in Rohrtrog, meist k\u00e4mmende Schneckenwellen<\/li>\n<li>Gestaltung<br \/>Vollblattgewinde, Aussparungsgewinde (Mischeffekt oder Selbstreinigungseffekt), Hohlgewinde<\/li>\n<li>Ausstattungen<br \/>Thermofl\u00fcgel, Temperierung des Schneckentrogs, Aufpanzerungen, Verschlei\u00dfschutzbleche, Beschichtungen, Reinigungs\u00f6ffnungen, CIP, Inspektionsklappen, Drehw\u00e4chter, F\u00fcllstandsmelder, mehrere Gutaufgabestellen \/ Gutabgabestellen<\/li>\n<li>Ausf\u00fchrungen<br \/>Staubdicht, gasdicht, druckdicht bzw. drucksto\u00dffest, Vakuum-Betrieb, mit CE-Zeichen, lebensmittelgerecht\/Hygienic Design, ATEX-konform, WHG-gerecht<\/li>\n<li>Dichtungen<br \/>Produktspezifische Dichtungen, Einhaltung TA Luft, Systemabschluss m\u00f6glich<\/li>\n<li>Antrieb<br \/>IE3-Motor, umrichtertauglich, f\u00fcr bis Zone 1 und 21<\/li>\n<\/ul>\n<p>Vorteile der Heiz- &amp; K\u00fchlschnecken:<\/p>\n<ul>\n<li>Staubdicht, gasdicht m\u00f6glich (innertes Verfahren)<\/li>\n<li>Umsetzen auch komplexer Herstellungsprozesse<\/li>\n<li>Optimale Abstimmungen der verschiedenen Funktionen<\/li>\n<li>Variable Prozessgestaltungen\/ Einstellungen je nach Rezeptur<\/li>\n<li>Gleichm\u00e4\u00dfiges Temperieren<\/li>\n<li>Solide und robuste Auslegung<\/li>\n<li>Vor- und nachgelagerte Schritte integrierbar wie Dosiervorrichtungen, Beschickung<\/li>\n<li>Kosteng\u00fcnstige L\u00f6sung, niedrige Betriebskosten<\/li>\n<li>Dauerbetrieb<\/li>\n<li>Keine Bef\u00fcll- und Entleerzeiten (In-Line-Prozesse)<\/li>\n<li>Passend f\u00fcr Peripherie wie Bunker\u00fcbergaben, Filter, Armaturen, Absaugung<\/li>\n<\/ul>\n<p>[\/et_pb_toggle][\/et_pb_column][et_pb_column type=&#8220;1_2&#8243; _builder_version=&#8220;4.27.2&#8243; _module_preset=&#8220;default&#8220; global_colors_info=&#8220;{}&#8220;][\/et_pb_column][\/et_pb_row][et_pb_row _builder_version=&#8220;4.27.4&#8243; _module_preset=&#8220;default&#8220; global_colors_info=&#8220;{}&#8220;][et_pb_column type=&#8220;4_4&#8243; _builder_version=&#8220;4.27.4&#8243; _module_preset=&#8220;default&#8220; global_colors_info=&#8220;{}&#8220;][et_pb_text _builder_version=&#8220;4.27.4&#8243; _module_preset=&#8220;default&#8220; hover_enabled=&#8220;0&#8243; global_colors_info=&#8220;{}&#8220; sticky_enabled=&#8220;0&#8243;]<\/p>\n<h3 data-pm-slice=\"1 3 []\">Vorteile der Schneckenw\u00e4rmetauscher-Technologie<\/h3>\n<p>Die Entscheidung f\u00fcr Schneckenw\u00e4rmetauscher bringt zahlreiche betriebliche Vorteile mit sich:<\/p>\n<ol data-spread=\"false\" start=\"1\">\n<li>Energieeffizienz: Durch die W\u00e4rme\u00fcbertragung wird die ben\u00f6tigte Energie optimal genutzt, wodurch Betriebskosten gesenkt werden k\u00f6nnen.<\/li>\n<li>Kompakte Bauweise: Im Vergleich zu separaten F\u00f6rdersystemen und W\u00e4rmetauschern nehmen Schneckenw\u00e4rmetauscher weniger Platz ein und erm\u00f6glichen eine platzsparende Integration in bestehende Anlagen.<\/li>\n<li>Reduzierung von Produktionsschritten: Da mehrere Prozesse in einem Ger\u00e4t kombiniert werden k\u00f6nnen, wird die Gesamtanzahl der ben\u00f6tigten Maschinen verringert. Dies f\u00fchrt zu einer Vereinfachung der Produktionsabl\u00e4ufe und senkt Wartungsaufw\u00e4nde.<\/li>\n<li>Hohe Prozesssicherheit: Die pr\u00e4zise Regelbarkeit der Temperaturen stellt sicher, dass Prozesse stabil und zuverl\u00e4ssig ablaufen.<\/li>\n<li>Anpassungsf\u00e4higkeit: Schneckenw\u00e4rmetauscher k\u00f6nnen flexibel an spezifische Anforderungen angepasst werden.<\/li>\n<li>Lange Lebensdauer: Dank robuster Materialien und ausgefeilter Technik sind Schneckenw\u00e4rmetauscher \u00e4u\u00dferst langlebig und widerstandsf\u00e4hig.<\/li>\n<\/ol>\n<p>[\/et_pb_text][\/et_pb_column][\/et_pb_row][et_pb_row column_structure=&#8220;3_5,2_5&#8243; make_equal=&#8220;on&#8220; _builder_version=&#8220;4.27.2&#8243; _module_preset=&#8220;default&#8220; background_color=&#8220;#b82435&#8243; custom_margin=&#8220;25px||||false|false&#8220; custom_padding=&#8220;20px|25px|20px|25px|false|true&#8220; border_radii=&#8220;on|2px|2px|2px|2px&#8220; box_shadow_style=&#8220;preset1&#8243; locked=&#8220;off&#8220; global_colors_info=&#8220;{}&#8220;][et_pb_column type=&#8220;3_5&#8243; module_class=&#8220;vertikal-zentrieren&#8220; _builder_version=&#8220;4.27.2&#8243; _module_preset=&#8220;default&#8220; global_colors_info=&#8220;{}&#8220;][et_pb_heading title=&#8220;Schneckenw\u00e4rmetauscher f\u00fcr anspruchsvolle Prozesse&#8220; _builder_version=&#8220;4.27.4&#8243; _module_preset=&#8220;default&#8220; title_level=&#8220;h4&#8243; title_text_align=&#8220;left&#8220; title_text_color=&#8220;#FFFFFF&#8220; custom_margin=&#8220;||0px||false|false&#8220; global_colors_info=&#8220;{}&#8220;][\/et_pb_heading][et_pb_text _builder_version=&#8220;4.27.4&#8243; _module_preset=&#8220;default&#8220; global_colors_info=&#8220;{}&#8220;]<\/p>\n<p><span style=\"color: #ffffff;\">Effiziente W\u00e4rmer\u00fcckgewinnung f\u00fcr komplexe Verfahren: Mit unseren Schneckenw\u00e4rmetauschern als K\u00fchlschnecke oder Heizschnecke, bieten wir robuste und innovative L\u00f6sungen, die auf Ihre Anforderungen abgestimmt sind. Kontaktieren Sie uns f\u00fcr Ihre individuelle L\u00f6sung!<\/span><\/p>\n<p>[\/et_pb_text][\/et_pb_column][et_pb_column type=&#8220;2_5&#8243; module_class=&#8220;vertikal-zentrieren&#8220; _builder_version=&#8220;4.27.2&#8243; _module_preset=&#8220;default&#8220; global_colors_info=&#8220;{}&#8220;][et_pb_button button_url=&#8220;@ET-DC@eyJkeW5hbWljIjp0cnVlLCJjb250ZW50IjoicG9zdF9saW5rX3VybF9wYWdlIiwic2V0dGluZ3MiOnsicG9zdF9pZCI6IjI3MyJ9fQ==@&#8220; button_text=&#8220;Jetzt Kontakt aufnehmen&#8220; button_alignment=&#8220;center&#8220; _builder_version=&#8220;4.27.2&#8243; _dynamic_attributes=&#8220;button_url&#8220; _module_preset=&#8220;default&#8220; custom_button=&#8220;on&#8220; button_text_color=&#8220;#b82435&#8243; button_bg_color=&#8220;#FFFFFF&#8220; button_border_width=&#8220;1px&#8220; button_border_color=&#8220;#FFFFFF&#8220; box_shadow_style=&#8220;preset1&#8243; global_colors_info=&#8220;{}&#8220;][\/et_pb_button][\/et_pb_column][\/et_pb_row][\/et_pb_section]<\/p>\n","protected":false},"excerpt":{"rendered":"<p>Unsere Schneckenw\u00e4rmetauscher, eingesetzt als K\u00fchlschnecke oder Heizschnecke, sind eine innovative L\u00f6sung f\u00fcr die effiziente Temperierung und den Transport von Sch\u00fcttg\u00fctern und Schl\u00e4mmen. Sie vereinen die Funktionen eines klassischen F\u00f6rdersystems mit zus\u00e4tzlichen verfahrenstechnischen Prozessen, die direkt in den Transportvorgang integriert werden k\u00f6nnen. Dies macht sie zu einer \u00e4u\u00dferst vielseitigen und wertvollen Komponente f\u00fcr unterschiedlichste industrielle Anwendungen. [&hellip;]<\/p>\n","protected":false},"author":1,"featured_media":0,"parent":164,"menu_order":0,"comment_status":"closed","ping_status":"closed","template":"","meta":{"_et_pb_use_builder":"on","_et_pb_old_content":"","_et_gb_content_width":"","footnotes":""},"class_list":["post-1364","page","type-page","status-publish","hentry"],"yoast_head":"<!-- This site is optimized with the Yoast SEO plugin v27.3 - https:\/\/yoast.com\/product\/yoast-seo-wordpress\/ -->\n<title>Schneckenw\u00e4rmetauscher: Heiz- &amp; K\u00fchlschnecken - SEGLER<\/title>\n<meta name=\"description\" content=\"Schneckenw\u00e4rmetauscher \u2013 als K\u00fchlschnecke k\u00fchlen, als Heizschnecke erw\u00e4rmen. Effizient, pr\u00e4zise und vielseitig einsetzbar!\" \/>\n<meta name=\"robots\" content=\"index, follow, max-snippet:-1, max-image-preview:large, max-video-preview:-1\" \/>\n<link rel=\"canonical\" href=\"https:\/\/www.segler.eu\/es\/productos\/intercambiador-de-calor-de-tornillo\/\" \/>\n<meta property=\"og:locale\" content=\"es_ES\" \/>\n<meta property=\"og:type\" content=\"article\" \/>\n<meta property=\"og:title\" content=\"Schneckenw\u00e4rmetauscher: Heiz- &amp; K\u00fchlschnecken - SEGLER\" \/>\n<meta property=\"og:description\" content=\"Schneckenw\u00e4rmetauscher \u2013 als K\u00fchlschnecke k\u00fchlen, als Heizschnecke erw\u00e4rmen. Effizient, pr\u00e4zise und vielseitig einsetzbar!\" \/>\n<meta property=\"og:url\" content=\"https:\/\/www.segler.eu\/es\/productos\/intercambiador-de-calor-de-tornillo\/\" \/>\n<meta property=\"og:site_name\" content=\"SEGLER\" \/>\n<meta property=\"article:publisher\" content=\"https:\/\/www.facebook.com\/people\/Segler-Frderanlagen-Maschinenfabrik-GmbH\/61567270711954\/\" \/>\n<meta property=\"article:modified_time\" content=\"2025-08-17T19:29:51+00:00\" \/>\n<meta property=\"og:image\" content=\"https:\/\/www.segler.eu\/wp-content\/uploads\/2024\/11\/SEGLER-BERGE-1.png\" \/>\n\t<meta property=\"og:image:width\" content=\"750\" \/>\n\t<meta property=\"og:image:height\" content=\"750\" \/>\n\t<meta property=\"og:image:type\" content=\"image\/png\" \/>\n<meta name=\"twitter:label1\" content=\"Tiempo de lectura\" \/>\n\t<meta name=\"twitter:data1\" content=\"2 minutos\" \/>\n<script type=\"application\/ld+json\" class=\"yoast-schema-graph\">{\"@context\":\"https:\\\/\\\/schema.org\",\"@graph\":[{\"@type\":\"WebPage\",\"@id\":\"https:\\\/\\\/www.segler.eu\\\/produkte\\\/schneckenwaermetauscher\\\/\",\"url\":\"https:\\\/\\\/www.segler.eu\\\/produkte\\\/schneckenwaermetauscher\\\/\",\"name\":\"Schneckenw\u00e4rmetauscher: Heiz- & K\u00fchlschnecken - SEGLER\",\"isPartOf\":{\"@id\":\"https:\\\/\\\/www.segler.eu\\\/#website\"},\"datePublished\":\"2024-12-08T14:56:38+00:00\",\"dateModified\":\"2025-08-17T19:29:51+00:00\",\"description\":\"Schneckenw\u00e4rmetauscher \u2013 als K\u00fchlschnecke k\u00fchlen, als Heizschnecke erw\u00e4rmen. Effizient, pr\u00e4zise und vielseitig einsetzbar!\",\"breadcrumb\":{\"@id\":\"https:\\\/\\\/www.segler.eu\\\/produkte\\\/schneckenwaermetauscher\\\/#breadcrumb\"},\"inLanguage\":\"es\",\"potentialAction\":[{\"@type\":\"ReadAction\",\"target\":[\"https:\\\/\\\/www.segler.eu\\\/produkte\\\/schneckenwaermetauscher\\\/\"]}]},{\"@type\":\"BreadcrumbList\",\"@id\":\"https:\\\/\\\/www.segler.eu\\\/produkte\\\/schneckenwaermetauscher\\\/#breadcrumb\",\"itemListElement\":[{\"@type\":\"ListItem\",\"position\":1,\"name\":\"Startseite\",\"item\":\"https:\\\/\\\/www.segler.eu\\\/\"},{\"@type\":\"ListItem\",\"position\":2,\"name\":\"Produkte\",\"item\":\"https:\\\/\\\/www.segler.eu\\\/produkte\\\/\"},{\"@type\":\"ListItem\",\"position\":3,\"name\":\"Schnecken-W\u00e4rmetauscher\"}]},{\"@type\":\"WebSite\",\"@id\":\"https:\\\/\\\/www.segler.eu\\\/#website\",\"url\":\"https:\\\/\\\/www.segler.eu\\\/\",\"name\":\"SEGLER\",\"description\":\"Materials in motion\",\"publisher\":{\"@id\":\"https:\\\/\\\/www.segler.eu\\\/#organization\"},\"potentialAction\":[{\"@type\":\"SearchAction\",\"target\":{\"@type\":\"EntryPoint\",\"urlTemplate\":\"https:\\\/\\\/www.segler.eu\\\/?s={search_term_string}\"},\"query-input\":{\"@type\":\"PropertyValueSpecification\",\"valueRequired\":true,\"valueName\":\"search_term_string\"}}],\"inLanguage\":\"es\"},{\"@type\":\"Organization\",\"@id\":\"https:\\\/\\\/www.segler.eu\\\/#organization\",\"name\":\"Segler-F\u00f6rderanlagen Maschinenfabrik GmbH\",\"alternateName\":\"SEGLER\",\"url\":\"https:\\\/\\\/www.segler.eu\\\/\",\"logo\":{\"@type\":\"ImageObject\",\"inLanguage\":\"es\",\"@id\":\"https:\\\/\\\/www.segler.eu\\\/#\\\/schema\\\/logo\\\/image\\\/\",\"url\":\"https:\\\/\\\/www.segler.eu\\\/wp-content\\\/uploads\\\/2024\\\/11\\\/SEGLER-BERGE-1.png\",\"contentUrl\":\"https:\\\/\\\/www.segler.eu\\\/wp-content\\\/uploads\\\/2024\\\/11\\\/SEGLER-BERGE-1.png\",\"width\":750,\"height\":750,\"caption\":\"Segler-F\u00f6rderanlagen Maschinenfabrik GmbH\"},\"image\":{\"@id\":\"https:\\\/\\\/www.segler.eu\\\/#\\\/schema\\\/logo\\\/image\\\/\"},\"sameAs\":[\"https:\\\/\\\/www.facebook.com\\\/people\\\/Segler-Frderanlagen-Maschinenfabrik-GmbH\\\/61567270711954\\\/\"]}]}<\/script>\n<!-- \/ Yoast SEO plugin. -->","yoast_head_json":{"title":"Intercambiador de calor de tornillo: Tornillos de calefacci\u00f3n y refrigeraci\u00f3n - SEGLER","description":"Intercambiador de calor de tornillo: refrigeraci\u00f3n como tornillo de refrigeraci\u00f3n, calefacci\u00f3n como tornillo de calefacci\u00f3n. Eficaz, preciso y vers\u00e1til.","robots":{"index":"index","follow":"follow","max-snippet":"max-snippet:-1","max-image-preview":"max-image-preview:large","max-video-preview":"max-video-preview:-1"},"canonical":"https:\/\/www.segler.eu\/es\/productos\/intercambiador-de-calor-de-tornillo\/","og_locale":"es_ES","og_type":"article","og_title":"Schneckenw\u00e4rmetauscher: Heiz- & K\u00fchlschnecken - SEGLER","og_description":"Schneckenw\u00e4rmetauscher \u2013 als K\u00fchlschnecke k\u00fchlen, als Heizschnecke erw\u00e4rmen. Effizient, pr\u00e4zise und vielseitig einsetzbar!","og_url":"https:\/\/www.segler.eu\/es\/productos\/intercambiador-de-calor-de-tornillo\/","og_site_name":"SEGLER","article_publisher":"https:\/\/www.facebook.com\/people\/Segler-Frderanlagen-Maschinenfabrik-GmbH\/61567270711954\/","article_modified_time":"2025-08-17T19:29:51+00:00","og_image":[{"width":750,"height":750,"url":"https:\/\/www.segler.eu\/wp-content\/uploads\/2024\/11\/SEGLER-BERGE-1.png","type":"image\/png"}],"twitter_misc":{"Tiempo de lectura":"2 minutos"},"schema":{"@context":"https:\/\/schema.org","@graph":[{"@type":"WebPage","@id":"https:\/\/www.segler.eu\/produkte\/schneckenwaermetauscher\/","url":"https:\/\/www.segler.eu\/produkte\/schneckenwaermetauscher\/","name":"Intercambiador de calor de tornillo: Tornillos de calefacci\u00f3n y refrigeraci\u00f3n - SEGLER","isPartOf":{"@id":"https:\/\/www.segler.eu\/#website"},"datePublished":"2024-12-08T14:56:38+00:00","dateModified":"2025-08-17T19:29:51+00:00","description":"Intercambiador de calor de tornillo: refrigeraci\u00f3n como tornillo de refrigeraci\u00f3n, calefacci\u00f3n como tornillo de calefacci\u00f3n. Eficaz, preciso y vers\u00e1til.","breadcrumb":{"@id":"https:\/\/www.segler.eu\/produkte\/schneckenwaermetauscher\/#breadcrumb"},"inLanguage":"es","potentialAction":[{"@type":"ReadAction","target":["https:\/\/www.segler.eu\/produkte\/schneckenwaermetauscher\/"]}]},{"@type":"BreadcrumbList","@id":"https:\/\/www.segler.eu\/produkte\/schneckenwaermetauscher\/#breadcrumb","itemListElement":[{"@type":"ListItem","position":1,"name":"Startseite","item":"https:\/\/www.segler.eu\/"},{"@type":"ListItem","position":2,"name":"Produkte","item":"https:\/\/www.segler.eu\/produkte\/"},{"@type":"ListItem","position":3,"name":"Schnecken-W\u00e4rmetauscher"}]},{"@type":"WebSite","@id":"https:\/\/www.segler.eu\/#website","url":"https:\/\/www.segler.eu\/","name":"SEGLER","description":"Materiales en movimiento","publisher":{"@id":"https:\/\/www.segler.eu\/#organization"},"potentialAction":[{"@type":"SearchAction","target":{"@type":"EntryPoint","urlTemplate":"https:\/\/www.segler.eu\/?s={search_term_string}"},"query-input":{"@type":"PropertyValueSpecification","valueRequired":true,"valueName":"search_term_string"}}],"inLanguage":"es"},{"@type":"Organization","@id":"https:\/\/www.segler.eu\/#organization","name":"Segler-F\u00f6rderanlagen Maschinenfabrik GmbH","alternateName":"SEGLER","url":"https:\/\/www.segler.eu\/","logo":{"@type":"ImageObject","inLanguage":"es","@id":"https:\/\/www.segler.eu\/#\/schema\/logo\/image\/","url":"https:\/\/www.segler.eu\/wp-content\/uploads\/2024\/11\/SEGLER-BERGE-1.png","contentUrl":"https:\/\/www.segler.eu\/wp-content\/uploads\/2024\/11\/SEGLER-BERGE-1.png","width":750,"height":750,"caption":"Segler-F\u00f6rderanlagen Maschinenfabrik GmbH"},"image":{"@id":"https:\/\/www.segler.eu\/#\/schema\/logo\/image\/"},"sameAs":["https:\/\/www.facebook.com\/people\/Segler-Frderanlagen-Maschinenfabrik-GmbH\/61567270711954\/"]}]}},"_links":{"self":[{"href":"https:\/\/www.segler.eu\/es\/wp-json\/wp\/v2\/pages\/1364","targetHints":{"allow":["GET"]}}],"collection":[{"href":"https:\/\/www.segler.eu\/es\/wp-json\/wp\/v2\/pages"}],"about":[{"href":"https:\/\/www.segler.eu\/es\/wp-json\/wp\/v2\/types\/page"}],"author":[{"embeddable":true,"href":"https:\/\/www.segler.eu\/es\/wp-json\/wp\/v2\/users\/1"}],"replies":[{"embeddable":true,"href":"https:\/\/www.segler.eu\/es\/wp-json\/wp\/v2\/comments?post=1364"}],"version-history":[{"count":0,"href":"https:\/\/www.segler.eu\/es\/wp-json\/wp\/v2\/pages\/1364\/revisions"}],"up":[{"embeddable":true,"href":"https:\/\/www.segler.eu\/es\/wp-json\/wp\/v2\/pages\/164"}],"wp:attachment":[{"href":"https:\/\/www.segler.eu\/es\/wp-json\/wp\/v2\/media?parent=1364"}],"curies":[{"name":"wp","href":"https:\/\/api.w.org\/{rel}","templated":true}]}}