{"id":177,"date":"2024-11-04T16:04:29","date_gmt":"2024-11-04T15:04:29","guid":{"rendered":"http:\/\/www.segler.eu\/?page_id=177"},"modified":"2025-10-02T13:29:30","modified_gmt":"2025-10-02T11:29:30","slug":"calidad","status":"publish","type":"page","link":"https:\/\/www.segler.eu\/es\/unternehmen\/qualitaet\/","title":{"rendered":"Calidad"},"content":{"rendered":"<p>[et_pb_section fb_built=&#8220;1&#8243; _builder_version=&#8220;4.27.4&#8243; _module_preset=&#8220;default&#8220; background_image=&#8220;https:\/\/www.segler.eu\/wp-content\/uploads\/2024\/12\/57_2011-04-27D70_4598.jpg&#8220; height=&#8220;45vh&#8220; custom_margin=&#8220;-10%||||false|false&#8220; locked=&#8220;off&#8220; global_colors_info=&#8220;{}&#8220;][et_pb_row _builder_version=&#8220;4.27.2&#8243; _module_preset=&#8220;default&#8220; custom_padding=&#8220;20vh||||false|false&#8220; global_colors_info=&#8220;{}&#8220;][et_pb_column type=&#8220;4_4&#8243; _builder_version=&#8220;4.27.2&#8243; _module_preset=&#8220;default&#8220; global_colors_info=&#8220;{}&#8220;][\/et_pb_column][\/et_pb_row][\/et_pb_section][et_pb_section fb_built=&#8220;1&#8243; _builder_version=&#8220;4.27.2&#8243; _module_preset=&#8220;default&#8220; global_colors_info=&#8220;{}&#8220;][et_pb_row _builder_version=&#8220;4.27.2&#8243; _module_preset=&#8220;default&#8220; custom_margin=&#8220;0px||0px||true|false&#8220; custom_padding=&#8220;0px||0px||true|false&#8220; locked=&#8220;off&#8220; global_colors_info=&#8220;{}&#8220;][et_pb_column type=&#8220;4_4&#8243; _builder_version=&#8220;4.27.2&#8243; _module_preset=&#8220;default&#8220; global_colors_info=&#8220;{}&#8220;][et_pb_heading title=&#8220;Unternehmen&#8220; _builder_version=&#8220;4.27.2&#8243; _module_preset=&#8220;default&#8220; title_level=&#8220;h4&#8243; title_font=&#8220;|||on|||||&#8220; title_text_color=&#8220;#b82435&#8243; custom_margin=&#8220;0px||0px||false|false&#8220; custom_padding=&#8220;0px||0px||false|false&#8220; global_colors_info=&#8220;{}&#8220;][\/et_pb_heading][et_pb_heading title=&#8220;Qualit\u00e4t&#8220; _builder_version=&#8220;4.27.2&#8243; _module_preset=&#8220;default&#8220; title_font=&#8220;|||on|||||&#8220; custom_margin=&#8220;0px||15px||false|false&#8220; custom_padding=&#8220;0px||0px||true|false&#8220; global_colors_info=&#8220;{}&#8220;][\/et_pb_heading][et_pb_divider _builder_version=&#8220;4.27.2&#8243; _module_preset=&#8220;default&#8220; width=&#8220;50%&#8220; global_colors_info=&#8220;{}&#8220;][\/et_pb_divider][\/et_pb_column][\/et_pb_row][et_pb_row make_equal=&#8220;on&#8220; _builder_version=&#8220;4.27.2&#8243; _module_preset=&#8220;default&#8220; global_colors_info=&#8220;{}&#8220;][et_pb_column type=&#8220;4_4&#8243; _builder_version=&#8220;4.27.2&#8243; _module_preset=&#8220;default&#8220; global_colors_info=&#8220;{}&#8220;][et_pb_image src=&#8220;http:\/\/www.segler.eu\/wp-content\/uploads\/2024\/11\/seglerquality.jpg&#8220; align=&#8220;center&#8220; _builder_version=&#8220;4.27.2&#8243; _module_preset=&#8220;default&#8220; global_colors_info=&#8220;{}&#8220;][\/et_pb_image][\/et_pb_column][\/et_pb_row][et_pb_row _builder_version=&#8220;4.27.2&#8243; _module_preset=&#8220;default&#8220; global_colors_info=&#8220;{}&#8220;][et_pb_column type=&#8220;4_4&#8243; _builder_version=&#8220;4.27.2&#8243; _module_preset=&#8220;default&#8220; global_colors_info=&#8220;{}&#8220;][et_pb_text _builder_version=&#8220;4.27.4&#8243; _module_preset=&#8220;default&#8220; global_colors_info=&#8220;{}&#8220;]<\/p>\n<p>Damit Sie h\u00f6chste und konstante Produktqualit\u00e4ten erzielen, steigen die Anforderungen an Ihre Prozesstechnik zu Recht.<\/p>\n<p>Gerade, wenn es darum geht, Maschinen und Anlagen individuell zu entwickeln und zu fertigen, sind umfangreiche Spezialkenntnisse und langj\u00e4hrige Erfahrung noch lange nicht ausreichend. Um optimal auf Ihre Prozesse zugeschnittene, langfristig verl\u00e4ssliche Technologien f\u00fcr Sie zu realisieren, gewinnen ein stetiger Informationsaustausch, besonnenes Projektmanagement, kurze Wege, gelebte Innovation und \u00e4u\u00dferste Pr\u00e4zision an Bedeutung.<\/p>\n<p>SEGLER bedient die gesamte Prozesskette, von der Entwicklung \u00fcber die Fertigung bis hin zur Inbetriebnahme und After Sales Service. Dieses hat zum Vorteil, dass Schnittstellen wegfallen und Abstimmungen erleichtert werden. Projektabl\u00e4ufe werden somit verk\u00fcrzt und gleichzeitig h\u00f6chste Qualit\u00e4tsanspr\u00fcche realisiert.<\/p>\n<p><strong>Unsere Qualit\u00e4tsanspr\u00fcche konkret:<\/strong><\/p>\n<ul>\n<li>Unser Team entwickelt in enger Zusammenarbeit die f\u00fcr Ihre Anwendung optimale L\u00f6sung, bis ins kleinste Detail.<\/li>\n<li>Nach Ihrer Freigabe der Fertigungszeichnungen beginnt unser streng kontrollierter Fertigungsprozess.<\/li>\n<li>Zus\u00e4tzliche Ma\u00dfnahmen wie Druck- und Farbeindringpr\u00fcfungen sichern die Qualit\u00e4t weiter.<\/li>\n<li>Besuche w\u00e4hrend der Fertigungsphasen sowie Zwischen- und Endabnahmen sind willkommen.<\/li>\n<li>Eine umfassende technische Dokumentation belegt die Qualit\u00e4t, inklusive Bedienungsanleitungen, T\u00dcV-Zertifikate, Konformit\u00e4tserkl\u00e4rungen und mehr.<\/li>\n<li>Zuverl\u00e4ssige Partner sichern zudem die termingerechte Logistik Ihrer Anlagen.<\/li>\n<\/ul>\n<p>[\/et_pb_text][\/et_pb_column][\/et_pb_row][et_pb_row _builder_version=&#8220;4.27.2&#8243; _module_preset=&#8220;default&#8220; global_colors_info=&#8220;{}&#8220;][et_pb_column type=&#8220;4_4&#8243; _builder_version=&#8220;4.27.2&#8243; _module_preset=&#8220;default&#8220; global_colors_info=&#8220;{}&#8220;][et_pb_heading title=&#8220;Zertifikate&#8220; _builder_version=&#8220;4.27.2&#8243; _module_preset=&#8220;default&#8220; title_level=&#8220;h3&#8243; custom_margin=&#8220;||5px||false|false&#8220; custom_padding=&#8220;||0px||false|false&#8220; global_colors_info=&#8220;{}&#8220;][\/et_pb_heading][et_pb_text _builder_version=&#8220;4.27.4&#8243; _module_preset=&#8220;default&#8220; global_colors_info=&#8220;{}&#8220;]<\/p>\n<ul>\n<li><a href=\"https:\/\/www.segler.eu\/wp-content\/uploads\/2024\/12\/DIN-EN-ISO-3834-3.pdf\" target=\"_blank\" rel=\"noopener\">T\u00dcV NORD DIN EN ISO 3834-3<\/a><\/li>\n<li><a href=\"https:\/\/www.segler.eu\/wp-content\/uploads\/2024\/12\/EN-1090-1.pdf\" target=\"_blank\" rel=\"noopener\">T\u00dcV NORD EN 1090-1:2009+A1:2011<\/a><\/li>\n<li><a href=\"https:\/\/www.segler.eu\/wp-content\/uploads\/2024\/12\/Richtlinie-201468EU-Anhang-I-Nummer-3.1.pdf\" target=\"_blank\" rel=\"noopener\">T\u00dcV NORD Richtlinie 2014\/68\/EU, Anhang I, Nummer 3.1<\/a><\/li>\n<li><a href=\"https:\/\/www.segler.eu\/wp-content\/uploads\/2024\/12\/Segler-Berge_Zertifikat_AD_2000_HP_0_DE_2024-sigRW.pdf\" target=\"_blank\" rel=\"noopener\">T\u00dcV NORD Zertifiktat AD 2000 Merkblatt HP 0<\/a><\/li>\n<\/ul>\n<p>[\/et_pb_text][et_pb_image src=&#8220;https:\/\/www.segler.eu\/wp-content\/uploads\/2025\/10\/BSFZ-Siegel_RGB_3x-scaled.png&#8220; alt=&#8220;BSFZ Siegel&#8220; _builder_version=&#8220;4.27.4&#8243; _module_preset=&#8220;default&#8220; width=&#8220;20%&#8220; custom_margin=&#8220;||0px||false|false&#8220; custom_padding=&#8220;||0px||false|false&#8220; global_colors_info=&#8220;{}&#8220; locked=&#8220;off&#8220;][\/et_pb_image][et_pb_text _builder_version=&#8220;4.27.4&#8243; _module_preset=&#8220;default&#8220; custom_margin=&#8220;0px||||false|false&#8220; custom_padding=&#8220;0px||||false|false&#8220; global_colors_info=&#8220;{}&#8220; locked=&#8220;off&#8220;]<\/p>\n<p>Das rote BSFZ-Siegel steht bei SEGLER f\u00fcr unsere eigenbetriebliche Forschungs- und Entwicklungsarbeit. Es best\u00e4tigt offiziell unsere innerbetriebliche FuE-Leistung und unterstreicht, dass wir innovative Technologien nicht nur anwenden, sondern aktiv entwickeln.<\/p>\n<p>[\/et_pb_text][\/et_pb_column][\/et_pb_row][\/et_pb_section]<\/p>\n","protected":false},"excerpt":{"rendered":"<p>Damit Sie h\u00f6chste und konstante Produktqualit\u00e4ten erzielen, steigen die Anforderungen an Ihre Prozesstechnik zu Recht. Gerade, wenn es darum geht, Maschinen und Anlagen individuell zu entwickeln und zu fertigen, sind umfangreiche Spezialkenntnisse und langj\u00e4hrige Erfahrung noch lange nicht ausreichend. Um optimal auf Ihre Prozesse zugeschnittene, langfristig verl\u00e4ssliche Technologien f\u00fcr Sie zu realisieren, gewinnen ein stetiger [&hellip;]<\/p>\n","protected":false},"author":1,"featured_media":0,"parent":162,"menu_order":0,"comment_status":"closed","ping_status":"closed","template":"","meta":{"_et_pb_use_builder":"on","_et_pb_old_content":"","_et_gb_content_width":"","footnotes":""},"class_list":["post-177","page","type-page","status-publish","hentry"],"yoast_head":"<!-- This site is optimized with the Yoast SEO plugin v27.3 - https:\/\/yoast.com\/product\/yoast-seo-wordpress\/ -->\n<title>SEGLER Qualit\u00e4t \u2013 Pr\u00e4zision &amp; Innovation<\/title>\n<meta name=\"description\" content=\"SEGLER steht f\u00fcr Qualit\u00e4t, Pr\u00e4zision &amp; Innovation \u2013 zuverl\u00e4ssige F\u00f6rdertechnik-L\u00f6sungen f\u00fcr industrielle Anforderungen.\" \/>\n<meta name=\"robots\" content=\"index, follow, max-snippet:-1, max-image-preview:large, max-video-preview:-1\" \/>\n<link rel=\"canonical\" href=\"https:\/\/www.segler.eu\/es\/compania\/calidad\/\" \/>\n<meta property=\"og:locale\" content=\"es_ES\" \/>\n<meta property=\"og:type\" content=\"article\" \/>\n<meta property=\"og:title\" content=\"SEGLER Qualit\u00e4t \u2013 Pr\u00e4zision &amp; Innovation\" \/>\n<meta property=\"og:description\" content=\"SEGLER steht f\u00fcr Qualit\u00e4t, Pr\u00e4zision &amp; Innovation \u2013 zuverl\u00e4ssige F\u00f6rdertechnik-L\u00f6sungen f\u00fcr industrielle Anforderungen.\" \/>\n<meta property=\"og:url\" content=\"https:\/\/www.segler.eu\/es\/compania\/calidad\/\" \/>\n<meta property=\"og:site_name\" content=\"SEGLER\" \/>\n<meta property=\"article:publisher\" content=\"https:\/\/www.facebook.com\/people\/Segler-Frderanlagen-Maschinenfabrik-GmbH\/61567270711954\/\" \/>\n<meta property=\"article:modified_time\" content=\"2025-10-02T11:29:30+00:00\" \/>\n<meta property=\"og:image\" content=\"https:\/\/www.segler.eu\/wp-content\/uploads\/2024\/11\/SEGLER-BERGE-1.png\" \/>\n\t<meta property=\"og:image:width\" content=\"750\" \/>\n\t<meta property=\"og:image:height\" content=\"750\" \/>\n\t<meta property=\"og:image:type\" content=\"image\/png\" \/>\n<meta name=\"twitter:label1\" content=\"Tiempo de lectura\" \/>\n\t<meta name=\"twitter:data1\" content=\"2 minutos\" \/>\n<script type=\"application\/ld+json\" class=\"yoast-schema-graph\">{\"@context\":\"https:\\\/\\\/schema.org\",\"@graph\":[{\"@type\":\"WebPage\",\"@id\":\"https:\\\/\\\/www.segler.eu\\\/unternehmen\\\/qualitaet\\\/\",\"url\":\"https:\\\/\\\/www.segler.eu\\\/unternehmen\\\/qualitaet\\\/\",\"name\":\"SEGLER Qualit\u00e4t \u2013 Pr\u00e4zision & Innovation\",\"isPartOf\":{\"@id\":\"https:\\\/\\\/www.segler.eu\\\/#website\"},\"datePublished\":\"2024-11-04T15:04:29+00:00\",\"dateModified\":\"2025-10-02T11:29:30+00:00\",\"description\":\"SEGLER steht f\u00fcr Qualit\u00e4t, Pr\u00e4zision & Innovation \u2013 zuverl\u00e4ssige F\u00f6rdertechnik-L\u00f6sungen f\u00fcr industrielle Anforderungen.\",\"breadcrumb\":{\"@id\":\"https:\\\/\\\/www.segler.eu\\\/unternehmen\\\/qualitaet\\\/#breadcrumb\"},\"inLanguage\":\"es\",\"potentialAction\":[{\"@type\":\"ReadAction\",\"target\":[\"https:\\\/\\\/www.segler.eu\\\/unternehmen\\\/qualitaet\\\/\"]}]},{\"@type\":\"BreadcrumbList\",\"@id\":\"https:\\\/\\\/www.segler.eu\\\/unternehmen\\\/qualitaet\\\/#breadcrumb\",\"itemListElement\":[{\"@type\":\"ListItem\",\"position\":1,\"name\":\"Startseite\",\"item\":\"https:\\\/\\\/www.segler.eu\\\/\"},{\"@type\":\"ListItem\",\"position\":2,\"name\":\"Unternehmen\",\"item\":\"https:\\\/\\\/www.segler.eu\\\/unternehmen\\\/\"},{\"@type\":\"ListItem\",\"position\":3,\"name\":\"Qualit\u00e4t\"}]},{\"@type\":\"WebSite\",\"@id\":\"https:\\\/\\\/www.segler.eu\\\/#website\",\"url\":\"https:\\\/\\\/www.segler.eu\\\/\",\"name\":\"SEGLER\",\"description\":\"Materials in motion\",\"publisher\":{\"@id\":\"https:\\\/\\\/www.segler.eu\\\/#organization\"},\"potentialAction\":[{\"@type\":\"SearchAction\",\"target\":{\"@type\":\"EntryPoint\",\"urlTemplate\":\"https:\\\/\\\/www.segler.eu\\\/?s={search_term_string}\"},\"query-input\":{\"@type\":\"PropertyValueSpecification\",\"valueRequired\":true,\"valueName\":\"search_term_string\"}}],\"inLanguage\":\"es\"},{\"@type\":\"Organization\",\"@id\":\"https:\\\/\\\/www.segler.eu\\\/#organization\",\"name\":\"Segler-F\u00f6rderanlagen Maschinenfabrik GmbH\",\"alternateName\":\"SEGLER\",\"url\":\"https:\\\/\\\/www.segler.eu\\\/\",\"logo\":{\"@type\":\"ImageObject\",\"inLanguage\":\"es\",\"@id\":\"https:\\\/\\\/www.segler.eu\\\/#\\\/schema\\\/logo\\\/image\\\/\",\"url\":\"https:\\\/\\\/www.segler.eu\\\/wp-content\\\/uploads\\\/2024\\\/11\\\/SEGLER-BERGE-1.png\",\"contentUrl\":\"https:\\\/\\\/www.segler.eu\\\/wp-content\\\/uploads\\\/2024\\\/11\\\/SEGLER-BERGE-1.png\",\"width\":750,\"height\":750,\"caption\":\"Segler-F\u00f6rderanlagen Maschinenfabrik GmbH\"},\"image\":{\"@id\":\"https:\\\/\\\/www.segler.eu\\\/#\\\/schema\\\/logo\\\/image\\\/\"},\"sameAs\":[\"https:\\\/\\\/www.facebook.com\\\/people\\\/Segler-Frderanlagen-Maschinenfabrik-GmbH\\\/61567270711954\\\/\"]}]}<\/script>\n<!-- \/ Yoast SEO plugin. -->","yoast_head_json":{"title":"SEGLER Calidad - Precisi\u00f3n e innovaci\u00f3n","description":"SEGLER es sin\u00f3nimo de calidad, precisi\u00f3n e innovaci\u00f3n: soluciones fiables de tecnolog\u00eda de transporte para requisitos industriales.","robots":{"index":"index","follow":"follow","max-snippet":"max-snippet:-1","max-image-preview":"max-image-preview:large","max-video-preview":"max-video-preview:-1"},"canonical":"https:\/\/www.segler.eu\/es\/compania\/calidad\/","og_locale":"es_ES","og_type":"article","og_title":"SEGLER Qualit\u00e4t \u2013 Pr\u00e4zision & Innovation","og_description":"SEGLER steht f\u00fcr Qualit\u00e4t, Pr\u00e4zision & Innovation \u2013 zuverl\u00e4ssige F\u00f6rdertechnik-L\u00f6sungen f\u00fcr industrielle Anforderungen.","og_url":"https:\/\/www.segler.eu\/es\/compania\/calidad\/","og_site_name":"SEGLER","article_publisher":"https:\/\/www.facebook.com\/people\/Segler-Frderanlagen-Maschinenfabrik-GmbH\/61567270711954\/","article_modified_time":"2025-10-02T11:29:30+00:00","og_image":[{"width":750,"height":750,"url":"https:\/\/www.segler.eu\/wp-content\/uploads\/2024\/11\/SEGLER-BERGE-1.png","type":"image\/png"}],"twitter_misc":{"Tiempo de lectura":"2 minutos"},"schema":{"@context":"https:\/\/schema.org","@graph":[{"@type":"WebPage","@id":"https:\/\/www.segler.eu\/unternehmen\/qualitaet\/","url":"https:\/\/www.segler.eu\/unternehmen\/qualitaet\/","name":"SEGLER Calidad - Precisi\u00f3n e innovaci\u00f3n","isPartOf":{"@id":"https:\/\/www.segler.eu\/#website"},"datePublished":"2024-11-04T15:04:29+00:00","dateModified":"2025-10-02T11:29:30+00:00","description":"SEGLER es sin\u00f3nimo de calidad, precisi\u00f3n e innovaci\u00f3n: soluciones fiables de tecnolog\u00eda de transporte para requisitos industriales.","breadcrumb":{"@id":"https:\/\/www.segler.eu\/unternehmen\/qualitaet\/#breadcrumb"},"inLanguage":"es","potentialAction":[{"@type":"ReadAction","target":["https:\/\/www.segler.eu\/unternehmen\/qualitaet\/"]}]},{"@type":"BreadcrumbList","@id":"https:\/\/www.segler.eu\/unternehmen\/qualitaet\/#breadcrumb","itemListElement":[{"@type":"ListItem","position":1,"name":"Startseite","item":"https:\/\/www.segler.eu\/"},{"@type":"ListItem","position":2,"name":"Unternehmen","item":"https:\/\/www.segler.eu\/unternehmen\/"},{"@type":"ListItem","position":3,"name":"Qualit\u00e4t"}]},{"@type":"WebSite","@id":"https:\/\/www.segler.eu\/#website","url":"https:\/\/www.segler.eu\/","name":"SEGLER","description":"Materiales en movimiento","publisher":{"@id":"https:\/\/www.segler.eu\/#organization"},"potentialAction":[{"@type":"SearchAction","target":{"@type":"EntryPoint","urlTemplate":"https:\/\/www.segler.eu\/?s={search_term_string}"},"query-input":{"@type":"PropertyValueSpecification","valueRequired":true,"valueName":"search_term_string"}}],"inLanguage":"es"},{"@type":"Organization","@id":"https:\/\/www.segler.eu\/#organization","name":"Segler-F\u00f6rderanlagen Maschinenfabrik GmbH","alternateName":"SEGLER","url":"https:\/\/www.segler.eu\/","logo":{"@type":"ImageObject","inLanguage":"es","@id":"https:\/\/www.segler.eu\/#\/schema\/logo\/image\/","url":"https:\/\/www.segler.eu\/wp-content\/uploads\/2024\/11\/SEGLER-BERGE-1.png","contentUrl":"https:\/\/www.segler.eu\/wp-content\/uploads\/2024\/11\/SEGLER-BERGE-1.png","width":750,"height":750,"caption":"Segler-F\u00f6rderanlagen Maschinenfabrik GmbH"},"image":{"@id":"https:\/\/www.segler.eu\/#\/schema\/logo\/image\/"},"sameAs":["https:\/\/www.facebook.com\/people\/Segler-Frderanlagen-Maschinenfabrik-GmbH\/61567270711954\/"]}]}},"_links":{"self":[{"href":"https:\/\/www.segler.eu\/es\/wp-json\/wp\/v2\/pages\/177","targetHints":{"allow":["GET"]}}],"collection":[{"href":"https:\/\/www.segler.eu\/es\/wp-json\/wp\/v2\/pages"}],"about":[{"href":"https:\/\/www.segler.eu\/es\/wp-json\/wp\/v2\/types\/page"}],"author":[{"embeddable":true,"href":"https:\/\/www.segler.eu\/es\/wp-json\/wp\/v2\/users\/1"}],"replies":[{"embeddable":true,"href":"https:\/\/www.segler.eu\/es\/wp-json\/wp\/v2\/comments?post=177"}],"version-history":[{"count":0,"href":"https:\/\/www.segler.eu\/es\/wp-json\/wp\/v2\/pages\/177\/revisions"}],"up":[{"embeddable":true,"href":"https:\/\/www.segler.eu\/es\/wp-json\/wp\/v2\/pages\/162"}],"wp:attachment":[{"href":"https:\/\/www.segler.eu\/es\/wp-json\/wp\/v2\/media?parent=177"}],"curies":[{"name":"wp","href":"https:\/\/api.w.org\/{rel}","templated":true}]}}