{"id":184,"date":"2024-11-04T16:05:13","date_gmt":"2024-11-04T15:05:13","guid":{"rendered":"http:\/\/www.segler.eu\/?page_id=184"},"modified":"2025-08-17T21:45:36","modified_gmt":"2025-08-17T19:45:36","slug":"olas-de-caracol","status":"publish","type":"page","link":"https:\/\/www.segler.eu\/es\/produkte\/schneckenwellen\/","title":{"rendered":"Olas de caracol"},"content":{"rendered":"<p>[et_pb_section fb_built=&#8220;1&#8243; _builder_version=&#8220;4.27.4&#8243; _module_preset=&#8220;default&#8220; background_image=&#8220;https:\/\/www.segler.eu\/wp-content\/uploads\/2024\/12\/SCHNECKEN-3.png&#8220; height=&#8220;45vh&#8220; custom_margin=&#8220;-10%||||false|false&#8220; locked=&#8220;off&#8220; global_colors_info=&#8220;{}&#8220;][et_pb_row _builder_version=&#8220;4.27.2&#8243; _module_preset=&#8220;default&#8220; custom_padding=&#8220;20vh||||false|false&#8220; global_colors_info=&#8220;{}&#8220;][et_pb_column type=&#8220;4_4&#8243; _builder_version=&#8220;4.27.2&#8243; _module_preset=&#8220;default&#8220; global_colors_info=&#8220;{}&#8220;][\/et_pb_column][\/et_pb_row][\/et_pb_section][et_pb_section fb_built=&#8220;1&#8243; _builder_version=&#8220;4.27.2&#8243; _module_preset=&#8220;default&#8220; locked=&#8220;off&#8220; global_colors_info=&#8220;{}&#8220;][et_pb_row _builder_version=&#8220;4.27.2&#8243; _module_preset=&#8220;default&#8220; custom_margin=&#8220;0px||0px||true|false&#8220; custom_padding=&#8220;0px||0px||true|false&#8220; locked=&#8220;off&#8220; global_colors_info=&#8220;{}&#8220;][et_pb_column type=&#8220;4_4&#8243; _builder_version=&#8220;4.27.2&#8243; _module_preset=&#8220;default&#8220; global_colors_info=&#8220;{}&#8220;][et_pb_heading title=&#8220;Produkte&#8220; _builder_version=&#8220;4.27.2&#8243; _module_preset=&#8220;default&#8220; title_level=&#8220;h4&#8243; title_font=&#8220;|||on|||||&#8220; title_text_color=&#8220;#b82435&#8243; custom_margin=&#8220;0px||0px||false|false&#8220; custom_padding=&#8220;0px||0px||false|false&#8220; global_colors_info=&#8220;{}&#8220;][\/et_pb_heading][et_pb_heading title=&#8220;Schneckenwellen \u2013 pr\u00e4zise gefertigt nach Ihrem Bedarf&#8220; _builder_version=&#8220;4.27.4&#8243; _module_preset=&#8220;default&#8220; title_font=&#8220;|||on|||||&#8220; custom_margin=&#8220;0px||15px||false|false&#8220; custom_padding=&#8220;0px||0px||true|false&#8220; global_colors_info=&#8220;{}&#8220;][\/et_pb_heading][et_pb_divider _builder_version=&#8220;4.27.2&#8243; _module_preset=&#8220;default&#8220; width=&#8220;50%&#8220; global_colors_info=&#8220;{}&#8220;][\/et_pb_divider][\/et_pb_column][\/et_pb_row][et_pb_row _builder_version=&#8220;4.27.2&#8243; _module_preset=&#8220;default&#8220; locked=&#8220;off&#8220; global_colors_info=&#8220;{}&#8220;][et_pb_column type=&#8220;4_4&#8243; _builder_version=&#8220;4.27.2&#8243; _module_preset=&#8220;default&#8220; global_colors_info=&#8220;{}&#8220;][et_pb_text _builder_version=&#8220;4.27.4&#8243; _module_preset=&#8220;default&#8220; hover_enabled=&#8220;0&#8243; global_colors_info=&#8220;{}&#8220; sticky_enabled=&#8220;0&#8243;]<\/p>\n<p>SEGLER ist Ihr Spezialist f\u00fcr <strong>Schneckenwellen<\/strong> und fertigt hochwertige Komponenten f\u00fcr die F\u00f6rdertechnik \u2013 pr\u00e4zise, langlebig und optimal auf Ihre Anforderungen abgestimmt. Seit Jahrzehnten setzen wir unsere Expertise nicht nur in der Entwicklung komplexer Maschinen und Anlagen ein, sondern auch in der Herstellung und Optimierung von Schneckenwellen und Schneckenfl\u00fcgeln.<\/p>\n<p>Unsere Schneckenwellen werden nach h\u00f6chsten Standards gefertigt \u2013 aus Edelstahl in A4-Qualit\u00e4t, Duplex (1.4462), Superduplex (1.4410) sowie aus Sonderwerkstoffen wie 1.4539, 1.4547 (Alloy 254 SMO) oder hitzebest\u00e4ndigem Edelstahl (z.\u202fB. 1.4828, 1.4841, 1.4845). Ebenso sind schlei\u00dfz\u00e4he Varianten aus Brinar, Hardox, XAR, Raex oder Creusabro m\u00f6glich.<\/p>\n<p>Wir bieten feingeschliffene Oberfl\u00e4chen mit Ra bis zu 0,4\u202f\u00b5m inkl. Messprotokoll, s\u00e4geverzahnte Umf\u00e4nge, aufgeschwei\u00dfte Kratzpickel (bis 70 HRC), sowie Panzerungen \u2013 vollst\u00e4ndig oder als Strichraupen. Auch K\u00fchl- oder Heizschnecken mit Fluidf\u00fchrung, Dichtsitze mit Schonbuchsen, Hohlfl\u00fcgel oder Fenstergewinde sind realisierbar.<\/p>\n<p>Konformit\u00e4t mit AD 2000, AD-W2-Zeugnisse, Rundlaufpr\u00fcfungen sowie Toleranzen nach DIN und ISO sind bei uns selbstverst\u00e4ndlich \u2013 ebenso wie saubere, dokumentierte Verarbeitung von Duplex und Superduplex.<\/p>\n<p>Ob Neuanfertigung, Ersatz oder Optimierung \u2013 Ihre Schneckenwelle fertigen wir exakt nach Spezifikation.<\/p>\n<p>[\/et_pb_text][\/et_pb_column][\/et_pb_row][et_pb_row column_structure=&#8220;1_2,1_2&#8243; _builder_version=&#8220;4.27.2&#8243; _module_preset=&#8220;default&#8220; global_colors_info=&#8220;{}&#8220;][et_pb_column type=&#8220;1_2&#8243; _builder_version=&#8220;4.27.2&#8243; _module_preset=&#8220;default&#8220; global_colors_info=&#8220;{}&#8220;][et_pb_image src=&#8220;https:\/\/www.segler.eu\/wp-content\/uploads\/2024\/11\/2-1.png&#8220; alt=&#8220;Schneckenwellen&#8220; title_text=&#8220;Schneckenwellen&#8220; _builder_version=&#8220;4.27.4&#8243; _module_preset=&#8220;default&#8220; module_alignment=&#8220;center&#8220; global_colors_info=&#8220;{}&#8220;][\/et_pb_image][et_pb_toggle title=&#8220;Schneckenwellen&#8220; icon_color=&#8220;#b82435&#8243; _builder_version=&#8220;4.27.4&#8243; _module_preset=&#8220;default&#8220; title_text_color=&#8220;#b82435&#8243; hover_enabled=&#8220;0&#8243; global_colors_info=&#8220;{}&#8220; sticky_enabled=&#8220;0&#8243;]<\/p>\n<p>Erh\u00f6hte Schlei\u00dffestigkeit, maximale Randg\u00e4ngigkeit, geringste Anhaftneigung, Erm\u00f6glichen eines m\u00f6glichst homogenen Mischprozesses \u2013<br \/>oder das Erh\u00f6hen der auf das Produkt einwirkenden Scherkr\u00e4fte \u2013 dies sind nur wenige der sehr vielseitigen Anforderungen an Schneckenwellen.<\/p>\n<p>Um die optimale L\u00f6sung zu finden, m\u00fcssen viele Parameter und Wechselwirkungen wie Produkteigenschaften, Umgebungsfaktoren und Prozessparameter ber\u00fccksichtigt werden.<\/p>\n<h3>Produktspanne<\/h3>\n<ul>\n<li>Vollblattschneckenwellen<\/li>\n<li>Paddelschneckenwellen<\/li>\n<li>Bandschneckenwellen<\/li>\n<li>Mehrfach-Wendel<\/li>\n<li>Wasserf\u00f6rderschnecken<\/li>\n<li>Pressschnecken<\/li>\n<li>Sonderschnecken<\/li>\n<\/ul>\n<h3>Werkstoffe<\/h3>\n<ul>\n<li>Edelstahl, Normalstahl, Sonderwerkstoffe<\/li>\n<li>Edelstahlvarianten wie A4-Qualit\u00e4t, Duplex 1.4462, Superduplex 1.4410, 1.4539, 1.4547 (Alloy 254 SMO)<\/li>\n<li>Hitzebest\u00e4ndige Edelst\u00e4hle: 1.4828, 1.4841, 1.4845<\/li>\n<li>Schlei\u00dfz\u00e4he St\u00e4hle: Brinar, Hardox, XAR, Raex, Creusabro<\/li>\n<li>Hitzebest\u00e4ndige St\u00e4hle: P 265 GH (H II), 1.5415 = 16 Mo 3<\/li>\n<\/ul>\n<ul><\/ul>\n<h3>Ausf\u00fchrungen<\/h3>\n<ul>\n<li>Geeignet f\u00fcr Vakuum-Betrieb<\/li>\n<li>Lebensmittelgerecht<\/li>\n<li>ATEX-konform<\/li>\n<li>WHG-gerecht<\/li>\n<li>Pharmakonforme Sauberkeit (frei von Partikeln, Schmutz, \u00d6l, Fett, Staub, Substanzen \u2013 bescheinigt)<\/li>\n<\/ul>\n<h3><\/h3>\n<h3>Oberfl\u00e4chen und Verschlei\u00dfschutz<\/h3>\n<ul>\n<li>Feingeschliffen und poliert \u2013 arithmetischer Mittenrauwert Ra bis zu 0,4 \u00b5m (inkl. Messprotokoll und Fotodokumentation)<\/li>\n<li>Auftragschwei\u00dfungen als Panzerung (vollst\u00e4ndig oder als Strichraupenpanzerung)<\/li>\n<li>Schlei\u00df- und hitzebest\u00e4ndig durch Einsatz von Wolframkarbiden (bis 70 HRC)<\/li>\n<li>Raupenverlauf quer zur Bewegung f\u00fcr optimale Einbettung des F\u00f6rderguts<\/li>\n<li>Schwei\u00dfpanzerung dauerhafter als Metallspritzen<\/li>\n<\/ul>\n<h3>Besondere Bauformen und Details<\/h3>\n<ul>\n<li>Mit s\u00e4geverzahntem Umfang oder Aussparungen<\/li>\n<li>Kratzpickel gegen verh\u00e4rtete F\u00f6rdergutreste (bis 70 HRC)<\/li>\n<li>Angeflanschte Wellenzapfen<\/li>\n<li>Wellendurchg\u00e4nge mit Schonbuchsen (inkl. Hartbeschichtung bis 68 HRC)<\/li>\n<li>Vollblattgewinde, Paddelgewinde (Aussparungsgewinde), Fenstergewinde (bis zur Wellenkernkontur)<\/li>\n<\/ul>\n<h3>Fertigung &amp; Qualit\u00e4tssicherung<\/h3>\n<ul>\n<li>Rundlaufpr\u00fcfung beim Richten und nach Fertigstellung (Genauigkeit: 3\/100 \u2013 5\/100 mm)<\/li>\n<li>Toleranzen nach ISO 2768-1 m und DIN 15261 Teil 2<\/li>\n<li>Messprotokolle und Fotodokumentation<\/li>\n<li>Vermessung protokolliert<\/li>\n<li>Gesamtmassen bis 12 t \/ Wandst\u00e4rken bis 60 mm<\/li>\n<li>Fertigung in Edelstahl-Ausf\u00fchrung gebeizt, neutralisiert und passiviert<\/li>\n<li>3.1-Materialzeugnisse f\u00fcr h\u00f6herwertige Edelstahlausf\u00fchrungen<\/li>\n<li>Schwei\u00dfnahtbewertungsgruppe B nach DIN EN ISO 5817<\/li>\n<li>Konformit\u00e4t nach AD 2000 \u2013 mit AD-W2-Zeugnis<\/li>\n<li>Druckpr\u00fcfung nach DGR-Richtlinie 2014\/68\/EU<\/li>\n<li>Sach- und fachgerechte Verarbeitung von Duplex\/Superduplex inkl. Schwei\u00df\u00fcberwachung<\/li>\n<li>Schwei\u00dfen mit Vorw\u00e4rmung auf +100\u202f\u00b0C und kontrollierter Zwischenlagentemperatur<\/li>\n<\/ul>\n<ul><\/ul>\n<p>[\/et_pb_toggle][\/et_pb_column][et_pb_column type=&#8220;1_2&#8243; _builder_version=&#8220;4.27.2&#8243; _module_preset=&#8220;default&#8220; global_colors_info=&#8220;{}&#8220;][\/et_pb_column][\/et_pb_row][et_pb_row _builder_version=&#8220;4.27.4&#8243; _module_preset=&#8220;default&#8220; locked=&#8220;off&#8220; global_colors_info=&#8220;{}&#8220;][et_pb_column type=&#8220;4_4&#8243; _builder_version=&#8220;4.27.4&#8243; _module_preset=&#8220;default&#8220; global_colors_info=&#8220;{}&#8220;][et_pb_heading title=&#8220;Referenzen &#038; Einblicke&#8220; _builder_version=&#8220;4.27.4&#8243; _module_preset=&#8220;default&#8220; title_level=&#8220;h3&#8243; title_font=&#8220;|||on|||||&#8220; global_colors_info=&#8220;{}&#8220;][\/et_pb_heading][et_pb_gallery gallery_ids=&#8220;1976,1977,1978,1979,1980,1981,1982,1983,1984,1985,1986,1987,1988,1989,1990,1991,1992,1993&#8243; posts_number=&#8220;20&#8243; show_title_and_caption=&#8220;off&#8220; show_pagination=&#8220;off&#8220; _builder_version=&#8220;4.27.4&#8243; _module_preset=&#8220;default&#8220; border_radii_image=&#8220;on|7px|7px|7px|7px&#8220; box_shadow_style_image=&#8220;preset3&#8243; global_colors_info=&#8220;{}&#8220;][\/et_pb_gallery][\/et_pb_column][\/et_pb_row][et_pb_row column_structure=&#8220;3_5,2_5&#8243; make_equal=&#8220;on&#8220; _builder_version=&#8220;4.27.2&#8243; _module_preset=&#8220;default&#8220; background_color=&#8220;#b82435&#8243; custom_margin=&#8220;25px||||false|false&#8220; custom_padding=&#8220;20px|25px|20px|25px|false|true&#8220; border_radii=&#8220;on|2px|2px|2px|2px&#8220; box_shadow_style=&#8220;preset1&#8243; locked=&#8220;off&#8220; global_colors_info=&#8220;{}&#8220;][et_pb_column type=&#8220;3_5&#8243; module_class=&#8220;vertikal-zentrieren&#8220; _builder_version=&#8220;4.27.2&#8243; _module_preset=&#8220;default&#8220; global_colors_info=&#8220;{}&#8220;][et_pb_heading title=&#8220;Ihre L\u00f6sung f\u00fcr h\u00f6chste Pr\u00e4zision und Qualit\u00e4t&#8220; _builder_version=&#8220;4.27.4&#8243; _module_preset=&#8220;default&#8220; title_level=&#8220;h3&#8243; title_text_align=&#8220;left&#8220; title_text_color=&#8220;#FFFFFF&#8220; title_font_size=&#8220;18px&#8220; custom_margin=&#8220;||0px||false|false&#8220; global_colors_info=&#8220;{}&#8220;][\/et_pb_heading][et_pb_text _builder_version=&#8220;4.27.4&#8243; _module_preset=&#8220;default&#8220; global_colors_info=&#8220;{}&#8220;]<\/p>\n<p><span style=\"color: #ffffff;\">Setzen Sie auf ma\u00dfgeschneiderte Schneckenwellen und -fl\u00fcgel \u2013 gefertigt mit Expertise, Pr\u00e4zision und \u201eMade in Germany\u201c. Kontaktieren Sie uns jetzt f\u00fcr individuelle L\u00f6sungen und schnelle Umsetzung.<\/span><\/p>\n<p>[\/et_pb_text][\/et_pb_column][et_pb_column type=&#8220;2_5&#8243; module_class=&#8220;vertikal-zentrieren&#8220; _builder_version=&#8220;4.27.2&#8243; _module_preset=&#8220;default&#8220; global_colors_info=&#8220;{}&#8220;][et_pb_button button_url=&#8220;@ET-DC@eyJkeW5hbWljIjp0cnVlLCJjb250ZW50IjoicG9zdF9saW5rX3VybF9wYWdlIiwic2V0dGluZ3MiOnsicG9zdF9pZCI6IjI3MyJ9fQ==@&#8220; button_text=&#8220;Jetzt Kontakt aufnehmen&#8220; button_alignment=&#8220;center&#8220; _builder_version=&#8220;4.27.2&#8243; _dynamic_attributes=&#8220;button_url&#8220; _module_preset=&#8220;default&#8220; custom_button=&#8220;on&#8220; button_text_color=&#8220;#b82435&#8243; button_bg_color=&#8220;#FFFFFF&#8220; button_border_width=&#8220;1px&#8220; button_border_color=&#8220;#FFFFFF&#8220; box_shadow_style=&#8220;preset1&#8243; global_colors_info=&#8220;{}&#8220;][\/et_pb_button][\/et_pb_column][\/et_pb_row][\/et_pb_section]<\/p>\n","protected":false},"excerpt":{"rendered":"<p>SEGLER ist Ihr Spezialist f\u00fcr Schneckenwellen und fertigt hochwertige Komponenten f\u00fcr die F\u00f6rdertechnik \u2013 pr\u00e4zise, langlebig und optimal auf Ihre Anforderungen abgestimmt. Seit Jahrzehnten setzen wir unsere Expertise nicht nur in der Entwicklung komplexer Maschinen und Anlagen ein, sondern auch in der Herstellung und Optimierung von Schneckenwellen und Schneckenfl\u00fcgeln. Unsere Schneckenwellen werden nach h\u00f6chsten Standards [&hellip;]<\/p>\n","protected":false},"author":1,"featured_media":0,"parent":164,"menu_order":0,"comment_status":"closed","ping_status":"closed","template":"","meta":{"_et_pb_use_builder":"on","_et_pb_old_content":"","_et_gb_content_width":"","footnotes":""},"class_list":["post-184","page","type-page","status-publish","hentry"],"yoast_head":"<!-- This site is optimized with the Yoast SEO plugin v27.4 - https:\/\/yoast.com\/product\/yoast-seo-wordpress\/ -->\n<title>Schneckenwellen von SEGLER \u2013 Pr\u00e4zise &amp; langlebig<\/title>\n<meta name=\"description\" content=\"Schneckenwellen f\u00fcr effiziente F\u00f6rdertechnik \u2013 langlebig, pr\u00e4zise und wirtschaftlich. Jetzt mehr erfahren!\" \/>\n<meta name=\"robots\" content=\"index, follow, max-snippet:-1, max-image-preview:large, max-video-preview:-1\" \/>\n<link rel=\"canonical\" href=\"https:\/\/www.segler.eu\/es\/productos\/olas-de-caracol\/\" \/>\n<meta property=\"og:locale\" content=\"es_ES\" \/>\n<meta property=\"og:type\" content=\"article\" \/>\n<meta property=\"og:title\" content=\"Schneckenwellen von SEGLER \u2013 Pr\u00e4zise &amp; langlebig\" \/>\n<meta property=\"og:description\" content=\"Schneckenwellen f\u00fcr effiziente F\u00f6rdertechnik \u2013 langlebig, pr\u00e4zise und wirtschaftlich. Jetzt mehr erfahren!\" \/>\n<meta property=\"og:url\" content=\"https:\/\/www.segler.eu\/es\/productos\/olas-de-caracol\/\" \/>\n<meta property=\"og:site_name\" content=\"SEGLER\" \/>\n<meta property=\"article:publisher\" content=\"https:\/\/www.facebook.com\/people\/Segler-Frderanlagen-Maschinenfabrik-GmbH\/61567270711954\/\" \/>\n<meta property=\"article:modified_time\" content=\"2025-08-17T19:45:36+00:00\" \/>\n<meta property=\"og:image\" content=\"https:\/\/www.segler.eu\/wp-content\/uploads\/2024\/11\/SEGLER-BERGE-1.png\" \/>\n\t<meta property=\"og:image:width\" content=\"750\" \/>\n\t<meta property=\"og:image:height\" content=\"750\" \/>\n\t<meta property=\"og:image:type\" content=\"image\/png\" \/>\n<meta name=\"twitter:label1\" content=\"Tiempo de lectura\" \/>\n\t<meta name=\"twitter:data1\" content=\"4 minutos\" \/>\n<script type=\"application\/ld+json\" class=\"yoast-schema-graph\">{\"@context\":\"https:\\\/\\\/schema.org\",\"@graph\":[{\"@type\":\"WebPage\",\"@id\":\"https:\\\/\\\/www.segler.eu\\\/produkte\\\/schneckenwellen\\\/\",\"url\":\"https:\\\/\\\/www.segler.eu\\\/produkte\\\/schneckenwellen\\\/\",\"name\":\"Schneckenwellen von SEGLER \u2013 Pr\u00e4zise & langlebig\",\"isPartOf\":{\"@id\":\"https:\\\/\\\/www.segler.eu\\\/#website\"},\"datePublished\":\"2024-11-04T15:05:13+00:00\",\"dateModified\":\"2025-08-17T19:45:36+00:00\",\"description\":\"Schneckenwellen f\u00fcr effiziente F\u00f6rdertechnik \u2013 langlebig, pr\u00e4zise und wirtschaftlich. Jetzt mehr erfahren!\",\"breadcrumb\":{\"@id\":\"https:\\\/\\\/www.segler.eu\\\/produkte\\\/schneckenwellen\\\/#breadcrumb\"},\"inLanguage\":\"es\",\"potentialAction\":[{\"@type\":\"ReadAction\",\"target\":[\"https:\\\/\\\/www.segler.eu\\\/produkte\\\/schneckenwellen\\\/\"]}]},{\"@type\":\"BreadcrumbList\",\"@id\":\"https:\\\/\\\/www.segler.eu\\\/produkte\\\/schneckenwellen\\\/#breadcrumb\",\"itemListElement\":[{\"@type\":\"ListItem\",\"position\":1,\"name\":\"Startseite\",\"item\":\"https:\\\/\\\/www.segler.eu\\\/\"},{\"@type\":\"ListItem\",\"position\":2,\"name\":\"Produkte\",\"item\":\"https:\\\/\\\/www.segler.eu\\\/produkte\\\/\"},{\"@type\":\"ListItem\",\"position\":3,\"name\":\"Schneckenwellen\"}]},{\"@type\":\"WebSite\",\"@id\":\"https:\\\/\\\/www.segler.eu\\\/#website\",\"url\":\"https:\\\/\\\/www.segler.eu\\\/\",\"name\":\"SEGLER\",\"description\":\"Materials in motion\",\"publisher\":{\"@id\":\"https:\\\/\\\/www.segler.eu\\\/#organization\"},\"potentialAction\":[{\"@type\":\"SearchAction\",\"target\":{\"@type\":\"EntryPoint\",\"urlTemplate\":\"https:\\\/\\\/www.segler.eu\\\/?s={search_term_string}\"},\"query-input\":{\"@type\":\"PropertyValueSpecification\",\"valueRequired\":true,\"valueName\":\"search_term_string\"}}],\"inLanguage\":\"es\"},{\"@type\":\"Organization\",\"@id\":\"https:\\\/\\\/www.segler.eu\\\/#organization\",\"name\":\"Segler-F\u00f6rderanlagen Maschinenfabrik GmbH\",\"alternateName\":\"SEGLER\",\"url\":\"https:\\\/\\\/www.segler.eu\\\/\",\"logo\":{\"@type\":\"ImageObject\",\"inLanguage\":\"es\",\"@id\":\"https:\\\/\\\/www.segler.eu\\\/#\\\/schema\\\/logo\\\/image\\\/\",\"url\":\"https:\\\/\\\/www.segler.eu\\\/wp-content\\\/uploads\\\/2024\\\/11\\\/SEGLER-BERGE-1.png\",\"contentUrl\":\"https:\\\/\\\/www.segler.eu\\\/wp-content\\\/uploads\\\/2024\\\/11\\\/SEGLER-BERGE-1.png\",\"width\":750,\"height\":750,\"caption\":\"Segler-F\u00f6rderanlagen Maschinenfabrik GmbH\"},\"image\":{\"@id\":\"https:\\\/\\\/www.segler.eu\\\/#\\\/schema\\\/logo\\\/image\\\/\"},\"sameAs\":[\"https:\\\/\\\/www.facebook.com\\\/people\\\/Segler-Frderanlagen-Maschinenfabrik-GmbH\\\/61567270711954\\\/\"]}]}<\/script>\n<!-- \/ Yoast SEO plugin. -->","yoast_head_json":{"title":"Ejes de tornillo sinf\u00edn de SEGLER: precisos y duraderos","description":"Ejes helicoidales para una t\u00e9cnica de transporte eficaz: duraderos, precisos y econ\u00f3micos. M\u00e1s informaci\u00f3n","robots":{"index":"index","follow":"follow","max-snippet":"max-snippet:-1","max-image-preview":"max-image-preview:large","max-video-preview":"max-video-preview:-1"},"canonical":"https:\/\/www.segler.eu\/es\/productos\/olas-de-caracol\/","og_locale":"es_ES","og_type":"article","og_title":"Schneckenwellen von SEGLER \u2013 Pr\u00e4zise & langlebig","og_description":"Schneckenwellen f\u00fcr effiziente F\u00f6rdertechnik \u2013 langlebig, pr\u00e4zise und wirtschaftlich. Jetzt mehr erfahren!","og_url":"https:\/\/www.segler.eu\/es\/productos\/olas-de-caracol\/","og_site_name":"SEGLER","article_publisher":"https:\/\/www.facebook.com\/people\/Segler-Frderanlagen-Maschinenfabrik-GmbH\/61567270711954\/","article_modified_time":"2025-08-17T19:45:36+00:00","og_image":[{"width":750,"height":750,"url":"https:\/\/www.segler.eu\/wp-content\/uploads\/2024\/11\/SEGLER-BERGE-1.png","type":"image\/png"}],"twitter_misc":{"Tiempo de lectura":"4 minutos"},"schema":{"@context":"https:\/\/schema.org","@graph":[{"@type":"WebPage","@id":"https:\/\/www.segler.eu\/produkte\/schneckenwellen\/","url":"https:\/\/www.segler.eu\/produkte\/schneckenwellen\/","name":"Ejes de tornillo sinf\u00edn de SEGLER: precisos y duraderos","isPartOf":{"@id":"https:\/\/www.segler.eu\/#website"},"datePublished":"2024-11-04T15:05:13+00:00","dateModified":"2025-08-17T19:45:36+00:00","description":"Ejes helicoidales para una t\u00e9cnica de transporte eficaz: duraderos, precisos y econ\u00f3micos. M\u00e1s informaci\u00f3n","breadcrumb":{"@id":"https:\/\/www.segler.eu\/produkte\/schneckenwellen\/#breadcrumb"},"inLanguage":"es","potentialAction":[{"@type":"ReadAction","target":["https:\/\/www.segler.eu\/produkte\/schneckenwellen\/"]}]},{"@type":"BreadcrumbList","@id":"https:\/\/www.segler.eu\/produkte\/schneckenwellen\/#breadcrumb","itemListElement":[{"@type":"ListItem","position":1,"name":"Startseite","item":"https:\/\/www.segler.eu\/"},{"@type":"ListItem","position":2,"name":"Produkte","item":"https:\/\/www.segler.eu\/produkte\/"},{"@type":"ListItem","position":3,"name":"Schneckenwellen"}]},{"@type":"WebSite","@id":"https:\/\/www.segler.eu\/#website","url":"https:\/\/www.segler.eu\/","name":"SEGLER","description":"Materiales en movimiento","publisher":{"@id":"https:\/\/www.segler.eu\/#organization"},"potentialAction":[{"@type":"SearchAction","target":{"@type":"EntryPoint","urlTemplate":"https:\/\/www.segler.eu\/?s={search_term_string}"},"query-input":{"@type":"PropertyValueSpecification","valueRequired":true,"valueName":"search_term_string"}}],"inLanguage":"es"},{"@type":"Organization","@id":"https:\/\/www.segler.eu\/#organization","name":"Segler-F\u00f6rderanlagen Maschinenfabrik GmbH","alternateName":"SEGLER","url":"https:\/\/www.segler.eu\/","logo":{"@type":"ImageObject","inLanguage":"es","@id":"https:\/\/www.segler.eu\/#\/schema\/logo\/image\/","url":"https:\/\/www.segler.eu\/wp-content\/uploads\/2024\/11\/SEGLER-BERGE-1.png","contentUrl":"https:\/\/www.segler.eu\/wp-content\/uploads\/2024\/11\/SEGLER-BERGE-1.png","width":750,"height":750,"caption":"Segler-F\u00f6rderanlagen Maschinenfabrik GmbH"},"image":{"@id":"https:\/\/www.segler.eu\/#\/schema\/logo\/image\/"},"sameAs":["https:\/\/www.facebook.com\/people\/Segler-Frderanlagen-Maschinenfabrik-GmbH\/61567270711954\/"]}]}},"_links":{"self":[{"href":"https:\/\/www.segler.eu\/es\/wp-json\/wp\/v2\/pages\/184","targetHints":{"allow":["GET"]}}],"collection":[{"href":"https:\/\/www.segler.eu\/es\/wp-json\/wp\/v2\/pages"}],"about":[{"href":"https:\/\/www.segler.eu\/es\/wp-json\/wp\/v2\/types\/page"}],"author":[{"embeddable":true,"href":"https:\/\/www.segler.eu\/es\/wp-json\/wp\/v2\/users\/1"}],"replies":[{"embeddable":true,"href":"https:\/\/www.segler.eu\/es\/wp-json\/wp\/v2\/comments?post=184"}],"version-history":[{"count":0,"href":"https:\/\/www.segler.eu\/es\/wp-json\/wp\/v2\/pages\/184\/revisions"}],"up":[{"embeddable":true,"href":"https:\/\/www.segler.eu\/es\/wp-json\/wp\/v2\/pages\/164"}],"wp:attachment":[{"href":"https:\/\/www.segler.eu\/es\/wp-json\/wp\/v2\/media?parent=184"}],"curies":[{"name":"wp","href":"https:\/\/api.w.org\/{rel}","templated":true}]}}