{"id":190,"date":"2024-11-04T16:05:50","date_gmt":"2024-11-04T15:05:50","guid":{"rendered":"http:\/\/www.segler.eu\/?page_id=190"},"modified":"2025-08-17T21:33:15","modified_gmt":"2025-08-17T19:33:15","slug":"realizar","status":"publish","type":"page","link":"https:\/\/www.segler.eu\/es\/produkte\/ein-austragen\/","title":{"rendered":"Entrar y darse de baja"},"content":{"rendered":"<p>[et_pb_section fb_built=&#8220;1&#8243; _builder_version=&#8220;4.27.4&#8243; _module_preset=&#8220;default&#8220; background_image=&#8220;https:\/\/www.segler.eu\/wp-content\/uploads\/2024\/12\/Ein-Austragen.png&#8220; height=&#8220;45vh&#8220; custom_margin=&#8220;-10%||||false|false&#8220; locked=&#8220;off&#8220; global_colors_info=&#8220;{}&#8220;][et_pb_row _builder_version=&#8220;4.27.2&#8243; _module_preset=&#8220;default&#8220; custom_padding=&#8220;20vh||||false|false&#8220; global_colors_info=&#8220;{}&#8220;][et_pb_column type=&#8220;4_4&#8243; _builder_version=&#8220;4.27.2&#8243; _module_preset=&#8220;default&#8220; global_colors_info=&#8220;{}&#8220;][\/et_pb_column][\/et_pb_row][\/et_pb_section][et_pb_section fb_built=&#8220;1&#8243; _builder_version=&#8220;4.27.2&#8243; _module_preset=&#8220;default&#8220; locked=&#8220;off&#8220; global_colors_info=&#8220;{}&#8220;][et_pb_row _builder_version=&#8220;4.27.2&#8243; _module_preset=&#8220;default&#8220; custom_margin=&#8220;0px||0px||true|false&#8220; custom_padding=&#8220;0px||0px||true|false&#8220; locked=&#8220;off&#8220; global_colors_info=&#8220;{}&#8220;][et_pb_column type=&#8220;4_4&#8243; _builder_version=&#8220;4.27.2&#8243; _module_preset=&#8220;default&#8220; global_colors_info=&#8220;{}&#8220;][et_pb_heading title=&#8220;Produkte&#8220; _builder_version=&#8220;4.27.2&#8243; _module_preset=&#8220;default&#8220; title_level=&#8220;h4&#8243; title_font=&#8220;|||on|||||&#8220; title_text_color=&#8220;#b82435&#8243; custom_margin=&#8220;0px||0px||false|false&#8220; custom_padding=&#8220;0px||0px||false|false&#8220; global_colors_info=&#8220;{}&#8220;][\/et_pb_heading][et_pb_heading title=&#8220;Ein- &#038; Austragen&#8220; _builder_version=&#8220;4.27.2&#8243; _module_preset=&#8220;default&#8220; title_font=&#8220;|||on|||||&#8220; custom_margin=&#8220;0px||15px||false|false&#8220; custom_padding=&#8220;0px||0px||true|false&#8220; global_colors_info=&#8220;{}&#8220;][\/et_pb_heading][et_pb_divider _builder_version=&#8220;4.27.2&#8243; _module_preset=&#8220;default&#8220; width=&#8220;50%&#8220; global_colors_info=&#8220;{}&#8220;][\/et_pb_divider][\/et_pb_column][\/et_pb_row][et_pb_row _builder_version=&#8220;4.27.2&#8243; _module_preset=&#8220;default&#8220; locked=&#8220;off&#8220; global_colors_info=&#8220;{}&#8220;][et_pb_column type=&#8220;4_4&#8243; _builder_version=&#8220;4.27.2&#8243; _module_preset=&#8220;default&#8220; global_colors_info=&#8220;{}&#8220;][et_pb_text _builder_version=&#8220;4.27.2&#8243; _module_preset=&#8220;default&#8220; global_colors_info=&#8220;{}&#8220;]<\/p>\n<p>F\u00fcr einen kontinuierlichen Verfahrensablauf ist der einwandfreie Eintrag und Austrag von Materialien wie z. B. Grundstoffen, Zwischenprodukten, Endprodukten absolut notwendig. Bei mehrstufigen, komplexen Prozessen ist dieses umso wichtiger und bei schlecht flie\u00dfenden, zum Anbacken neigenden oder klebrigen\/z\u00e4hfl\u00fcssigen Produkten umso schwieriger umsetzbar.<\/p>\n<p>Das SEGLER-Team realisiert f\u00fcr Sie ma\u00dfgeschneiderte Eintrags- und Austragssysteme. Ob das Beschicken von Beh\u00e4ltern, Bunkern, Silos, Stetigf\u00f6rderern oder der Austrag aus Containern, Filtern, Beh\u00e4ltern etc. \u2013 die speziell angepassten Vorrichtungen machen Ihre Produkte gezielt flie\u00dff\u00e4hig und steuern die schonende F\u00f6rderung.<\/p>\n<p>[\/et_pb_text][\/et_pb_column][\/et_pb_row][et_pb_row column_structure=&#8220;1_2,1_2&#8243; _builder_version=&#8220;4.27.2&#8243; _module_preset=&#8220;default&#8220; global_colors_info=&#8220;{}&#8220;][et_pb_column type=&#8220;1_2&#8243; _builder_version=&#8220;4.27.2&#8243; _module_preset=&#8220;default&#8220; global_colors_info=&#8220;{}&#8220;][et_pb_image src=&#8220;http:\/\/www.segler.eu\/wp-content\/uploads\/2024\/11\/1-4.png&#8220; alt=&#8220;Bunkerschnecke&#8220; _builder_version=&#8220;4.27.2&#8243; _module_preset=&#8220;default&#8220; module_alignment=&#8220;center&#8220; global_colors_info=&#8220;{}&#8220;][\/et_pb_image][et_pb_toggle title=&#8220;Bunkerschnecke&#8220; icon_color=&#8220;#b82435&#8243; _builder_version=&#8220;4.27.4&#8243; _module_preset=&#8220;default&#8220; title_text_color=&#8220;#b82435&#8243; title_level=&#8220;h3&#8243; hover_enabled=&#8220;0&#8243; global_colors_info=&#8220;{}&#8220; sticky_enabled=&#8220;0&#8243;]<\/p>\n<p>F\u00fcr einen kontinuierlichen Verfahrensablauf ist der einwandfreie Eintrag und Austrag von Materialien wie z. B. unterschiedliche Sch\u00fcttg\u00fcter und past\u00f6sen Massen; Zwischenprodukten, Endprodukten absolut notwendig.<\/p>\n<p>Bei mehrstufigen, komplexen Prozessen ist dieses umso wichtiger\u2026 und bei schlecht flie\u00dfenden, zum Anbacken neigenden oder klebrigen\/z\u00e4hfl\u00fcssigen Produkten umso schwieriger umsetzbar.<\/p>\n<p>Referenzprojekte:<br \/><a href=\"https:\/\/www.segler.eu\/wp-content\/uploads\/2024\/12\/Ein-und-Austragschnecke-.pdf\" target=\"_blank\" rel=\"noopener\">Ein- und Austragschnecke<\/a><\/p>\n<p>Produktspanne:<\/p>\n<ul>\n<li>Eintragssschnecken<\/li>\n<li>Eintragsvorrichtungen<\/li>\n<li>Ofeneintragsschnecken<\/li>\n<li>Aufgabeschnecken<\/li>\n<li>Verteilerschnecken<\/li>\n<li>Stopfschnecken<\/li>\n<\/ul>\n<p>Eigenschaften \/ Variationen:<\/p>\n<ul>\n<li>Leistung<br \/>Bis 500 m\u00b3\/h<\/li>\n<li>Ausf\u00fchrung<br \/>In Normalstahl, Edelstahl, verschlei\u00dffesten und hitzebest\u00e4ndigen Werkstoffen, Sonderwerkstoffen<\/li>\n<li>Ausstattung<br \/>Austragsarme, Schneckenwellen<\/li>\n<li>Ausf\u00fchrung<br \/>Staubdicht, gasdicht, druckdicht bzw. drucksto\u00dffest, Vakuum-Betrieb, lebensmittelgerecht, ATEX-konform, WHG-gerecht<\/li>\n<li>Dichtungen<br \/>Produktspezifische Dichtungen<\/li>\n<\/ul>\n<p>Vorteile:<\/p>\n<ul>\n<li>Nachr\u00fcstbar \/ Einbettung in vorhandene Prozesse<\/li>\n<li>Durchlaufmenge pr\u00e4zise regulierbar<\/li>\n<li>Sehr gute Restlosentleerung<\/li>\n<li>Geringe Antriebsleistungen<\/li>\n<li>Produktschonende F\u00f6rderung<\/li>\n<li>Wartungsfreundlich<\/li>\n<li>Systemabschluss<\/li>\n<\/ul>\n<p>[\/et_pb_toggle][\/et_pb_column][et_pb_column type=&#8220;1_2&#8243; _builder_version=&#8220;4.27.2&#8243; _module_preset=&#8220;default&#8220; global_colors_info=&#8220;{}&#8220;][et_pb_image src=&#8220;http:\/\/www.segler.eu\/wp-content\/uploads\/2024\/11\/2-4.png&#8220; alt=&#8220;Austragsb\u00f6den &#038; Austragsschnecken&#8220; title_text=&#8220;2&#8243; _builder_version=&#8220;4.27.2&#8243; _module_preset=&#8220;default&#8220; module_alignment=&#8220;center&#8220; global_colors_info=&#8220;{}&#8220;][\/et_pb_image][et_pb_toggle title=&#8220;Austragsb\u00f6den &#038; -schnecken&#8220; icon_color=&#8220;#b82435&#8243; _builder_version=&#8220;4.27.4&#8243; _module_preset=&#8220;default&#8220; title_text_color=&#8220;#b82435&#8243; title_level=&#8220;h3&#8243; hover_enabled=&#8220;0&#8243; global_colors_info=&#8220;{}&#8220; sticky_enabled=&#8220;0&#8243;]<\/p>\n<p>F\u00fcr einen kontinuierlichen Verfahrensablauf ist der einwandfreie Eintrag und Austrag von Materialien wie z. B. unterschiedliche Sch\u00fcttg\u00fcter und past\u00f6sen Massen; Zwischenprodukten, Endprodukten absolut notwendig.<\/p>\n<p>Bei mehrstufigen, komplexen Prozessen ist dieses umso wichtiger\u2026 und bei schlecht flie\u00dfenden, zum Anbacken neigenden oder klebrigen\/z\u00e4hfl\u00fcssigen Produkten umso schwieriger umsetzbar.<\/p>\n<p>Referenzprojekte:<br \/><a href=\"https:\/\/www.segler.eu\/wp-content\/uploads\/2024\/12\/2024-12-12-SEGLER-Beitrag-Rundsiloaustrag.pdf\" target=\"_blank\" rel=\"noopener\">Rundsiloaustrag<\/a><\/p>\n<p>Produktspanne:<\/p>\n<ul>\n<li>Austragsschnecken<\/li>\n<li>Austragsvorrichtungen<\/li>\n<li>Schneckenaustrageb\u00f6den<\/li>\n<li>R\u00e4umer<\/li>\n<li>Austragsapparate<\/li>\n<\/ul>\n<p>Eigenschaften \/ Variationen:<\/p>\n<ul>\n<li>Leistung<br \/>Bis 500 m\u00b3\/h<\/li>\n<li>Ausf\u00fchrung<br \/>In Normalstahl, Edelstahl, verschlei\u00dffesten und hitzebest\u00e4ndigen Werkstoffen, Sonderwerkstoffen<\/li>\n<li>Ausstattung<br \/>Austragsarme, Schneckenwellen<\/li>\n<li>Ausf\u00fchrung<br \/>Staubdicht, gasdicht, druckdicht bzw. drucksto\u00dffest, Vakuum-Betrieb, lebensmittelgerecht, ATEX-konform, WHG-gerecht<\/li>\n<li>Dichtungen<br \/>Produktspezifische Dichtungen<\/li>\n<\/ul>\n<p>Vorteile:<\/p>\n<ul>\n<li>Nachr\u00fcstbar \/ Einbettung in vorhandene Prozesse<\/li>\n<li>Durchlaufmenge pr\u00e4zise regulierbar<\/li>\n<li>Sehr gute Restlosentleerung<\/li>\n<li>Geringe Antriebsleistungen<\/li>\n<li>Produktschonende F\u00f6rderung<\/li>\n<li>Wartungsfreundlich<\/li>\n<li>Systemabschluss<\/li>\n<\/ul>\n<p>[\/et_pb_toggle][\/et_pb_column][\/et_pb_row][et_pb_row column_structure=&#8220;1_2,1_2&#8243; _builder_version=&#8220;4.27.2&#8243; _module_preset=&#8220;default&#8220; global_colors_info=&#8220;{}&#8220;][et_pb_column type=&#8220;1_2&#8243; _builder_version=&#8220;4.27.2&#8243; _module_preset=&#8220;default&#8220; global_colors_info=&#8220;{}&#8220;][et_pb_image src=&#8220;http:\/\/www.segler.eu\/wp-content\/uploads\/2024\/11\/3-3.png&#8220; alt=&#8220;Pastenbunker&#8220; title_text=&#8220;1&#8243; _builder_version=&#8220;4.27.2&#8243; _module_preset=&#8220;default&#8220; module_alignment=&#8220;center&#8220; global_colors_info=&#8220;{}&#8220;][\/et_pb_image][et_pb_toggle title=&#8220;Pastenbunker&#8220; icon_color=&#8220;#b82435&#8243; _builder_version=&#8220;4.27.4&#8243; _module_preset=&#8220;default&#8220; title_text_color=&#8220;#b82435&#8243; title_level=&#8220;h3&#8243; hover_enabled=&#8220;0&#8243; global_colors_info=&#8220;{}&#8220; sticky_enabled=&#8220;0&#8243;]<\/p>\n<p>F\u00fcr einen kontinuierlichen Verfahrensablauf ist der einwandfreie Eintrag und Austrag von past\u00f6sen Massen sowie z. B. schlecht flie\u00dfende Sch\u00fcttg\u00fctern absolut notwendig.<\/p>\n<p>Bei mehrstufigen, komplexen Prozessen ist dieses umso wichtiger\u2026 und bei schlecht flie\u00dfenden, zum Anbacken neigenden oder klebrigen\/z\u00e4hfl\u00fcssigen Produkten umso schwieriger umsetzbar.<\/p>\n<p>Referenzprojekte:<br \/><a href=\"https:\/\/www.segler.eu\/wp-content\/uploads\/2025\/02\/Edelstahlbunker-mit-Austrag.pdf\" target=\"_blank\" rel=\"noopener\">Edelstahlbunker mit Austrag<\/a><\/p>\n<p>Produktspanne:<\/p>\n<ul>\n<li>Austragsschnecken<\/li>\n<li>Austragsvorrichtungen<\/li>\n<li>Schneckenaustrageb\u00f6den<\/li>\n<li>R\u00e4umer<\/li>\n<li>Austragsapparate<\/li>\n<\/ul>\n<p>Eigenschaften \/ Variationen:<\/p>\n<ul>\n<li>Nutzvolumen<br \/>Bis 30 m\u00b3\/h<\/li>\n<li>Ausf\u00fchrung<br \/>In Normalstahl, Edelstahl, verschlei\u00dffesten und hitzebest\u00e4ndigen Werkstoffen, Sonderwerkstoffen<\/li>\n<li>Ausstattung<br \/>Austragsarme, Schneckenwellen<\/li>\n<li>Ausf\u00fchrung<br \/>Staubdicht, gasdicht, druckdicht bzw. drucksto\u00dffest, Vakuum-Betrieb, lebensmittelgerecht, ATEX-konform, WHG-gerecht<\/li>\n<li>Dichtungen<br \/>Produktspezifische Dichtungen<\/li>\n<\/ul>\n<p>Vorteile:<\/p>\n<ul>\n<li>Nachr\u00fcstbar \/ Einbettung in vorhandene Prozesse<\/li>\n<li>Durchlaufmenge pr\u00e4zise regulierbar<\/li>\n<li>Sehr gute Restlosentleerung<\/li>\n<li>Geringe Antriebsleistungen<\/li>\n<li>Produktschonende F\u00f6rderung<\/li>\n<li>Wartungsfreundlich<\/li>\n<\/ul>\n<p>[\/et_pb_toggle][\/et_pb_column][et_pb_column type=&#8220;1_2&#8243; _builder_version=&#8220;4.27.2&#8243; _module_preset=&#8220;default&#8220; global_colors_info=&#8220;{}&#8220;][et_pb_image src=&#8220;http:\/\/www.segler.eu\/wp-content\/uploads\/2024\/11\/4-1.png&#8220; alt=&#8220;Schnecken-Pumpenwagen&#8220; title_text=&#8220;1&#8243; _builder_version=&#8220;4.27.2&#8243; _module_preset=&#8220;default&#8220; module_alignment=&#8220;center&#8220; global_colors_info=&#8220;{}&#8220;][\/et_pb_image][et_pb_toggle title=&#8220;Schnecken-Pumpenwagen&#8220; icon_color=&#8220;#b82435&#8243; _builder_version=&#8220;4.27.4&#8243; _module_preset=&#8220;default&#8220; title_text_color=&#8220;#b82435&#8243; title_level=&#8220;h3&#8243; hover_enabled=&#8220;0&#8243; global_colors_info=&#8220;{}&#8220; sticky_enabled=&#8220;0&#8243;]<\/p>\n<p>F\u00fcr einen kontinuierlichen Verfahrensablauf ist der einwandfreie Eintrag und Austrag von past\u00f6sen sowie z.B. schlecht flie\u00dfenden Sch\u00fcttg\u00fctern absolut notwendig.<\/p>\n<p>Bei mehrstufigen, komplexen Prozessen ist dieses umso wichtiger\u2026 und bei schlecht flie\u00dfenden, zum Anbacken neigenden oder klebrigen\/z\u00e4hfl\u00fcssigen Produkten umso schwieriger umsetzbar.<\/p>\n<p>&nbsp;<\/p>\n<p>Produktspanne:<\/p>\n<ul>\n<li>Pumpenzuf\u00fchrschnecken<\/li>\n<li>Austragsschnecken<\/li>\n<li>Austragsvorrichtungen<\/li>\n<li>Schneckenaustrageb\u00f6den<\/li>\n<li>Stopfschnecken<\/li>\n<\/ul>\n<p>Eigenschaften \/ Variationen:<\/p>\n<ul>\n<li>Leistung<br \/>Bis 50 m\u00b3\/h<\/li>\n<li>Ausf\u00fchrung<br \/>In Normalstahl, Edelstahl, verschlei\u00dffesten und hitzebest\u00e4ndigen Werkstoffen, Sonderwerkstoffen<\/li>\n<li>Ausstattung<br \/>Schneckenwellen<\/li>\n<li>Ausf\u00fchrung<br \/>Staubdicht, gasdicht, druckdicht bzw. drucksto\u00dffest, Vakuum-Betrieb, lebensmittelgerecht, ATEX-konform, WHG-gerecht<\/li>\n<li>Dichtungen<br \/>Produktspezifische Dichtungen<\/li>\n<\/ul>\n<p>Vorteile:<\/p>\n<ul>\n<li>Nachr\u00fcstbar \/ Einbettung in vorhandene Prozesse<\/li>\n<li>Durchlaufmenge pr\u00e4zise regulierbar<\/li>\n<li>Sehr gute Restlosentleerung<\/li>\n<li>Geringe Antriebsleistungen<\/li>\n<li>Produktschonende F\u00f6rderung<\/li>\n<li>Wartungsfreundlich<\/li>\n<\/ul>\n<p>[\/et_pb_toggle][\/et_pb_column][\/et_pb_row][et_pb_row column_structure=&#8220;3_5,2_5&#8243; make_equal=&#8220;on&#8220; _builder_version=&#8220;4.27.2&#8243; _module_preset=&#8220;default&#8220; background_color=&#8220;#b82435&#8243; custom_margin=&#8220;25px||||false|false&#8220; custom_padding=&#8220;20px|25px|20px|25px|false|true&#8220; border_radii=&#8220;on|2px|2px|2px|2px&#8220; box_shadow_style=&#8220;preset1&#8243; locked=&#8220;off&#8220; global_colors_info=&#8220;{}&#8220;][et_pb_column type=&#8220;3_5&#8243; module_class=&#8220;vertikal-zentrieren&#8220; _builder_version=&#8220;4.27.2&#8243; _module_preset=&#8220;default&#8220; global_colors_info=&#8220;{}&#8220;][et_pb_heading title=&#8220;Effiziente Ein- und Austragsl\u00f6sungen f\u00fcr jeden Prozess&#8220; _builder_version=&#8220;4.27.2&#8243; _module_preset=&#8220;default&#8220; title_level=&#8220;h4&#8243; title_text_align=&#8220;left&#8220; title_text_color=&#8220;#FFFFFF&#8220; custom_margin=&#8220;||0px||false|false&#8220; global_colors_info=&#8220;{}&#8220;][\/et_pb_heading][et_pb_text _builder_version=&#8220;4.27.2&#8243; _module_preset=&#8220;default&#8220; global_colors_info=&#8220;{}&#8220;]<\/p>\n<p><span style=\"color: #ffffff;\">Ob Sch\u00fcttg\u00fcter oder past\u00f6se Materialien \u2013 wir entwickeln ma\u00dfgeschneiderte Systeme f\u00fcr einen reibungslosen Materialfluss. Kontaktieren Sie uns und sichern Sie sich pr\u00e4zise, wartungsfreundliche und produktschonende L\u00f6sungen f\u00fcr Ihre Anforderungen!<\/span><\/p>\n<p>[\/et_pb_text][\/et_pb_column][et_pb_column type=&#8220;2_5&#8243; module_class=&#8220;vertikal-zentrieren&#8220; _builder_version=&#8220;4.27.2&#8243; _module_preset=&#8220;default&#8220; global_colors_info=&#8220;{}&#8220;][et_pb_button button_url=&#8220;@ET-DC@eyJkeW5hbWljIjp0cnVlLCJjb250ZW50IjoicG9zdF9saW5rX3VybF9wYWdlIiwic2V0dGluZ3MiOnsicG9zdF9pZCI6IjI3MyJ9fQ==@&#8220; button_text=&#8220;Jetzt Kontakt aufnehmen&#8220; button_alignment=&#8220;center&#8220; _builder_version=&#8220;4.27.2&#8243; _dynamic_attributes=&#8220;button_url&#8220; _module_preset=&#8220;default&#8220; custom_button=&#8220;on&#8220; button_text_color=&#8220;#b82435&#8243; button_bg_color=&#8220;#FFFFFF&#8220; button_border_width=&#8220;1px&#8220; button_border_color=&#8220;#FFFFFF&#8220; box_shadow_style=&#8220;preset1&#8243; global_colors_info=&#8220;{}&#8220;][\/et_pb_button][\/et_pb_column][\/et_pb_row][\/et_pb_section]<\/p>\n","protected":false},"excerpt":{"rendered":"<p>F\u00fcr einen kontinuierlichen Verfahrensablauf ist der einwandfreie Eintrag und Austrag von Materialien wie z. B. Grundstoffen, Zwischenprodukten, Endprodukten absolut notwendig. Bei mehrstufigen, komplexen Prozessen ist dieses umso wichtiger und bei schlecht flie\u00dfenden, zum Anbacken neigenden oder klebrigen\/z\u00e4hfl\u00fcssigen Produkten umso schwieriger umsetzbar. Das SEGLER-Team realisiert f\u00fcr Sie ma\u00dfgeschneiderte Eintrags- und Austragssysteme. Ob das Beschicken von Beh\u00e4ltern, [&hellip;]<\/p>\n","protected":false},"author":1,"featured_media":0,"parent":164,"menu_order":0,"comment_status":"closed","ping_status":"closed","template":"","meta":{"_et_pb_use_builder":"on","_et_pb_old_content":"","_et_gb_content_width":"","footnotes":""},"class_list":["post-190","page","type-page","status-publish","hentry"],"yoast_head":"<!-- This site is optimized with the Yoast SEO plugin v27.3 - https:\/\/yoast.com\/product\/yoast-seo-wordpress\/ -->\n<title>Ein- &amp; Austragen - SEGLER<\/title>\n<meta name=\"description\" content=\"Ein- &amp; Austragen von SEGLER\" \/>\n<meta name=\"robots\" content=\"index, follow, max-snippet:-1, max-image-preview:large, max-video-preview:-1\" \/>\n<link rel=\"canonical\" href=\"https:\/\/www.segler.eu\/es\/productos\/realizar\/\" \/>\n<meta property=\"og:locale\" content=\"es_ES\" \/>\n<meta property=\"og:type\" content=\"article\" \/>\n<meta property=\"og:title\" content=\"Ein- &amp; Austragen - SEGLER\" \/>\n<meta property=\"og:description\" content=\"Ein- &amp; Austragen von SEGLER\" \/>\n<meta property=\"og:url\" content=\"https:\/\/www.segler.eu\/es\/productos\/realizar\/\" \/>\n<meta property=\"og:site_name\" content=\"SEGLER\" \/>\n<meta property=\"article:publisher\" content=\"https:\/\/www.facebook.com\/people\/Segler-Frderanlagen-Maschinenfabrik-GmbH\/61567270711954\/\" \/>\n<meta property=\"article:modified_time\" content=\"2025-08-17T19:33:15+00:00\" \/>\n<meta property=\"og:image\" content=\"https:\/\/www.segler.eu\/wp-content\/uploads\/2024\/11\/SEGLER-BERGE-1.png\" \/>\n\t<meta property=\"og:image:width\" content=\"750\" \/>\n\t<meta property=\"og:image:height\" content=\"750\" \/>\n\t<meta property=\"og:image:type\" content=\"image\/png\" \/>\n<meta name=\"twitter:label1\" content=\"Tiempo de lectura\" \/>\n\t<meta name=\"twitter:data1\" content=\"7 minutos\" \/>\n<script type=\"application\/ld+json\" class=\"yoast-schema-graph\">{\"@context\":\"https:\\\/\\\/schema.org\",\"@graph\":[{\"@type\":\"WebPage\",\"@id\":\"https:\\\/\\\/www.segler.eu\\\/produkte\\\/ein-austragen\\\/\",\"url\":\"https:\\\/\\\/www.segler.eu\\\/produkte\\\/ein-austragen\\\/\",\"name\":\"Ein- & Austragen - SEGLER\",\"isPartOf\":{\"@id\":\"https:\\\/\\\/www.segler.eu\\\/#website\"},\"datePublished\":\"2024-11-04T15:05:50+00:00\",\"dateModified\":\"2025-08-17T19:33:15+00:00\",\"description\":\"Ein- & Austragen von SEGLER\",\"breadcrumb\":{\"@id\":\"https:\\\/\\\/www.segler.eu\\\/produkte\\\/ein-austragen\\\/#breadcrumb\"},\"inLanguage\":\"es\",\"potentialAction\":[{\"@type\":\"ReadAction\",\"target\":[\"https:\\\/\\\/www.segler.eu\\\/produkte\\\/ein-austragen\\\/\"]}]},{\"@type\":\"BreadcrumbList\",\"@id\":\"https:\\\/\\\/www.segler.eu\\\/produkte\\\/ein-austragen\\\/#breadcrumb\",\"itemListElement\":[{\"@type\":\"ListItem\",\"position\":1,\"name\":\"Startseite\",\"item\":\"https:\\\/\\\/www.segler.eu\\\/\"},{\"@type\":\"ListItem\",\"position\":2,\"name\":\"Produkte\",\"item\":\"https:\\\/\\\/www.segler.eu\\\/produkte\\\/\"},{\"@type\":\"ListItem\",\"position\":3,\"name\":\"Ein- &#038; Austragen\"}]},{\"@type\":\"WebSite\",\"@id\":\"https:\\\/\\\/www.segler.eu\\\/#website\",\"url\":\"https:\\\/\\\/www.segler.eu\\\/\",\"name\":\"SEGLER\",\"description\":\"Materials in motion\",\"publisher\":{\"@id\":\"https:\\\/\\\/www.segler.eu\\\/#organization\"},\"potentialAction\":[{\"@type\":\"SearchAction\",\"target\":{\"@type\":\"EntryPoint\",\"urlTemplate\":\"https:\\\/\\\/www.segler.eu\\\/?s={search_term_string}\"},\"query-input\":{\"@type\":\"PropertyValueSpecification\",\"valueRequired\":true,\"valueName\":\"search_term_string\"}}],\"inLanguage\":\"es\"},{\"@type\":\"Organization\",\"@id\":\"https:\\\/\\\/www.segler.eu\\\/#organization\",\"name\":\"Segler-F\u00f6rderanlagen Maschinenfabrik GmbH\",\"alternateName\":\"SEGLER\",\"url\":\"https:\\\/\\\/www.segler.eu\\\/\",\"logo\":{\"@type\":\"ImageObject\",\"inLanguage\":\"es\",\"@id\":\"https:\\\/\\\/www.segler.eu\\\/#\\\/schema\\\/logo\\\/image\\\/\",\"url\":\"https:\\\/\\\/www.segler.eu\\\/wp-content\\\/uploads\\\/2024\\\/11\\\/SEGLER-BERGE-1.png\",\"contentUrl\":\"https:\\\/\\\/www.segler.eu\\\/wp-content\\\/uploads\\\/2024\\\/11\\\/SEGLER-BERGE-1.png\",\"width\":750,\"height\":750,\"caption\":\"Segler-F\u00f6rderanlagen Maschinenfabrik GmbH\"},\"image\":{\"@id\":\"https:\\\/\\\/www.segler.eu\\\/#\\\/schema\\\/logo\\\/image\\\/\"},\"sameAs\":[\"https:\\\/\\\/www.facebook.com\\\/people\\\/Segler-Frderanlagen-Maschinenfabrik-GmbH\\\/61567270711954\\\/\"]}]}<\/script>\n<!-- \/ Yoast SEO plugin. -->","yoast_head_json":{"title":"Entrar y retirarse - MARINERO","description":"Ingresar y eliminar SEGLER","robots":{"index":"index","follow":"follow","max-snippet":"max-snippet:-1","max-image-preview":"max-image-preview:large","max-video-preview":"max-video-preview:-1"},"canonical":"https:\/\/www.segler.eu\/es\/productos\/realizar\/","og_locale":"es_ES","og_type":"article","og_title":"Ein- & Austragen - SEGLER","og_description":"Ein- & Austragen von SEGLER","og_url":"https:\/\/www.segler.eu\/es\/productos\/realizar\/","og_site_name":"SEGLER","article_publisher":"https:\/\/www.facebook.com\/people\/Segler-Frderanlagen-Maschinenfabrik-GmbH\/61567270711954\/","article_modified_time":"2025-08-17T19:33:15+00:00","og_image":[{"width":750,"height":750,"url":"https:\/\/www.segler.eu\/wp-content\/uploads\/2024\/11\/SEGLER-BERGE-1.png","type":"image\/png"}],"twitter_misc":{"Tiempo de lectura":"7 minutos"},"schema":{"@context":"https:\/\/schema.org","@graph":[{"@type":"WebPage","@id":"https:\/\/www.segler.eu\/produkte\/ein-austragen\/","url":"https:\/\/www.segler.eu\/produkte\/ein-austragen\/","name":"Entrar y retirarse - MARINERO","isPartOf":{"@id":"https:\/\/www.segler.eu\/#website"},"datePublished":"2024-11-04T15:05:50+00:00","dateModified":"2025-08-17T19:33:15+00:00","description":"Ingresar y eliminar SEGLER","breadcrumb":{"@id":"https:\/\/www.segler.eu\/produkte\/ein-austragen\/#breadcrumb"},"inLanguage":"es","potentialAction":[{"@type":"ReadAction","target":["https:\/\/www.segler.eu\/produkte\/ein-austragen\/"]}]},{"@type":"BreadcrumbList","@id":"https:\/\/www.segler.eu\/produkte\/ein-austragen\/#breadcrumb","itemListElement":[{"@type":"ListItem","position":1,"name":"Startseite","item":"https:\/\/www.segler.eu\/"},{"@type":"ListItem","position":2,"name":"Produkte","item":"https:\/\/www.segler.eu\/produkte\/"},{"@type":"ListItem","position":3,"name":"Ein- &#038; Austragen"}]},{"@type":"WebSite","@id":"https:\/\/www.segler.eu\/#website","url":"https:\/\/www.segler.eu\/","name":"SEGLER","description":"Materiales en movimiento","publisher":{"@id":"https:\/\/www.segler.eu\/#organization"},"potentialAction":[{"@type":"SearchAction","target":{"@type":"EntryPoint","urlTemplate":"https:\/\/www.segler.eu\/?s={search_term_string}"},"query-input":{"@type":"PropertyValueSpecification","valueRequired":true,"valueName":"search_term_string"}}],"inLanguage":"es"},{"@type":"Organization","@id":"https:\/\/www.segler.eu\/#organization","name":"Segler-F\u00f6rderanlagen Maschinenfabrik GmbH","alternateName":"SEGLER","url":"https:\/\/www.segler.eu\/","logo":{"@type":"ImageObject","inLanguage":"es","@id":"https:\/\/www.segler.eu\/#\/schema\/logo\/image\/","url":"https:\/\/www.segler.eu\/wp-content\/uploads\/2024\/11\/SEGLER-BERGE-1.png","contentUrl":"https:\/\/www.segler.eu\/wp-content\/uploads\/2024\/11\/SEGLER-BERGE-1.png","width":750,"height":750,"caption":"Segler-F\u00f6rderanlagen Maschinenfabrik GmbH"},"image":{"@id":"https:\/\/www.segler.eu\/#\/schema\/logo\/image\/"},"sameAs":["https:\/\/www.facebook.com\/people\/Segler-Frderanlagen-Maschinenfabrik-GmbH\/61567270711954\/"]}]}},"_links":{"self":[{"href":"https:\/\/www.segler.eu\/es\/wp-json\/wp\/v2\/pages\/190","targetHints":{"allow":["GET"]}}],"collection":[{"href":"https:\/\/www.segler.eu\/es\/wp-json\/wp\/v2\/pages"}],"about":[{"href":"https:\/\/www.segler.eu\/es\/wp-json\/wp\/v2\/types\/page"}],"author":[{"embeddable":true,"href":"https:\/\/www.segler.eu\/es\/wp-json\/wp\/v2\/users\/1"}],"replies":[{"embeddable":true,"href":"https:\/\/www.segler.eu\/es\/wp-json\/wp\/v2\/comments?post=190"}],"version-history":[{"count":0,"href":"https:\/\/www.segler.eu\/es\/wp-json\/wp\/v2\/pages\/190\/revisions"}],"up":[{"embeddable":true,"href":"https:\/\/www.segler.eu\/es\/wp-json\/wp\/v2\/pages\/164"}],"wp:attachment":[{"href":"https:\/\/www.segler.eu\/es\/wp-json\/wp\/v2\/media?parent=190"}],"curies":[{"name":"wp","href":"https:\/\/api.w.org\/{rel}","templated":true}]}}