{"id":192,"date":"2024-11-04T16:06:04","date_gmt":"2024-11-04T15:06:04","guid":{"rendered":"http:\/\/www.segler.eu\/?page_id=192"},"modified":"2025-08-17T21:33:54","modified_gmt":"2025-08-17T19:33:54","slug":"manejo-de-dosificacion","status":"publish","type":"page","link":"https:\/\/www.segler.eu\/es\/produkte\/dosieren-handling\/","title":{"rendered":"Dosificaci\u00f3n y manipulaci\u00f3n"},"content":{"rendered":"<p>[et_pb_section fb_built=&#8220;1&#8243; _builder_version=&#8220;4.27.4&#8243; _module_preset=&#8220;default&#8220; background_image=&#8220;https:\/\/www.segler.eu\/wp-content\/uploads\/2024\/12\/Dosieren.png&#8220; height=&#8220;45vh&#8220; custom_margin=&#8220;-10%||||false|false&#8220; locked=&#8220;off&#8220; global_colors_info=&#8220;{}&#8220;][et_pb_row _builder_version=&#8220;4.27.2&#8243; _module_preset=&#8220;default&#8220; custom_padding=&#8220;20vh||||false|false&#8220; global_colors_info=&#8220;{}&#8220;][et_pb_column type=&#8220;4_4&#8243; _builder_version=&#8220;4.27.2&#8243; _module_preset=&#8220;default&#8220; global_colors_info=&#8220;{}&#8220;][\/et_pb_column][\/et_pb_row][\/et_pb_section][et_pb_section fb_built=&#8220;1&#8243; _builder_version=&#8220;4.27.2&#8243; _module_preset=&#8220;default&#8220; locked=&#8220;off&#8220; global_colors_info=&#8220;{}&#8220;][et_pb_row _builder_version=&#8220;4.27.2&#8243; _module_preset=&#8220;default&#8220; custom_margin=&#8220;0px||0px||true|false&#8220; custom_padding=&#8220;0px||0px||true|false&#8220; locked=&#8220;off&#8220; global_colors_info=&#8220;{}&#8220;][et_pb_column type=&#8220;4_4&#8243; _builder_version=&#8220;4.27.2&#8243; _module_preset=&#8220;default&#8220; global_colors_info=&#8220;{}&#8220;][et_pb_heading title=&#8220;Produkte&#8220; _builder_version=&#8220;4.27.2&#8243; _module_preset=&#8220;default&#8220; title_level=&#8220;h4&#8243; title_font=&#8220;|||on|||||&#8220; title_text_color=&#8220;#b82435&#8243; custom_margin=&#8220;0px||0px||false|false&#8220; custom_padding=&#8220;0px||0px||false|false&#8220; global_colors_info=&#8220;{}&#8220;][\/et_pb_heading][et_pb_heading title=&#8220;Dosieren &#038; Handling&#8220; _builder_version=&#8220;4.27.2&#8243; _module_preset=&#8220;default&#8220; title_font=&#8220;|||on|||||&#8220; custom_margin=&#8220;0px||15px||false|false&#8220; custom_padding=&#8220;0px||0px||true|false&#8220; global_colors_info=&#8220;{}&#8220;][\/et_pb_heading][et_pb_divider _builder_version=&#8220;4.27.2&#8243; _module_preset=&#8220;default&#8220; width=&#8220;50%&#8220; global_colors_info=&#8220;{}&#8220;][\/et_pb_divider][\/et_pb_column][\/et_pb_row][et_pb_row _builder_version=&#8220;4.27.2&#8243; _module_preset=&#8220;default&#8220; locked=&#8220;off&#8220; global_colors_info=&#8220;{}&#8220;][et_pb_column type=&#8220;4_4&#8243; _builder_version=&#8220;4.27.2&#8243; _module_preset=&#8220;default&#8220; global_colors_info=&#8220;{}&#8220;][et_pb_text _builder_version=&#8220;4.27.2&#8243; _module_preset=&#8220;default&#8220; global_colors_info=&#8220;{}&#8220;]<\/p>\n<p>Sch\u00fcttg\u00fcter werden h\u00e4ufig in S\u00e4cke oder BigBags abgef\u00fcllt. Hierf\u00fcr bietet Segler als L\u00f6sung Dosierschnecken zum Bef\u00fcllen von BigBags an. Dosierschnecken von Segler werden in der Verfahrstechnik vielf\u00e4ltig als Dosier und Absperraggregat eingeplant.<\/p>\n<p>Zur Entleerung von Sackware fertigt Segler Sacksch\u00fctten mit z.B. Absaugung, Filter oder Auflagetisch. BigBags werden mit individuellen Handlingsystemen und Krananlagen geplant und gefertigt. Auf Kundenwunsch sind z.B. folgende Optionen m\u00f6glich: pneumatische Andockstation, Bef\u00fcllkopf, BigBag Traverse, R\u00fcttler, automatische Austragshilfen, kombination mit Sackaufgabe und integrierter F\u00f6rderschnecke. Absperrschieber, Produktweichen und Schurren werden in vielen Baugr\u00f6\u00dfen und gem\u00e4\u00df Kundenanforderung gefertigt.<\/p>\n<p>[\/et_pb_text][\/et_pb_column][\/et_pb_row][et_pb_row column_structure=&#8220;1_2,1_2&#8243; _builder_version=&#8220;4.27.2&#8243; _module_preset=&#8220;default&#8220; global_colors_info=&#8220;{}&#8220;][et_pb_column type=&#8220;1_2&#8243; _builder_version=&#8220;4.27.2&#8243; _module_preset=&#8220;default&#8220; global_colors_info=&#8220;{}&#8220;][et_pb_image src=&#8220;http:\/\/www.segler.eu\/wp-content\/uploads\/2024\/12\/1.png&#8220; alt=&#8220;Dosierschnecken&#8220; _builder_version=&#8220;4.27.2&#8243; _module_preset=&#8220;default&#8220; module_alignment=&#8220;center&#8220; global_colors_info=&#8220;{}&#8220;][\/et_pb_image][et_pb_toggle title=&#8220;Dosierschnecken&#8220; icon_color=&#8220;#b82435&#8243; _builder_version=&#8220;4.27.4&#8243; _module_preset=&#8220;default&#8220; title_text_color=&#8220;#b82435&#8243; title_level=&#8220;h3&#8243; hover_enabled=&#8220;0&#8243; global_colors_info=&#8220;{}&#8220; sticky_enabled=&#8220;0&#8243;]<\/p>\n<p>H\u00f6chste Anspr\u00fcche an die Qualit\u00e4t und die Reproduzierbarkeit von Produkten verlangen nach pr\u00e4zisen und zeitlich genau abgestimmten Produktionsprozessen.<\/p>\n<p>Nur geringe Toleranzen sind erlaubt, was bei Medien mit schwierigen Eigenschaften bzgl. K\u00f6rnung, Flie\u00dfverhalten, Konsistenz, Sch\u00fcttgewicht eine konstruktive als auch fertigungstechnische Ma\u00dfarbeit erfordert. Wenn Rohstoffe, Zuschlagstoffe etc. dem Verarbeitungsprozess zugef\u00fchrt werden oder Produkte aus dem Prozess heraus in Gebinde wie S\u00e4cke, Beh\u00e4lter etc. zu f\u00fcllen sind, m\u00fcssen vielf\u00e4ltige Herausforderungen gel\u00f6st werden. Beispiele daf\u00fcr sind durch Lagerung verklumpte Medien, Staubentwicklung, Sicherstellung von exakten\/eichgenauen Mengen etc.<\/p>\n<p>Referenzprojekte:<br \/><a href=\"https:\/\/www.segler.eu\/wp-content\/uploads\/2024\/12\/Dosierfoerderschnecke-mit-Puffertank-und-Ruehrwerk-.pdf\" target=\"_blank\" rel=\"noopener\">Dosierf\u00f6rderschnecke mit Puffertank und R\u00fchrwerk<\/a><br \/><a href=\"https:\/\/www.segler.eu\/wp-content\/uploads\/2024\/12\/Doppel-Scheckenfoerderer-mit-Bunker-.pdf\" target=\"_blank\" rel=\"noopener\">Doppel-Scheckenf\u00f6rderer mit Bunker<\/a><br \/><a href=\"https:\/\/www.segler.eu\/wp-content\/uploads\/2024\/12\/Dosierschnecke-fuer-Magnetiterzschmelze.pdf\" target=\"_blank\" rel=\"noopener\">Dosierschnecke f\u00fcr Magnetiterzschmelze<\/a><\/p>\n<p>Produktspanne:<\/p>\n<ul>\n<li>Dosierschnecken<\/li>\n<li>Trockenstoffdosierer, volumetrisch, gravimetrisch<\/li>\n<\/ul>\n<p>Eigenschaften \/ Variationen:<\/p>\n<ul>\n<li>Leistungen<br \/>Ab 10l\/h bis 500m\u00b3\/h<\/li>\n<li>Ausstattungen<br \/>Produktangepasste<br \/>Werkzeuge wie einwellige, mehrwellige Schnecken; Einlauftrichter, F\u00fcllstandsmelder, Auflockerungsr\u00fchrwerk, Passiersieb, Vibrationsmotor, Schnellschlussschieber, Filter, Siebeinrichtungen, Staubabsaugung, W\u00e4gezellen<\/li>\n<li>Ausf\u00fchrungen<br \/>Station\u00e4r oder mobil, staubdicht, gasdicht, druckdicht bzw. drucksto\u00dffest, lebensmittelgerecht, ATEX-konform<\/li>\n<li>Dichtungen<br \/>Produktspezifische Dichtungen<\/li>\n<\/ul>\n<p>Vorteile:<\/p>\n<ul>\n<li>Exaktes Dosieren und Handling selbst schwierigster Stoffe<\/li>\n<li>Flexible Anlagenkonfiguration<\/li>\n<li>Variables Anpassen der Leistungen<\/li>\n<li>Auch f\u00fcr das Dosieren und Handling mehrerer Komponenten<\/li>\n<li>leichte Reinigung<\/li>\n<\/ul>\n<p>[\/et_pb_toggle][\/et_pb_column][et_pb_column type=&#8220;1_2&#8243; _builder_version=&#8220;4.27.2&#8243; _module_preset=&#8220;default&#8220; global_colors_info=&#8220;{}&#8220;][et_pb_image src=&#8220;http:\/\/www.segler.eu\/wp-content\/uploads\/2024\/12\/2.png&#8220; alt=&#8220;Sacksch\u00fctten&#8220; title_text=&#8220;2&#8243; _builder_version=&#8220;4.27.2&#8243; _module_preset=&#8220;default&#8220; module_alignment=&#8220;center&#8220; global_colors_info=&#8220;{}&#8220;][\/et_pb_image][et_pb_toggle title=&#8220;Sacksch\u00fctten&#8220; icon_color=&#8220;#b82435&#8243; _builder_version=&#8220;4.27.4&#8243; _module_preset=&#8220;default&#8220; title_text_color=&#8220;#b82435&#8243; title_level=&#8220;h3&#8243; hover_enabled=&#8220;0&#8243; global_colors_info=&#8220;{}&#8220; sticky_enabled=&#8220;0&#8243;]<\/p>\n<p>H\u00f6chste Anspr\u00fcche an die Qualit\u00e4t und die Reproduzierbarkeit von Produkten verlangen nach pr\u00e4zisen und zeitlich genau abgestimmten Produktionsprozessen.<\/p>\n<p>Nur geringe Toleranzen sind erlaubt, was bei Medien mit schwierigen Eigenschaften bzgl. K\u00f6rnung, Flie\u00dfverhalten, Konsistenz, Sch\u00fcttgewicht eine konstruktive als auch fertigungstechnische Ma\u00dfarbeit erfordert. Wenn Rohstoffe, Zuschlagstoffe etc. dem Verarbeitungsprozess zugef\u00fchrt werden oder Produkte aus dem Prozess heraus in Gebinde wie S\u00e4cke, Beh\u00e4lter etc. zu f\u00fcllen sind, m\u00fcssen vielf\u00e4ltige Herausforderungen gel\u00f6st werden. Beispiele daf\u00fcr sind durch Lagerung verklumpte Medien, Staubentwicklung, Sicherstellung von exakten\/eichgenauen Mengen etc.<\/p>\n<p>&nbsp;<\/p>\n<p>Produktspanne:<\/p>\n<ul>\n<li>Trichter mit Sackauflage<\/li>\n<li>Eingehauste Sackentleerung<\/li>\n<li>Absaugung mit Filteranlage<\/li>\n<li>Austrags- &amp; Dosierschnecken<\/li>\n<\/ul>\n<p>Eigenschaften \/ Variationen:<\/p>\n<ul>\n<li>Ausstattungen<br \/>Passiersieb, Filter, Auflockerungsr\u00fchrwerk, Produktangepasste Werkzeuge wie einwellige, mehrwellige Schnecken, Einlauftrichter mit Sackauflage, F\u00fcllstandsmelder, Vibrationsmotor, Siebeinrichtungen, Magnetabscheider, Staubabsaugung, Geh\u00e4use mit staubdichten Klappen<\/li>\n<li>Ausf\u00fchrungen<br \/>Station\u00e4r oder mobil; staubdicht, gasdicht, lebensmittelgerecht, ATEX-konform<\/li>\n<li>Dichtungen<br \/>Produktspezifische Dichtungen<\/li>\n<\/ul>\n<p>Vorteile:<\/p>\n<ul>\n<li>Exaktes Dosieren und Handling selbst schwierigster Stoffe<\/li>\n<li>Flexible Anlagenkonfiguration<\/li>\n<li>Variables Anpassen der Leistungen<\/li>\n<li>Auch f\u00fcr das Dosieren und Handling mehrerer Komponenten<\/li>\n<li>leichte Reinigung<\/li>\n<li>Variable Gr\u00f6\u00dfen des Aufgabetrichters<\/li>\n<\/ul>\n<p>[\/et_pb_toggle][\/et_pb_column][\/et_pb_row][et_pb_row column_structure=&#8220;1_2,1_2&#8243; _builder_version=&#8220;4.27.2&#8243; _module_preset=&#8220;default&#8220; global_colors_info=&#8220;{}&#8220;][et_pb_column type=&#8220;1_2&#8243; _builder_version=&#8220;4.27.2&#8243; _module_preset=&#8220;default&#8220; global_colors_info=&#8220;{}&#8220;][et_pb_image src=&#8220;http:\/\/www.segler.eu\/wp-content\/uploads\/2024\/12\/3.png&#8220; alt=&#8220;Big-Bag-Anlagen&#8220; title_text=&#8220;1&#8243; _builder_version=&#8220;4.27.2&#8243; _module_preset=&#8220;default&#8220; module_alignment=&#8220;center&#8220; global_colors_info=&#8220;{}&#8220;][\/et_pb_image][et_pb_toggle title=&#8220;Big-Bag-Anlagen&#8220; icon_color=&#8220;#b82435&#8243; _builder_version=&#8220;4.27.4&#8243; _module_preset=&#8220;default&#8220; title_text_color=&#8220;#b82435&#8243; title_level=&#8220;h3&#8243; hover_enabled=&#8220;0&#8243; global_colors_info=&#8220;{}&#8220; sticky_enabled=&#8220;0&#8243;]<\/p>\n<p>H\u00f6chste Anspr\u00fcche an die Qualit\u00e4t und die Reproduzierbarkeit von Produkten verlangen nach pr\u00e4zisen und zeitlich genau abgestimmten Produktionsprozessen.<\/p>\n<p>Nur geringe Toleranzen sind erlaubt, was bei Medien mit schwierigen Eigenschaften bzgl. K\u00f6rnung, Flie\u00dfverhalten, Konsistenz, Sch\u00fcttgewicht eine konstruktive als auch fertigungstechnische Ma\u00dfarbeit erfordert. Wenn Rohstoffe, Zuschlagstoffe etc. dem Verarbeitungsprozess zugef\u00fchrt werden oder Produkte aus dem Prozess heraus in Gebinde wie S\u00e4cke, Beh\u00e4lter etc. zu f\u00fcllen sind, m\u00fcssen vielf\u00e4ltige Herausforderungen gel\u00f6st werden. Beispiele daf\u00fcr sind durch Lagerung verklumpte Medien, Staubentwicklung, Sicherstellung von exakten\/eichgenauen Mengen etc.<\/p>\n<p>Referenzprojekte:<br \/><a href=\"https:\/\/www.segler.eu\/wp-content\/uploads\/2024\/12\/Big-Bag-Entleerstation-1.pdf\" target=\"_blank\" rel=\"noopener\">Big-Bag-Entleerstation 1<\/a><br \/><a href=\"https:\/\/www.segler.eu\/wp-content\/uploads\/2024\/12\/Big-Bag-Entleerstation-2.pdf\" target=\"_blank\" rel=\"noopener\">Big-Bag-Entleerstation 2<\/a><\/p>\n<p>Produktspanne:<\/p>\n<ul>\n<li>Big Bag-Anlagen<\/li>\n<li>Big Bag-Entleerstation<\/li>\n<li>Big Bag-Bef\u00fcllstation<\/li>\n<li>Kombinierte Sack- &amp; Big-Bag-Entleerstationen<\/li>\n<li>Austrags- &amp; Dosierschnecken<\/li>\n<\/ul>\n<p>Eigenschaften \/ Variationen:<\/p>\n<ul>\n<li>Ausstattungen<br \/>Produktangepasste Werkzeuge wie einwellige, mehrwellige Schnecken, Einlauftrichter,F\u00fcllstandsmelder, Auflockerungsr\u00fchrwerk, Vibrationsmotor, Filter, Siebeinrichtungen, Magnetabschieber, Verdichtungseinrichtungen, Staubabsaugung, Krangestell, elektrische Kettenz\u00fcge, Lasthebekreuz, Big-Bag-Andockstation<\/li>\n<li>Ausf\u00fchrungen<br \/>Station\u00e4r oder mobil; manuell oder automatisch; staubdicht, gasdicht, druckdicht bzw. drucksto\u00dffest, lebensmittelgerecht, ATEX-konform<\/li>\n<li>Dichtungen<br \/>Produktspezifische Dichtungen<\/li>\n<\/ul>\n<p>Vorteile:<\/p>\n<ul>\n<li>Flexible Anlagenkonfiguration ( Sack- &amp; Big-Bag-Gr\u00f6\u00dfen gem\u00e4\u00df Kundenwunsch)<\/li>\n<li>Variables Anpassen der Leistungen<\/li>\n<li>Auch f\u00fcr das Dosieren und Handling mehrerer Komponenten<\/li>\n<li>leichte Reinigung<\/li>\n<\/ul>\n<p>[\/et_pb_toggle][\/et_pb_column][et_pb_column type=&#8220;1_2&#8243; _builder_version=&#8220;4.27.2&#8243; _module_preset=&#8220;default&#8220; global_colors_info=&#8220;{}&#8220;][et_pb_image src=&#8220;http:\/\/www.segler.eu\/wp-content\/uploads\/2024\/12\/4.png&#8220; alt=&#8220;Schieber, Schurren, Weichen&#8220; title_text=&#8220;1&#8243; _builder_version=&#8220;4.27.2&#8243; _module_preset=&#8220;default&#8220; module_alignment=&#8220;center&#8220; global_colors_info=&#8220;{}&#8220;][\/et_pb_image][et_pb_toggle title=&#8220;Schieber, Schurren, Weichen&#8220; icon_color=&#8220;#b82435&#8243; _builder_version=&#8220;4.27.4&#8243; _module_preset=&#8220;default&#8220; title_text_color=&#8220;#b82435&#8243; title_level=&#8220;h3&#8243; hover_enabled=&#8220;0&#8243; global_colors_info=&#8220;{}&#8220; sticky_enabled=&#8220;0&#8243;]<\/p>\n<p>H\u00f6chste Anspr\u00fcche an die Qualit\u00e4t und die Reproduzierbarkeit von Produkten verlangen nach pr\u00e4zisen und zeitlich genau abgestimmten Produktionsprozessen.<\/p>\n<p>Nur geringe Toleranzen sind erlaubt, was bei Medien mit schwierigen Eigenschaften bzgl. K\u00f6rnung, Flie\u00dfverhalten, Konsistenz, Sch\u00fcttgewicht eine konstruktive als auch fertigungstechnische Ma\u00dfarbeit erfordert. Wenn Rohstoffe, Zuschlagstoffe etc. dem Verarbeitungsprozess zugef\u00fchrt werden oder Produkte aus dem Prozess heraus in Gebinde wie S\u00e4cke, Beh\u00e4lter etc. zu f\u00fcllen sind, m\u00fcssen vielf\u00e4ltige Herausforderungen gel\u00f6st werden. Beispiele daf\u00fcr sind durch Lagerung verklumpte Medien, Staubentwicklung, Sicherstellung von exakten\/eichgenauen Mengen etc.<\/p>\n<p>&nbsp;<\/p>\n<p>Produktspanne:<\/p>\n<ul>\n<li>Flachschieber<\/li>\n<li>Schurren<\/li>\n<li>2-Wege Weichen<\/li>\n<\/ul>\n<p>Eigenschaften \/ Variationen:<\/p>\n<ul>\n<li>Anwendungen<br \/>F\u00fcr flie\u00df- bzw. rieself\u00e4hige Sch\u00fcttg\u00fcter<\/li>\n<li>Ausstattungen<br \/>Antihaftbeschichtung, Liner, Auskleidung,<br \/>Bet\u00e4tigung manuell, elektrisch oder pneumatisch<br \/>gefertigt aus Normalstahl oder nicht rostenden St\u00e4hlen<\/li>\n<li>Ausf\u00fchrungen<br \/>Staubdicht, gasdicht, druckdicht bzw. drucksto\u00dffest, lebensmittelgerecht, ATEX-konform<\/li>\n<li>Dichtungen<br \/>Produktspezifische Dichtungen<\/li>\n<\/ul>\n<p>[\/et_pb_toggle][\/et_pb_column][\/et_pb_row][et_pb_row column_structure=&#8220;3_5,2_5&#8243; make_equal=&#8220;on&#8220; _builder_version=&#8220;4.27.2&#8243; _module_preset=&#8220;default&#8220; background_color=&#8220;#b82435&#8243; custom_margin=&#8220;25px||||false|false&#8220; custom_padding=&#8220;20px|25px|20px|25px|false|true&#8220; border_radii=&#8220;on|2px|2px|2px|2px&#8220; box_shadow_style=&#8220;preset1&#8243; locked=&#8220;off&#8220; global_colors_info=&#8220;{}&#8220;][et_pb_column type=&#8220;3_5&#8243; module_class=&#8220;vertikal-zentrieren&#8220; _builder_version=&#8220;4.27.2&#8243; _module_preset=&#8220;default&#8220; global_colors_info=&#8220;{}&#8220;][et_pb_heading title=&#8220;Pr\u00e4zises Dosieren und Handling f\u00fcr maximale Effizienz&#8220; _builder_version=&#8220;4.27.2&#8243; _module_preset=&#8220;default&#8220; title_level=&#8220;h4&#8243; title_text_align=&#8220;left&#8220; title_text_color=&#8220;#FFFFFF&#8220; custom_margin=&#8220;||0px||false|false&#8220; global_colors_info=&#8220;{}&#8220;][\/et_pb_heading][et_pb_text _builder_version=&#8220;4.27.2&#8243; _module_preset=&#8220;default&#8220; global_colors_info=&#8220;{}&#8220;]<\/p>\n<p><span style=\"color: #ffffff;\">Von Dosierschnecken bis Big-Bag-Anlagen \u2013 wir bieten individuelle L\u00f6sungen f\u00fcr pr\u00e4zises und produktschonendes Handling, selbst bei anspruchsvollen Materialien. Kontaktieren Sie uns und optimieren Sie Ihre Prozesse mit ma\u00dfgeschneiderten Systemen!<\/span><\/p>\n<p>[\/et_pb_text][\/et_pb_column][et_pb_column type=&#8220;2_5&#8243; module_class=&#8220;vertikal-zentrieren&#8220; _builder_version=&#8220;4.27.2&#8243; _module_preset=&#8220;default&#8220; global_colors_info=&#8220;{}&#8220;][et_pb_button button_url=&#8220;@ET-DC@eyJkeW5hbWljIjp0cnVlLCJjb250ZW50IjoicG9zdF9saW5rX3VybF9wYWdlIiwic2V0dGluZ3MiOnsicG9zdF9pZCI6IjI3MyJ9fQ==@&#8220; button_text=&#8220;Jetzt Kontakt aufnehmen&#8220; button_alignment=&#8220;center&#8220; _builder_version=&#8220;4.27.2&#8243; _dynamic_attributes=&#8220;button_url&#8220; _module_preset=&#8220;default&#8220; custom_button=&#8220;on&#8220; button_text_color=&#8220;#b82435&#8243; button_bg_color=&#8220;#FFFFFF&#8220; button_border_width=&#8220;1px&#8220; button_border_color=&#8220;#FFFFFF&#8220; box_shadow_style=&#8220;preset1&#8243; global_colors_info=&#8220;{}&#8220;][\/et_pb_button][\/et_pb_column][\/et_pb_row][\/et_pb_section]<\/p>\n","protected":false},"excerpt":{"rendered":"<p>Sch\u00fcttg\u00fcter werden h\u00e4ufig in S\u00e4cke oder BigBags abgef\u00fcllt. Hierf\u00fcr bietet Segler als L\u00f6sung Dosierschnecken zum Bef\u00fcllen von BigBags an. Dosierschnecken von Segler werden in der Verfahrstechnik vielf\u00e4ltig als Dosier und Absperraggregat eingeplant. Zur Entleerung von Sackware fertigt Segler Sacksch\u00fctten mit z.B. Absaugung, Filter oder Auflagetisch. BigBags werden mit individuellen Handlingsystemen und Krananlagen geplant und gefertigt. [&hellip;]<\/p>\n","protected":false},"author":1,"featured_media":0,"parent":164,"menu_order":0,"comment_status":"closed","ping_status":"closed","template":"","meta":{"_et_pb_use_builder":"on","_et_pb_old_content":"","_et_gb_content_width":"","footnotes":""},"class_list":["post-192","page","type-page","status-publish","hentry"],"yoast_head":"<!-- This site is optimized with the Yoast SEO plugin v27.3 - https:\/\/yoast.com\/product\/yoast-seo-wordpress\/ -->\n<title>Dosieren &amp; Handling - SEGLER<\/title>\n<meta name=\"description\" content=\"Dosieren &amp; Handling von SEGLER\" \/>\n<meta name=\"robots\" content=\"index, follow, max-snippet:-1, max-image-preview:large, max-video-preview:-1\" \/>\n<link rel=\"canonical\" href=\"https:\/\/www.segler.eu\/es\/productos\/manejo-de-dosificacion\/\" \/>\n<meta property=\"og:locale\" content=\"es_ES\" \/>\n<meta property=\"og:type\" content=\"article\" \/>\n<meta property=\"og:title\" content=\"Dosieren &amp; Handling - SEGLER\" \/>\n<meta property=\"og:description\" content=\"Dosieren &amp; Handling von SEGLER\" \/>\n<meta property=\"og:url\" content=\"https:\/\/www.segler.eu\/es\/productos\/manejo-de-dosificacion\/\" \/>\n<meta property=\"og:site_name\" content=\"SEGLER\" \/>\n<meta property=\"article:publisher\" content=\"https:\/\/www.facebook.com\/people\/Segler-Frderanlagen-Maschinenfabrik-GmbH\/61567270711954\/\" \/>\n<meta property=\"article:modified_time\" content=\"2025-08-17T19:33:54+00:00\" \/>\n<meta property=\"og:image\" content=\"https:\/\/www.segler.eu\/wp-content\/uploads\/2024\/11\/SEGLER-BERGE-1.png\" \/>\n\t<meta property=\"og:image:width\" content=\"750\" \/>\n\t<meta property=\"og:image:height\" content=\"750\" \/>\n\t<meta property=\"og:image:type\" content=\"image\/png\" \/>\n<meta name=\"twitter:label1\" content=\"Tiempo de lectura\" \/>\n\t<meta name=\"twitter:data1\" content=\"8 minutos\" \/>\n<script type=\"application\/ld+json\" class=\"yoast-schema-graph\">{\"@context\":\"https:\\\/\\\/schema.org\",\"@graph\":[{\"@type\":\"WebPage\",\"@id\":\"https:\\\/\\\/www.segler.eu\\\/produkte\\\/dosieren-handling\\\/\",\"url\":\"https:\\\/\\\/www.segler.eu\\\/produkte\\\/dosieren-handling\\\/\",\"name\":\"Dosieren & Handling - SEGLER\",\"isPartOf\":{\"@id\":\"https:\\\/\\\/www.segler.eu\\\/#website\"},\"datePublished\":\"2024-11-04T15:06:04+00:00\",\"dateModified\":\"2025-08-17T19:33:54+00:00\",\"description\":\"Dosieren & Handling von SEGLER\",\"breadcrumb\":{\"@id\":\"https:\\\/\\\/www.segler.eu\\\/produkte\\\/dosieren-handling\\\/#breadcrumb\"},\"inLanguage\":\"es\",\"potentialAction\":[{\"@type\":\"ReadAction\",\"target\":[\"https:\\\/\\\/www.segler.eu\\\/produkte\\\/dosieren-handling\\\/\"]}]},{\"@type\":\"BreadcrumbList\",\"@id\":\"https:\\\/\\\/www.segler.eu\\\/produkte\\\/dosieren-handling\\\/#breadcrumb\",\"itemListElement\":[{\"@type\":\"ListItem\",\"position\":1,\"name\":\"Startseite\",\"item\":\"https:\\\/\\\/www.segler.eu\\\/\"},{\"@type\":\"ListItem\",\"position\":2,\"name\":\"Produkte\",\"item\":\"https:\\\/\\\/www.segler.eu\\\/produkte\\\/\"},{\"@type\":\"ListItem\",\"position\":3,\"name\":\"Dosieren &#038; Handling\"}]},{\"@type\":\"WebSite\",\"@id\":\"https:\\\/\\\/www.segler.eu\\\/#website\",\"url\":\"https:\\\/\\\/www.segler.eu\\\/\",\"name\":\"SEGLER\",\"description\":\"Materials in motion\",\"publisher\":{\"@id\":\"https:\\\/\\\/www.segler.eu\\\/#organization\"},\"potentialAction\":[{\"@type\":\"SearchAction\",\"target\":{\"@type\":\"EntryPoint\",\"urlTemplate\":\"https:\\\/\\\/www.segler.eu\\\/?s={search_term_string}\"},\"query-input\":{\"@type\":\"PropertyValueSpecification\",\"valueRequired\":true,\"valueName\":\"search_term_string\"}}],\"inLanguage\":\"es\"},{\"@type\":\"Organization\",\"@id\":\"https:\\\/\\\/www.segler.eu\\\/#organization\",\"name\":\"Segler-F\u00f6rderanlagen Maschinenfabrik GmbH\",\"alternateName\":\"SEGLER\",\"url\":\"https:\\\/\\\/www.segler.eu\\\/\",\"logo\":{\"@type\":\"ImageObject\",\"inLanguage\":\"es\",\"@id\":\"https:\\\/\\\/www.segler.eu\\\/#\\\/schema\\\/logo\\\/image\\\/\",\"url\":\"https:\\\/\\\/www.segler.eu\\\/wp-content\\\/uploads\\\/2024\\\/11\\\/SEGLER-BERGE-1.png\",\"contentUrl\":\"https:\\\/\\\/www.segler.eu\\\/wp-content\\\/uploads\\\/2024\\\/11\\\/SEGLER-BERGE-1.png\",\"width\":750,\"height\":750,\"caption\":\"Segler-F\u00f6rderanlagen Maschinenfabrik GmbH\"},\"image\":{\"@id\":\"https:\\\/\\\/www.segler.eu\\\/#\\\/schema\\\/logo\\\/image\\\/\"},\"sameAs\":[\"https:\\\/\\\/www.facebook.com\\\/people\\\/Segler-Frderanlagen-Maschinenfabrik-GmbH\\\/61567270711954\\\/\"]}]}<\/script>\n<!-- \/ Yoast SEO plugin. -->","yoast_head_json":{"title":"Dosificaci\u00f3n y manipulaci\u00f3n - SEGLER","description":"Dosificaci\u00f3n y manipulaci\u00f3n de SEGLER","robots":{"index":"index","follow":"follow","max-snippet":"max-snippet:-1","max-image-preview":"max-image-preview:large","max-video-preview":"max-video-preview:-1"},"canonical":"https:\/\/www.segler.eu\/es\/productos\/manejo-de-dosificacion\/","og_locale":"es_ES","og_type":"article","og_title":"Dosieren & Handling - SEGLER","og_description":"Dosieren & Handling von SEGLER","og_url":"https:\/\/www.segler.eu\/es\/productos\/manejo-de-dosificacion\/","og_site_name":"SEGLER","article_publisher":"https:\/\/www.facebook.com\/people\/Segler-Frderanlagen-Maschinenfabrik-GmbH\/61567270711954\/","article_modified_time":"2025-08-17T19:33:54+00:00","og_image":[{"width":750,"height":750,"url":"https:\/\/www.segler.eu\/wp-content\/uploads\/2024\/11\/SEGLER-BERGE-1.png","type":"image\/png"}],"twitter_misc":{"Tiempo de lectura":"8 minutos"},"schema":{"@context":"https:\/\/schema.org","@graph":[{"@type":"WebPage","@id":"https:\/\/www.segler.eu\/produkte\/dosieren-handling\/","url":"https:\/\/www.segler.eu\/produkte\/dosieren-handling\/","name":"Dosificaci\u00f3n y manipulaci\u00f3n - SEGLER","isPartOf":{"@id":"https:\/\/www.segler.eu\/#website"},"datePublished":"2024-11-04T15:06:04+00:00","dateModified":"2025-08-17T19:33:54+00:00","description":"Dosificaci\u00f3n y manipulaci\u00f3n de SEGLER","breadcrumb":{"@id":"https:\/\/www.segler.eu\/produkte\/dosieren-handling\/#breadcrumb"},"inLanguage":"es","potentialAction":[{"@type":"ReadAction","target":["https:\/\/www.segler.eu\/produkte\/dosieren-handling\/"]}]},{"@type":"BreadcrumbList","@id":"https:\/\/www.segler.eu\/produkte\/dosieren-handling\/#breadcrumb","itemListElement":[{"@type":"ListItem","position":1,"name":"Startseite","item":"https:\/\/www.segler.eu\/"},{"@type":"ListItem","position":2,"name":"Produkte","item":"https:\/\/www.segler.eu\/produkte\/"},{"@type":"ListItem","position":3,"name":"Dosieren &#038; Handling"}]},{"@type":"WebSite","@id":"https:\/\/www.segler.eu\/#website","url":"https:\/\/www.segler.eu\/","name":"SEGLER","description":"Materiales en movimiento","publisher":{"@id":"https:\/\/www.segler.eu\/#organization"},"potentialAction":[{"@type":"SearchAction","target":{"@type":"EntryPoint","urlTemplate":"https:\/\/www.segler.eu\/?s={search_term_string}"},"query-input":{"@type":"PropertyValueSpecification","valueRequired":true,"valueName":"search_term_string"}}],"inLanguage":"es"},{"@type":"Organization","@id":"https:\/\/www.segler.eu\/#organization","name":"Segler-F\u00f6rderanlagen Maschinenfabrik GmbH","alternateName":"SEGLER","url":"https:\/\/www.segler.eu\/","logo":{"@type":"ImageObject","inLanguage":"es","@id":"https:\/\/www.segler.eu\/#\/schema\/logo\/image\/","url":"https:\/\/www.segler.eu\/wp-content\/uploads\/2024\/11\/SEGLER-BERGE-1.png","contentUrl":"https:\/\/www.segler.eu\/wp-content\/uploads\/2024\/11\/SEGLER-BERGE-1.png","width":750,"height":750,"caption":"Segler-F\u00f6rderanlagen Maschinenfabrik GmbH"},"image":{"@id":"https:\/\/www.segler.eu\/#\/schema\/logo\/image\/"},"sameAs":["https:\/\/www.facebook.com\/people\/Segler-Frderanlagen-Maschinenfabrik-GmbH\/61567270711954\/"]}]}},"_links":{"self":[{"href":"https:\/\/www.segler.eu\/es\/wp-json\/wp\/v2\/pages\/192","targetHints":{"allow":["GET"]}}],"collection":[{"href":"https:\/\/www.segler.eu\/es\/wp-json\/wp\/v2\/pages"}],"about":[{"href":"https:\/\/www.segler.eu\/es\/wp-json\/wp\/v2\/types\/page"}],"author":[{"embeddable":true,"href":"https:\/\/www.segler.eu\/es\/wp-json\/wp\/v2\/users\/1"}],"replies":[{"embeddable":true,"href":"https:\/\/www.segler.eu\/es\/wp-json\/wp\/v2\/comments?post=192"}],"version-history":[{"count":0,"href":"https:\/\/www.segler.eu\/es\/wp-json\/wp\/v2\/pages\/192\/revisions"}],"up":[{"embeddable":true,"href":"https:\/\/www.segler.eu\/es\/wp-json\/wp\/v2\/pages\/164"}],"wp:attachment":[{"href":"https:\/\/www.segler.eu\/es\/wp-json\/wp\/v2\/media?parent=192"}],"curies":[{"name":"wp","href":"https:\/\/api.w.org\/{rel}","templated":true}]}}