{"id":194,"date":"2024-11-04T16:06:22","date_gmt":"2024-11-04T15:06:22","guid":{"rendered":"http:\/\/www.segler.eu\/?page_id=194"},"modified":"2025-08-17T21:34:26","modified_gmt":"2025-08-17T19:34:26","slug":"contenedor-de-aparatos","status":"publish","type":"page","link":"https:\/\/www.segler.eu\/es\/produkte\/apparate-behaelter\/","title":{"rendered":"Aparatos y contenedores"},"content":{"rendered":"<p>[et_pb_section fb_built=&#8220;1&#8243; _builder_version=&#8220;4.27.4&#8243; _module_preset=&#8220;default&#8220; background_image=&#8220;https:\/\/www.segler.eu\/wp-content\/uploads\/2024\/12\/Apparate-Behaelter.png&#8220; height=&#8220;45vh&#8220; custom_margin=&#8220;-10%||||false|false&#8220; locked=&#8220;off&#8220; global_colors_info=&#8220;{}&#8220;][et_pb_row _builder_version=&#8220;4.27.2&#8243; _module_preset=&#8220;default&#8220; custom_padding=&#8220;20vh||||false|false&#8220; global_colors_info=&#8220;{}&#8220;][et_pb_column type=&#8220;4_4&#8243; _builder_version=&#8220;4.27.2&#8243; _module_preset=&#8220;default&#8220; global_colors_info=&#8220;{}&#8220;][\/et_pb_column][\/et_pb_row][\/et_pb_section][et_pb_section fb_built=&#8220;1&#8243; _builder_version=&#8220;4.27.2&#8243; _module_preset=&#8220;default&#8220; locked=&#8220;off&#8220; global_colors_info=&#8220;{}&#8220;][et_pb_row _builder_version=&#8220;4.27.2&#8243; _module_preset=&#8220;default&#8220; custom_margin=&#8220;0px||0px||true|false&#8220; custom_padding=&#8220;0px||0px||true|false&#8220; locked=&#8220;off&#8220; global_colors_info=&#8220;{}&#8220;][et_pb_column type=&#8220;4_4&#8243; _builder_version=&#8220;4.27.2&#8243; _module_preset=&#8220;default&#8220; global_colors_info=&#8220;{}&#8220;][et_pb_heading title=&#8220;Produkte&#8220; _builder_version=&#8220;4.27.2&#8243; _module_preset=&#8220;default&#8220; title_level=&#8220;h4&#8243; title_font=&#8220;|||on|||||&#8220; title_text_color=&#8220;#b82435&#8243; custom_margin=&#8220;0px||0px||false|false&#8220; custom_padding=&#8220;0px||0px||false|false&#8220; global_colors_info=&#8220;{}&#8220;][\/et_pb_heading][et_pb_heading title=&#8220;Apparate &#038; Beh\u00e4lter&#8220; _builder_version=&#8220;4.27.2&#8243; _module_preset=&#8220;default&#8220; title_font=&#8220;|||on|||||&#8220; custom_margin=&#8220;0px||15px||false|false&#8220; custom_padding=&#8220;0px||0px||true|false&#8220; global_colors_info=&#8220;{}&#8220;][\/et_pb_heading][et_pb_divider _builder_version=&#8220;4.27.2&#8243; _module_preset=&#8220;default&#8220; width=&#8220;50%&#8220; global_colors_info=&#8220;{}&#8220;][\/et_pb_divider][\/et_pb_column][\/et_pb_row][et_pb_row _builder_version=&#8220;4.27.2&#8243; _module_preset=&#8220;default&#8220; locked=&#8220;off&#8220; global_colors_info=&#8220;{}&#8220;][et_pb_column type=&#8220;4_4&#8243; _builder_version=&#8220;4.27.2&#8243; _module_preset=&#8220;default&#8220; global_colors_info=&#8220;{}&#8220;][et_pb_text _builder_version=&#8220;4.27.2&#8243; _module_preset=&#8220;default&#8220; global_colors_info=&#8220;{}&#8220;]<\/p>\n<p>Die Segler-F\u00f6rderanlagen Maschinenfabrik GmbH ist in Ihrem Fertigungsspektrum breit gef\u00e4chert. Angefangen vom klassischen Beh\u00e4lter- und Apparatebau, oft mit komplexer mechanischer Bearbeitung, bis hin zum Maschinenbau. Ob f\u00fcr den station\u00e4ren Einbau, fahrbar, ex-gesch\u00fctzt, Auslegung nach DGRL Modul G oder komplett ausgestattet &#8211; wir fertigen Beh\u00e4lter genau nach Ihren individuellen Vorgaben. So werden z. B. unsere Chemiebeh\u00e4lter in der chemischen Industrie oder Schokoladenbeh\u00e4lter in der S\u00fc\u00dfwarenindustrie in komplexe Anlagen integriert.<\/p>\n<p>Unsere Beh\u00e4lter zeichnen sich durch erstklassige Oberfl\u00e4cheng\u00fcten aus, garantieren permanente Zuverl\u00e4ssigkeit und gew\u00e4hrleisten die Einhaltung h\u00f6chster hygienischer Standards. Effiziente Heiz- und K\u00fchlsysteme, sowie die Integration von R\u00fchrwerken bei Prozessbeh\u00e4ltern sorgen f\u00fcr optimale Bedingungen bei der Lagerung und Verarbeitung verschiedenster Rohstoffe und Produkte.<br \/>Wir haben langj\u00e4hrige Erfahrung im Bau von Apparaten- und Beh\u00e4ltern f\u00fcr die Chemische-, Pharma- und Lebensmittelindustrie. Als Ihr Partner setzen wir Ihre verfahrenstechnischen Anforderungen in Beh\u00e4ltern und Anlagen um und decken damit die unterschiedlichsten Einsatzzwecke ab.<\/p>\n<p>[\/et_pb_text][\/et_pb_column][\/et_pb_row][et_pb_row column_structure=&#8220;1_2,1_2&#8243; _builder_version=&#8220;4.27.2&#8243; _module_preset=&#8220;default&#8220; global_colors_info=&#8220;{}&#8220;][et_pb_column type=&#8220;1_2&#8243; _builder_version=&#8220;4.27.2&#8243; _module_preset=&#8220;default&#8220; global_colors_info=&#8220;{}&#8220;][et_pb_image src=&#8220;http:\/\/www.segler.eu\/wp-content\/uploads\/2024\/12\/1-1.png&#8220; alt=&#8220;Kocher&#8220; _builder_version=&#8220;4.27.2&#8243; _module_preset=&#8220;default&#8220; module_alignment=&#8220;center&#8220; global_colors_info=&#8220;{}&#8220;][\/et_pb_image][et_pb_toggle title=&#8220;Kocher&#8220; icon_color=&#8220;#b82435&#8243; _builder_version=&#8220;4.27.4&#8243; _module_preset=&#8220;default&#8220; title_text_color=&#8220;#b82435&#8243; title_level=&#8220;h3&#8243; hover_enabled=&#8220;0&#8243; global_colors_info=&#8220;{}&#8220; sticky_enabled=&#8220;0&#8243;]<\/p>\n<p>Von kleinsten Apparaten in Technikumsausf\u00fchrung bis zu mehrst\u00f6ckigen Beh\u00e4ltern f\u00fcr verschiedenste Industriezweige.<\/p>\n<p>SEGLER ist Ihr Partner, wenn es um individuellen Beh\u00e4lterbau, Apparatebau und die Produktion komplexer Schwei\u00dfbaugruppen geht. Von der Auslegung, Berechnung, Konstruktion bis zur Fertigung und Service erhalten Sie bei Bedarf alle Leistungen aus einer Hand. Sehr gut ausgebildetes Schwei\u00dfpersonal (zertifiziert nach WIG, MIG, MAG, E-Hand) sowie eine umfangreiche maschinelle Ausstattung erlauben uns beste Fertigungs- und Oberfl\u00e4chenqualit\u00e4ten. Komplexe Zuschnitte sowie Dreh-, Fr\u00e4s-, Bohrteile fertigen wir hausintern.<\/p>\n<p>Referenzprojekte:<br \/><a href=\"https:\/\/www.segler.eu\/wp-content\/uploads\/2024\/12\/Ruehrwerkskocher-mit-Austrag-fuer-zuckerhaltige-Masse.pdf\" target=\"_blank\" rel=\"noopener\">R\u00fchrwerkskocher mit Austrag f\u00fcr zuckerhaltige Masse<\/a><\/p>\n<p>Produktspanne:<\/p>\n<ul>\n<li>Prozessbeh\u00e4lter und Apparate wie z.B. R\u00fchrwerksbeh\u00e4lter, Heiz- &amp; K\u00fchlbeh\u00e4lter<\/li>\n<li>W\u00e4rmetauscher<\/li>\n<li>Druckbeh\u00e4lter gem\u00e4\u00df DGRL Modul G<\/li>\n<li>Liegende und stehende Lagerbeh\u00e4lter<\/li>\n<li>Reaktorbeh\u00e4lter<\/li>\n<li>Sonderapparate f\u00fcr Pharmazie, Lebensmittel und Chemie<\/li>\n<li>Heiz- und K\u00fchlschlangen<\/li>\n<li>Rechteckbeh\u00e4lter<\/li>\n<li>Umbau und Funktionserweiterungen<\/li>\n<\/ul>\n<p>Eigenschaften \/ Variationen:<\/p>\n<ul>\n<li>Werkstoffe<br \/>In Edelstahl, Normalstahl und in Sonderwerkstoffen<\/li>\n<li>Trogformen<br \/>Rohrtrog, U-Trog, V-Trog, Omega-Trog, Doppel-U-Trog<\/li>\n<li>Ausstattungen<br \/>Heiz- und K\u00fchlfunktionen, R\u00fchrwerke, CIP, Spr\u00fch- und Temperaturf\u00fchlervorrichtungen, Schauglas mit Leuchte, bei Bedarf mehrere Einlauf- und Auslaufstutzen, Sicherheitskomponenten wie Endschalter am Domdeckel.<\/li>\n<li>Ausf\u00fchrungen<br \/>Staubdicht, gasdicht, druckdicht bzw. drucksto\u00dffest, Vakuum-Betrieb, lebensmittelgerecht, ATEX-konform, DGRL G<\/li>\n<li>Dichtungen<br \/>Produktspezifische Dichtungen gem\u00e4\u00df Lebensmittelbest\u00e4ndigkeit mit FDA Bescheinigung nach EG 1935\/2004 bzw. EU 10\/2011<\/li>\n<\/ul>\n<p>Vorteile:<\/p>\n<ul>\n<li>Ma\u00dfgeschneiderte Konfiguration der Beh\u00e4lter und Apparate<\/li>\n<li>Variables Anpassen der Leistungen<\/li>\n<li>Umfangreiche Erfahrung bzgl. Werkstoffen und komplexen Verarbeitungsprozessen<\/li>\n<li>Apparate mit pr\u00e4ziser Fertigung, Flexibilit\u00e4t und termingerechten Lieferf\u00e4higkeit unter<\/li>\n<li>Einhaltung h\u00f6chste Qualit\u00e4tsanforderungen<\/li>\n<\/ul>\n<p>[\/et_pb_toggle][\/et_pb_column][et_pb_column type=&#8220;1_2&#8243; _builder_version=&#8220;4.27.2&#8243; _module_preset=&#8220;default&#8220; global_colors_info=&#8220;{}&#8220;][et_pb_image src=&#8220;http:\/\/www.segler.eu\/wp-content\/uploads\/2024\/12\/2-1.png&#8220; alt=&#8220;R\u00fchrwerksbeh\u00e4lter&#8220; title_text=&#8220;2&#8243; _builder_version=&#8220;4.27.2&#8243; _module_preset=&#8220;default&#8220; module_alignment=&#8220;center&#8220; global_colors_info=&#8220;{}&#8220;][\/et_pb_image][et_pb_toggle title=&#8220;R\u00fchrwerksbeh\u00e4lter&#8220; icon_color=&#8220;#b82435&#8243; _builder_version=&#8220;4.27.4&#8243; _module_preset=&#8220;default&#8220; title_text_color=&#8220;#b82435&#8243; title_level=&#8220;h3&#8243; hover_enabled=&#8220;0&#8243; global_colors_info=&#8220;{}&#8220; sticky_enabled=&#8220;0&#8243;]<\/p>\n<p>Von kleinsten Apparaten in Technikumsausf\u00fchrung bis zu mehrst\u00f6ckigen Beh\u00e4ltern f\u00fcr verschiedenste Industriezweige.<\/p>\n<p>SEGLER ist Ihr Partner, wenn es um individuellen Beh\u00e4lterbau, Apparatebau und die Produktion komplexer Schwei\u00dfbaugruppen geht. Von der Auslegung, Berechnung, Konstruktion bis zur Fertigung und Service erhalten Sie bei Bedarf alle Leistungen aus einer Hand. Sehr gut ausgebildetes Schwei\u00dfpersonal (zertifiziert nach WIG, MIG, MAG, E-Hand) sowie eine umfangreiche maschinelle Ausstattung erlauben uns beste Fertigungs- und Oberfl\u00e4chenqualit\u00e4ten. Komplexe Zuschnitte sowie Dreh-, Fr\u00e4s-, Bohrteile fertigen wir hausintern.<\/p>\n<p>Referenzprojekte:<br \/><a href=\"https:\/\/www.segler.eu\/wp-content\/uploads\/2024\/12\/28105A-Ruehrwerksbehaelter.pdf\" target=\"_blank\" rel=\"noopener\">R\u00fchrwerksbeh\u00e4lter<\/a><br \/><a href=\"https:\/\/www.segler.eu\/wp-content\/uploads\/2024\/12\/2024-12-12-RA%C2%BChrwerksbehA%C2%A4lter.pdf\" target=\"_blank\" rel=\"noopener\">R\u00fchrwerksbeh\u00e4lter mit Heizdoppelmantel und Gitterr\u00fchrer<\/a><\/p>\n<p>Produktspanne:<\/p>\n<ul>\n<li>R\u00fchrwerksbeh\u00e4lter<\/li>\n<li>W\u00e4rmetauscher<\/li>\n<li>Lagerbeh\u00e4lter<\/li>\n<li>Reaktorbeh\u00e4lter<\/li>\n<li>Sonderapparate f\u00fcr Pharmazie, Lebensmittel und Chemie<\/li>\n<li>Heiz- und K\u00fchlschlangen<\/li>\n<li>Umbau und Funktionserweiterungen<\/li>\n<\/ul>\n<p>Eigenschaften \/ Variationen:<\/p>\n<ul>\n<li>Werkstoffe<br \/>In Edelstahl, Normalstahl und in Sonderwerkstoffen<\/li>\n<li>Trogformen<br \/>Rohrtrog, U-Trog, V-Trog, Omega-Trog, Doppel-U-Trog<\/li>\n<li>Ausstattungen<br \/>Heiz- und K\u00fchlfunktionen, R\u00fchrwerke, CIP, Spr\u00fch- und Temperaturf\u00fchlervorrichtungen, Schauglas mit Leuchte, bei Bedarf mehrere Einlauf- und Auslaufstutzen, Sicherheitskomponenten wie Endschalter am Domdeckel.<\/li>\n<li>Ausf\u00fchrungen<br \/>Staubdicht, gasdicht, druckdicht bzw. drucksto\u00dffest, Vakuum-Betrieb, lebensmittelgerecht, ATEX-konform, WHG-gerecht<\/li>\n<li>Dichtungen<br \/>Produktspezifische Dichtungen gem\u00e4\u00df Lebensmittelbest\u00e4ndigkeit mit FDA Bescheinigung nach EG 1935\/2004 bzw. EU 10\/2011<\/li>\n<\/ul>\n<p>Vorteile:<\/p>\n<ul>\n<li>Ma\u00dfgeschneiderte Konfiguration der Beh\u00e4lter und Apparate<\/li>\n<li>Variables Anpassen der Leistungen<\/li>\n<li>Umfangreiche Erfahrung bzgl. Werkstoffen und komplexen Verarbeitungsprozessen<\/li>\n<li>Apparate mit pr\u00e4ziser Fertigung, Flexibilit\u00e4t und termingerechten Lieferf\u00e4higkeit unter<\/li>\n<li>Einhaltung h\u00f6chste Qualit\u00e4tsanforderungen<\/li>\n<\/ul>\n<p>[\/et_pb_toggle][\/et_pb_column][\/et_pb_row][et_pb_row column_structure=&#8220;1_2,1_2&#8243; _builder_version=&#8220;4.27.2&#8243; _module_preset=&#8220;default&#8220; global_colors_info=&#8220;{}&#8220;][et_pb_column type=&#8220;1_2&#8243; _builder_version=&#8220;4.27.2&#8243; _module_preset=&#8220;default&#8220; global_colors_info=&#8220;{}&#8220;][et_pb_image src=&#8220;http:\/\/www.segler.eu\/wp-content\/uploads\/2024\/12\/3-1.png&#8220; alt=&#8220;Dosierbeh\u00e4lter&#8220; title_text=&#8220;1&#8243; _builder_version=&#8220;4.27.2&#8243; _module_preset=&#8220;default&#8220; module_alignment=&#8220;center&#8220; global_colors_info=&#8220;{}&#8220;][\/et_pb_image][et_pb_toggle title=&#8220;Dosierbeh\u00e4lter&#8220; icon_color=&#8220;#b82435&#8243; _builder_version=&#8220;4.27.4&#8243; _module_preset=&#8220;default&#8220; title_text_color=&#8220;#b82435&#8243; title_level=&#8220;h3&#8243; hover_enabled=&#8220;0&#8243; global_colors_info=&#8220;{}&#8220; sticky_enabled=&#8220;0&#8243;]<\/p>\n<p>Von kleinsten Apparaten in Technikumsausf\u00fchrung bis zu mehrst\u00f6ckigen Beh\u00e4ltern f\u00fcr verschiedenste Industriezweige.<\/p>\n<p>SEGLER ist Ihr Partner, wenn es um individuellen Beh\u00e4lterbau, Apparatebau und die Produktion komplexer Schwei\u00dfbaugruppen geht. Von der Auslegung, Berechnung, Konstruktion bis zur Fertigung und Service erhalten Sie bei Bedarf alle Leistungen aus einer Hand. Sehr gut ausgebildetes Schwei\u00dfpersonal (zertifiziert nach WIG, MIG, MAG, E-Hand) sowie eine umfangreiche maschinelle Ausstattung erlauben uns beste Fertigungs- und Oberfl\u00e4chenqualit\u00e4ten. Komplexe Zuschnitte sowie Dreh-, Fr\u00e4s-, Bohrteile fertigen wir hausintern.<\/p>\n<p>&nbsp;<\/p>\n<p>Produktspanne:<\/p>\n<ul>\n<li>R\u00fchrwerksbeh\u00e4lter<\/li>\n<li>W\u00e4rmetauscher<\/li>\n<li>Lagerbeh\u00e4lter<\/li>\n<li>Reaktorbeh\u00e4lter<\/li>\n<li>Sonderapparate f\u00fcr Pharmazie, Lebensmittel und Chemie<\/li>\n<li>Heiz- und K\u00fchlschlangen<\/li>\n<li>Umbau und Funktionserweiterungen<\/li>\n<\/ul>\n<p>Eigenschaften \/ Variationen:<\/p>\n<ul>\n<li>Werkstoffe<br \/>In Edelstahl, Normalstahl und in Sonderwerkstoffen<\/li>\n<li>Trogformen<br \/>Rohrtrog, U-Trog, V-Trog, Omega-Trog, Doppel-U-Trog<\/li>\n<li>Ausstattungen<br \/>Heiz- und K\u00fchlfunktionen, R\u00fchrwerke, CIP, Spr\u00fch- und Temperaturf\u00fchlervorrichtungen, Schauglas mit Leuchte, bei Bedarf mehrere Einlauf- und Auslaufstutzen, Sicherheitskomponenten wie Endschalter am Domdeckel.<\/li>\n<li>Ausf\u00fchrungen<br \/>Staubdicht, gasdicht, druckdicht bzw. drucksto\u00dffest, Vakuum-Betrieb, lebensmittelgerecht, ATEX-konform, WHG-gerecht<\/li>\n<li>Dichtungen<br \/>Produktspezifische Dichtungen gem\u00e4\u00df Lebensmittelbest\u00e4ndigkeit mit FDA Bescheinigung nach EG 1935\/2004 bzw. EU 10\/2011<\/li>\n<\/ul>\n<p>Vorteile:<\/p>\n<ul>\n<li>Ma\u00dfgeschneiderte Konfiguration der Beh\u00e4lter und Apparate<\/li>\n<li>Variables Anpassen der Leistungen<\/li>\n<li>Umfangreiche Erfahrung bzgl. Werkstoffen und komplexen Verarbeitungsprozessen<\/li>\n<li>Apparate mit pr\u00e4ziser Fertigung, Flexibilit\u00e4t und termingerechten Lieferf\u00e4higkeit unter<\/li>\n<li>Einhaltung h\u00f6chste Qualit\u00e4tsanforderungen<\/li>\n<\/ul>\n<p>[\/et_pb_toggle][\/et_pb_column][et_pb_column type=&#8220;1_2&#8243; _builder_version=&#8220;4.27.2&#8243; _module_preset=&#8220;default&#8220; global_colors_info=&#8220;{}&#8220;][\/et_pb_column][\/et_pb_row][et_pb_row column_structure=&#8220;3_5,2_5&#8243; make_equal=&#8220;on&#8220; _builder_version=&#8220;4.27.2&#8243; _module_preset=&#8220;default&#8220; background_color=&#8220;#b82435&#8243; custom_margin=&#8220;25px||||false|false&#8220; custom_padding=&#8220;20px|25px|20px|25px|false|true&#8220; border_radii=&#8220;on|2px|2px|2px|2px&#8220; box_shadow_style=&#8220;preset1&#8243; locked=&#8220;off&#8220; global_colors_info=&#8220;{}&#8220;][et_pb_column type=&#8220;3_5&#8243; module_class=&#8220;vertikal-zentrieren&#8220; _builder_version=&#8220;4.27.2&#8243; _module_preset=&#8220;default&#8220; global_colors_info=&#8220;{}&#8220;][et_pb_heading title=&#8220;Individuelle Apparate und Beh\u00e4lter f\u00fcr Ihre Prozesse&#8220; _builder_version=&#8220;4.27.2&#8243; _module_preset=&#8220;default&#8220; title_level=&#8220;h4&#8243; title_text_align=&#8220;left&#8220; title_text_color=&#8220;#FFFFFF&#8220; custom_margin=&#8220;||0px||false|false&#8220; global_colors_info=&#8220;{}&#8220;][\/et_pb_heading][et_pb_text _builder_version=&#8220;4.27.2&#8243; _module_preset=&#8220;default&#8220; global_colors_info=&#8220;{}&#8220;]<\/p>\n<p><span style=\"color: #ffffff;\">Von R\u00fchrwerks- bis zu Druckbeh\u00e4ltern \u2013 wir fertigen ma\u00dfgeschneiderte L\u00f6sungen f\u00fcr h\u00f6chste Pr\u00e4zision und Effizienz. Vertrauen Sie auf unsere Erfahrung und Qualit\u00e4t, um Ihre verfahrenstechnischen Anforderungen optimal umzusetzen.<\/span><\/p>\n<p>[\/et_pb_text][\/et_pb_column][et_pb_column type=&#8220;2_5&#8243; module_class=&#8220;vertikal-zentrieren&#8220; _builder_version=&#8220;4.27.2&#8243; _module_preset=&#8220;default&#8220; global_colors_info=&#8220;{}&#8220;][et_pb_button button_url=&#8220;@ET-DC@eyJkeW5hbWljIjp0cnVlLCJjb250ZW50IjoicG9zdF9saW5rX3VybF9wYWdlIiwic2V0dGluZ3MiOnsicG9zdF9pZCI6IjI3MyJ9fQ==@&#8220; button_text=&#8220;Jetzt Kontakt aufnehmen&#8220; button_alignment=&#8220;center&#8220; _builder_version=&#8220;4.27.2&#8243; _dynamic_attributes=&#8220;button_url&#8220; _module_preset=&#8220;default&#8220; custom_button=&#8220;on&#8220; button_text_color=&#8220;#b82435&#8243; button_bg_color=&#8220;#FFFFFF&#8220; button_border_width=&#8220;1px&#8220; button_border_color=&#8220;#FFFFFF&#8220; box_shadow_style=&#8220;preset1&#8243; global_colors_info=&#8220;{}&#8220;][\/et_pb_button][\/et_pb_column][\/et_pb_row][\/et_pb_section]<\/p>\n","protected":false},"excerpt":{"rendered":"<p>Die Segler-F\u00f6rderanlagen Maschinenfabrik GmbH ist in Ihrem Fertigungsspektrum breit gef\u00e4chert. Angefangen vom klassischen Beh\u00e4lter- und Apparatebau, oft mit komplexer mechanischer Bearbeitung, bis hin zum Maschinenbau. Ob f\u00fcr den station\u00e4ren Einbau, fahrbar, ex-gesch\u00fctzt, Auslegung nach DGRL Modul G oder komplett ausgestattet &#8211; wir fertigen Beh\u00e4lter genau nach Ihren individuellen Vorgaben. So werden z. B. unsere Chemiebeh\u00e4lter [&hellip;]<\/p>\n","protected":false},"author":1,"featured_media":0,"parent":164,"menu_order":0,"comment_status":"closed","ping_status":"closed","template":"","meta":{"_et_pb_use_builder":"on","_et_pb_old_content":"","_et_gb_content_width":"","footnotes":""},"class_list":["post-194","page","type-page","status-publish","hentry"],"yoast_head":"<!-- This site is optimized with the Yoast SEO plugin v27.3 - https:\/\/yoast.com\/product\/yoast-seo-wordpress\/ -->\n<title>Apparate &amp; Beh\u00e4lter - SEGLER<\/title>\n<meta name=\"description\" content=\"Apparate &amp; Beh\u00e4lter von SEGLER\" \/>\n<meta name=\"robots\" content=\"index, follow, max-snippet:-1, max-image-preview:large, max-video-preview:-1\" \/>\n<link rel=\"canonical\" href=\"https:\/\/www.segler.eu\/es\/productos\/contenedor-de-aparatos\/\" \/>\n<meta property=\"og:locale\" content=\"es_ES\" \/>\n<meta property=\"og:type\" content=\"article\" \/>\n<meta property=\"og:title\" content=\"Apparate &amp; Beh\u00e4lter - SEGLER\" \/>\n<meta property=\"og:description\" content=\"Apparate &amp; Beh\u00e4lter von SEGLER\" \/>\n<meta property=\"og:url\" content=\"https:\/\/www.segler.eu\/es\/productos\/contenedor-de-aparatos\/\" \/>\n<meta property=\"og:site_name\" content=\"SEGLER\" \/>\n<meta property=\"article:publisher\" content=\"https:\/\/www.facebook.com\/people\/Segler-Frderanlagen-Maschinenfabrik-GmbH\/61567270711954\/\" \/>\n<meta property=\"article:modified_time\" content=\"2025-08-17T19:34:26+00:00\" \/>\n<meta property=\"og:image\" content=\"https:\/\/www.segler.eu\/wp-content\/uploads\/2024\/11\/SEGLER-BERGE-1.png\" \/>\n\t<meta property=\"og:image:width\" content=\"750\" \/>\n\t<meta property=\"og:image:height\" content=\"750\" \/>\n\t<meta property=\"og:image:type\" content=\"image\/png\" \/>\n<meta name=\"twitter:label1\" content=\"Tiempo de lectura\" \/>\n\t<meta name=\"twitter:data1\" content=\"8 minutos\" \/>\n<script type=\"application\/ld+json\" class=\"yoast-schema-graph\">{\"@context\":\"https:\\\/\\\/schema.org\",\"@graph\":[{\"@type\":\"WebPage\",\"@id\":\"https:\\\/\\\/www.segler.eu\\\/produkte\\\/apparate-behaelter\\\/\",\"url\":\"https:\\\/\\\/www.segler.eu\\\/produkte\\\/apparate-behaelter\\\/\",\"name\":\"Apparate & Beh\u00e4lter - SEGLER\",\"isPartOf\":{\"@id\":\"https:\\\/\\\/www.segler.eu\\\/#website\"},\"datePublished\":\"2024-11-04T15:06:22+00:00\",\"dateModified\":\"2025-08-17T19:34:26+00:00\",\"description\":\"Apparate & Beh\u00e4lter von SEGLER\",\"breadcrumb\":{\"@id\":\"https:\\\/\\\/www.segler.eu\\\/produkte\\\/apparate-behaelter\\\/#breadcrumb\"},\"inLanguage\":\"es\",\"potentialAction\":[{\"@type\":\"ReadAction\",\"target\":[\"https:\\\/\\\/www.segler.eu\\\/produkte\\\/apparate-behaelter\\\/\"]}]},{\"@type\":\"BreadcrumbList\",\"@id\":\"https:\\\/\\\/www.segler.eu\\\/produkte\\\/apparate-behaelter\\\/#breadcrumb\",\"itemListElement\":[{\"@type\":\"ListItem\",\"position\":1,\"name\":\"Startseite\",\"item\":\"https:\\\/\\\/www.segler.eu\\\/\"},{\"@type\":\"ListItem\",\"position\":2,\"name\":\"Produkte\",\"item\":\"https:\\\/\\\/www.segler.eu\\\/produkte\\\/\"},{\"@type\":\"ListItem\",\"position\":3,\"name\":\"Apparate &#038; Beh\u00e4lter\"}]},{\"@type\":\"WebSite\",\"@id\":\"https:\\\/\\\/www.segler.eu\\\/#website\",\"url\":\"https:\\\/\\\/www.segler.eu\\\/\",\"name\":\"SEGLER\",\"description\":\"Materials in motion\",\"publisher\":{\"@id\":\"https:\\\/\\\/www.segler.eu\\\/#organization\"},\"potentialAction\":[{\"@type\":\"SearchAction\",\"target\":{\"@type\":\"EntryPoint\",\"urlTemplate\":\"https:\\\/\\\/www.segler.eu\\\/?s={search_term_string}\"},\"query-input\":{\"@type\":\"PropertyValueSpecification\",\"valueRequired\":true,\"valueName\":\"search_term_string\"}}],\"inLanguage\":\"es\"},{\"@type\":\"Organization\",\"@id\":\"https:\\\/\\\/www.segler.eu\\\/#organization\",\"name\":\"Segler-F\u00f6rderanlagen Maschinenfabrik GmbH\",\"alternateName\":\"SEGLER\",\"url\":\"https:\\\/\\\/www.segler.eu\\\/\",\"logo\":{\"@type\":\"ImageObject\",\"inLanguage\":\"es\",\"@id\":\"https:\\\/\\\/www.segler.eu\\\/#\\\/schema\\\/logo\\\/image\\\/\",\"url\":\"https:\\\/\\\/www.segler.eu\\\/wp-content\\\/uploads\\\/2024\\\/11\\\/SEGLER-BERGE-1.png\",\"contentUrl\":\"https:\\\/\\\/www.segler.eu\\\/wp-content\\\/uploads\\\/2024\\\/11\\\/SEGLER-BERGE-1.png\",\"width\":750,\"height\":750,\"caption\":\"Segler-F\u00f6rderanlagen Maschinenfabrik GmbH\"},\"image\":{\"@id\":\"https:\\\/\\\/www.segler.eu\\\/#\\\/schema\\\/logo\\\/image\\\/\"},\"sameAs\":[\"https:\\\/\\\/www.facebook.com\\\/people\\\/Segler-Frderanlagen-Maschinenfabrik-GmbH\\\/61567270711954\\\/\"]}]}<\/script>\n<!-- \/ Yoast SEO plugin. -->","yoast_head_json":{"title":"Aparatos y contenedores - MARINERO","description":"Aparatos y contenedores de SEGLER","robots":{"index":"index","follow":"follow","max-snippet":"max-snippet:-1","max-image-preview":"max-image-preview:large","max-video-preview":"max-video-preview:-1"},"canonical":"https:\/\/www.segler.eu\/es\/productos\/contenedor-de-aparatos\/","og_locale":"es_ES","og_type":"article","og_title":"Apparate & Beh\u00e4lter - SEGLER","og_description":"Apparate & Beh\u00e4lter von SEGLER","og_url":"https:\/\/www.segler.eu\/es\/productos\/contenedor-de-aparatos\/","og_site_name":"SEGLER","article_publisher":"https:\/\/www.facebook.com\/people\/Segler-Frderanlagen-Maschinenfabrik-GmbH\/61567270711954\/","article_modified_time":"2025-08-17T19:34:26+00:00","og_image":[{"width":750,"height":750,"url":"https:\/\/www.segler.eu\/wp-content\/uploads\/2024\/11\/SEGLER-BERGE-1.png","type":"image\/png"}],"twitter_misc":{"Tiempo de lectura":"8 minutos"},"schema":{"@context":"https:\/\/schema.org","@graph":[{"@type":"WebPage","@id":"https:\/\/www.segler.eu\/produkte\/apparate-behaelter\/","url":"https:\/\/www.segler.eu\/produkte\/apparate-behaelter\/","name":"Aparatos y contenedores - MARINERO","isPartOf":{"@id":"https:\/\/www.segler.eu\/#website"},"datePublished":"2024-11-04T15:06:22+00:00","dateModified":"2025-08-17T19:34:26+00:00","description":"Aparatos y contenedores de SEGLER","breadcrumb":{"@id":"https:\/\/www.segler.eu\/produkte\/apparate-behaelter\/#breadcrumb"},"inLanguage":"es","potentialAction":[{"@type":"ReadAction","target":["https:\/\/www.segler.eu\/produkte\/apparate-behaelter\/"]}]},{"@type":"BreadcrumbList","@id":"https:\/\/www.segler.eu\/produkte\/apparate-behaelter\/#breadcrumb","itemListElement":[{"@type":"ListItem","position":1,"name":"Startseite","item":"https:\/\/www.segler.eu\/"},{"@type":"ListItem","position":2,"name":"Produkte","item":"https:\/\/www.segler.eu\/produkte\/"},{"@type":"ListItem","position":3,"name":"Apparate &#038; Beh\u00e4lter"}]},{"@type":"WebSite","@id":"https:\/\/www.segler.eu\/#website","url":"https:\/\/www.segler.eu\/","name":"SEGLER","description":"Materiales en movimiento","publisher":{"@id":"https:\/\/www.segler.eu\/#organization"},"potentialAction":[{"@type":"SearchAction","target":{"@type":"EntryPoint","urlTemplate":"https:\/\/www.segler.eu\/?s={search_term_string}"},"query-input":{"@type":"PropertyValueSpecification","valueRequired":true,"valueName":"search_term_string"}}],"inLanguage":"es"},{"@type":"Organization","@id":"https:\/\/www.segler.eu\/#organization","name":"Segler-F\u00f6rderanlagen Maschinenfabrik GmbH","alternateName":"SEGLER","url":"https:\/\/www.segler.eu\/","logo":{"@type":"ImageObject","inLanguage":"es","@id":"https:\/\/www.segler.eu\/#\/schema\/logo\/image\/","url":"https:\/\/www.segler.eu\/wp-content\/uploads\/2024\/11\/SEGLER-BERGE-1.png","contentUrl":"https:\/\/www.segler.eu\/wp-content\/uploads\/2024\/11\/SEGLER-BERGE-1.png","width":750,"height":750,"caption":"Segler-F\u00f6rderanlagen Maschinenfabrik GmbH"},"image":{"@id":"https:\/\/www.segler.eu\/#\/schema\/logo\/image\/"},"sameAs":["https:\/\/www.facebook.com\/people\/Segler-Frderanlagen-Maschinenfabrik-GmbH\/61567270711954\/"]}]}},"_links":{"self":[{"href":"https:\/\/www.segler.eu\/es\/wp-json\/wp\/v2\/pages\/194","targetHints":{"allow":["GET"]}}],"collection":[{"href":"https:\/\/www.segler.eu\/es\/wp-json\/wp\/v2\/pages"}],"about":[{"href":"https:\/\/www.segler.eu\/es\/wp-json\/wp\/v2\/types\/page"}],"author":[{"embeddable":true,"href":"https:\/\/www.segler.eu\/es\/wp-json\/wp\/v2\/users\/1"}],"replies":[{"embeddable":true,"href":"https:\/\/www.segler.eu\/es\/wp-json\/wp\/v2\/comments?post=194"}],"version-history":[{"count":0,"href":"https:\/\/www.segler.eu\/es\/wp-json\/wp\/v2\/pages\/194\/revisions"}],"up":[{"embeddable":true,"href":"https:\/\/www.segler.eu\/es\/wp-json\/wp\/v2\/pages\/164"}],"wp:attachment":[{"href":"https:\/\/www.segler.eu\/es\/wp-json\/wp\/v2\/media?parent=194"}],"curies":[{"name":"wp","href":"https:\/\/api.w.org\/{rel}","templated":true}]}}