{"id":198,"date":"2024-11-04T16:06:50","date_gmt":"2024-11-04T15:06:50","guid":{"rendered":"http:\/\/www.segler.eu\/?page_id=198"},"modified":"2025-08-17T22:18:59","modified_gmt":"2025-08-17T20:18:59","slug":"quimica","status":"publish","type":"page","link":"https:\/\/www.segler.eu\/es\/branchen\/chemie\/","title":{"rendered":"Qu\u00edmica"},"content":{"rendered":"<p>[et_pb_section fb_built=&#8220;1&#8243; _builder_version=&#8220;4.27.2&#8243; _module_preset=&#8220;default&#8220; background_image=&#8220;http:\/\/www.segler.eu\/wp-content\/uploads\/2024\/11\/branchenslider_chemie.jpg&#8220; height=&#8220;45vh&#8220; custom_margin=&#8220;-10%||||false|false&#8220; locked=&#8220;off&#8220; global_colors_info=&#8220;{}&#8220;][et_pb_row _builder_version=&#8220;4.27.2&#8243; _module_preset=&#8220;default&#8220; custom_padding=&#8220;20vh||||false|false&#8220; global_colors_info=&#8220;{}&#8220;][et_pb_column type=&#8220;4_4&#8243; _builder_version=&#8220;4.27.2&#8243; _module_preset=&#8220;default&#8220; global_colors_info=&#8220;{}&#8220;][\/et_pb_column][\/et_pb_row][\/et_pb_section][et_pb_section fb_built=&#8220;1&#8243; _builder_version=&#8220;4.27.2&#8243; _module_preset=&#8220;default&#8220; global_colors_info=&#8220;{}&#8220;][et_pb_row admin_label=&#8220;Zeile&#8220; _builder_version=&#8220;4.27.4&#8243; _module_preset=&#8220;default&#8220; custom_margin=&#8220;0px||0px||true|false&#8220; custom_padding=&#8220;0px||0px||true|false&#8220; locked=&#8220;off&#8220; global_colors_info=&#8220;{}&#8220;][et_pb_column type=&#8220;4_4&#8243; _builder_version=&#8220;4.27.2&#8243; _module_preset=&#8220;default&#8220; global_colors_info=&#8220;{}&#8220;][et_pb_heading title=&#8220;Branchen&#8220; admin_label=&#8220;\u00dcberschrift H1&#8243; _builder_version=&#8220;4.27.4&#8243; _module_preset=&#8220;default&#8220; title_level=&#8220;h4&#8243; title_font=&#8220;|||on|||||&#8220; title_text_color=&#8220;#b82435&#8243; custom_margin=&#8220;0px||0px||false|false&#8220; custom_padding=&#8220;0px||0px||false|false&#8220; global_colors_info=&#8220;{}&#8220;][\/et_pb_heading][et_pb_heading title=&#8220;Chemie&#8220; admin_label=&#8220;\u00dcberschrift H1&#8243; _builder_version=&#8220;4.27.2&#8243; _module_preset=&#8220;default&#8220; title_font=&#8220;|||on|||||&#8220; custom_margin=&#8220;0px||15px||false|false&#8220; custom_padding=&#8220;0px||0px||true|false&#8220; global_colors_info=&#8220;{}&#8220;][\/et_pb_heading][et_pb_divider _builder_version=&#8220;4.27.2&#8243; _module_preset=&#8220;default&#8220; width=&#8220;50%&#8220; global_colors_info=&#8220;{}&#8220;][\/et_pb_divider][\/et_pb_column][\/et_pb_row][et_pb_row _builder_version=&#8220;4.27.2&#8243; _module_preset=&#8220;default&#8220; global_colors_info=&#8220;{}&#8220;][et_pb_column type=&#8220;4_4&#8243; _builder_version=&#8220;4.27.2&#8243; _module_preset=&#8220;default&#8220; global_colors_info=&#8220;{}&#8220;][et_pb_image src=&#8220;http:\/\/www.segler.eu\/wp-content\/uploads\/2024\/11\/csm_Branchencontent_chemie_92213613d4.jpg&#8220; align=&#8220;center&#8220; _builder_version=&#8220;4.27.2&#8243; _module_preset=&#8220;default&#8220; global_colors_info=&#8220;{}&#8220;][\/et_pb_image][et_pb_text admin_label=&#8220;Text&#8220; _builder_version=&#8220;4.27.4&#8243; _module_preset=&#8220;default&#8220; global_colors_info=&#8220;{}&#8220;]<\/p>\n<h4>Von druckempfindlich, zerbrechlich, abrasiv bis explosionsf\u00e4hig\u00b9 und aggressiv.<\/h4>\n<p>Die Spannbreite der Eigenschaften chemischer Produkte ist vielf\u00e4ltig und herausfordernd. Ihre Herstellung setzt somit h\u00f6chste Anspr\u00fcche an Handling und Verarbeitung. Standardisierte Anlagen kommen hierbei an ihre Grenzen. Mit ihnen sind komplexe Rezepturen und eine pr\u00e4zise Steuerbarkeit oft nicht realisierbar.<\/p>\n<p>Durch die von SEGLER konzipierten, ma\u00dfgeschneiderten L\u00f6sungen f\u00fcr die Chemieindustrie erzielen Sie zuverl\u00e4ssig die geforderten Qualit\u00e4ten bei maximaler Effizienz, egal ob im Ein-Topf-Verfahren oder \u00fcber nacheinander geschaltete Verfahrensschritte. Staub- und gasdichte Ausf\u00fchrungen garantieren Ihnen zudem Sicherheit f\u00fcr Mitarbeiter, Prozesse und Umwelt.<\/p>\n<p>[\/et_pb_text][et_pb_text _builder_version=&#8220;4.27.4&#8243; _module_preset=&#8220;default&#8220; global_colors_info=&#8220;{}&#8220;]<\/p>\n<p><strong>Referenzprojekte:<\/strong><\/p>\n<p><a href=\"https:\/\/www.segler.eu\/wp-content\/uploads\/2025\/02\/Edelstahlbunker-mit-Austrag.pdf\" target=\"_blank\" rel=\"noopener\">Edelstahlbunker mit Austrag<\/a><br \/><a href=\"https:\/\/www.segler.eu\/wp-content\/uploads\/2025\/02\/171114-Epoxidharz-Mischanlage.pdf\" target=\"_blank\" rel=\"noopener\">Epoxidharz-Mischanlage<\/a><\/p>\n<p>[\/et_pb_text][et_pb_text _builder_version=&#8220;4.27.2&#8243; _module_preset=&#8220;default&#8220; locked=&#8220;off&#8220; global_colors_info=&#8220;{}&#8220;]<\/p>\n<p><strong>Beispiele f\u00fcr Anwendungen:<\/strong><\/p>\n<ul>\n<li><span>Rohstoffannahme, <\/span>Rohstoffmanagement<\/li>\n<li><span>Aufbereiten von Grundstoffen<\/span><\/li>\n<li><span>Einbringen und Dosieren von <\/span><span>Grundstoffen, Zuschlagstoffen, Wasserbeigaben etc.<\/span><\/li>\n<li><span>F\u00f6rdern<\/span><\/li>\n<li><span>Mischen, Homogenisieren<\/span><\/li>\n<li><span>Temperieren<\/span><\/li>\n<li><span>Reagieren<\/span><\/li>\n<li><span>Coaten<\/span><\/li>\n<li><span>Granulieren, Agglomerieren<\/span><\/li>\n<li><span>Waschen<\/span><br \/><span><\/span><\/li>\n<li><span>Austragen<\/span><\/li>\n<li><span>Lagerung<\/span><\/li>\n<\/ul>\n<p><span><\/span><\/p>\n<p>[\/et_pb_text][\/et_pb_column][\/et_pb_row][et_pb_row column_structure=&#8220;1_2,1_2&#8243; _builder_version=&#8220;4.27.2&#8243; _module_preset=&#8220;default&#8220; global_colors_info=&#8220;{}&#8220;][et_pb_column type=&#8220;1_2&#8243; _builder_version=&#8220;4.27.2&#8243; _module_preset=&#8220;default&#8220; global_colors_info=&#8220;{}&#8220;][et_pb_text _builder_version=&#8220;4.27.4&#8243; _module_preset=&#8220;default&#8220; global_colors_info=&#8220;{}&#8220;]<\/p>\n<p><strong>Beispiele f\u00fcr Medien:<\/strong><\/p>\n<p><\/p>\n<ul>\n<li>Pulver<\/li>\n<li>Flakes<\/li>\n<li>Fasern<\/li>\n<li>Granulate<\/li>\n<li>Kunststoffe<\/li>\n<li>D\u00fcngermittel<\/li>\n<li>Farbstoffe und Pigmente<\/li>\n<li>Pulverlacke<\/li>\n<li>Seife, Waschmittel, Reinigungsmittel<\/li>\n<li>Spezialprodukte<\/li>\n<li>Feinchemikalien<\/li>\n<li>Additive, Katalysatoren<\/li>\n<li>Harnstoff \/ Urea<\/li>\n<\/ul>\n<p>[\/et_pb_text][\/et_pb_column][et_pb_column type=&#8220;1_2&#8243; _builder_version=&#8220;4.27.2&#8243; _module_preset=&#8220;default&#8220; global_colors_info=&#8220;{}&#8220;][et_pb_text _builder_version=&#8220;4.27.4&#8243; _module_preset=&#8220;default&#8220; global_colors_info=&#8220;{}&#8220;]<\/p>\n<p>&nbsp;<\/p>\n<p>&nbsp;<\/p>\n<ul>\n<li>Zeolith, Eisenpulver etc.<\/li>\n<li>PET etc.<\/li>\n<li>Chemiefasern, Methylcellulose<\/li>\n<li>Kalid\u00fcnger, Polymergranulat<\/li>\n<li>Polycarbonat, Dry-Blend, Absorber<\/li>\n<li>Polycarbonat, Dry-Blend, Absorber<\/li>\n<li>Titandioxid, Indanthren, Benzopurpurin<\/li>\n<li>Zinkphosphat, Epoxidharz<\/li>\n<li>Alkylbenzolsulfonate, Alkylpolyglycoside, Fettalkoholethoxylate<\/li>\n<li>Azole, Melamin<\/li>\n<li>Aminos\u00e4ure, Eisenglimmer<\/li>\n<li>Eisen-II-Sulfat, Aluminiumoxid<\/li>\n<li>Carbonyldiamid, Harnstoffnitrat<\/li>\n<\/ul>\n<p>[\/et_pb_text][\/et_pb_column][\/et_pb_row][et_pb_row _builder_version=&#8220;4.27.4&#8243; _module_preset=&#8220;default&#8220; global_colors_info=&#8220;{}&#8220;][et_pb_column type=&#8220;4_4&#8243; _builder_version=&#8220;4.27.4&#8243; _module_preset=&#8220;default&#8220; global_colors_info=&#8220;{}&#8220;][et_pb_text _builder_version=&#8220;4.27.4&#8243; _module_preset=&#8220;default&#8220; text_font_size=&#8220;12px&#8220; global_colors_info=&#8220;{}&#8220;]<\/p>\n<p>\u00b9 Explosionsschutz bis zur h\u00f6chsten Anforderung (ATEX-konform bis Zone 0 bzw. 20)<\/p>\n<p>[\/et_pb_text][\/et_pb_column][\/et_pb_row][\/et_pb_section]<\/p>\n","protected":false},"excerpt":{"rendered":"<p>Von druckempfindlich, zerbrechlich, abrasiv bis explosionsf\u00e4hig\u00b9 und aggressiv. Die Spannbreite der Eigenschaften chemischer Produkte ist vielf\u00e4ltig und herausfordernd. Ihre Herstellung setzt somit h\u00f6chste Anspr\u00fcche an Handling und Verarbeitung. Standardisierte Anlagen kommen hierbei an ihre Grenzen. Mit ihnen sind komplexe Rezepturen und eine pr\u00e4zise Steuerbarkeit oft nicht realisierbar. Durch die von SEGLER konzipierten, ma\u00dfgeschneiderten L\u00f6sungen f\u00fcr [&hellip;]<\/p>\n","protected":false},"author":1,"featured_media":0,"parent":166,"menu_order":0,"comment_status":"closed","ping_status":"closed","template":"","meta":{"_et_pb_use_builder":"on","_et_pb_old_content":"","_et_gb_content_width":"","footnotes":""},"class_list":["post-198","page","type-page","status-publish","hentry"],"yoast_head":"<!-- This site is optimized with the Yoast SEO plugin v27.3 - https:\/\/yoast.com\/product\/yoast-seo-wordpress\/ -->\n<title>F\u00f6rderanlagen &amp; Maschinen f\u00fcr die Chemieindustrie<\/title>\n<meta name=\"description\" content=\"SEGLER bietet der chemischen Industrie ma\u00dfgeschneiderte F\u00f6rderanlagen und Sondermaschinen f\u00fcr effiziente und sichere Produktionsprozesse.\" \/>\n<meta name=\"robots\" content=\"index, follow, max-snippet:-1, max-image-preview:large, max-video-preview:-1\" \/>\n<link rel=\"canonical\" href=\"https:\/\/www.segler.eu\/es\/industrias\/quimica\/\" \/>\n<meta property=\"og:locale\" content=\"es_ES\" \/>\n<meta property=\"og:type\" content=\"article\" \/>\n<meta property=\"og:title\" content=\"F\u00f6rderanlagen &amp; Maschinen f\u00fcr die Chemieindustrie\" \/>\n<meta property=\"og:description\" content=\"SEGLER bietet der chemischen Industrie ma\u00dfgeschneiderte F\u00f6rderanlagen und Sondermaschinen f\u00fcr effiziente und sichere Produktionsprozesse.\" \/>\n<meta property=\"og:url\" content=\"https:\/\/www.segler.eu\/es\/industrias\/quimica\/\" \/>\n<meta property=\"og:site_name\" content=\"SEGLER\" \/>\n<meta property=\"article:publisher\" content=\"https:\/\/www.facebook.com\/people\/Segler-Frderanlagen-Maschinenfabrik-GmbH\/61567270711954\/\" \/>\n<meta property=\"article:modified_time\" content=\"2025-08-17T20:18:59+00:00\" \/>\n<meta property=\"og:image\" content=\"https:\/\/www.segler.eu\/wp-content\/uploads\/2024\/11\/SEGLER-BERGE-1.png\" \/>\n\t<meta property=\"og:image:width\" content=\"750\" \/>\n\t<meta property=\"og:image:height\" content=\"750\" \/>\n\t<meta property=\"og:image:type\" content=\"image\/png\" \/>\n<meta name=\"twitter:label1\" content=\"Tiempo de lectura\" \/>\n\t<meta name=\"twitter:data1\" content=\"2 minutos\" \/>\n<script type=\"application\/ld+json\" class=\"yoast-schema-graph\">{\"@context\":\"https:\\\/\\\/schema.org\",\"@graph\":[{\"@type\":\"WebPage\",\"@id\":\"https:\\\/\\\/www.segler.eu\\\/branchen\\\/chemie\\\/\",\"url\":\"https:\\\/\\\/www.segler.eu\\\/branchen\\\/chemie\\\/\",\"name\":\"F\u00f6rderanlagen & Maschinen f\u00fcr die Chemieindustrie\",\"isPartOf\":{\"@id\":\"https:\\\/\\\/www.segler.eu\\\/#website\"},\"datePublished\":\"2024-11-04T15:06:50+00:00\",\"dateModified\":\"2025-08-17T20:18:59+00:00\",\"description\":\"SEGLER bietet der chemischen Industrie ma\u00dfgeschneiderte F\u00f6rderanlagen und Sondermaschinen f\u00fcr effiziente und sichere Produktionsprozesse.\",\"breadcrumb\":{\"@id\":\"https:\\\/\\\/www.segler.eu\\\/branchen\\\/chemie\\\/#breadcrumb\"},\"inLanguage\":\"es\",\"potentialAction\":[{\"@type\":\"ReadAction\",\"target\":[\"https:\\\/\\\/www.segler.eu\\\/branchen\\\/chemie\\\/\"]}]},{\"@type\":\"BreadcrumbList\",\"@id\":\"https:\\\/\\\/www.segler.eu\\\/branchen\\\/chemie\\\/#breadcrumb\",\"itemListElement\":[{\"@type\":\"ListItem\",\"position\":1,\"name\":\"Startseite\",\"item\":\"https:\\\/\\\/www.segler.eu\\\/\"},{\"@type\":\"ListItem\",\"position\":2,\"name\":\"Branchen\",\"item\":\"https:\\\/\\\/www.segler.eu\\\/branchen\\\/\"},{\"@type\":\"ListItem\",\"position\":3,\"name\":\"Chemie\"}]},{\"@type\":\"WebSite\",\"@id\":\"https:\\\/\\\/www.segler.eu\\\/#website\",\"url\":\"https:\\\/\\\/www.segler.eu\\\/\",\"name\":\"SEGLER\",\"description\":\"Materials in motion\",\"publisher\":{\"@id\":\"https:\\\/\\\/www.segler.eu\\\/#organization\"},\"potentialAction\":[{\"@type\":\"SearchAction\",\"target\":{\"@type\":\"EntryPoint\",\"urlTemplate\":\"https:\\\/\\\/www.segler.eu\\\/?s={search_term_string}\"},\"query-input\":{\"@type\":\"PropertyValueSpecification\",\"valueRequired\":true,\"valueName\":\"search_term_string\"}}],\"inLanguage\":\"es\"},{\"@type\":\"Organization\",\"@id\":\"https:\\\/\\\/www.segler.eu\\\/#organization\",\"name\":\"Segler-F\u00f6rderanlagen Maschinenfabrik GmbH\",\"alternateName\":\"SEGLER\",\"url\":\"https:\\\/\\\/www.segler.eu\\\/\",\"logo\":{\"@type\":\"ImageObject\",\"inLanguage\":\"es\",\"@id\":\"https:\\\/\\\/www.segler.eu\\\/#\\\/schema\\\/logo\\\/image\\\/\",\"url\":\"https:\\\/\\\/www.segler.eu\\\/wp-content\\\/uploads\\\/2024\\\/11\\\/SEGLER-BERGE-1.png\",\"contentUrl\":\"https:\\\/\\\/www.segler.eu\\\/wp-content\\\/uploads\\\/2024\\\/11\\\/SEGLER-BERGE-1.png\",\"width\":750,\"height\":750,\"caption\":\"Segler-F\u00f6rderanlagen Maschinenfabrik GmbH\"},\"image\":{\"@id\":\"https:\\\/\\\/www.segler.eu\\\/#\\\/schema\\\/logo\\\/image\\\/\"},\"sameAs\":[\"https:\\\/\\\/www.facebook.com\\\/people\\\/Segler-Frderanlagen-Maschinenfabrik-GmbH\\\/61567270711954\\\/\"]}]}<\/script>\n<!-- \/ Yoast SEO plugin. -->","yoast_head_json":{"title":"Sistemas transportadores y m\u00e1quinas para la industria qu\u00edmica.","description":"SEGLER ofrece a la industria qu\u00edmica sistemas de transporte a medida y m\u00e1quinas especiales para procesos de producci\u00f3n eficientes y seguros.","robots":{"index":"index","follow":"follow","max-snippet":"max-snippet:-1","max-image-preview":"max-image-preview:large","max-video-preview":"max-video-preview:-1"},"canonical":"https:\/\/www.segler.eu\/es\/industrias\/quimica\/","og_locale":"es_ES","og_type":"article","og_title":"F\u00f6rderanlagen & Maschinen f\u00fcr die Chemieindustrie","og_description":"SEGLER bietet der chemischen Industrie ma\u00dfgeschneiderte F\u00f6rderanlagen und Sondermaschinen f\u00fcr effiziente und sichere Produktionsprozesse.","og_url":"https:\/\/www.segler.eu\/es\/industrias\/quimica\/","og_site_name":"SEGLER","article_publisher":"https:\/\/www.facebook.com\/people\/Segler-Frderanlagen-Maschinenfabrik-GmbH\/61567270711954\/","article_modified_time":"2025-08-17T20:18:59+00:00","og_image":[{"width":750,"height":750,"url":"https:\/\/www.segler.eu\/wp-content\/uploads\/2024\/11\/SEGLER-BERGE-1.png","type":"image\/png"}],"twitter_misc":{"Tiempo de lectura":"2 minutos"},"schema":{"@context":"https:\/\/schema.org","@graph":[{"@type":"WebPage","@id":"https:\/\/www.segler.eu\/branchen\/chemie\/","url":"https:\/\/www.segler.eu\/branchen\/chemie\/","name":"Sistemas transportadores y m\u00e1quinas para la industria qu\u00edmica.","isPartOf":{"@id":"https:\/\/www.segler.eu\/#website"},"datePublished":"2024-11-04T15:06:50+00:00","dateModified":"2025-08-17T20:18:59+00:00","description":"SEGLER ofrece a la industria qu\u00edmica sistemas de transporte a medida y m\u00e1quinas especiales para procesos de producci\u00f3n eficientes y seguros.","breadcrumb":{"@id":"https:\/\/www.segler.eu\/branchen\/chemie\/#breadcrumb"},"inLanguage":"es","potentialAction":[{"@type":"ReadAction","target":["https:\/\/www.segler.eu\/branchen\/chemie\/"]}]},{"@type":"BreadcrumbList","@id":"https:\/\/www.segler.eu\/branchen\/chemie\/#breadcrumb","itemListElement":[{"@type":"ListItem","position":1,"name":"Startseite","item":"https:\/\/www.segler.eu\/"},{"@type":"ListItem","position":2,"name":"Branchen","item":"https:\/\/www.segler.eu\/branchen\/"},{"@type":"ListItem","position":3,"name":"Chemie"}]},{"@type":"WebSite","@id":"https:\/\/www.segler.eu\/#website","url":"https:\/\/www.segler.eu\/","name":"SEGLER","description":"Materiales en movimiento","publisher":{"@id":"https:\/\/www.segler.eu\/#organization"},"potentialAction":[{"@type":"SearchAction","target":{"@type":"EntryPoint","urlTemplate":"https:\/\/www.segler.eu\/?s={search_term_string}"},"query-input":{"@type":"PropertyValueSpecification","valueRequired":true,"valueName":"search_term_string"}}],"inLanguage":"es"},{"@type":"Organization","@id":"https:\/\/www.segler.eu\/#organization","name":"Segler-F\u00f6rderanlagen Maschinenfabrik GmbH","alternateName":"SEGLER","url":"https:\/\/www.segler.eu\/","logo":{"@type":"ImageObject","inLanguage":"es","@id":"https:\/\/www.segler.eu\/#\/schema\/logo\/image\/","url":"https:\/\/www.segler.eu\/wp-content\/uploads\/2024\/11\/SEGLER-BERGE-1.png","contentUrl":"https:\/\/www.segler.eu\/wp-content\/uploads\/2024\/11\/SEGLER-BERGE-1.png","width":750,"height":750,"caption":"Segler-F\u00f6rderanlagen Maschinenfabrik GmbH"},"image":{"@id":"https:\/\/www.segler.eu\/#\/schema\/logo\/image\/"},"sameAs":["https:\/\/www.facebook.com\/people\/Segler-Frderanlagen-Maschinenfabrik-GmbH\/61567270711954\/"]}]}},"_links":{"self":[{"href":"https:\/\/www.segler.eu\/es\/wp-json\/wp\/v2\/pages\/198","targetHints":{"allow":["GET"]}}],"collection":[{"href":"https:\/\/www.segler.eu\/es\/wp-json\/wp\/v2\/pages"}],"about":[{"href":"https:\/\/www.segler.eu\/es\/wp-json\/wp\/v2\/types\/page"}],"author":[{"embeddable":true,"href":"https:\/\/www.segler.eu\/es\/wp-json\/wp\/v2\/users\/1"}],"replies":[{"embeddable":true,"href":"https:\/\/www.segler.eu\/es\/wp-json\/wp\/v2\/comments?post=198"}],"version-history":[{"count":0,"href":"https:\/\/www.segler.eu\/es\/wp-json\/wp\/v2\/pages\/198\/revisions"}],"up":[{"embeddable":true,"href":"https:\/\/www.segler.eu\/es\/wp-json\/wp\/v2\/pages\/166"}],"wp:attachment":[{"href":"https:\/\/www.segler.eu\/es\/wp-json\/wp\/v2\/media?parent=198"}],"curies":[{"name":"wp","href":"https:\/\/api.w.org\/{rel}","templated":true}]}}