{"id":1376,"date":"2024-12-08T17:21:12","date_gmt":"2024-12-08T16:21:12","guid":{"rendered":"https:\/\/www.segler.eu\/?page_id=1376"},"modified":"2025-08-17T21:46:30","modified_gmt":"2025-08-17T19:46:30","slug":"%d0%b7%d0%b0%d0%b2%d0%be%d0%b4%d1%81%d0%ba%d0%be%d0%b5-%d0%bf%d1%80%d0%be%d0%b5%d0%ba%d1%82%d0%b8%d1%80%d0%be%d0%b2%d0%b0%d0%bd%d0%b8%d0%b5","status":"publish","type":"page","link":"https:\/\/www.segler.eu\/ru\/produkte\/anlagenbau\/","title":{"rendered":"\u0421\u0442\u0440\u043e\u0438\u0442\u0435\u043b\u044c\u0441\u0442\u0432\u043e \u0437\u0430\u0432\u043e\u0434\u0430"},"content":{"rendered":"<p>[et_pb_section fb_built=&#8220;1&#8243; _builder_version=&#8220;4.27.4&#8243; _module_preset=&#8220;default&#8220; background_image=&#8220;https:\/\/www.segler.eu\/wp-content\/uploads\/2024\/12\/Sondermaschinen-und-Sonderanlagen.png&#8220; height=&#8220;45vh&#8220; custom_margin=&#8220;-10%||||false|false&#8220; locked=&#8220;off&#8220; global_colors_info=&#8220;{}&#8220;][et_pb_row _builder_version=&#8220;4.27.4&#8243; _module_preset=&#8220;default&#8220; custom_padding=&#8220;20vh||||false|false&#8220; global_colors_info=&#8220;{}&#8220;][et_pb_column type=&#8220;4_4&#8243; _builder_version=&#8220;4.27.2&#8243; _module_preset=&#8220;default&#8220; global_colors_info=&#8220;{}&#8220;][\/et_pb_column][\/et_pb_row][\/et_pb_section][et_pb_section fb_built=&#8220;1&#8243; _builder_version=&#8220;4.27.2&#8243; _module_preset=&#8220;default&#8220; locked=&#8220;off&#8220; global_colors_info=&#8220;{}&#8220;][et_pb_row _builder_version=&#8220;4.27.2&#8243; _module_preset=&#8220;default&#8220; custom_margin=&#8220;0px||0px||true|false&#8220; custom_padding=&#8220;0px||0px||true|false&#8220; locked=&#8220;off&#8220; global_colors_info=&#8220;{}&#8220;][et_pb_column type=&#8220;4_4&#8243; _builder_version=&#8220;4.27.2&#8243; _module_preset=&#8220;default&#8220; global_colors_info=&#8220;{}&#8220;][et_pb_heading title=&#8220;Produkte&#8220; _builder_version=&#8220;4.27.2&#8243; _module_preset=&#8220;default&#8220; title_level=&#8220;h4&#8243; title_font=&#8220;|||on|||||&#8220; title_text_color=&#8220;#b82435&#8243; custom_margin=&#8220;0px||0px||false|false&#8220; custom_padding=&#8220;0px||0px||false|false&#8220; global_colors_info=&#8220;{}&#8220;][\/et_pb_heading][et_pb_heading title=&#8220;Anlagenbau&#8220; _builder_version=&#8220;4.27.4&#8243; _module_preset=&#8220;default&#8220; title_font=&#8220;|||on|||||&#8220; custom_margin=&#8220;0px||15px||false|false&#8220; custom_padding=&#8220;0px||0px||true|false&#8220; global_colors_info=&#8220;{}&#8220;][\/et_pb_heading][et_pb_divider _builder_version=&#8220;4.27.2&#8243; _module_preset=&#8220;default&#8220; width=&#8220;50%&#8220; global_colors_info=&#8220;{}&#8220;][\/et_pb_divider][\/et_pb_column][\/et_pb_row][et_pb_row _builder_version=&#8220;4.27.2&#8243; _module_preset=&#8220;default&#8220; locked=&#8220;off&#8220; global_colors_info=&#8220;{}&#8220;][et_pb_column type=&#8220;4_4&#8243; _builder_version=&#8220;4.27.2&#8243; _module_preset=&#8220;default&#8220; global_colors_info=&#8220;{}&#8220;][et_pb_text _builder_version=&#8220;4.27.2&#8243; _module_preset=&#8220;default&#8220; global_colors_info=&#8220;{}&#8220;]<\/p>\n<p>Besondere Produkte, Verarbeitungsprozesse und\/oder Produktionsbedingungen erfordern mitunter auch ganz besondere verfahrenstechnische L\u00f6sungen.<\/p>\n<p>Unser fundiertes Wissen bzgl. komplexer Verfahren &#8211; branchenspezifisch als auch branchen\u00fcbergreifend &#8211; setzen wir f\u00fcr Sie in solide Prozesstechnik um. Dabei ist die optimale Abstimmung aller Komponenten und Schnittstellen ebenso unser Standard wie eine CE-gerechte Realisierung und die gesicherte Qualit\u00e4t durch Druckproben, schwei\u00dftechnische Pr\u00fcfungen, Funktionspr\u00fcfungen etc.<\/p>\n<p>[\/et_pb_text][\/et_pb_column][\/et_pb_row][et_pb_row column_structure=&#8220;1_2,1_2&#8243; _builder_version=&#8220;4.27.2&#8243; _module_preset=&#8220;default&#8220; global_colors_info=&#8220;{}&#8220;][et_pb_column type=&#8220;1_2&#8243; _builder_version=&#8220;4.27.2&#8243; _module_preset=&#8220;default&#8220; global_colors_info=&#8220;{}&#8220;][et_pb_image src=&#8220;http:\/\/www.segler.eu\/wp-content\/uploads\/2024\/12\/1-2.png&#8220; alt=&#8220;Sonderanlagenbau von SEGLER&#8220; _builder_version=&#8220;4.27.2&#8243; _module_preset=&#8220;default&#8220; module_alignment=&#8220;center&#8220; global_colors_info=&#8220;{}&#8220;][\/et_pb_image][et_pb_toggle title=&#8220;Anlagenbau&#8220; icon_color=&#8220;#b82435&#8243; _builder_version=&#8220;4.27.4&#8243; _module_preset=&#8220;default&#8220; title_text_color=&#8220;#b82435&#8243; title_level=&#8220;h3&#8243; hover_enabled=&#8220;0&#8243; global_colors_info=&#8220;{}&#8220; sticky_enabled=&#8220;0&#8243;]<\/p>\n<p>Referenzprojekte:<br \/><a href=\"https:\/\/www.segler.eu\/wp-content\/uploads\/2024\/12\/Zuckeraufgabestation-mit-Klumpenbrecher.pdf\" target=\"_blank\" rel=\"noopener\">Zuckeraufgabestation mit Klumpenbrecher<\/a><br \/><a href=\"https:\/\/www.segler.eu\/wp-content\/uploads\/2024\/12\/Anlage-fuer-das-ReWork-Handling-in-einen-Trockner.pdf\" target=\"_blank\" rel=\"noopener\">Anlage f\u00fcr das ReWork-Handling in einen Trockner<\/a><\/p>\n<p>L\u00f6sungen:<\/p>\n<p>F\u00f6rderanlagen &#8211; Bunker &#8211; Silo &#8211; Trichter f\u00fcr:<\/p>\n<ul>\n<li>Sch\u00fcttg\u00fcter z.B. Zucker, Eisenpulver, Granulate, Pulver, Getreide, Pigmente, Kaffee<\/li>\n<li>Schl\u00e4mme z.B. Kieselgur, Kl\u00e4r- und Papierschlamm<\/li>\n<li>Trockene oder nasse Abfallprodukte z.B. Spuckstoffe, Restm\u00fcll, Bioabfall, Kompost, Folie<\/li>\n<li>Beschickung von Extrudern mit PVC Dryblend<\/li>\n<li>Waggonentladung und Silobef\u00fcllung<\/li>\n<\/ul>\n<p>Misch- und Dosieranlagen f\u00fcr Sch\u00fcttg\u00fcter:<\/p>\n<ul>\n<li>In der Lebensmittelindustrie, wie z.B. Cerealien, Mehl, Aroma, Gew\u00fcrze, M\u00fcsli, Salz, Zucker, Pektin, Milchpulver<\/li>\n<li>In der chemischen Industrie, wie z.B. TiO2, Kaliumchlorid, D\u00fcngemittel, Entkalkungspulver, Cellulose, Reinigungsmittel, D\u00e4mmstoffe, Mineralwolle<\/li>\n<li>In der Recycling und Umweltindustrie, wie z.B. PET, PA, Rework, Recylat, Abraum, Staubbefeuchtung, Bohrcutting<\/li>\n<li>Gipsherstellung f\u00fcr die Dentalindustrie<\/li>\n<\/ul>\n<p>Herstellung und Verarbeitung von past\u00f6sen Stoffen, Cremes und Fl\u00fcssigkeiten:<\/p>\n<ul>\n<li>In der Lebensmittelindustrie, wie z.B.\n<ul>\n<li>Brot,Br\u00f6tchen, Pizza (Teige)<\/li>\n<li>Klebriger Zuckermasse und past\u00f6sen Stoffen<\/li>\n<li>K\u00e4se f\u00fcr die nachfolgende UHT-Erhitzungsanlage<\/li>\n<li>Zuckerl\u00f6seanlagen, Getr\u00e4nke<\/li>\n<\/ul>\n<\/li>\n<li>F\u00fcr die chemische Industrie, wie z.B\n<ul>\n<li>Herstellen von Silikon, Pasten, Cremes<\/li>\n<li>L\u00f6seanlage f\u00fcr UREA bzw. Harnstoff<\/li>\n<li>Butyl, Bitumen, D\u00e4mmstoffe<\/li>\n<li>Titandioxid<\/li>\n<\/ul>\n<\/li>\n<\/ul>\n<p>Aufbereitungsanlagen und Klassiertechnik:<\/p>\n<ul>\n<li>Nassaufbereitung von zerkleinerten Produkten wie z.B. PET, PO, Schleifschl\u00e4mme, Metalle, Kunststoffe\n<ul>\n<li>Trenn- Sink Anlage<\/li>\n<li>Zentrifugal Entw\u00e4sserung<\/li>\n<li>Friktionstrennung<\/li>\n<li>Waschklassierer und Einweichbeh\u00e4lter<\/li>\n<li>Mechanische Entw\u00e4sserung mit Pressschnecken<\/li>\n<\/ul>\n<\/li>\n<li>Trockenaufbereitung von Pulvern und Sch\u00fcttg\u00fctern wie z.B. Kunststoffe, Granulate, Alu, PET, PUR\n<ul>\n<li>Bottle to Bottle Aufbereitung URRC Verfahren<\/li>\n<li>FCKW Matrixentgasung von PUR &#8211; Pulver<\/li>\n<li>Windsichter<\/li>\n<li>Zyklone<\/li>\n<li>Magnetabscheider<\/li>\n<\/ul>\n<\/li>\n<\/ul>\n<p>Diverse:<\/p>\n<ul>\n<li>Auftauanlagen f\u00fcr Fr\u00fcchte<\/li>\n<li>Kalkl\u00f6schanlage<\/li>\n<\/ul>\n<p>[\/et_pb_toggle][\/et_pb_column][et_pb_column type=&#8220;1_2&#8243; _builder_version=&#8220;4.27.2&#8243; _module_preset=&#8220;default&#8220; global_colors_info=&#8220;{}&#8220;][\/et_pb_column][\/et_pb_row][et_pb_row column_structure=&#8220;3_5,2_5&#8243; make_equal=&#8220;on&#8220; _builder_version=&#8220;4.27.2&#8243; _module_preset=&#8220;default&#8220; background_color=&#8220;#b82435&#8243; custom_margin=&#8220;25px||||false|false&#8220; custom_padding=&#8220;20px|25px|20px|25px|false|true&#8220; border_radii=&#8220;on|2px|2px|2px|2px&#8220; box_shadow_style=&#8220;preset1&#8243; locked=&#8220;off&#8220; global_colors_info=&#8220;{}&#8220;][et_pb_column type=&#8220;3_5&#8243; module_class=&#8220;vertikal-zentrieren&#8220; _builder_version=&#8220;4.27.2&#8243; _module_preset=&#8220;default&#8220; global_colors_info=&#8220;{}&#8220;][et_pb_heading title=&#8220;Individuelle Anlagen f\u00fcr anspruchsvolle Prozesse&#8220; _builder_version=&#8220;4.27.4&#8243; _module_preset=&#8220;default&#8220; title_level=&#8220;h4&#8243; title_text_align=&#8220;left&#8220; title_text_color=&#8220;#FFFFFF&#8220; custom_margin=&#8220;||0px||false|false&#8220; global_colors_info=&#8220;{}&#8220;][\/et_pb_heading][et_pb_text _builder_version=&#8220;4.27.2&#8243; _module_preset=&#8220;default&#8220; global_colors_info=&#8220;{}&#8220;]<\/p>\n<p><span style=\"color: #ffffff;\">Ma\u00dfgeschneiderte L\u00f6sungen f\u00fcr komplexe Verfahren: Von F\u00f6rderanlagen bis zu Prozess-Schnecken \u2013 wir entwickeln robuste, effiziente und innovative Sondermaschinen nach Ihren Anforderungen. Kontaktieren Sie uns f\u00fcr Ihre individuelle L\u00f6sung!<\/span><\/p>\n<p>[\/et_pb_text][\/et_pb_column][et_pb_column type=&#8220;2_5&#8243; module_class=&#8220;vertikal-zentrieren&#8220; _builder_version=&#8220;4.27.2&#8243; _module_preset=&#8220;default&#8220; global_colors_info=&#8220;{}&#8220;][et_pb_button button_url=&#8220;@ET-DC@eyJkeW5hbWljIjp0cnVlLCJjb250ZW50IjoicG9zdF9saW5rX3VybF9wYWdlIiwic2V0dGluZ3MiOnsicG9zdF9pZCI6IjI3MyJ9fQ==@&#8220; button_text=&#8220;Jetzt Kontakt aufnehmen&#8220; button_alignment=&#8220;center&#8220; _builder_version=&#8220;4.27.2&#8243; _dynamic_attributes=&#8220;button_url&#8220; _module_preset=&#8220;default&#8220; custom_button=&#8220;on&#8220; button_text_color=&#8220;#b82435&#8243; button_bg_color=&#8220;#FFFFFF&#8220; button_border_width=&#8220;1px&#8220; button_border_color=&#8220;#FFFFFF&#8220; box_shadow_style=&#8220;preset1&#8243; global_colors_info=&#8220;{}&#8220;][\/et_pb_button][\/et_pb_column][\/et_pb_row][\/et_pb_section]<\/p>\n","protected":false},"excerpt":{"rendered":"<p>Besondere Produkte, Verarbeitungsprozesse und\/oder Produktionsbedingungen erfordern mitunter auch ganz besondere verfahrenstechnische L\u00f6sungen. Unser fundiertes Wissen bzgl. komplexer Verfahren &#8211; branchenspezifisch als auch branchen\u00fcbergreifend &#8211; setzen wir f\u00fcr Sie in solide Prozesstechnik um. Dabei ist die optimale Abstimmung aller Komponenten und Schnittstellen ebenso unser Standard wie eine CE-gerechte Realisierung und die gesicherte Qualit\u00e4t durch Druckproben, schwei\u00dftechnische [&hellip;]<\/p>\n","protected":false},"author":1,"featured_media":0,"parent":164,"menu_order":0,"comment_status":"closed","ping_status":"closed","template":"","meta":{"_et_pb_use_builder":"on","_et_pb_old_content":"","_et_gb_content_width":"","footnotes":""},"class_list":["post-1376","page","type-page","status-publish","hentry"],"yoast_head":"<!-- This site is optimized with the Yoast SEO plugin v27.3 - https:\/\/yoast.com\/product\/yoast-seo-wordpress\/ -->\n<title>Anlagenbau - SEGLER<\/title>\n<meta name=\"description\" content=\"Anlagenbau von SEGLER\" \/>\n<meta name=\"robots\" content=\"index, follow, max-snippet:-1, max-image-preview:large, max-video-preview:-1\" \/>\n<link rel=\"canonical\" href=\"https:\/\/www.segler.eu\/ru\/\u043f\u0440\u043e\u0434\u0443\u043a\u0442\u044b\/\u0437\u0430\u0432\u043e\u0434\u0441\u043a\u043e\u0435-\u043f\u0440\u043e\u0435\u043a\u0442\u0438\u0440\u043e\u0432\u0430\u043d\u0438\u0435\/\" \/>\n<meta property=\"og:locale\" content=\"ru_RU\" \/>\n<meta property=\"og:type\" content=\"article\" \/>\n<meta property=\"og:title\" content=\"Anlagenbau - SEGLER\" \/>\n<meta property=\"og:description\" content=\"Anlagenbau von SEGLER\" \/>\n<meta property=\"og:url\" content=\"https:\/\/www.segler.eu\/ru\/\u043f\u0440\u043e\u0434\u0443\u043a\u0442\u044b\/\u0437\u0430\u0432\u043e\u0434\u0441\u043a\u043e\u0435-\u043f\u0440\u043e\u0435\u043a\u0442\u0438\u0440\u043e\u0432\u0430\u043d\u0438\u0435\/\" \/>\n<meta property=\"og:site_name\" content=\"SEGLER\" \/>\n<meta property=\"article:publisher\" content=\"https:\/\/www.facebook.com\/people\/Segler-Frderanlagen-Maschinenfabrik-GmbH\/61567270711954\/\" \/>\n<meta property=\"article:modified_time\" content=\"2025-08-17T19:46:30+00:00\" \/>\n<meta property=\"og:image\" content=\"https:\/\/www.segler.eu\/wp-content\/uploads\/2024\/11\/SEGLER-BERGE-1.png\" \/>\n\t<meta property=\"og:image:width\" content=\"750\" \/>\n\t<meta property=\"og:image:height\" content=\"750\" \/>\n\t<meta property=\"og:image:type\" content=\"image\/png\" \/>\n<meta name=\"twitter:label1\" content=\"\u041f\u0440\u0438\u043c\u0435\u0440\u043d\u043e\u0435 \u0432\u0440\u0435\u043c\u044f \u0434\u043b\u044f \u0447\u0442\u0435\u043d\u0438\u044f\" \/>\n\t<meta name=\"twitter:data1\" content=\"3 \u043c\u0438\u043d\u0443\u0442\u044b\" \/>\n<script type=\"application\/ld+json\" class=\"yoast-schema-graph\">{\"@context\":\"https:\\\/\\\/schema.org\",\"@graph\":[{\"@type\":\"WebPage\",\"@id\":\"https:\\\/\\\/www.segler.eu\\\/produkte\\\/anlagenbau\\\/\",\"url\":\"https:\\\/\\\/www.segler.eu\\\/produkte\\\/anlagenbau\\\/\",\"name\":\"Anlagenbau - SEGLER\",\"isPartOf\":{\"@id\":\"https:\\\/\\\/www.segler.eu\\\/#website\"},\"datePublished\":\"2024-12-08T16:21:12+00:00\",\"dateModified\":\"2025-08-17T19:46:30+00:00\",\"description\":\"Anlagenbau von SEGLER\",\"breadcrumb\":{\"@id\":\"https:\\\/\\\/www.segler.eu\\\/produkte\\\/anlagenbau\\\/#breadcrumb\"},\"inLanguage\":\"ru-RU\",\"potentialAction\":[{\"@type\":\"ReadAction\",\"target\":[\"https:\\\/\\\/www.segler.eu\\\/produkte\\\/anlagenbau\\\/\"]}]},{\"@type\":\"BreadcrumbList\",\"@id\":\"https:\\\/\\\/www.segler.eu\\\/produkte\\\/anlagenbau\\\/#breadcrumb\",\"itemListElement\":[{\"@type\":\"ListItem\",\"position\":1,\"name\":\"Startseite\",\"item\":\"https:\\\/\\\/www.segler.eu\\\/\"},{\"@type\":\"ListItem\",\"position\":2,\"name\":\"Produkte\",\"item\":\"https:\\\/\\\/www.segler.eu\\\/produkte\\\/\"},{\"@type\":\"ListItem\",\"position\":3,\"name\":\"Anlagenbau\"}]},{\"@type\":\"WebSite\",\"@id\":\"https:\\\/\\\/www.segler.eu\\\/#website\",\"url\":\"https:\\\/\\\/www.segler.eu\\\/\",\"name\":\"SEGLER\",\"description\":\"Materials in motion\",\"publisher\":{\"@id\":\"https:\\\/\\\/www.segler.eu\\\/#organization\"},\"potentialAction\":[{\"@type\":\"SearchAction\",\"target\":{\"@type\":\"EntryPoint\",\"urlTemplate\":\"https:\\\/\\\/www.segler.eu\\\/?s={search_term_string}\"},\"query-input\":{\"@type\":\"PropertyValueSpecification\",\"valueRequired\":true,\"valueName\":\"search_term_string\"}}],\"inLanguage\":\"ru-RU\"},{\"@type\":\"Organization\",\"@id\":\"https:\\\/\\\/www.segler.eu\\\/#organization\",\"name\":\"Segler-F\u00f6rderanlagen Maschinenfabrik GmbH\",\"alternateName\":\"SEGLER\",\"url\":\"https:\\\/\\\/www.segler.eu\\\/\",\"logo\":{\"@type\":\"ImageObject\",\"inLanguage\":\"ru-RU\",\"@id\":\"https:\\\/\\\/www.segler.eu\\\/#\\\/schema\\\/logo\\\/image\\\/\",\"url\":\"https:\\\/\\\/www.segler.eu\\\/wp-content\\\/uploads\\\/2024\\\/11\\\/SEGLER-BERGE-1.png\",\"contentUrl\":\"https:\\\/\\\/www.segler.eu\\\/wp-content\\\/uploads\\\/2024\\\/11\\\/SEGLER-BERGE-1.png\",\"width\":750,\"height\":750,\"caption\":\"Segler-F\u00f6rderanlagen Maschinenfabrik GmbH\"},\"image\":{\"@id\":\"https:\\\/\\\/www.segler.eu\\\/#\\\/schema\\\/logo\\\/image\\\/\"},\"sameAs\":[\"https:\\\/\\\/www.facebook.com\\\/people\\\/Segler-Frderanlagen-Maschinenfabrik-GmbH\\\/61567270711954\\\/\"]}]}<\/script>\n<!-- \/ Yoast SEO plugin. -->","yoast_head_json":{"title":"\u0417\u0430\u0432\u043e\u0434 \u043c\u0430\u0448\u0438\u043d\u043e\u0441\u0442\u0440\u043e\u0435\u043d\u0438\u044f - 1\u0422\u041f2\u0422","description":"\u0420\u0430\u0441\u0442\u0435\u043d\u0438\u0435\u0432\u043e\u0434\u0441\u0442\u0432\u043e \u043e\u0442 SEGLER","robots":{"index":"index","follow":"follow","max-snippet":"max-snippet:-1","max-image-preview":"max-image-preview:large","max-video-preview":"max-video-preview:-1"},"canonical":"https:\/\/www.segler.eu\/ru\/\u043f\u0440\u043e\u0434\u0443\u043a\u0442\u044b\/\u0437\u0430\u0432\u043e\u0434\u0441\u043a\u043e\u0435-\u043f\u0440\u043e\u0435\u043a\u0442\u0438\u0440\u043e\u0432\u0430\u043d\u0438\u0435\/","og_locale":"ru_RU","og_type":"article","og_title":"Anlagenbau - SEGLER","og_description":"Anlagenbau von SEGLER","og_url":"https:\/\/www.segler.eu\/ru\/\u043f\u0440\u043e\u0434\u0443\u043a\u0442\u044b\/\u0437\u0430\u0432\u043e\u0434\u0441\u043a\u043e\u0435-\u043f\u0440\u043e\u0435\u043a\u0442\u0438\u0440\u043e\u0432\u0430\u043d\u0438\u0435\/","og_site_name":"SEGLER","article_publisher":"https:\/\/www.facebook.com\/people\/Segler-Frderanlagen-Maschinenfabrik-GmbH\/61567270711954\/","article_modified_time":"2025-08-17T19:46:30+00:00","og_image":[{"width":750,"height":750,"url":"https:\/\/www.segler.eu\/wp-content\/uploads\/2024\/11\/SEGLER-BERGE-1.png","type":"image\/png"}],"twitter_misc":{"\u041f\u0440\u0438\u043c\u0435\u0440\u043d\u043e\u0435 \u0432\u0440\u0435\u043c\u044f \u0434\u043b\u044f \u0447\u0442\u0435\u043d\u0438\u044f":"3 \u043c\u0438\u043d\u0443\u0442\u044b"},"schema":{"@context":"https:\/\/schema.org","@graph":[{"@type":"WebPage","@id":"https:\/\/www.segler.eu\/produkte\/anlagenbau\/","url":"https:\/\/www.segler.eu\/produkte\/anlagenbau\/","name":"\u0417\u0430\u0432\u043e\u0434 \u043c\u0430\u0448\u0438\u043d\u043e\u0441\u0442\u0440\u043e\u0435\u043d\u0438\u044f - 1\u0422\u041f2\u0422","isPartOf":{"@id":"https:\/\/www.segler.eu\/#website"},"datePublished":"2024-12-08T16:21:12+00:00","dateModified":"2025-08-17T19:46:30+00:00","description":"\u0420\u0430\u0441\u0442\u0435\u043d\u0438\u0435\u0432\u043e\u0434\u0441\u0442\u0432\u043e \u043e\u0442 SEGLER","breadcrumb":{"@id":"https:\/\/www.segler.eu\/produkte\/anlagenbau\/#breadcrumb"},"inLanguage":"ru-RU","potentialAction":[{"@type":"ReadAction","target":["https:\/\/www.segler.eu\/produkte\/anlagenbau\/"]}]},{"@type":"BreadcrumbList","@id":"https:\/\/www.segler.eu\/produkte\/anlagenbau\/#breadcrumb","itemListElement":[{"@type":"ListItem","position":1,"name":"Startseite","item":"https:\/\/www.segler.eu\/"},{"@type":"ListItem","position":2,"name":"Produkte","item":"https:\/\/www.segler.eu\/produkte\/"},{"@type":"ListItem","position":3,"name":"Anlagenbau"}]},{"@type":"WebSite","@id":"https:\/\/www.segler.eu\/#website","url":"https:\/\/www.segler.eu\/","name":"SEGLER","description":"\u041c\u0430\u0442\u0435\u0440\u0438\u0430\u043b\u044b \u0432 \u0434\u0432\u0438\u0436\u0435\u043d\u0438\u0438","publisher":{"@id":"https:\/\/www.segler.eu\/#organization"},"potentialAction":[{"@type":"SearchAction","target":{"@type":"EntryPoint","urlTemplate":"https:\/\/www.segler.eu\/?s={search_term_string}"},"query-input":{"@type":"PropertyValueSpecification","valueRequired":true,"valueName":"search_term_string"}}],"inLanguage":"ru-RU"},{"@type":"Organization","@id":"https:\/\/www.segler.eu\/#organization","name":"Segler-F\u00f6rderanlagen Maschinenfabrik GmbH","alternateName":"SEGLER","url":"https:\/\/www.segler.eu\/","logo":{"@type":"ImageObject","inLanguage":"ru-RU","@id":"https:\/\/www.segler.eu\/#\/schema\/logo\/image\/","url":"https:\/\/www.segler.eu\/wp-content\/uploads\/2024\/11\/SEGLER-BERGE-1.png","contentUrl":"https:\/\/www.segler.eu\/wp-content\/uploads\/2024\/11\/SEGLER-BERGE-1.png","width":750,"height":750,"caption":"Segler-F\u00f6rderanlagen Maschinenfabrik GmbH"},"image":{"@id":"https:\/\/www.segler.eu\/#\/schema\/logo\/image\/"},"sameAs":["https:\/\/www.facebook.com\/people\/Segler-Frderanlagen-Maschinenfabrik-GmbH\/61567270711954\/"]}]}},"_links":{"self":[{"href":"https:\/\/www.segler.eu\/ru\/wp-json\/wp\/v2\/pages\/1376","targetHints":{"allow":["GET"]}}],"collection":[{"href":"https:\/\/www.segler.eu\/ru\/wp-json\/wp\/v2\/pages"}],"about":[{"href":"https:\/\/www.segler.eu\/ru\/wp-json\/wp\/v2\/types\/page"}],"author":[{"embeddable":true,"href":"https:\/\/www.segler.eu\/ru\/wp-json\/wp\/v2\/users\/1"}],"replies":[{"embeddable":true,"href":"https:\/\/www.segler.eu\/ru\/wp-json\/wp\/v2\/comments?post=1376"}],"version-history":[{"count":0,"href":"https:\/\/www.segler.eu\/ru\/wp-json\/wp\/v2\/pages\/1376\/revisions"}],"up":[{"embeddable":true,"href":"https:\/\/www.segler.eu\/ru\/wp-json\/wp\/v2\/pages\/164"}],"wp:attachment":[{"href":"https:\/\/www.segler.eu\/ru\/wp-json\/wp\/v2\/media?parent=1376"}],"curies":[{"name":"WP","href":"https:\/\/api.w.org\/{rel}","templated":true}]}}