{"id":1677,"date":"2025-02-06T14:58:03","date_gmt":"2025-02-06T13:58:03","guid":{"rendered":"https:\/\/www.segler.eu\/?page_id=1677"},"modified":"2025-02-19T10:42:09","modified_gmt":"2025-02-19T09:42:09","slug":"%d0%ba%d0%be%d0%bd%d0%b8%d1%87%d0%b5%d1%81%d0%ba%d0%b8%d0%b9-%d1%88%d0%bd%d0%b5%d0%ba%d0%be%d0%b2%d1%8b%d0%b9-%d1%81%d0%bc%d0%b5%d1%81%d0%b8%d1%82%d0%b5%d0%bb%d1%8c","status":"publish","type":"page","link":"https:\/\/www.segler.eu\/ru\/produkte\/konusschneckenmischer\/","title":{"rendered":"\u041a\u043e\u043d\u0438\u0447\u0435\u0441\u043a\u0438\u0439 \u0448\u043d\u0435\u043a\u043e\u0432\u044b\u0439 \u0441\u043c\u0435\u0441\u0438\u0442\u0435\u043b\u044c"},"content":{"rendered":"<p>[et_pb_section fb_built=&#8220;1&#8243; _builder_version=&#8220;4.27.4&#8243; _module_preset=&#8220;default&#8220; background_image=&#8220;https:\/\/www.segler.eu\/wp-content\/uploads\/2025\/02\/Banner-3.png&#8220; height=&#8220;45vh&#8220; custom_margin=&#8220;-7%||||false|false&#8220; hover_enabled=&#8220;0&#8243; locked=&#8220;off&#8220; global_colors_info=&#8220;{}&#8220; sticky_enabled=&#8220;0&#8243;][et_pb_row _builder_version=&#8220;4.27.2&#8243; _module_preset=&#8220;default&#8220; custom_padding=&#8220;20vh||||false|false&#8220; global_colors_info=&#8220;{}&#8220;][et_pb_column type=&#8220;4_4&#8243; _builder_version=&#8220;4.27.2&#8243; _module_preset=&#8220;default&#8220; global_colors_info=&#8220;{}&#8220;][\/et_pb_column][\/et_pb_row][\/et_pb_section][et_pb_section fb_built=&#8220;1&#8243; _builder_version=&#8220;4.27.2&#8243; _module_preset=&#8220;default&#8220; locked=&#8220;off&#8220; global_colors_info=&#8220;{}&#8220;][et_pb_row _builder_version=&#8220;4.27.4&#8243; _module_preset=&#8220;default&#8220; custom_margin=&#8220;0px||0px||true|false&#8220; custom_padding=&#8220;0px||0px||true|false&#8220; locked=&#8220;off&#8220; global_colors_info=&#8220;{}&#8220;][et_pb_column type=&#8220;4_4&#8243; _builder_version=&#8220;4.27.2&#8243; _module_preset=&#8220;default&#8220; global_colors_info=&#8220;{}&#8220;][et_pb_heading title=&#8220;Individuell. Wartungsarm. Simpel.&#8220; _builder_version=&#8220;4.27.4&#8243; _module_preset=&#8220;default&#8220; title_level=&#8220;h4&#8243; title_font=&#8220;|||on|||||&#8220; title_text_color=&#8220;#b82435&#8243; custom_margin=&#8220;0px||0px||false|false&#8220; custom_padding=&#8220;0px||0px||false|false&#8220; global_colors_info=&#8220;{}&#8220;][\/et_pb_heading][et_pb_heading title=&#8220;SEGLER &#8211; Konusschneckenmischer&#8220; _builder_version=&#8220;4.27.4&#8243; _module_preset=&#8220;default&#8220; title_font=&#8220;|||on|||||&#8220; custom_margin=&#8220;0px||15px||false|false&#8220; custom_padding=&#8220;0px||0px||true|false&#8220; global_colors_info=&#8220;{}&#8220;][\/et_pb_heading][et_pb_heading title=&#8220;auch bezeichnet als Batch-Mischer, Vertikalmischer, Nauta-Mischer, Konusmischer oder Misch-Reaktor&#8220; _builder_version=&#8220;4.27.4&#8243; _module_preset=&#8220;default&#8220; title_level=&#8220;h4&#8243; title_font=&#8220;||||||||&#8220; title_text_color=&#8220;#b82435&#8243; custom_margin=&#8220;0px||0px||false|false&#8220; custom_padding=&#8220;0px||0px||false|false&#8220; global_colors_info=&#8220;{}&#8220;][\/et_pb_heading][et_pb_divider _builder_version=&#8220;4.27.2&#8243; _module_preset=&#8220;default&#8220; width=&#8220;50%&#8220; global_colors_info=&#8220;{}&#8220;][\/et_pb_divider][\/et_pb_column][\/et_pb_row][et_pb_row _builder_version=&#8220;4.27.2&#8243; _module_preset=&#8220;default&#8220; locked=&#8220;off&#8220; global_colors_info=&#8220;{}&#8220;][et_pb_column type=&#8220;4_4&#8243; _builder_version=&#8220;4.27.2&#8243; _module_preset=&#8220;default&#8220; global_colors_info=&#8220;{}&#8220;][et_pb_text _builder_version=&#8220;4.27.4&#8243; _module_preset=&#8220;default&#8220; global_colors_info=&#8220;{}&#8220;]<\/p>\n<p class=\"p1\">Der Konusschneckenmischer &#8211; Ideal f\u00fcr vertikale Produktionen (Massenfluss in Schwerkraftrichtung).<\/p>\n<p>[\/et_pb_text][\/et_pb_column][\/et_pb_row][et_pb_row column_structure=&#8220;1_3,1_3,1_3&#8243; _builder_version=&#8220;4.27.4&#8243; _module_preset=&#8220;default&#8220; locked=&#8220;off&#8220; global_colors_info=&#8220;{}&#8220;][et_pb_column type=&#8220;1_3&#8243; _builder_version=&#8220;4.27.4&#8243; _module_preset=&#8220;default&#8220; global_colors_info=&#8220;{}&#8220;][et_pb_blurb title=&#8220;Perfekte Mischung bei jeder F\u00fcllmenge&#8220; use_icon=&#8220;on&#8220; font_icon=&#8220;&#xf058;||fa||400&#8243; image_icon_width=&#8220;65px&#8220; _builder_version=&#8220;4.27.4&#8243; _module_preset=&#8220;default&#8220; header_font=&#8220;|||on|||||&#8220; header_text_align=&#8220;center&#8220; body_font=&#8220;||||||||&#8220; body_text_align=&#8220;center&#8220; text_orientation=&#8220;center&#8220; global_colors_info=&#8220;{}&#8220;]<\/p>\n<p>Dank konischer Schneckengeometrie mit progressiver Steigung f\u00fcr gleichm\u00e4\u00dfige Durchmischung.<\/p>\n<p>[\/et_pb_blurb][\/et_pb_column][et_pb_column type=&#8220;1_3&#8243; _builder_version=&#8220;4.27.4&#8243; _module_preset=&#8220;default&#8220; global_colors_info=&#8220;{}&#8220;][et_pb_blurb title=&#8220;Energie- &#038; wartungsoptimiert&#8220; use_icon=&#8220;on&#8220; font_icon=&#8220;&#xf058;||fa||400&#8243; image_icon_width=&#8220;65px&#8220; _builder_version=&#8220;4.27.4&#8243; _module_preset=&#8220;default&#8220; header_font=&#8220;|||on|||||&#8220; header_text_align=&#8220;center&#8220; body_font=&#8220;||||||||&#8220; body_text_align=&#8220;center&#8220; text_orientation=&#8220;center&#8220; global_colors_info=&#8220;{}&#8220;]<\/p>\n<p>Fliegend-stabil gelagerte Mischschneckenwelle ohne Bodenlagerung, robuster Antrieb und reduzierter Energiebedarf (sparsam).<\/p>\n<p>[\/et_pb_blurb][\/et_pb_column][et_pb_column type=&#8220;1_3&#8243; _builder_version=&#8220;4.27.4&#8243; _module_preset=&#8220;default&#8220; global_colors_info=&#8220;{}&#8220;][et_pb_blurb title=&#8220;Individuell &#038; zuverl\u00e4ssig&#8220; use_icon=&#8220;on&#8220; font_icon=&#8220;&#xf058;||fa||400&#8243; image_icon_width=&#8220;65px&#8220; _builder_version=&#8220;4.27.4&#8243; _module_preset=&#8220;default&#8220; header_font=&#8220;|||on|||||&#8220; header_text_align=&#8220;center&#8220; body_font=&#8220;||||||||&#8220; body_text_align=&#8220;center&#8220; text_orientation=&#8220;center&#8220; global_colors_info=&#8220;{}&#8220;]<\/p>\n<p>Gem\u00e4\u00df Ihrem Bedarf, komfortabler Betrieb, durchdachte Technik, Verwiegungsgeeignet, Antriebe FU-tauglich<\/p>\n<p>[\/et_pb_blurb][\/et_pb_column][\/et_pb_row][et_pb_row _builder_version=&#8220;4.27.4&#8243; _module_preset=&#8220;default&#8220; locked=&#8220;off&#8220; global_colors_info=&#8220;{}&#8220;][et_pb_column type=&#8220;4_4&#8243; _builder_version=&#8220;4.27.4&#8243; _module_preset=&#8220;default&#8220; global_colors_info=&#8220;{}&#8220;][et_pb_toggle title=&#8220;SEGLER hat die Ausf\u00fchrung des Konusschneckenmischers verbessert:&#8220; open=&#8220;on&#8220; icon_color=&#8220;#b82435&#8243; toggle_icon=&#8220;&#xe060;||divi||400&#8243; open_icon_color=&#8220;#b82435&#8243; open_toggle_icon=&#8220;&#xf05a;||fa||900&#8243; _builder_version=&#8220;4.27.4&#8243; _module_preset=&#8220;default&#8220; title_text_color=&#8220;#b82435&#8243; global_colors_info=&#8220;{}&#8220;]<\/p>\n<p><span class=\"s1\">\u2713 <\/span>Mischschneckenwelle ohne Bodenlagerung (fliegend)<br \/>\u2713 <span class=\"s1\"><\/span>Schneckengeometrie konisch mit progressiver Steigung f\u00fcr perfekte Mischung bei jeder F\u00fcllung<br \/>\u2713 <span class=\"s1\"><\/span>Weniger Antriebsleistung ben\u00f6tigt durch regionalen Energieeintrag<br \/>\u2713 <span class=\"s1\"><\/span>Keine Mischgutgef\u00e4hrdung durch \u00d6lschmierung<br \/>\u2713 <span class=\"s1\"><\/span>Wartungsarmes Antriebskonzept<br \/>\u2713 <span class=\"s1\"><\/span>R\u00fchrarm mit robustem Kettenantrieb<br \/>\u2713 <span class=\"s1\"><\/span>Deckel als stabiler Kl\u00f6pperboden<\/p>\n<p class=\"p3\"><strong>M\u00f6glich:<\/strong><\/p>\n<ul class=\"ul2\">\n<li class=\"li1\"><span class=\"s1\"><\/span>Edelstahl, Sonder-Edelst\u00e4hle, dabei Wellenteile aus Duplex 1.4462<\/li>\n<li class=\"li1\"><span class=\"s1\"><\/span>CE, GMP, ATEX (explosionsgesch\u00fctzt) &#8211; bis einschl. Zertifikat<\/li>\n<li class=\"li1\"><span class=\"s1\"><\/span>CIP (inkl. PopUp Whirly D\u00fcsen bis Zentralanschluss)<\/li>\n<li class=\"li1\"><span class=\"s1\"><\/span>Beheizt oder gek\u00fchlt (mit Doppelmantel)<\/li>\n<li class=\"li4\"><span class=\"s1\"><\/span>Detektierte Schwenkarmparkposition f\u00fcr bessere Bef\u00fcllung<\/li>\n<li class=\"li4\">Zubeh\u00f6r:\n<ul class=\"ul2\">\n<li class=\"li4\">Absperrschieber oder Kugelsegmentventil am Auslass<\/li>\n<li class=\"li4\">W\u00e4gezellen (Lastaufnehmer) bis hin zur Auswertung<\/li>\n<li class=\"li4\">Abluftfilter (zum Bef\u00fcllvorgang)<\/li>\n<li class=\"li4\">Additivzudosierung, wie liquide Medien<\/li>\n<\/ul>\n<\/li>\n<\/ul>\n<p><a href=\"https:\/\/www.segler.eu\/produkte\/mischtechnik\/\" title=\"Zur Mischtechnik\">mehr Informationen&#8230;<\/a><\/p>\n<p>[\/et_pb_toggle][\/et_pb_column][\/et_pb_row][et_pb_row column_structure=&#8220;3_5,2_5&#8243; make_equal=&#8220;on&#8220; _builder_version=&#8220;4.27.2&#8243; _module_preset=&#8220;default&#8220; background_color=&#8220;#b82435&#8243; custom_margin=&#8220;25px||||false|false&#8220; custom_padding=&#8220;20px|25px|20px|25px|false|true&#8220; border_radii=&#8220;on|2px|2px|2px|2px&#8220; box_shadow_style=&#8220;preset1&#8243; locked=&#8220;off&#8220; global_colors_info=&#8220;{}&#8220;][et_pb_column type=&#8220;3_5&#8243; module_class=&#8220;vertikal-zentrieren&#8220; _builder_version=&#8220;4.27.2&#8243; _module_preset=&#8220;default&#8220; global_colors_info=&#8220;{}&#8220;][et_pb_heading title=&#8220;Perfekt abgestimmte Mischtechnik f\u00fcr Ihren Prozess&#8220; _builder_version=&#8220;4.27.2&#8243; _module_preset=&#8220;default&#8220; title_level=&#8220;h4&#8243; title_text_align=&#8220;left&#8220; title_text_color=&#8220;#FFFFFF&#8220; custom_margin=&#8220;||0px||false|false&#8220; global_colors_info=&#8220;{}&#8220;][\/et_pb_heading][et_pb_text _builder_version=&#8220;4.27.2&#8243; _module_preset=&#8220;default&#8220; global_colors_info=&#8220;{}&#8220;]<\/p>\n<p><span style=\"color: #ffffff;\">Von schonender Homogenisierung bis zu anspruchsvollen Prozessintegration \u2013 unsere Mischl\u00f6sungen erf\u00fcllen h\u00f6chste Anspr\u00fcche an Qualit\u00e4t und Effizienz. Kontaktieren Sie uns f\u00fcr individuelle Systeme, die Ihre Anforderungen \u00fcbertreffen!<\/span><\/p>\n<p>[\/et_pb_text][\/et_pb_column][et_pb_column type=&#8220;2_5&#8243; module_class=&#8220;vertikal-zentrieren&#8220; _builder_version=&#8220;4.27.2&#8243; _module_preset=&#8220;default&#8220; global_colors_info=&#8220;{}&#8220;][et_pb_button button_url=&#8220;@ET-DC@eyJkeW5hbWljIjp0cnVlLCJjb250ZW50IjoicG9zdF9saW5rX3VybF9wYWdlIiwic2V0dGluZ3MiOnsicG9zdF9pZCI6IjI3MyJ9fQ==@&#8220; button_text=&#8220;Jetzt Kontakt aufnehmen&#8220; button_alignment=&#8220;center&#8220; _builder_version=&#8220;4.27.2&#8243; _dynamic_attributes=&#8220;button_url&#8220; _module_preset=&#8220;default&#8220; custom_button=&#8220;on&#8220; button_text_color=&#8220;#b82435&#8243; button_bg_color=&#8220;#FFFFFF&#8220; button_border_width=&#8220;1px&#8220; button_border_color=&#8220;#FFFFFF&#8220; box_shadow_style=&#8220;preset1&#8243; global_colors_info=&#8220;{}&#8220;][\/et_pb_button][\/et_pb_column][\/et_pb_row][\/et_pb_section]<\/p>\n","protected":false},"excerpt":{"rendered":"<p>Der Konusschneckenmischer &#8211; Ideal f\u00fcr vertikale Produktionen (Massenfluss in Schwerkraftrichtung).Dank konischer Schneckengeometrie mit progressiver Steigung f\u00fcr gleichm\u00e4\u00dfige Durchmischung.Fliegend-stabil gelagerte Mischschneckenwelle ohne Bodenlagerung, robuster Antrieb und reduzierter Energiebedarf (sparsam).Gem\u00e4\u00df Ihrem Bedarf, komfortabler Betrieb, durchdachte Technik, Verwiegungsgeeignet, Antriebe FU-tauglich\u2713 Mischschneckenwelle ohne Bodenlagerung (fliegend)\u2713 Schneckengeometrie konisch mit progressiver Steigung f\u00fcr perfekte Mischung bei jeder F\u00fcllung\u2713 Weniger Antriebsleistung ben\u00f6tigt [&hellip;]<\/p>\n","protected":false},"author":1,"featured_media":0,"parent":164,"menu_order":0,"comment_status":"closed","ping_status":"closed","template":"","meta":{"_et_pb_use_builder":"on","_et_pb_old_content":"","_et_gb_content_width":"","footnotes":""},"class_list":["post-1677","page","type-page","status-publish","hentry"],"yoast_head":"<!-- This site is optimized with the Yoast SEO plugin v27.4 - https:\/\/yoast.com\/product\/yoast-seo-wordpress\/ -->\n<title>Konusschneckenmischer von SEGLER<\/title>\n<meta name=\"description\" content=\"Konusschneckenmischer: Perfekte Mischung bei jeder F\u00fcllmenge, wartungsarm &amp; energieeffizient. Individuell anpassbar f\u00fcr h\u00f6chste Qualit\u00e4t!\" \/>\n<meta name=\"robots\" content=\"index, follow, max-snippet:-1, max-image-preview:large, max-video-preview:-1\" \/>\n<link rel=\"canonical\" href=\"https:\/\/www.segler.eu\/ru\/\u043f\u0440\u043e\u0434\u0443\u043a\u0442\u044b\/\u043a\u043e\u043d\u0438\u0447\u0435\u0441\u043a\u0438\u0439-\u0448\u043d\u0435\u043a\u043e\u0432\u044b\u0439-\u0441\u043c\u0435\u0441\u0438\u0442\u0435\u043b\u044c\/\" \/>\n<meta property=\"og:locale\" content=\"ru_RU\" \/>\n<meta property=\"og:type\" content=\"article\" \/>\n<meta property=\"og:title\" content=\"Konusschneckenmischer von SEGLER\" \/>\n<meta property=\"og:description\" content=\"Konusschneckenmischer: Perfekte Mischung bei jeder F\u00fcllmenge, wartungsarm &amp; energieeffizient. Individuell anpassbar f\u00fcr h\u00f6chste Qualit\u00e4t!\" \/>\n<meta property=\"og:url\" content=\"https:\/\/www.segler.eu\/ru\/\u043f\u0440\u043e\u0434\u0443\u043a\u0442\u044b\/\u043a\u043e\u043d\u0438\u0447\u0435\u0441\u043a\u0438\u0439-\u0448\u043d\u0435\u043a\u043e\u0432\u044b\u0439-\u0441\u043c\u0435\u0441\u0438\u0442\u0435\u043b\u044c\/\" \/>\n<meta property=\"og:site_name\" content=\"SEGLER\" \/>\n<meta property=\"article:publisher\" content=\"https:\/\/www.facebook.com\/people\/Segler-Frderanlagen-Maschinenfabrik-GmbH\/61567270711954\/\" \/>\n<meta property=\"article:modified_time\" content=\"2025-02-19T09:42:09+00:00\" \/>\n<meta property=\"og:image\" content=\"https:\/\/www.segler.eu\/wp-content\/uploads\/2024\/11\/SEGLER-BERGE-1.png\" \/>\n\t<meta property=\"og:image:width\" content=\"750\" \/>\n\t<meta property=\"og:image:height\" content=\"750\" \/>\n\t<meta property=\"og:image:type\" content=\"image\/png\" \/>\n<meta name=\"twitter:label1\" content=\"\u041f\u0440\u0438\u043c\u0435\u0440\u043d\u043e\u0435 \u0432\u0440\u0435\u043c\u044f \u0434\u043b\u044f \u0447\u0442\u0435\u043d\u0438\u044f\" \/>\n\t<meta name=\"twitter:data1\" content=\"2 \u043c\u0438\u043d\u0443\u0442\u044b\" \/>\n<script type=\"application\/ld+json\" class=\"yoast-schema-graph\">{\"@context\":\"https:\\\/\\\/schema.org\",\"@graph\":[{\"@type\":\"WebPage\",\"@id\":\"https:\\\/\\\/www.segler.eu\\\/produkte\\\/konusschneckenmischer\\\/\",\"url\":\"https:\\\/\\\/www.segler.eu\\\/produkte\\\/konusschneckenmischer\\\/\",\"name\":\"Konusschneckenmischer von SEGLER\",\"isPartOf\":{\"@id\":\"https:\\\/\\\/www.segler.eu\\\/#website\"},\"datePublished\":\"2025-02-06T13:58:03+00:00\",\"dateModified\":\"2025-02-19T09:42:09+00:00\",\"description\":\"Konusschneckenmischer: Perfekte Mischung bei jeder F\u00fcllmenge, wartungsarm & energieeffizient. Individuell anpassbar f\u00fcr h\u00f6chste Qualit\u00e4t!\",\"breadcrumb\":{\"@id\":\"https:\\\/\\\/www.segler.eu\\\/produkte\\\/konusschneckenmischer\\\/#breadcrumb\"},\"inLanguage\":\"ru-RU\",\"potentialAction\":[{\"@type\":\"ReadAction\",\"target\":[\"https:\\\/\\\/www.segler.eu\\\/produkte\\\/konusschneckenmischer\\\/\"]}]},{\"@type\":\"BreadcrumbList\",\"@id\":\"https:\\\/\\\/www.segler.eu\\\/produkte\\\/konusschneckenmischer\\\/#breadcrumb\",\"itemListElement\":[{\"@type\":\"ListItem\",\"position\":1,\"name\":\"Startseite\",\"item\":\"https:\\\/\\\/www.segler.eu\\\/\"},{\"@type\":\"ListItem\",\"position\":2,\"name\":\"Produkte\",\"item\":\"https:\\\/\\\/www.segler.eu\\\/produkte\\\/\"},{\"@type\":\"ListItem\",\"position\":3,\"name\":\"Konusschneckenmischer\"}]},{\"@type\":\"WebSite\",\"@id\":\"https:\\\/\\\/www.segler.eu\\\/#website\",\"url\":\"https:\\\/\\\/www.segler.eu\\\/\",\"name\":\"SEGLER\",\"description\":\"Materials in motion\",\"publisher\":{\"@id\":\"https:\\\/\\\/www.segler.eu\\\/#organization\"},\"potentialAction\":[{\"@type\":\"SearchAction\",\"target\":{\"@type\":\"EntryPoint\",\"urlTemplate\":\"https:\\\/\\\/www.segler.eu\\\/?s={search_term_string}\"},\"query-input\":{\"@type\":\"PropertyValueSpecification\",\"valueRequired\":true,\"valueName\":\"search_term_string\"}}],\"inLanguage\":\"ru-RU\"},{\"@type\":\"Organization\",\"@id\":\"https:\\\/\\\/www.segler.eu\\\/#organization\",\"name\":\"Segler-F\u00f6rderanlagen Maschinenfabrik GmbH\",\"alternateName\":\"SEGLER\",\"url\":\"https:\\\/\\\/www.segler.eu\\\/\",\"logo\":{\"@type\":\"ImageObject\",\"inLanguage\":\"ru-RU\",\"@id\":\"https:\\\/\\\/www.segler.eu\\\/#\\\/schema\\\/logo\\\/image\\\/\",\"url\":\"https:\\\/\\\/www.segler.eu\\\/wp-content\\\/uploads\\\/2024\\\/11\\\/SEGLER-BERGE-1.png\",\"contentUrl\":\"https:\\\/\\\/www.segler.eu\\\/wp-content\\\/uploads\\\/2024\\\/11\\\/SEGLER-BERGE-1.png\",\"width\":750,\"height\":750,\"caption\":\"Segler-F\u00f6rderanlagen Maschinenfabrik GmbH\"},\"image\":{\"@id\":\"https:\\\/\\\/www.segler.eu\\\/#\\\/schema\\\/logo\\\/image\\\/\"},\"sameAs\":[\"https:\\\/\\\/www.facebook.com\\\/people\\\/Segler-Frderanlagen-Maschinenfabrik-GmbH\\\/61567270711954\\\/\"]}]}<\/script>\n<!-- \/ Yoast SEO plugin. -->","yoast_head_json":{"title":"\u041a\u043e\u043d\u0443\u0441\u043d\u044b\u0439 \u0448\u043d\u0435\u043a\u043e\u0432\u044b\u0439 \u0441\u043c\u0435\u0441\u0438\u0442\u0435\u043b\u044c \u043e\u0442 SEGLER","description":"\u041a\u043e\u043d\u0443\u0441\u043d\u044b\u0439 \u0448\u043d\u0435\u043a\u043e\u0432\u044b\u0439 \u0441\u043c\u0435\u0441\u0438\u0442\u0435\u043b\u044c: \u0438\u0434\u0435\u0430\u043b\u044c\u043d\u043e\u0435 \u0441\u043c\u0435\u0448\u0438\u0432\u0430\u043d\u0438\u0435 \u0434\u043b\u044f \u043b\u044e\u0431\u043e\u0433\u043e \u043e\u0431\u044a\u0435\u043c\u0430 \u043d\u0430\u043f\u043e\u043b\u043d\u0435\u043d\u0438\u044f, \u043d\u0435 \u0442\u0440\u0435\u0431\u0443\u044e\u0449\u0435\u0435 \u043e\u0431\u0441\u043b\u0443\u0436\u0438\u0432\u0430\u043d\u0438\u044f \u0438 \u044d\u043d\u0435\u0440\u0433\u043e\u0441\u0431\u0435\u0440\u0435\u0433\u0430\u044e\u0449\u0435\u0435. \u0412\u043e\u0437\u043c\u043e\u0436\u043d\u043e\u0441\u0442\u044c \u0438\u043d\u0434\u0438\u0432\u0438\u0434\u0443\u0430\u043b\u044c\u043d\u043e\u0439 \u043d\u0430\u0441\u0442\u0440\u043e\u0439\u043a\u0438 \u0434\u043b\u044f \u0432\u044b\u0441\u043e\u0447\u0430\u0439\u0448\u0435\u0433\u043e \u043a\u0430\u0447\u0435\u0441\u0442\u0432\u0430!","robots":{"index":"index","follow":"follow","max-snippet":"max-snippet:-1","max-image-preview":"max-image-preview:large","max-video-preview":"max-video-preview:-1"},"canonical":"https:\/\/www.segler.eu\/ru\/\u043f\u0440\u043e\u0434\u0443\u043a\u0442\u044b\/\u043a\u043e\u043d\u0438\u0447\u0435\u0441\u043a\u0438\u0439-\u0448\u043d\u0435\u043a\u043e\u0432\u044b\u0439-\u0441\u043c\u0435\u0441\u0438\u0442\u0435\u043b\u044c\/","og_locale":"ru_RU","og_type":"article","og_title":"Konusschneckenmischer von SEGLER","og_description":"Konusschneckenmischer: Perfekte Mischung bei jeder F\u00fcllmenge, wartungsarm & energieeffizient. Individuell anpassbar f\u00fcr h\u00f6chste Qualit\u00e4t!","og_url":"https:\/\/www.segler.eu\/ru\/\u043f\u0440\u043e\u0434\u0443\u043a\u0442\u044b\/\u043a\u043e\u043d\u0438\u0447\u0435\u0441\u043a\u0438\u0439-\u0448\u043d\u0435\u043a\u043e\u0432\u044b\u0439-\u0441\u043c\u0435\u0441\u0438\u0442\u0435\u043b\u044c\/","og_site_name":"SEGLER","article_publisher":"https:\/\/www.facebook.com\/people\/Segler-Frderanlagen-Maschinenfabrik-GmbH\/61567270711954\/","article_modified_time":"2025-02-19T09:42:09+00:00","og_image":[{"width":750,"height":750,"url":"https:\/\/www.segler.eu\/wp-content\/uploads\/2024\/11\/SEGLER-BERGE-1.png","type":"image\/png"}],"twitter_misc":{"\u041f\u0440\u0438\u043c\u0435\u0440\u043d\u043e\u0435 \u0432\u0440\u0435\u043c\u044f \u0434\u043b\u044f \u0447\u0442\u0435\u043d\u0438\u044f":"2 \u043c\u0438\u043d\u0443\u0442\u044b"},"schema":{"@context":"https:\/\/schema.org","@graph":[{"@type":"WebPage","@id":"https:\/\/www.segler.eu\/produkte\/konusschneckenmischer\/","url":"https:\/\/www.segler.eu\/produkte\/konusschneckenmischer\/","name":"\u041a\u043e\u043d\u0443\u0441\u043d\u044b\u0439 \u0448\u043d\u0435\u043a\u043e\u0432\u044b\u0439 \u0441\u043c\u0435\u0441\u0438\u0442\u0435\u043b\u044c \u043e\u0442 SEGLER","isPartOf":{"@id":"https:\/\/www.segler.eu\/#website"},"datePublished":"2025-02-06T13:58:03+00:00","dateModified":"2025-02-19T09:42:09+00:00","description":"\u041a\u043e\u043d\u0443\u0441\u043d\u044b\u0439 \u0448\u043d\u0435\u043a\u043e\u0432\u044b\u0439 \u0441\u043c\u0435\u0441\u0438\u0442\u0435\u043b\u044c: \u0438\u0434\u0435\u0430\u043b\u044c\u043d\u043e\u0435 \u0441\u043c\u0435\u0448\u0438\u0432\u0430\u043d\u0438\u0435 \u0434\u043b\u044f \u043b\u044e\u0431\u043e\u0433\u043e \u043e\u0431\u044a\u0435\u043c\u0430 \u043d\u0430\u043f\u043e\u043b\u043d\u0435\u043d\u0438\u044f, \u043d\u0435 \u0442\u0440\u0435\u0431\u0443\u044e\u0449\u0435\u0435 \u043e\u0431\u0441\u043b\u0443\u0436\u0438\u0432\u0430\u043d\u0438\u044f \u0438 \u044d\u043d\u0435\u0440\u0433\u043e\u0441\u0431\u0435\u0440\u0435\u0433\u0430\u044e\u0449\u0435\u0435. \u0412\u043e\u0437\u043c\u043e\u0436\u043d\u043e\u0441\u0442\u044c \u0438\u043d\u0434\u0438\u0432\u0438\u0434\u0443\u0430\u043b\u044c\u043d\u043e\u0439 \u043d\u0430\u0441\u0442\u0440\u043e\u0439\u043a\u0438 \u0434\u043b\u044f \u0432\u044b\u0441\u043e\u0447\u0430\u0439\u0448\u0435\u0433\u043e \u043a\u0430\u0447\u0435\u0441\u0442\u0432\u0430!","breadcrumb":{"@id":"https:\/\/www.segler.eu\/produkte\/konusschneckenmischer\/#breadcrumb"},"inLanguage":"ru-RU","potentialAction":[{"@type":"ReadAction","target":["https:\/\/www.segler.eu\/produkte\/konusschneckenmischer\/"]}]},{"@type":"BreadcrumbList","@id":"https:\/\/www.segler.eu\/produkte\/konusschneckenmischer\/#breadcrumb","itemListElement":[{"@type":"ListItem","position":1,"name":"Startseite","item":"https:\/\/www.segler.eu\/"},{"@type":"ListItem","position":2,"name":"Produkte","item":"https:\/\/www.segler.eu\/produkte\/"},{"@type":"ListItem","position":3,"name":"Konusschneckenmischer"}]},{"@type":"WebSite","@id":"https:\/\/www.segler.eu\/#website","url":"https:\/\/www.segler.eu\/","name":"SEGLER","description":"\u041c\u0430\u0442\u0435\u0440\u0438\u0430\u043b\u044b \u0432 \u0434\u0432\u0438\u0436\u0435\u043d\u0438\u0438","publisher":{"@id":"https:\/\/www.segler.eu\/#organization"},"potentialAction":[{"@type":"SearchAction","target":{"@type":"EntryPoint","urlTemplate":"https:\/\/www.segler.eu\/?s={search_term_string}"},"query-input":{"@type":"PropertyValueSpecification","valueRequired":true,"valueName":"search_term_string"}}],"inLanguage":"ru-RU"},{"@type":"Organization","@id":"https:\/\/www.segler.eu\/#organization","name":"Segler-F\u00f6rderanlagen Maschinenfabrik GmbH","alternateName":"SEGLER","url":"https:\/\/www.segler.eu\/","logo":{"@type":"ImageObject","inLanguage":"ru-RU","@id":"https:\/\/www.segler.eu\/#\/schema\/logo\/image\/","url":"https:\/\/www.segler.eu\/wp-content\/uploads\/2024\/11\/SEGLER-BERGE-1.png","contentUrl":"https:\/\/www.segler.eu\/wp-content\/uploads\/2024\/11\/SEGLER-BERGE-1.png","width":750,"height":750,"caption":"Segler-F\u00f6rderanlagen Maschinenfabrik GmbH"},"image":{"@id":"https:\/\/www.segler.eu\/#\/schema\/logo\/image\/"},"sameAs":["https:\/\/www.facebook.com\/people\/Segler-Frderanlagen-Maschinenfabrik-GmbH\/61567270711954\/"]}]}},"_links":{"self":[{"href":"https:\/\/www.segler.eu\/ru\/wp-json\/wp\/v2\/pages\/1677","targetHints":{"allow":["GET"]}}],"collection":[{"href":"https:\/\/www.segler.eu\/ru\/wp-json\/wp\/v2\/pages"}],"about":[{"href":"https:\/\/www.segler.eu\/ru\/wp-json\/wp\/v2\/types\/page"}],"author":[{"embeddable":true,"href":"https:\/\/www.segler.eu\/ru\/wp-json\/wp\/v2\/users\/1"}],"replies":[{"embeddable":true,"href":"https:\/\/www.segler.eu\/ru\/wp-json\/wp\/v2\/comments?post=1677"}],"version-history":[{"count":0,"href":"https:\/\/www.segler.eu\/ru\/wp-json\/wp\/v2\/pages\/1677\/revisions"}],"up":[{"embeddable":true,"href":"https:\/\/www.segler.eu\/ru\/wp-json\/wp\/v2\/pages\/164"}],"wp:attachment":[{"href":"https:\/\/www.segler.eu\/ru\/wp-json\/wp\/v2\/media?parent=1677"}],"curies":[{"name":"WP","href":"https:\/\/api.w.org\/{rel}","templated":true}]}}