{"id":174,"date":"2024-11-04T16:03:39","date_gmt":"2024-11-04T15:03:39","guid":{"rendered":"http:\/\/www.segler.eu\/?page_id=174"},"modified":"2025-08-27T15:02:41","modified_gmt":"2025-08-27T13:02:41","slug":"%d0%b8%d1%81%d1%82%d0%be%d1%80%d0%b8%d1%8f","status":"publish","type":"page","link":"https:\/\/www.segler.eu\/ru\/unternehmen\/historie\/","title":{"rendered":"\u0438\u0441\u0442\u043e\u0440\u0438\u044f"},"content":{"rendered":"<p>[et_pb_section fb_built=&#8220;1&#8243; _builder_version=&#8220;4.27.2&#8243; _module_preset=&#8220;default&#8220; background_image=&#8220;http:\/\/www.segler.eu\/wp-content\/uploads\/2024\/11\/Historie.jpg&#8220; background_position=&#8220;top_center&#8220; height=&#8220;45vh&#8220; custom_margin=&#8220;-10%||||false|false&#8220; locked=&#8220;off&#8220; global_colors_info=&#8220;{}&#8220;][et_pb_row _builder_version=&#8220;4.27.2&#8243; _module_preset=&#8220;default&#8220; custom_padding=&#8220;20vh||||false|false&#8220; global_colors_info=&#8220;{}&#8220;][et_pb_column type=&#8220;4_4&#8243; _builder_version=&#8220;4.27.2&#8243; _module_preset=&#8220;default&#8220; global_colors_info=&#8220;{}&#8220;][\/et_pb_column][\/et_pb_row][\/et_pb_section][et_pb_section fb_built=&#8220;1&#8243; _builder_version=&#8220;4.27.2&#8243; _module_preset=&#8220;default&#8220; global_colors_info=&#8220;{}&#8220;][et_pb_row _builder_version=&#8220;4.27.2&#8243; _module_preset=&#8220;default&#8220; custom_margin=&#8220;0px||0px||true|false&#8220; custom_padding=&#8220;0px||0px||true|false&#8220; locked=&#8220;off&#8220; global_colors_info=&#8220;{}&#8220;][et_pb_column type=&#8220;4_4&#8243; _builder_version=&#8220;4.27.2&#8243; _module_preset=&#8220;default&#8220; global_colors_info=&#8220;{}&#8220;][et_pb_heading title=&#8220;Unternehmen&#8220; _builder_version=&#8220;4.27.2&#8243; _module_preset=&#8220;default&#8220; title_level=&#8220;h4&#8243; title_font=&#8220;|||on|||||&#8220; title_text_color=&#8220;#b82435&#8243; custom_margin=&#8220;0px||0px||false|false&#8220; custom_padding=&#8220;0px||0px||false|false&#8220; global_colors_info=&#8220;{}&#8220;][\/et_pb_heading][et_pb_heading title=&#8220;Historie&#8220; _builder_version=&#8220;4.27.2&#8243; _module_preset=&#8220;default&#8220; title_font=&#8220;|||on|||||&#8220; custom_margin=&#8220;0px||15px||false|false&#8220; custom_padding=&#8220;0px||0px||true|false&#8220; global_colors_info=&#8220;{}&#8220;][\/et_pb_heading][et_pb_divider _builder_version=&#8220;4.27.2&#8243; _module_preset=&#8220;default&#8220; width=&#8220;50%&#8220; global_colors_info=&#8220;{}&#8220;][\/et_pb_divider][\/et_pb_column][\/et_pb_row][et_pb_row _builder_version=&#8220;4.27.2&#8243; _module_preset=&#8220;default&#8220; global_colors_info=&#8220;{}&#8220;][et_pb_column type=&#8220;4_4&#8243; _builder_version=&#8220;4.27.2&#8243; _module_preset=&#8220;default&#8220; global_colors_info=&#8220;{}&#8220;][et_pb_text _builder_version=&#8220;4.27.2&#8243; _module_preset=&#8220;default&#8220; global_colors_info=&#8220;{}&#8220;]<\/p>\n<p>SEGLER kann auf eine bewegte Unternehmensgeschichte mit Tradition\u00a0&amp;\u00a0Innovation blicken. Der Pioniergeist des Gr\u00fcnders Friedrich Segler sen. \u2013 er hat in seiner Laufbahn mehr als 50 Patente und Gebrauchsmuster angemeldet \u2013 zieht sich fort bis in die Gegenwart. Das spiegelt sich in den flexiblen L\u00f6sungen f\u00fcr unsere Kunden und im Umsetzen neuester technologischer Trends ebenso wider wie in unserer ambitionierten Nachwuchsf\u00f6rderung und Mitarbeiterqualifizierung.<\/p>\n<p>[\/et_pb_text][\/et_pb_column][\/et_pb_row][et_pb_row _builder_version=&#8220;4.27.2&#8243; _module_preset=&#8220;default&#8220; global_colors_info=&#8220;{}&#8220;][et_pb_column type=&#8220;4_4&#8243; _builder_version=&#8220;4.27.2&#8243; _module_preset=&#8220;default&#8220; global_colors_info=&#8220;{}&#8220;][tmdivi_timeline timeline_color=&#8220;#666666&#8243; timeline_fill_setting=&#8220;on&#8220; timeline_fill_color=&#8220;#b82435&#8243; icon_background_color=&#8220;#b82435&#8243; label_font_color=&#8220;#b82435&#8243; heading_font_color=&#8220;#b82435&#8243; description_font_color=&#8220;#656565&#8243; description_text_size=&#8220;16px&#8220; _builder_version=&#8220;4.27.4&#8243; _module_preset=&#8220;default&#8220; heading_settings_font=&#8220;&#8211;et_global_heading_font|700|||||||&#8220; description_settings_font=&#8220;&#8211;et_global_body_font||||||||&#8220; hover_enabled=&#8220;0&#8243; global_colors_info=&#8220;{}&#8220; sticky_enabled=&#8220;0&#8243;][tmdivi_timeline_story show_label=&#8220;off&#8220; story_title=&#8220;2024&#8243; media=&#8220;https:\/\/www.segler.eu\/wp-content\/uploads\/2025\/01\/IMG_0495-scaled.jpg&#8220; _builder_version=&#8220;4.27.4&#8243; _module_preset=&#8220;default&#8220; global_colors_info=&#8220;{}&#8220;]<\/p>\n<p><span>Gemeinsam mit der PHWT startet SEGLER ein zweij\u00e4hriges Kooperationsprojekt. Ziel ist die Herstellung einer innovativen Heizschnecke mit pr\u00e4zise gefertigten Hohlfl\u00fcgelwellen, die f\u00fcr die gleichm\u00e4\u00dfige Erw\u00e4rmung und Ausgasung von Petrolkoks in der Anodenherstellung f\u00fcr Batterien eingesetzt wird. Gef\u00f6rdert wird das Vorhaben vom Bundesministerium f\u00fcr Wirtschaft und Klimaschutz.<\/span><\/p>\n<p>[\/tmdivi_timeline_story][tmdivi_timeline_story show_label=&#8220;off&#8220; story_title=&#8220;2020&#8243; media=&#8220;https:\/\/www.segler.eu\/wp-content\/uploads\/2024\/11\/DJI_0021.jpeg&#8220; _builder_version=&#8220;4.27.4&#8243; _module_preset=&#8220;default&#8220; global_colors_info=&#8220;{}&#8220;]<\/p>\n<p><span>Umbau aller Hallen und der Oberfl\u00e4chentechnik<\/span><\/p>\n<p>[\/tmdivi_timeline_story][tmdivi_timeline_story show_label=&#8220;off&#8220; story_title=&#8220;2016&#8243; media=&#8220;https:\/\/www.segler.eu\/wp-content\/uploads\/2025\/01\/neues-BA\u00bcrogebaude.jpg&#8220; _builder_version=&#8220;4.27.4&#8243; _module_preset=&#8220;default&#8220; global_colors_info=&#8220;{}&#8220;]<\/p>\n<p><span>Bau eines neuen B\u00fcrogeb\u00e4udes.<\/span><\/p>\n<p>[\/tmdivi_timeline_story][tmdivi_timeline_story show_label=&#8220;off&#8220; story_title=&#8220;2013&#8243; media=&#8220;http:\/\/www.segler.eu\/wp-content\/uploads\/2024\/11\/Logo_Ausbilder_des_Jahres_2013.png&#8220; _builder_version=&#8220;4.27.2&#8243; _module_preset=&#8220;default&#8220; global_colors_info=&#8220;{}&#8220;]<\/p>\n<p>SEGLER wird mit dem Preis \u201eAusbilder des Jahres 2013\u201c von der Bildungsregion Nordkreis Osnabr\u00fccker Land ausgezeichnet.<\/p>\n<p>[\/tmdivi_timeline_story][tmdivi_timeline_story show_label=&#8220;off&#8220; story_title=&#8220;2012&#8243; media=&#8220;https:\/\/www.segler.eu\/wp-content\/uploads\/2025\/01\/Solar-Wind-Pylon.jpg&#8220; _builder_version=&#8220;4.27.4&#8243; _module_preset=&#8220;default&#8220; global_colors_info=&#8220;{}&#8220;]<\/p>\n<p>Der Bundesverband Metall und der Charles Coleman Verlag verleihen SEGLER den M&amp;T-Metallbaupreis f\u00fcr das innovative Entwicklungskonzept seiner Solar-Wind-Pylone.<\/p>\n<p>[\/tmdivi_timeline_story][tmdivi_timeline_story show_label=&#8220;off&#8220; story_title=&#8220;2011&#8243; media=&#8220;http:\/\/www.segler.eu\/wp-content\/uploads\/2024\/11\/1102105_Segler_100Jahre_Signet_vektorisiert_CMYK.jpg&#8220; _builder_version=&#8220;4.27.2&#8243; _module_preset=&#8220;default&#8220; global_colors_info=&#8220;{}&#8220;]<\/p>\n<p><span>SEGLER feiert hundertj\u00e4hriges Bestehen und der Bau der neuen Produktionshalle wird erfolgreich abgeschlossen.<\/span><\/p>\n<p>[\/tmdivi_timeline_story][tmdivi_timeline_story show_label=&#8220;off&#8220; story_title=&#8220;2010&#8243; _builder_version=&#8220;4.27.2&#8243; _module_preset=&#8220;default&#8220; global_colors_info=&#8220;{}&#8220;]Auszeichnung der SEGLER-Mitarbeiterin Birgit Lange als Jahrgangsbeste des Studiengangs Maschinenbau (Private Fachhochschule f\u00fcr Wirtschaft und Technik Vechta \u2013 Diepholz \u2013 Oldenburg) und des Mitarbeiters Michael Berling als Innungssieger in der Ausbildung zum Feinwerkmechaniker.[\/tmdivi_timeline_story][tmdivi_timeline_story show_label=&#8220;off&#8220; story_title=&#8220;2006&#8243; _builder_version=&#8220;4.27.2&#8243; _module_preset=&#8220;default&#8220; global_colors_info=&#8220;{}&#8220;]SEGLER-Mitarbeiter Andreas Tepe wird in der Gesellenpr\u00fcfung Metall-Handwerk von der Kreishandwerkerschaft Osnabr\u00fcck als Innungssieger ausgezeichnet. Der Rotary Club Cloppenburg-Quakenbr\u00fcck verleiht SEGLER eine Ehrenurkunde f\u00fcr vorbildliche Ausbildungsleistungen.[\/tmdivi_timeline_story][tmdivi_timeline_story show_label=&#8220;off&#8220; story_title=&#8220;1992&#8243; _builder_version=&#8220;4.27.2&#8243; _module_preset=&#8220;default&#8220; global_colors_info=&#8220;{}&#8220;]<\/p>\n<p>Friedrich Segler jun. stirbt im Alter von 74 Jahren. Seine Tochter Birte Quint f\u00fchrt als Gesellschafterin der Segler-F\u00f6rderanlagen Maschinenfabrik die Arbeit in dritter Generation fort.<\/p>\n<p>[\/tmdivi_timeline_story][tmdivi_timeline_story show_label=&#8220;off&#8220; story_title=&#8220;1970 &#8211; 1980&#8243; media=&#8220;http:\/\/www.segler.eu\/wp-content\/uploads\/2024\/11\/9_Ausstellungen.jpg&#8220; _builder_version=&#8220;4.27.2&#8243; _module_preset=&#8220;default&#8220; global_colors_info=&#8220;{}&#8220;]<\/p>\n<p>Stetige Weiter- und Neuentwicklungen im Bereich des F\u00f6rderanlagen- und Apparatebaus machen das Unternehmen SEGLER zu einem absoluten Spezialisten auf dem Gebiet der F\u00f6rdertechnik.<\/p>\n<p>Ausstellungen auf der Hannover-Messe finden statt.<\/p>\n<p>[\/tmdivi_timeline_story][tmdivi_timeline_story show_label=&#8220;off&#8220; story_title=&#8220;1963&#8243; _builder_version=&#8220;4.27.2&#8243; _module_preset=&#8220;default&#8220; global_colors_info=&#8220;{}&#8220;]Der Bereich Prozessschnecken wird mit der Entwicklung von Heiz- und K\u00fchlschnecken, z. B. f\u00fcr Kristallisationsprozesse in der Zuckerindustrie, er\u00f6ffnet.[\/tmdivi_timeline_story][tmdivi_timeline_story show_label=&#8220;off&#8220; story_title=&#8220;1962&#8243; media=&#8220;http:\/\/www.segler.eu\/wp-content\/uploads\/2024\/11\/8_Schneckenproduktion-Berge-1962-scaled.jpg&#8220; _builder_version=&#8220;4.27.2&#8243; _module_preset=&#8220;default&#8220; global_colors_info=&#8220;{}&#8220;]<\/p>\n<p>Aufbau eines weiteren Werkes in Berge. Firmengr\u00fcnder Friedrich Segler sen. stirbt im Alter von 83 Jahren.<\/p>\n<p>[\/tmdivi_timeline_story][tmdivi_timeline_story show_label=&#8220;off&#8220; story_title=&#8220;1957&#8243; media=&#8220;http:\/\/www.segler.eu\/wp-content\/uploads\/2024\/11\/7_2000-Spirator&#8211;scaled.jpg&#8220; _builder_version=&#8220;4.27.2&#8243; _module_preset=&#8220;default&#8220; global_colors_info=&#8220;{}&#8220;]<\/p>\n<p>Auslieferung der 2.000. SPIRATOR-F\u00f6rderschnecke. Entwicklung der ersten deutschen biegsamen F\u00f6rderschnecke SPIRELLA. Beginn der Entwicklung von kontinuierlichen und diskontinuierlichen Schneckenmischern.<\/p>\n<p>[\/tmdivi_timeline_story][tmdivi_timeline_story show_label=&#8220;off&#8220; story_title=&#8220;1953&#8243; media=&#8220;http:\/\/www.segler.eu\/wp-content\/uploads\/2024\/11\/5_Spirator.jpg&#8220; _builder_version=&#8220;4.27.2&#8243; _module_preset=&#8220;default&#8220; global_colors_info=&#8220;{}&#8220;]Die Herstellung der SPIRATOR-F\u00f6rderschnecken startet.[\/tmdivi_timeline_story][tmdivi_timeline_story show_label=&#8220;off&#8220; story_title=&#8220;1947&#8243; _builder_version=&#8220;4.27.2&#8243; _module_preset=&#8220;default&#8220; global_colors_info=&#8220;{}&#8220;]Wiederaufbau des Unternehmens als  \u201e Friedrich Segler Maschinenfabrik\u201c in Quakenbr\u00fcck, zusammen mit Friedrich Segler jun. Der Schwerpunkt der Entwicklungst\u00e4tigkeit verlagert sich zunehmend aus dem Bereich Landtechnik in den Bereich F\u00f6rdertechnik.[\/tmdivi_timeline_story][tmdivi_timeline_story show_label=&#8220;off&#8220; story_title=&#8220;1945&#8243; _builder_version=&#8220;4.27.2&#8243; _module_preset=&#8220;default&#8220; global_colors_info=&#8220;{}&#8220;]Verlass der pommerschen Heimat in Richtung Quakenbr\u00fcck, Niedersachsen.[\/tmdivi_timeline_story][tmdivi_timeline_story show_label=&#8220;off&#8220; story_title=&#8220;1943&#8243; media=&#8220;https:\/\/www.segler.eu\/wp-content\/uploads\/2025\/01\/IMG_4555-scaled.jpg&#8220; _builder_version=&#8220;4.27.4&#8243; _module_preset=&#8220;default&#8220; global_colors_info=&#8220;{}&#8220;]<\/p>\n<p>Entwicklung des ersten europ\u00e4ischen Feldh\u00e4ckslers f\u00fcr Trocknungsanlagen.<\/p>\n<p>[\/tmdivi_timeline_story][tmdivi_timeline_story show_label=&#8220;off&#8220; story_title=&#8220;1920 &#8211; 1930&#8243; media=&#8220;https:\/\/www.segler.eu\/wp-content\/uploads\/2025\/01\/IMG_4558-scaled.jpg&#8220; _builder_version=&#8220;4.27.4&#8243; _module_preset=&#8220;default&#8220; global_colors_info=&#8220;{}&#8220;]<\/p>\n<p>Beginn der Entwicklung von schweren Spezialschnecken f\u00fcr abrasive, h\u00f6herviskose und past\u00f6se Produkte. Stetige Verbesserung der station\u00e4ren und mobilen Standardschnecken.<\/p>\n<p>[\/tmdivi_timeline_story][tmdivi_timeline_story show_label=&#8220;off&#8220; story_title=&#8220;1926&#8243; media=&#8220;http:\/\/www.segler.eu\/wp-content\/uploads\/2024\/11\/4_Maschinenfabrik-Schlawe-scaled.jpg&#8220; _builder_version=&#8220;4.27.2&#8243; _module_preset=&#8220;default&#8220; global_colors_info=&#8220;{}&#8220;]<\/p>\n<p>Produktion der ersten Wasser- und Schlammf\u00f6rderschnecken.<\/p>\n<p>[\/tmdivi_timeline_story][tmdivi_timeline_story story_title=&#8220;1911&#8243; media=&#8220;http:\/\/www.segler.eu\/wp-content\/uploads\/2024\/11\/3_Friedrich-Segler-_Zeichenbrett_-.jpg&#8220; _builder_version=&#8220;4.27.2&#8243; _module_preset=&#8220;default&#8220; global_colors_info=&#8220;{}&#8220;]<\/p>\n<p>Gr\u00fcndung der \u201eFriedrich Segler Schlawer Maschinenfabrik\u201c in Schlawe, Pommern, durch Friedrich Segler Sen. Schnell entwickelt sich der Schwerpunkt des Unternehmens in Richtung Produktion von Maschinen wie H\u00e4cksel- und Drehmaschinen und kleinerer Ger\u00e4te, die in der Landwirtschaft ben\u00f6tigt werden.<\/p>\n<p>[\/tmdivi_timeline_story][\/tmdivi_timeline][\/et_pb_column][\/et_pb_row][\/et_pb_section]<\/p>\n","protected":false},"excerpt":{"rendered":"<p>SEGLER kann auf eine bewegte Unternehmensgeschichte mit Tradition\u00a0&amp;\u00a0Innovation blicken. Der Pioniergeist des Gr\u00fcnders Friedrich Segler sen. \u2013 er hat in seiner Laufbahn mehr als 50 Patente und Gebrauchsmuster angemeldet \u2013 zieht sich fort bis in die Gegenwart. Das spiegelt sich in den flexiblen L\u00f6sungen f\u00fcr unsere Kunden und im Umsetzen neuester technologischer Trends ebenso wider [&hellip;]<\/p>\n","protected":false},"author":1,"featured_media":0,"parent":162,"menu_order":0,"comment_status":"closed","ping_status":"closed","template":"","meta":{"_et_pb_use_builder":"on","_et_pb_old_content":"","_et_gb_content_width":"","footnotes":""},"class_list":["post-174","page","type-page","status-publish","hentry"],"yoast_head":"<!-- This site is optimized with the Yoast SEO plugin v27.4 - https:\/\/yoast.com\/product\/yoast-seo-wordpress\/ -->\n<title>SEGLER Historie \u2013 Tradition &amp; Innovation seit 1911<\/title>\n<meta name=\"description\" content=\"Erfahren Sie mehr \u00fcber die SEGLER Historie \u2013 von den Anf\u00e4ngen bis heute. Innovation &amp; Qualit\u00e4t f\u00fcr die Industrie seit 1911!\" \/>\n<meta name=\"robots\" content=\"index, follow, max-snippet:-1, max-image-preview:large, max-video-preview:-1\" \/>\n<link rel=\"canonical\" href=\"https:\/\/www.segler.eu\/ru\/\u043a\u043e\u043c\u043f\u0430\u043d\u0438\u044f\/\u0438\u0441\u0442\u043e\u0440\u0438\u044f\/\" \/>\n<meta property=\"og:locale\" content=\"ru_RU\" \/>\n<meta property=\"og:type\" content=\"article\" \/>\n<meta property=\"og:title\" content=\"SEGLER Historie \u2013 Tradition &amp; Innovation seit 1911\" \/>\n<meta property=\"og:description\" content=\"Erfahren Sie mehr \u00fcber die SEGLER Historie \u2013 von den Anf\u00e4ngen bis heute. Innovation &amp; Qualit\u00e4t f\u00fcr die Industrie seit 1911!\" \/>\n<meta property=\"og:url\" content=\"https:\/\/www.segler.eu\/ru\/\u043a\u043e\u043c\u043f\u0430\u043d\u0438\u044f\/\u0438\u0441\u0442\u043e\u0440\u0438\u044f\/\" \/>\n<meta property=\"og:site_name\" content=\"SEGLER\" \/>\n<meta property=\"article:publisher\" content=\"https:\/\/www.facebook.com\/people\/Segler-Frderanlagen-Maschinenfabrik-GmbH\/61567270711954\/\" \/>\n<meta property=\"article:modified_time\" content=\"2025-08-27T13:02:41+00:00\" \/>\n<meta property=\"og:image\" content=\"https:\/\/www.segler.eu\/wp-content\/uploads\/2024\/11\/SEGLER-BERGE-1.png\" \/>\n\t<meta property=\"og:image:width\" content=\"750\" \/>\n\t<meta property=\"og:image:height\" content=\"750\" \/>\n\t<meta property=\"og:image:type\" content=\"image\/png\" \/>\n<meta name=\"twitter:label1\" content=\"\u041f\u0440\u0438\u043c\u0435\u0440\u043d\u043e\u0435 \u0432\u0440\u0435\u043c\u044f \u0434\u043b\u044f \u0447\u0442\u0435\u043d\u0438\u044f\" \/>\n\t<meta name=\"twitter:data1\" content=\"6 \u043c\u0438\u043d\u0443\u0442\" \/>\n<script type=\"application\/ld+json\" class=\"yoast-schema-graph\">{\"@context\":\"https:\\\/\\\/schema.org\",\"@graph\":[{\"@type\":\"WebPage\",\"@id\":\"https:\\\/\\\/www.segler.eu\\\/unternehmen\\\/historie\\\/\",\"url\":\"https:\\\/\\\/www.segler.eu\\\/unternehmen\\\/historie\\\/\",\"name\":\"SEGLER Historie \u2013 Tradition & Innovation seit 1911\",\"isPartOf\":{\"@id\":\"https:\\\/\\\/www.segler.eu\\\/#website\"},\"datePublished\":\"2024-11-04T15:03:39+00:00\",\"dateModified\":\"2025-08-27T13:02:41+00:00\",\"description\":\"Erfahren Sie mehr \u00fcber die SEGLER Historie \u2013 von den Anf\u00e4ngen bis heute. Innovation & Qualit\u00e4t f\u00fcr die Industrie seit 1911!\",\"breadcrumb\":{\"@id\":\"https:\\\/\\\/www.segler.eu\\\/unternehmen\\\/historie\\\/#breadcrumb\"},\"inLanguage\":\"ru-RU\",\"potentialAction\":[{\"@type\":\"ReadAction\",\"target\":[\"https:\\\/\\\/www.segler.eu\\\/unternehmen\\\/historie\\\/\"]}]},{\"@type\":\"BreadcrumbList\",\"@id\":\"https:\\\/\\\/www.segler.eu\\\/unternehmen\\\/historie\\\/#breadcrumb\",\"itemListElement\":[{\"@type\":\"ListItem\",\"position\":1,\"name\":\"Startseite\",\"item\":\"https:\\\/\\\/www.segler.eu\\\/\"},{\"@type\":\"ListItem\",\"position\":2,\"name\":\"Unternehmen\",\"item\":\"https:\\\/\\\/www.segler.eu\\\/unternehmen\\\/\"},{\"@type\":\"ListItem\",\"position\":3,\"name\":\"Historie\"}]},{\"@type\":\"WebSite\",\"@id\":\"https:\\\/\\\/www.segler.eu\\\/#website\",\"url\":\"https:\\\/\\\/www.segler.eu\\\/\",\"name\":\"SEGLER\",\"description\":\"Materials in motion\",\"publisher\":{\"@id\":\"https:\\\/\\\/www.segler.eu\\\/#organization\"},\"potentialAction\":[{\"@type\":\"SearchAction\",\"target\":{\"@type\":\"EntryPoint\",\"urlTemplate\":\"https:\\\/\\\/www.segler.eu\\\/?s={search_term_string}\"},\"query-input\":{\"@type\":\"PropertyValueSpecification\",\"valueRequired\":true,\"valueName\":\"search_term_string\"}}],\"inLanguage\":\"ru-RU\"},{\"@type\":\"Organization\",\"@id\":\"https:\\\/\\\/www.segler.eu\\\/#organization\",\"name\":\"Segler-F\u00f6rderanlagen Maschinenfabrik GmbH\",\"alternateName\":\"SEGLER\",\"url\":\"https:\\\/\\\/www.segler.eu\\\/\",\"logo\":{\"@type\":\"ImageObject\",\"inLanguage\":\"ru-RU\",\"@id\":\"https:\\\/\\\/www.segler.eu\\\/#\\\/schema\\\/logo\\\/image\\\/\",\"url\":\"https:\\\/\\\/www.segler.eu\\\/wp-content\\\/uploads\\\/2024\\\/11\\\/SEGLER-BERGE-1.png\",\"contentUrl\":\"https:\\\/\\\/www.segler.eu\\\/wp-content\\\/uploads\\\/2024\\\/11\\\/SEGLER-BERGE-1.png\",\"width\":750,\"height\":750,\"caption\":\"Segler-F\u00f6rderanlagen Maschinenfabrik GmbH\"},\"image\":{\"@id\":\"https:\\\/\\\/www.segler.eu\\\/#\\\/schema\\\/logo\\\/image\\\/\"},\"sameAs\":[\"https:\\\/\\\/www.facebook.com\\\/people\\\/Segler-Frderanlagen-Maschinenfabrik-GmbH\\\/61567270711954\\\/\"]}]}<\/script>\n<!-- \/ Yoast SEO plugin. -->","yoast_head_json":{"title":"SEGLER \u0418\u0441\u0442\u043e\u0440\u0438\u044f - \u0442\u0440\u0430\u0434\u0438\u0446\u0438\u0438 \u0438 \u0438\u043d\u043d\u043e\u0432\u0430\u0446\u0438\u0438 \u0441 1911 \u0433\u043e\u0434\u0430","description":"\u0423\u0437\u043d\u0430\u0439\u0442\u0435 \u0431\u043e\u043b\u044c\u0448\u0435 \u043e\u0431 \u0438\u0441\u0442\u043e\u0440\u0438\u0438 SEGLER - \u043e\u0442 \u0438\u0441\u0442\u043e\u043a\u043e\u0432 \u0434\u043e \u0441\u0435\u0433\u043e\u0434\u043d\u044f\u0448\u043d\u0435\u0433\u043e \u0434\u043d\u044f. \u0418\u043d\u043d\u043e\u0432\u0430\u0446\u0438\u0438 \u0438 \u043a\u0430\u0447\u0435\u0441\u0442\u0432\u043e \u0434\u043b\u044f \u043f\u0440\u043e\u043c\u044b\u0448\u043b\u0435\u043d\u043d\u043e\u0441\u0442\u0438 \u0441 1911 \u0433\u043e\u0434\u0430!","robots":{"index":"index","follow":"follow","max-snippet":"max-snippet:-1","max-image-preview":"max-image-preview:large","max-video-preview":"max-video-preview:-1"},"canonical":"https:\/\/www.segler.eu\/ru\/\u043a\u043e\u043c\u043f\u0430\u043d\u0438\u044f\/\u0438\u0441\u0442\u043e\u0440\u0438\u044f\/","og_locale":"ru_RU","og_type":"article","og_title":"SEGLER Historie \u2013 Tradition & Innovation seit 1911","og_description":"Erfahren Sie mehr \u00fcber die SEGLER Historie \u2013 von den Anf\u00e4ngen bis heute. Innovation & Qualit\u00e4t f\u00fcr die Industrie seit 1911!","og_url":"https:\/\/www.segler.eu\/ru\/\u043a\u043e\u043c\u043f\u0430\u043d\u0438\u044f\/\u0438\u0441\u0442\u043e\u0440\u0438\u044f\/","og_site_name":"SEGLER","article_publisher":"https:\/\/www.facebook.com\/people\/Segler-Frderanlagen-Maschinenfabrik-GmbH\/61567270711954\/","article_modified_time":"2025-08-27T13:02:41+00:00","og_image":[{"width":750,"height":750,"url":"https:\/\/www.segler.eu\/wp-content\/uploads\/2024\/11\/SEGLER-BERGE-1.png","type":"image\/png"}],"twitter_misc":{"\u041f\u0440\u0438\u043c\u0435\u0440\u043d\u043e\u0435 \u0432\u0440\u0435\u043c\u044f \u0434\u043b\u044f \u0447\u0442\u0435\u043d\u0438\u044f":"6 \u043c\u0438\u043d\u0443\u0442"},"schema":{"@context":"https:\/\/schema.org","@graph":[{"@type":"WebPage","@id":"https:\/\/www.segler.eu\/unternehmen\/historie\/","url":"https:\/\/www.segler.eu\/unternehmen\/historie\/","name":"SEGLER \u0418\u0441\u0442\u043e\u0440\u0438\u044f - \u0442\u0440\u0430\u0434\u0438\u0446\u0438\u0438 \u0438 \u0438\u043d\u043d\u043e\u0432\u0430\u0446\u0438\u0438 \u0441 1911 \u0433\u043e\u0434\u0430","isPartOf":{"@id":"https:\/\/www.segler.eu\/#website"},"datePublished":"2024-11-04T15:03:39+00:00","dateModified":"2025-08-27T13:02:41+00:00","description":"\u0423\u0437\u043d\u0430\u0439\u0442\u0435 \u0431\u043e\u043b\u044c\u0448\u0435 \u043e\u0431 \u0438\u0441\u0442\u043e\u0440\u0438\u0438 SEGLER - \u043e\u0442 \u0438\u0441\u0442\u043e\u043a\u043e\u0432 \u0434\u043e \u0441\u0435\u0433\u043e\u0434\u043d\u044f\u0448\u043d\u0435\u0433\u043e \u0434\u043d\u044f. \u0418\u043d\u043d\u043e\u0432\u0430\u0446\u0438\u0438 \u0438 \u043a\u0430\u0447\u0435\u0441\u0442\u0432\u043e \u0434\u043b\u044f \u043f\u0440\u043e\u043c\u044b\u0448\u043b\u0435\u043d\u043d\u043e\u0441\u0442\u0438 \u0441 1911 \u0433\u043e\u0434\u0430!","breadcrumb":{"@id":"https:\/\/www.segler.eu\/unternehmen\/historie\/#breadcrumb"},"inLanguage":"ru-RU","potentialAction":[{"@type":"ReadAction","target":["https:\/\/www.segler.eu\/unternehmen\/historie\/"]}]},{"@type":"BreadcrumbList","@id":"https:\/\/www.segler.eu\/unternehmen\/historie\/#breadcrumb","itemListElement":[{"@type":"ListItem","position":1,"name":"Startseite","item":"https:\/\/www.segler.eu\/"},{"@type":"ListItem","position":2,"name":"Unternehmen","item":"https:\/\/www.segler.eu\/unternehmen\/"},{"@type":"ListItem","position":3,"name":"Historie"}]},{"@type":"WebSite","@id":"https:\/\/www.segler.eu\/#website","url":"https:\/\/www.segler.eu\/","name":"SEGLER","description":"\u041c\u0430\u0442\u0435\u0440\u0438\u0430\u043b\u044b \u0432 \u0434\u0432\u0438\u0436\u0435\u043d\u0438\u0438","publisher":{"@id":"https:\/\/www.segler.eu\/#organization"},"potentialAction":[{"@type":"SearchAction","target":{"@type":"EntryPoint","urlTemplate":"https:\/\/www.segler.eu\/?s={search_term_string}"},"query-input":{"@type":"PropertyValueSpecification","valueRequired":true,"valueName":"search_term_string"}}],"inLanguage":"ru-RU"},{"@type":"Organization","@id":"https:\/\/www.segler.eu\/#organization","name":"Segler-F\u00f6rderanlagen Maschinenfabrik GmbH","alternateName":"SEGLER","url":"https:\/\/www.segler.eu\/","logo":{"@type":"ImageObject","inLanguage":"ru-RU","@id":"https:\/\/www.segler.eu\/#\/schema\/logo\/image\/","url":"https:\/\/www.segler.eu\/wp-content\/uploads\/2024\/11\/SEGLER-BERGE-1.png","contentUrl":"https:\/\/www.segler.eu\/wp-content\/uploads\/2024\/11\/SEGLER-BERGE-1.png","width":750,"height":750,"caption":"Segler-F\u00f6rderanlagen Maschinenfabrik GmbH"},"image":{"@id":"https:\/\/www.segler.eu\/#\/schema\/logo\/image\/"},"sameAs":["https:\/\/www.facebook.com\/people\/Segler-Frderanlagen-Maschinenfabrik-GmbH\/61567270711954\/"]}]}},"_links":{"self":[{"href":"https:\/\/www.segler.eu\/ru\/wp-json\/wp\/v2\/pages\/174","targetHints":{"allow":["GET"]}}],"collection":[{"href":"https:\/\/www.segler.eu\/ru\/wp-json\/wp\/v2\/pages"}],"about":[{"href":"https:\/\/www.segler.eu\/ru\/wp-json\/wp\/v2\/types\/page"}],"author":[{"embeddable":true,"href":"https:\/\/www.segler.eu\/ru\/wp-json\/wp\/v2\/users\/1"}],"replies":[{"embeddable":true,"href":"https:\/\/www.segler.eu\/ru\/wp-json\/wp\/v2\/comments?post=174"}],"version-history":[{"count":0,"href":"https:\/\/www.segler.eu\/ru\/wp-json\/wp\/v2\/pages\/174\/revisions"}],"up":[{"embeddable":true,"href":"https:\/\/www.segler.eu\/ru\/wp-json\/wp\/v2\/pages\/162"}],"wp:attachment":[{"href":"https:\/\/www.segler.eu\/ru\/wp-json\/wp\/v2\/media?parent=174"}],"curies":[{"name":"WP","href":"https:\/\/api.w.org\/{rel}","templated":true}]}}