{"id":1911,"date":"2025-04-10T12:51:39","date_gmt":"2025-04-10T10:51:39","guid":{"rendered":"https:\/\/www.segler.eu\/?page_id=1911"},"modified":"2025-04-10T13:06:57","modified_gmt":"2025-04-10T11:06:57","slug":"%d0%b2%d0%b5%d1%80%d1%82%d0%b8%d0%ba%d0%b0%d0%bb%d1%8c%d0%bd%d1%8b%d0%b9-%d0%bc%d0%b8%d0%ba%d1%81%d0%b5%d1%80","status":"publish","type":"page","link":"https:\/\/www.segler.eu\/ru\/produkte\/vertikalmischer\/","title":{"rendered":"\u0412\u0435\u0440\u0442\u0438\u043a\u0430\u043b\u044c\u043d\u044b\u0439 \u043c\u0438\u043a\u0441\u0435\u0440"},"content":{"rendered":"<p>[et_pb_section fb_built=&#8220;1&#8243; _builder_version=&#8220;4.27.4&#8243; _module_preset=&#8220;default&#8220; background_image=&#8220;https:\/\/www.segler.eu\/wp-content\/uploads\/2025\/04\/Vertikalmischer.png&#8220; height=&#8220;45vh&#8220; custom_margin=&#8220;-7%||||false|false&#8220; hover_enabled=&#8220;0&#8243; locked=&#8220;off&#8220; global_colors_info=&#8220;{}&#8220; alt=&#8220;Vertikalmischer&#8220; title_text=&#8220;Vertikalmischer&#8220; sticky_enabled=&#8220;0&#8243;][et_pb_row _builder_version=&#8220;4.27.2&#8243; _module_preset=&#8220;default&#8220; custom_padding=&#8220;20vh||||false|false&#8220; global_colors_info=&#8220;{}&#8220;][et_pb_column type=&#8220;4_4&#8243; _builder_version=&#8220;4.27.2&#8243; _module_preset=&#8220;default&#8220; global_colors_info=&#8220;{}&#8220;][\/et_pb_column][\/et_pb_row][\/et_pb_section][et_pb_section fb_built=&#8220;1&#8243; _builder_version=&#8220;4.27.2&#8243; _module_preset=&#8220;default&#8220; locked=&#8220;off&#8220; global_colors_info=&#8220;{}&#8220;][et_pb_row _builder_version=&#8220;4.27.4&#8243; _module_preset=&#8220;default&#8220; custom_margin=&#8220;0px||0px||true|false&#8220; custom_padding=&#8220;0px||0px||true|false&#8220; locked=&#8220;off&#8220; global_colors_info=&#8220;{}&#8220;][et_pb_column type=&#8220;4_4&#8243; _builder_version=&#8220;4.27.2&#8243; _module_preset=&#8220;default&#8220; global_colors_info=&#8220;{}&#8220;][et_pb_heading title=&#8220;Reinigungsfreundlich. Prozessvielfalt. Platzsparend.&#8220; _builder_version=&#8220;4.27.4&#8243; _module_preset=&#8220;default&#8220; title_level=&#8220;h4&#8243; title_font=&#8220;|||on|||||&#8220; title_text_color=&#8220;#b82435&#8243; custom_margin=&#8220;0px||0px||false|false&#8220; custom_padding=&#8220;0px||0px||false|false&#8220; global_colors_info=&#8220;{}&#8220;][\/et_pb_heading][et_pb_heading title=&#8220;Der SEGLER Vertikalmischer&#8220; _builder_version=&#8220;4.27.4&#8243; _module_preset=&#8220;default&#8220; title_font=&#8220;|||on|||||&#8220; custom_margin=&#8220;0px||15px||false|false&#8220; custom_padding=&#8220;0px||0px||true|false&#8220; global_colors_info=&#8220;{}&#8220;][\/et_pb_heading][et_pb_divider _builder_version=&#8220;4.27.2&#8243; _module_preset=&#8220;default&#8220; width=&#8220;50%&#8220; global_colors_info=&#8220;{}&#8220;][\/et_pb_divider][\/et_pb_column][\/et_pb_row][et_pb_row _builder_version=&#8220;4.27.2&#8243; _module_preset=&#8220;default&#8220; locked=&#8220;off&#8220; global_colors_info=&#8220;{}&#8220;][et_pb_column type=&#8220;4_4&#8243; _builder_version=&#8220;4.27.2&#8243; _module_preset=&#8220;default&#8220; global_colors_info=&#8220;{}&#8220;][et_pb_text _builder_version=&#8220;4.27.4&#8243; _module_preset=&#8220;default&#8220; global_colors_info=&#8220;{}&#8220;]<\/p>\n<p class=\"p1\">Maximale Effizienz f\u00fcr Ihre Mischprozesse \u2013 mit dem vielseitigen, reinigungsfreundlichen und platzsparenden Vertikal-Mischer von SEGLER.<\/p>\n<p>[\/et_pb_text][\/et_pb_column][\/et_pb_row][et_pb_row column_structure=&#8220;1_3,1_3,1_3&#8243; _builder_version=&#8220;4.27.4&#8243; _module_preset=&#8220;default&#8220; locked=&#8220;off&#8220; global_colors_info=&#8220;{}&#8220;][et_pb_column type=&#8220;1_3&#8243; _builder_version=&#8220;4.27.4&#8243; _module_preset=&#8220;default&#8220; global_colors_info=&#8220;{}&#8220;][et_pb_blurb title=&#8220;Lebensmittelgerecht, ATEX-konform, WHG-gerecht; Heavy-Duty, staub- &#038; gasdicht, explosionsdruckfest&#8220; use_icon=&#8220;on&#8220; font_icon=&#8220;&#xf058;||fa||400&#8243; image_icon_width=&#8220;65px&#8220; _builder_version=&#8220;4.27.4&#8243; _module_preset=&#8220;default&#8220; header_font=&#8220;|||on|||||&#8220; header_text_align=&#8220;center&#8220; body_font=&#8220;||||||||&#8220; body_text_align=&#8220;center&#8220; text_orientation=&#8220;center&#8220; global_colors_info=&#8220;{}&#8220;][\/et_pb_blurb][\/et_pb_column][et_pb_column type=&#8220;1_3&#8243; _builder_version=&#8220;4.27.4&#8243; _module_preset=&#8220;default&#8220; global_colors_info=&#8220;{}&#8220;][et_pb_blurb title=&#8220;Reproduzierbare Qualit\u00e4t&#8220; use_icon=&#8220;on&#8220; font_icon=&#8220;&#xf058;||fa||400&#8243; image_icon_width=&#8220;65px&#8220; _builder_version=&#8220;4.27.4&#8243; _module_preset=&#8220;default&#8220; header_font=&#8220;|||on|||||&#8220; header_text_align=&#8220;center&#8220; body_font=&#8220;||||||||&#8220; body_text_align=&#8220;center&#8220; text_orientation=&#8220;center&#8220; global_colors_info=&#8220;{}&#8220;][\/et_pb_blurb][\/et_pb_column][et_pb_column type=&#8220;1_3&#8243; _builder_version=&#8220;4.27.4&#8243; _module_preset=&#8220;default&#8220; global_colors_info=&#8220;{}&#8220;][et_pb_blurb title=&#8220;hohe Verf\u00fcgbarkeit&#8220; use_icon=&#8220;on&#8220; font_icon=&#8220;&#xf058;||fa||400&#8243; image_icon_width=&#8220;65px&#8220; _builder_version=&#8220;4.27.4&#8243; _module_preset=&#8220;default&#8220; header_font=&#8220;|||on|||||&#8220; header_text_align=&#8220;center&#8220; body_font=&#8220;||||||||&#8220; body_text_align=&#8220;center&#8220; text_orientation=&#8220;center&#8220; global_colors_info=&#8220;{}&#8220;][\/et_pb_blurb][\/et_pb_column][\/et_pb_row][et_pb_row _builder_version=&#8220;4.27.4&#8243; _module_preset=&#8220;default&#8220; locked=&#8220;off&#8220; global_colors_info=&#8220;{}&#8220;][et_pb_column type=&#8220;4_4&#8243; _builder_version=&#8220;4.27.4&#8243; _module_preset=&#8220;default&#8220; global_colors_info=&#8220;{}&#8220;][et_pb_toggle title=&#8220;M\u00f6glich mit dem SEGLER Vertikalmischer: Technische Details &#038; Vorteile&#8220; open=&#8220;on&#8220; icon_color=&#8220;#b82435&#8243; toggle_icon=&#8220;&#xe060;||divi||400&#8243; open_icon_color=&#8220;#b82435&#8243; open_toggle_icon=&#8220;&#xf05a;||fa||900&#8243; _builder_version=&#8220;4.27.4&#8243; _module_preset=&#8220;default&#8220; title_text_color=&#8220;#b82435&#8243; hover_enabled=&#8220;0&#8243; global_colors_info=&#8220;{}&#8220; sticky_enabled=&#8220;0&#8243;]<\/p>\n<p>Bei h\u00e4ufigen Produkt- und Rezepturwechseln verbunden mit m\u00f6glichst einfacher und schneller Reinigungsm\u00f6glichkeit sind Vertikal-Einwellenmischer als Chargenmischer die ideale L\u00f6sung. Sie erm\u00f6glichen ein schonendes Homogenisieren und eine pr\u00e4zise Aufbereitung von Feststoff- und Fest-Fl\u00fcssig-Mischungen.<\/p>\n<p>Zus\u00e4tzlich eignen sie sich zum Entkeimen, Zerst\u00f6ren von Agglomeraten, sowie zum Einleiten chemischer Reaktionen w\u00e4hrend des Mischvorgangs. Dank ihrer effizienten und flexiblen Mischtechnik sorgen Vertikal-Einwellenmischer f\u00fcr optimale Ergebnisse in unterschiedlichsten Industrieanwendungen. Durch Ihre zylindrische Bauform ist eine optimale Raumausnutzung bei geringer Bauh\u00f6he m\u00f6glich.<\/p>\n<p>Der flache Boden erlaubt zudem mehrere Ausl\u00e4ufe zu installieren. Dadurch wird aus dem Mischer auch ein Verteiler, der z.B. mehrere Abf\u00fcllanlagen spei\u00dfen kann.<\/p>\n<p><strong>Referenzprojekte:<br \/><\/strong><a href=\"https:\/\/www.segler.eu\/wp-content\/uploads\/2025\/04\/Vertikalmischer-Typ-VBM-Produktdatenblatt.pdf\" target=\"_blank\" rel=\"noopener\" title=\"Produktdatenblatt Vertikalmischer\">Produktdatenblatt<\/a><br \/><a href=\"https:\/\/www.segler.eu\/wp-content\/uploads\/2024\/12\/2024-12-16-241216-Konusschneckenmischer-Katalysator-41986.pdf\" target=\"_blank\" rel=\"noopener\">Konusschneckenmischer f\u00fcr Katalysator (Zeolithe)<\/a><\/p>\n<p><strong>Eigenschaften \/ Variationen:<\/strong><\/p>\n<ul>\n<li><strong>Nutzvolumen<\/strong><br \/>Bis 10m\u00b3<\/li>\n<li><strong>Werkstoffe<\/strong><br \/>In Edelstahl, Normalstahl und in Sonderwerkstoffen<\/li>\n<li><strong>Trogformen<\/strong><br \/>Mantelrohr<\/li>\n<li><strong>Mischwerkzeug<\/strong><br \/>Einfachwendel oder Doppelwendel, Messerk\u00f6pfe zum Eintragen hoher Schwerkr\u00e4fte m\u00f6glich<\/li>\n<li><strong>Weitere Optionen<\/strong>\n<ul>\n<li>zus\u00e4tzlicher K\u00fchlmantel \/ Heizmantel, Thermo-Wendel, CIP, Spr\u00fchvorrichtungen, gro\u00dfe Mannlocht\u00fcren, elektrisch oder pneumatisch betriebene Entleerklappen,\u00a0 bis zu 6 Ausl\u00e4ufe m\u00f6glich<\/li>\n<li><strong>Ausf\u00fchrungen<\/strong><br \/>Lebensmittelgerecht, ATEX-konform, WHG-gerecht; Heavy-Duty, staub- &amp; gasdicht, explosionsdruckfest (Explosionsschutz bis zur h\u00f6chsten Anforderung (ATEX-konform bis Zone 0 bzw. 20)), Druckbetrieb, Vakuumbetrieb<\/li>\n<li><strong>Dichtungen<\/strong><br \/>Produktspezifische Dichtungen<\/li>\n<li><strong>Betriebsdauer<\/strong><br \/>Dauerbetrieb<\/li>\n<li><strong>Bei Bedarf<\/strong><br \/><span>speziell abgestimmte Dosier-, Absperr- und Austragsvorrichtungen<\/span><\/li>\n<\/ul>\n<p><strong>Vorteile:<\/strong><\/p>\n<ul>\n<li>Reproduzierbare Produktqualit\u00e4t<\/li>\n<li>Optimaler Produktstrom bei geringen Mischzeiten<\/li>\n<li>Nach Bedarf: von produktschonender Homogenisierung \u00fcber Erh\u00f6hung der einwirkenden Scherkr\u00e4fte bis Integration weiterer Prozessschritte<\/li>\n<li>gute Zug\u00e4nglichkeit, optimale Reinigungsf\u00e4higkeit<\/li>\n<li>Gesteigerte Standzeiten bei maximaler Anlagenverf\u00fcgbarkeit<\/li>\n<li>Solides Design f\u00fcr hohe Anwenderfreundlichkeit und Minimierung von Problemen<\/li>\n<li>Lange Standzeiten<\/li>\n<li>Hohe Verf\u00fcgbarkeit<\/li>\n<\/ul>\n<\/li>\n<\/ul>\n<p>[\/et_pb_toggle][\/et_pb_column][\/et_pb_row][et_pb_row column_structure=&#8220;3_5,2_5&#8243; make_equal=&#8220;on&#8220; _builder_version=&#8220;4.27.2&#8243; _module_preset=&#8220;default&#8220; background_color=&#8220;#b82435&#8243; custom_margin=&#8220;25px||||false|false&#8220; custom_padding=&#8220;20px|25px|20px|25px|false|true&#8220; border_radii=&#8220;on|2px|2px|2px|2px&#8220; box_shadow_style=&#8220;preset1&#8243; locked=&#8220;off&#8220; global_colors_info=&#8220;{}&#8220;][et_pb_column type=&#8220;3_5&#8243; module_class=&#8220;vertikal-zentrieren&#8220; _builder_version=&#8220;4.27.2&#8243; _module_preset=&#8220;default&#8220; global_colors_info=&#8220;{}&#8220;][et_pb_heading title=&#8220;Optimieren Sie Ihre Mischtechnik jetzt mit SEGLER!&#8220; _builder_version=&#8220;4.27.4&#8243; _module_preset=&#8220;default&#8220; title_level=&#8220;h4&#8243; title_text_align=&#8220;left&#8220; title_text_color=&#8220;#FFFFFF&#8220; custom_margin=&#8220;||0px||false|false&#8220; global_colors_info=&#8220;{}&#8220;][\/et_pb_heading][et_pb_text _builder_version=&#8220;4.27.4&#8243; _module_preset=&#8220;default&#8220; global_colors_info=&#8220;{}&#8220;]<\/p>\n<p><span style=\"color: #ffffff;\">Optimieren Sie Ihre Produktion, minimieren Sie Ausfallzeiten und profitieren Sie von zuverl\u00e4ssiger und flexibler Mischtechnik. Kontaktieren Sie uns jetzt f\u00fcr eine pers\u00f6nliche Beratung!<\/span><\/p>\n<p>[\/et_pb_text][\/et_pb_column][et_pb_column type=&#8220;2_5&#8243; module_class=&#8220;vertikal-zentrieren&#8220; _builder_version=&#8220;4.27.2&#8243; _module_preset=&#8220;default&#8220; global_colors_info=&#8220;{}&#8220;][et_pb_button button_url=&#8220;@ET-DC@eyJkeW5hbWljIjp0cnVlLCJjb250ZW50IjoicG9zdF9saW5rX3VybF9wYWdlIiwic2V0dGluZ3MiOnsicG9zdF9pZCI6IjI3MyJ9fQ==@&#8220; button_text=&#8220;Jetzt Kontakt aufnehmen&#8220; button_alignment=&#8220;center&#8220; _builder_version=&#8220;4.27.2&#8243; _dynamic_attributes=&#8220;button_url&#8220; _module_preset=&#8220;default&#8220; custom_button=&#8220;on&#8220; button_text_color=&#8220;#b82435&#8243; button_bg_color=&#8220;#FFFFFF&#8220; button_border_width=&#8220;1px&#8220; button_border_color=&#8220;#FFFFFF&#8220; box_shadow_style=&#8220;preset1&#8243; global_colors_info=&#8220;{}&#8220;][\/et_pb_button][\/et_pb_column][\/et_pb_row][\/et_pb_section]<\/p>\n","protected":false},"excerpt":{"rendered":"<p>Maximale Effizienz f\u00fcr Ihre Mischprozesse \u2013 mit dem vielseitigen, reinigungsfreundlichen und platzsparenden Vertikal-Mischer von SEGLER.Bei h\u00e4ufigen Produkt- und Rezepturwechseln verbunden mit m\u00f6glichst einfacher und schneller Reinigungsm\u00f6glichkeit sind Vertikal-Einwellenmischer als Chargenmischer die ideale L\u00f6sung. Sie erm\u00f6glichen ein schonendes Homogenisieren und eine pr\u00e4zise Aufbereitung von Feststoff- und Fest-Fl\u00fcssig-Mischungen. Zus\u00e4tzlich eignen sie sich zum Entkeimen, Zerst\u00f6ren von Agglomeraten, [&hellip;]<\/p>\n","protected":false},"author":1,"featured_media":0,"parent":164,"menu_order":0,"comment_status":"closed","ping_status":"closed","template":"","meta":{"_et_pb_use_builder":"on","_et_pb_old_content":"","_et_gb_content_width":"","footnotes":""},"class_list":["post-1911","page","type-page","status-publish","hentry"],"yoast_head":"<!-- This site is optimized with the Yoast SEO plugin v27.3 - https:\/\/yoast.com\/product\/yoast-seo-wordpress\/ -->\n<title>Der Vertikalmischer von SEGLER<\/title>\n<meta name=\"description\" content=\"Effizient mischen, schnell reinigen, flexibel einsetzen: Vertikalmischer f\u00fcr Ihre Produktion. Jetzt Beratung anfordern!\" \/>\n<meta name=\"robots\" content=\"index, follow, max-snippet:-1, max-image-preview:large, max-video-preview:-1\" \/>\n<link rel=\"canonical\" href=\"https:\/\/www.segler.eu\/ru\/\u043f\u0440\u043e\u0434\u0443\u043a\u0442\u044b\/\u0432\u0435\u0440\u0442\u0438\u043a\u0430\u043b\u044c\u043d\u044b\u0439-\u043c\u0438\u043a\u0441\u0435\u0440\/\" \/>\n<meta property=\"og:locale\" content=\"ru_RU\" \/>\n<meta property=\"og:type\" content=\"article\" \/>\n<meta property=\"og:title\" content=\"Der Vertikalmischer von SEGLER\" \/>\n<meta property=\"og:description\" content=\"Effizient mischen, schnell reinigen, flexibel einsetzen: Vertikalmischer f\u00fcr Ihre Produktion. Jetzt Beratung anfordern!\" \/>\n<meta property=\"og:url\" content=\"https:\/\/www.segler.eu\/ru\/\u043f\u0440\u043e\u0434\u0443\u043a\u0442\u044b\/\u0432\u0435\u0440\u0442\u0438\u043a\u0430\u043b\u044c\u043d\u044b\u0439-\u043c\u0438\u043a\u0441\u0435\u0440\/\" \/>\n<meta property=\"og:site_name\" content=\"SEGLER\" \/>\n<meta property=\"article:publisher\" content=\"https:\/\/www.facebook.com\/people\/Segler-Frderanlagen-Maschinenfabrik-GmbH\/61567270711954\/\" \/>\n<meta property=\"article:modified_time\" content=\"2025-04-10T11:06:57+00:00\" \/>\n<meta property=\"og:image\" content=\"https:\/\/www.segler.eu\/wp-content\/uploads\/2024\/11\/SEGLER-BERGE-1.png\" \/>\n\t<meta property=\"og:image:width\" content=\"750\" \/>\n\t<meta property=\"og:image:height\" content=\"750\" \/>\n\t<meta property=\"og:image:type\" content=\"image\/png\" \/>\n<meta name=\"twitter:label1\" content=\"\u041f\u0440\u0438\u043c\u0435\u0440\u043d\u043e\u0435 \u0432\u0440\u0435\u043c\u044f \u0434\u043b\u044f \u0447\u0442\u0435\u043d\u0438\u044f\" \/>\n\t<meta name=\"twitter:data1\" content=\"2 \u043c\u0438\u043d\u0443\u0442\u044b\" \/>\n<script type=\"application\/ld+json\" class=\"yoast-schema-graph\">{\"@context\":\"https:\\\/\\\/schema.org\",\"@graph\":[{\"@type\":\"WebPage\",\"@id\":\"https:\\\/\\\/www.segler.eu\\\/produkte\\\/vertikalmischer\\\/\",\"url\":\"https:\\\/\\\/www.segler.eu\\\/produkte\\\/vertikalmischer\\\/\",\"name\":\"Der Vertikalmischer von SEGLER\",\"isPartOf\":{\"@id\":\"https:\\\/\\\/www.segler.eu\\\/#website\"},\"datePublished\":\"2025-04-10T10:51:39+00:00\",\"dateModified\":\"2025-04-10T11:06:57+00:00\",\"description\":\"Effizient mischen, schnell reinigen, flexibel einsetzen: Vertikalmischer f\u00fcr Ihre Produktion. Jetzt Beratung anfordern!\",\"breadcrumb\":{\"@id\":\"https:\\\/\\\/www.segler.eu\\\/produkte\\\/vertikalmischer\\\/#breadcrumb\"},\"inLanguage\":\"ru-RU\",\"potentialAction\":[{\"@type\":\"ReadAction\",\"target\":[\"https:\\\/\\\/www.segler.eu\\\/produkte\\\/vertikalmischer\\\/\"]}]},{\"@type\":\"BreadcrumbList\",\"@id\":\"https:\\\/\\\/www.segler.eu\\\/produkte\\\/vertikalmischer\\\/#breadcrumb\",\"itemListElement\":[{\"@type\":\"ListItem\",\"position\":1,\"name\":\"Startseite\",\"item\":\"https:\\\/\\\/www.segler.eu\\\/\"},{\"@type\":\"ListItem\",\"position\":2,\"name\":\"Produkte\",\"item\":\"https:\\\/\\\/www.segler.eu\\\/produkte\\\/\"},{\"@type\":\"ListItem\",\"position\":3,\"name\":\"Vertikalmischer\"}]},{\"@type\":\"WebSite\",\"@id\":\"https:\\\/\\\/www.segler.eu\\\/#website\",\"url\":\"https:\\\/\\\/www.segler.eu\\\/\",\"name\":\"SEGLER\",\"description\":\"Materials in motion\",\"publisher\":{\"@id\":\"https:\\\/\\\/www.segler.eu\\\/#organization\"},\"potentialAction\":[{\"@type\":\"SearchAction\",\"target\":{\"@type\":\"EntryPoint\",\"urlTemplate\":\"https:\\\/\\\/www.segler.eu\\\/?s={search_term_string}\"},\"query-input\":{\"@type\":\"PropertyValueSpecification\",\"valueRequired\":true,\"valueName\":\"search_term_string\"}}],\"inLanguage\":\"ru-RU\"},{\"@type\":\"Organization\",\"@id\":\"https:\\\/\\\/www.segler.eu\\\/#organization\",\"name\":\"Segler-F\u00f6rderanlagen Maschinenfabrik GmbH\",\"alternateName\":\"SEGLER\",\"url\":\"https:\\\/\\\/www.segler.eu\\\/\",\"logo\":{\"@type\":\"ImageObject\",\"inLanguage\":\"ru-RU\",\"@id\":\"https:\\\/\\\/www.segler.eu\\\/#\\\/schema\\\/logo\\\/image\\\/\",\"url\":\"https:\\\/\\\/www.segler.eu\\\/wp-content\\\/uploads\\\/2024\\\/11\\\/SEGLER-BERGE-1.png\",\"contentUrl\":\"https:\\\/\\\/www.segler.eu\\\/wp-content\\\/uploads\\\/2024\\\/11\\\/SEGLER-BERGE-1.png\",\"width\":750,\"height\":750,\"caption\":\"Segler-F\u00f6rderanlagen Maschinenfabrik GmbH\"},\"image\":{\"@id\":\"https:\\\/\\\/www.segler.eu\\\/#\\\/schema\\\/logo\\\/image\\\/\"},\"sameAs\":[\"https:\\\/\\\/www.facebook.com\\\/people\\\/Segler-Frderanlagen-Maschinenfabrik-GmbH\\\/61567270711954\\\/\"]}]}<\/script>\n<!-- \/ Yoast SEO plugin. -->","yoast_head_json":{"title":"\u0412\u0435\u0440\u0442\u0438\u043a\u0430\u043b\u044c\u043d\u044b\u0439 \u043c\u0438\u043a\u0441\u0435\u0440 \u043e\u0442 SEGLER","description":"\u042d\u0444\u0444\u0435\u043a\u0442\u0438\u0432\u043d\u043e\u0435 \u0441\u043c\u0435\u0448\u0438\u0432\u0430\u043d\u0438\u0435, \u0431\u044b\u0441\u0442\u0440\u0430\u044f \u043e\u0447\u0438\u0441\u0442\u043a\u0430, \u0443\u043d\u0438\u0432\u0435\u0440\u0441\u0430\u043b\u044c\u043d\u043e\u0441\u0442\u044c \u0438\u0441\u043f\u043e\u043b\u044c\u0437\u043e\u0432\u0430\u043d\u0438\u044f: \u0432\u0435\u0440\u0442\u0438\u043a\u0430\u043b\u044c\u043d\u044b\u0435 \u043c\u0438\u043a\u0441\u0435\u0440\u044b \u0434\u043b\u044f \u0432\u0430\u0448\u0435\u0433\u043e \u043f\u0440\u043e\u0438\u0437\u0432\u043e\u0434\u0441\u0442\u0432\u0430. \u0417\u0430\u043f\u0440\u043e\u0441\u0438\u0442\u0435 \u043a\u043e\u043d\u0441\u0443\u043b\u044c\u0442\u0430\u0446\u0438\u044e \u043f\u0440\u044f\u043c\u043e \u0441\u0435\u0439\u0447\u0430\u0441!","robots":{"index":"index","follow":"follow","max-snippet":"max-snippet:-1","max-image-preview":"max-image-preview:large","max-video-preview":"max-video-preview:-1"},"canonical":"https:\/\/www.segler.eu\/ru\/\u043f\u0440\u043e\u0434\u0443\u043a\u0442\u044b\/\u0432\u0435\u0440\u0442\u0438\u043a\u0430\u043b\u044c\u043d\u044b\u0439-\u043c\u0438\u043a\u0441\u0435\u0440\/","og_locale":"ru_RU","og_type":"article","og_title":"Der Vertikalmischer von SEGLER","og_description":"Effizient mischen, schnell reinigen, flexibel einsetzen: Vertikalmischer f\u00fcr Ihre Produktion. Jetzt Beratung anfordern!","og_url":"https:\/\/www.segler.eu\/ru\/\u043f\u0440\u043e\u0434\u0443\u043a\u0442\u044b\/\u0432\u0435\u0440\u0442\u0438\u043a\u0430\u043b\u044c\u043d\u044b\u0439-\u043c\u0438\u043a\u0441\u0435\u0440\/","og_site_name":"SEGLER","article_publisher":"https:\/\/www.facebook.com\/people\/Segler-Frderanlagen-Maschinenfabrik-GmbH\/61567270711954\/","article_modified_time":"2025-04-10T11:06:57+00:00","og_image":[{"width":750,"height":750,"url":"https:\/\/www.segler.eu\/wp-content\/uploads\/2024\/11\/SEGLER-BERGE-1.png","type":"image\/png"}],"twitter_misc":{"\u041f\u0440\u0438\u043c\u0435\u0440\u043d\u043e\u0435 \u0432\u0440\u0435\u043c\u044f \u0434\u043b\u044f \u0447\u0442\u0435\u043d\u0438\u044f":"2 \u043c\u0438\u043d\u0443\u0442\u044b"},"schema":{"@context":"https:\/\/schema.org","@graph":[{"@type":"WebPage","@id":"https:\/\/www.segler.eu\/produkte\/vertikalmischer\/","url":"https:\/\/www.segler.eu\/produkte\/vertikalmischer\/","name":"\u0412\u0435\u0440\u0442\u0438\u043a\u0430\u043b\u044c\u043d\u044b\u0439 \u043c\u0438\u043a\u0441\u0435\u0440 \u043e\u0442 SEGLER","isPartOf":{"@id":"https:\/\/www.segler.eu\/#website"},"datePublished":"2025-04-10T10:51:39+00:00","dateModified":"2025-04-10T11:06:57+00:00","description":"\u042d\u0444\u0444\u0435\u043a\u0442\u0438\u0432\u043d\u043e\u0435 \u0441\u043c\u0435\u0448\u0438\u0432\u0430\u043d\u0438\u0435, \u0431\u044b\u0441\u0442\u0440\u0430\u044f \u043e\u0447\u0438\u0441\u0442\u043a\u0430, \u0443\u043d\u0438\u0432\u0435\u0440\u0441\u0430\u043b\u044c\u043d\u043e\u0441\u0442\u044c \u0438\u0441\u043f\u043e\u043b\u044c\u0437\u043e\u0432\u0430\u043d\u0438\u044f: \u0432\u0435\u0440\u0442\u0438\u043a\u0430\u043b\u044c\u043d\u044b\u0435 \u043c\u0438\u043a\u0441\u0435\u0440\u044b \u0434\u043b\u044f \u0432\u0430\u0448\u0435\u0433\u043e \u043f\u0440\u043e\u0438\u0437\u0432\u043e\u0434\u0441\u0442\u0432\u0430. \u0417\u0430\u043f\u0440\u043e\u0441\u0438\u0442\u0435 \u043a\u043e\u043d\u0441\u0443\u043b\u044c\u0442\u0430\u0446\u0438\u044e \u043f\u0440\u044f\u043c\u043e \u0441\u0435\u0439\u0447\u0430\u0441!","breadcrumb":{"@id":"https:\/\/www.segler.eu\/produkte\/vertikalmischer\/#breadcrumb"},"inLanguage":"ru-RU","potentialAction":[{"@type":"ReadAction","target":["https:\/\/www.segler.eu\/produkte\/vertikalmischer\/"]}]},{"@type":"BreadcrumbList","@id":"https:\/\/www.segler.eu\/produkte\/vertikalmischer\/#breadcrumb","itemListElement":[{"@type":"ListItem","position":1,"name":"Startseite","item":"https:\/\/www.segler.eu\/"},{"@type":"ListItem","position":2,"name":"Produkte","item":"https:\/\/www.segler.eu\/produkte\/"},{"@type":"ListItem","position":3,"name":"Vertikalmischer"}]},{"@type":"WebSite","@id":"https:\/\/www.segler.eu\/#website","url":"https:\/\/www.segler.eu\/","name":"SEGLER","description":"\u041c\u0430\u0442\u0435\u0440\u0438\u0430\u043b\u044b \u0432 \u0434\u0432\u0438\u0436\u0435\u043d\u0438\u0438","publisher":{"@id":"https:\/\/www.segler.eu\/#organization"},"potentialAction":[{"@type":"SearchAction","target":{"@type":"EntryPoint","urlTemplate":"https:\/\/www.segler.eu\/?s={search_term_string}"},"query-input":{"@type":"PropertyValueSpecification","valueRequired":true,"valueName":"search_term_string"}}],"inLanguage":"ru-RU"},{"@type":"Organization","@id":"https:\/\/www.segler.eu\/#organization","name":"Segler-F\u00f6rderanlagen Maschinenfabrik GmbH","alternateName":"SEGLER","url":"https:\/\/www.segler.eu\/","logo":{"@type":"ImageObject","inLanguage":"ru-RU","@id":"https:\/\/www.segler.eu\/#\/schema\/logo\/image\/","url":"https:\/\/www.segler.eu\/wp-content\/uploads\/2024\/11\/SEGLER-BERGE-1.png","contentUrl":"https:\/\/www.segler.eu\/wp-content\/uploads\/2024\/11\/SEGLER-BERGE-1.png","width":750,"height":750,"caption":"Segler-F\u00f6rderanlagen Maschinenfabrik GmbH"},"image":{"@id":"https:\/\/www.segler.eu\/#\/schema\/logo\/image\/"},"sameAs":["https:\/\/www.facebook.com\/people\/Segler-Frderanlagen-Maschinenfabrik-GmbH\/61567270711954\/"]}]}},"_links":{"self":[{"href":"https:\/\/www.segler.eu\/ru\/wp-json\/wp\/v2\/pages\/1911","targetHints":{"allow":["GET"]}}],"collection":[{"href":"https:\/\/www.segler.eu\/ru\/wp-json\/wp\/v2\/pages"}],"about":[{"href":"https:\/\/www.segler.eu\/ru\/wp-json\/wp\/v2\/types\/page"}],"author":[{"embeddable":true,"href":"https:\/\/www.segler.eu\/ru\/wp-json\/wp\/v2\/users\/1"}],"replies":[{"embeddable":true,"href":"https:\/\/www.segler.eu\/ru\/wp-json\/wp\/v2\/comments?post=1911"}],"version-history":[{"count":0,"href":"https:\/\/www.segler.eu\/ru\/wp-json\/wp\/v2\/pages\/1911\/revisions"}],"up":[{"embeddable":true,"href":"https:\/\/www.segler.eu\/ru\/wp-json\/wp\/v2\/pages\/164"}],"wp:attachment":[{"href":"https:\/\/www.segler.eu\/ru\/wp-json\/wp\/v2\/media?parent=1911"}],"curies":[{"name":"WP","href":"https:\/\/api.w.org\/{rel}","templated":true}]}}