{"id":202,"date":"2024-11-04T16:07:08","date_gmt":"2024-11-04T15:07:08","guid":{"rendered":"http:\/\/www.segler.eu\/?page_id=202"},"modified":"2025-08-17T22:21:37","modified_gmt":"2025-08-17T20:21:37","slug":"%d1%8d%d0%bd%d0%b5%d1%80%d0%b3%d0%b5%d1%82%d0%b8%d1%87%d0%b5%d1%81%d0%ba%d0%b0%d1%8f-%d1%81%d1%80%d0%b5%d0%b4%d0%b0","status":"publish","type":"page","link":"https:\/\/www.segler.eu\/ru\/branchen\/energie-umwelt\/","title":{"rendered":"\u042d\u043d\u0435\u0440\u0433\u0435\u0442\u0438\u043a\u0430 \u0438 \u043e\u043a\u0440\u0443\u0436\u0430\u044e\u0449\u0430\u044f \u0441\u0440\u0435\u0434\u0430"},"content":{"rendered":"<p>[et_pb_section fb_built=&#8220;1&#8243; _builder_version=&#8220;4.27.2&#8243; _module_preset=&#8220;default&#8220; background_image=&#8220;http:\/\/www.segler.eu\/wp-content\/uploads\/2024\/11\/branchenslider_umwelt.jpg&#8220; height=&#8220;45vh&#8220; custom_margin=&#8220;-10%||||false|false&#8220; locked=&#8220;off&#8220; global_colors_info=&#8220;{}&#8220;][et_pb_row _builder_version=&#8220;4.27.2&#8243; _module_preset=&#8220;default&#8220; custom_padding=&#8220;20vh||||false|false&#8220; global_colors_info=&#8220;{}&#8220;][et_pb_column type=&#8220;4_4&#8243; _builder_version=&#8220;4.27.2&#8243; _module_preset=&#8220;default&#8220; global_colors_info=&#8220;{}&#8220;][\/et_pb_column][\/et_pb_row][\/et_pb_section][et_pb_section fb_built=&#8220;1&#8243; _builder_version=&#8220;4.27.2&#8243; _module_preset=&#8220;default&#8220; locked=&#8220;off&#8220; global_colors_info=&#8220;{}&#8220;][et_pb_row _builder_version=&#8220;4.27.2&#8243; _module_preset=&#8220;default&#8220; custom_margin=&#8220;0px||0px||true|false&#8220; custom_padding=&#8220;0px||0px||true|false&#8220; locked=&#8220;off&#8220; global_colors_info=&#8220;{}&#8220;][et_pb_column type=&#8220;4_4&#8243; _builder_version=&#8220;4.27.2&#8243; _module_preset=&#8220;default&#8220; global_colors_info=&#8220;{}&#8220;][et_pb_heading title=&#8220;Branchen&#8220; _builder_version=&#8220;4.27.2&#8243; _module_preset=&#8220;default&#8220; title_level=&#8220;h4&#8243; title_font=&#8220;|||on|||||&#8220; title_text_color=&#8220;#b82435&#8243; custom_margin=&#8220;0px||0px||false|false&#8220; custom_padding=&#8220;0px||0px||false|false&#8220; global_colors_info=&#8220;{}&#8220;][\/et_pb_heading][et_pb_heading title=&#8220;Energie- &#038; Umweltsektor&#8220; _builder_version=&#8220;4.27.2&#8243; _module_preset=&#8220;default&#8220; title_font=&#8220;|||on|||||&#8220; custom_margin=&#8220;0px||15px||false|false&#8220; custom_padding=&#8220;0px||0px||true|false&#8220; global_colors_info=&#8220;{}&#8220;][\/et_pb_heading][et_pb_divider _builder_version=&#8220;4.27.2&#8243; _module_preset=&#8220;default&#8220; width=&#8220;50%&#8220; global_colors_info=&#8220;{}&#8220;][\/et_pb_divider][\/et_pb_column][\/et_pb_row][et_pb_row _builder_version=&#8220;4.27.2&#8243; _module_preset=&#8220;default&#8220; global_colors_info=&#8220;{}&#8220;][et_pb_column type=&#8220;4_4&#8243; _builder_version=&#8220;4.27.2&#8243; _module_preset=&#8220;default&#8220; global_colors_info=&#8220;{}&#8220;][et_pb_image src=&#8220;http:\/\/www.segler.eu\/wp-content\/uploads\/2024\/11\/csm_Branchencontent_umwelt_d43a64075b.jpg&#8220; alt=&#8220;Holzsp\u00e4ne&#8220; align=&#8220;center&#8220; _builder_version=&#8220;4.27.2&#8243; _module_preset=&#8220;default&#8220; global_colors_info=&#8220;{}&#8220;][\/et_pb_image][et_pb_text _builder_version=&#8220;4.27.4&#8243; _module_preset=&#8220;default&#8220; global_colors_info=&#8220;{}&#8220;]<\/p>\n<h4><strong>Unsere Kunden aus den Bereichen Recycling, Kraftwerke, Wasseraufbereitung, Biogas etc. treten mit komplexen Aufgabenstellungen an uns heran.<\/strong><\/h4>\n<p>Diese betreffen oft Themengebiete wie Ressourcenschonung, Abfallvermeidung, Wiederverwendung\/ Verwertung, Kreislaufr\u00fcckf\u00fchrung, Verringerung von Umweltemissionen etc. Immer geht es dabei um das Einhalten h\u00f6chster Umweltstandards.<\/p>\n<p>Egal ob die ideale L\u00f6sung f\u00fcr Sie in einer Schneckenpresse, einem Hochleistungsmischer, Zentrifugentrockner, Trenn-Sink-System oder Sp\u00e4nef\u00f6rderer besteht \u2013 das Ergebnis der Zusammenarbeit mit SEGLER sind Maschinen und Anlagen, die sich durch Langlebigkeit, Sicherheit, Energieeffizienz und Wirtschaftlichkeit auszeichnen.<\/p>\n<p>[\/et_pb_text][\/et_pb_column][\/et_pb_row][et_pb_row column_structure=&#8220;1_2,1_2&#8243; _builder_version=&#8220;4.27.2&#8243; _module_preset=&#8220;default&#8220; global_colors_info=&#8220;{}&#8220;][et_pb_column type=&#8220;1_2&#8243; _builder_version=&#8220;4.27.2&#8243; _module_preset=&#8220;default&#8220; global_colors_info=&#8220;{}&#8220;][et_pb_text _builder_version=&#8220;4.27.4&#8243; _module_preset=&#8220;default&#8220; locked=&#8220;off&#8220; global_colors_info=&#8220;{}&#8220;]<strong>Beispiele f\u00fcr Anwendungen<\/strong><\/p>\n<ul>\n<li>Aufbereiten und Konditionieren von Stoffen f\u00fcr Deponierung, Zur\u00fcckf\u00fchrung in die Prozesse, Verf\u00fcllung oder Weiterverwertung<\/li>\n<li><span>F\u00f6rdern<\/span><\/li>\n<li><span>Mischen<\/span><\/li>\n<li><span>Dosieren<\/span><\/li>\n<li>Hygienisieren<\/li>\n<li><span>Trocknen, Befeuchten<\/span><\/li>\n<li><span>Neutralisieren<\/span><\/li>\n<li>Agglomerieren, Granulieren<\/li>\n<li><span>Moorentw\u00e4sserung<\/span><\/li>\n<li>Kl\u00e4rschlammk\u00fchlung<\/li>\n<\/ul>\n<p>[\/et_pb_text][\/et_pb_column][et_pb_column type=&#8220;1_2&#8243; _builder_version=&#8220;4.27.2&#8243; _module_preset=&#8220;default&#8220; global_colors_info=&#8220;{}&#8220;][et_pb_text _builder_version=&#8220;4.27.4&#8243; _module_preset=&#8220;default&#8220; locked=&#8220;off&#8220; global_colors_info=&#8220;{}&#8220;]<\/p>\n<p><strong>Beispiele f\u00fcr Medien<\/strong><\/p>\n<ul>\n<li>Schl\u00e4mme z. B. Papierschlamm, Kl\u00e4rschlamm<\/li>\n<li>Aschen, St\u00e4ube, B\u00f6den<\/li>\n<li>Reststoffe<\/li>\n<li>Ersatzbrennstoffe (EBS), Biomasse<\/li>\n<li>Recyclingprodukte: Bauschutt, PET, PUR, Weichschaum<\/li>\n<li>Bioabf\u00e4lle, Kompost, Siebgut<\/li>\n<li>\u00d6l-Bohrcutting<\/li>\n<li><span>Elektroschrott<\/span><\/li>\n<\/ul>\n<p>[\/et_pb_text][\/et_pb_column][\/et_pb_row][et_pb_row _builder_version=&#8220;4.27.4&#8243; _module_preset=&#8220;default&#8220; global_colors_info=&#8220;{}&#8220;][et_pb_column type=&#8220;4_4&#8243; _builder_version=&#8220;4.27.4&#8243; _module_preset=&#8220;default&#8220; global_colors_info=&#8220;{}&#8220;][et_pb_text _builder_version=&#8220;4.27.4&#8243; _module_preset=&#8220;default&#8220; locked=&#8220;off&#8220; global_colors_info=&#8220;{}&#8220;]<\/p>\n<p><b>Referenzprojekte:<\/b><\/p>\n<ul>\n<li>\n<p class=\"p1\"><a href=\"https:\/\/www.segler.eu\/wp-content\/uploads\/2025\/01\/241220-Kuehlung-Filterasche-Therm-Verwert-Luenen.pdf\" target=\"_blank\" rel=\"noopener\">Austrag und K\u00fchlung Filterasche aus Verwertung Entsorgungsmassen<\/a><\/p>\n<\/li>\n<li><a href=\"https:\/\/www.segler.eu\/wp-content\/uploads\/2024\/12\/Schneckenwaermetauscher-als-Gaskuehler-zur-Feststoffkristallisation.pdf\" target=\"_blank\" rel=\"noopener\">Schneckenw\u00e4rmetauscher als Hochtemperatur-Gask\u00fchler zur Feststoffkristallisation<\/a><\/li>\n<\/ul>\n<p>[\/et_pb_text][\/et_pb_column][\/et_pb_row][\/et_pb_section]<\/p>\n","protected":false},"excerpt":{"rendered":"<p>Unsere Kunden aus den Bereichen Recycling, Kraftwerke, Wasseraufbereitung, Biogas etc. treten mit komplexen Aufgabenstellungen an uns heran. Diese betreffen oft Themengebiete wie Ressourcenschonung, Abfallvermeidung, Wiederverwendung\/ Verwertung, Kreislaufr\u00fcckf\u00fchrung, Verringerung von Umweltemissionen etc. Immer geht es dabei um das Einhalten h\u00f6chster Umweltstandards. Egal ob die ideale L\u00f6sung f\u00fcr Sie in einer Schneckenpresse, einem Hochleistungsmischer, Zentrifugentrockner, Trenn-Sink-System oder [&hellip;]<\/p>\n","protected":false},"author":1,"featured_media":0,"parent":166,"menu_order":0,"comment_status":"closed","ping_status":"closed","template":"","meta":{"_et_pb_use_builder":"on","_et_pb_old_content":"","_et_gb_content_width":"","footnotes":""},"class_list":["post-202","page","type-page","status-publish","hentry"],"yoast_head":"<!-- This site is optimized with the Yoast SEO plugin v27.4 - https:\/\/yoast.com\/product\/yoast-seo-wordpress\/ -->\n<title>F\u00f6rderanlagen &amp; Maschinen f\u00fcr den Energie- &amp; Umweltsektor<\/title>\n<meta name=\"description\" content=\"SEGLER bietet der Energie- und Umweltbranche ma\u00dfgeschneiderte F\u00f6rderanlagen und Sondermaschinen f\u00fcr effiziente und nachhaltige Prozesse.\" \/>\n<meta name=\"robots\" content=\"index, follow, max-snippet:-1, max-image-preview:large, max-video-preview:-1\" \/>\n<link rel=\"canonical\" href=\"https:\/\/www.segler.eu\/ru\/\u043e\u0442\u0440\u0430\u0441\u043b\u0438-\u043f\u0440\u043e\u043c\u044b\u0448\u043b\u0435\u043d\u043d\u043e\u0441\u0442\u0438\/\u044d\u043d\u0435\u0440\u0433\u0435\u0442\u0438\u0447\u0435\u0441\u043a\u0430\u044f-\u0441\u0440\u0435\u0434\u0430\/\" \/>\n<meta property=\"og:locale\" content=\"ru_RU\" \/>\n<meta property=\"og:type\" content=\"article\" \/>\n<meta property=\"og:title\" content=\"F\u00f6rderanlagen &amp; Maschinen f\u00fcr den Energie- &amp; Umweltsektor\" \/>\n<meta property=\"og:description\" content=\"SEGLER bietet der Energie- und Umweltbranche ma\u00dfgeschneiderte F\u00f6rderanlagen und Sondermaschinen f\u00fcr effiziente und nachhaltige Prozesse.\" \/>\n<meta property=\"og:url\" content=\"https:\/\/www.segler.eu\/ru\/\u043e\u0442\u0440\u0430\u0441\u043b\u0438-\u043f\u0440\u043e\u043c\u044b\u0448\u043b\u0435\u043d\u043d\u043e\u0441\u0442\u0438\/\u044d\u043d\u0435\u0440\u0433\u0435\u0442\u0438\u0447\u0435\u0441\u043a\u0430\u044f-\u0441\u0440\u0435\u0434\u0430\/\" \/>\n<meta property=\"og:site_name\" content=\"SEGLER\" \/>\n<meta property=\"article:publisher\" content=\"https:\/\/www.facebook.com\/people\/Segler-Frderanlagen-Maschinenfabrik-GmbH\/61567270711954\/\" \/>\n<meta property=\"article:modified_time\" content=\"2025-08-17T20:21:37+00:00\" \/>\n<meta property=\"og:image\" content=\"https:\/\/www.segler.eu\/wp-content\/uploads\/2024\/11\/SEGLER-BERGE-1.png\" \/>\n\t<meta property=\"og:image:width\" content=\"750\" \/>\n\t<meta property=\"og:image:height\" content=\"750\" \/>\n\t<meta property=\"og:image:type\" content=\"image\/png\" \/>\n<meta name=\"twitter:label1\" content=\"\u041f\u0440\u0438\u043c\u0435\u0440\u043d\u043e\u0435 \u0432\u0440\u0435\u043c\u044f \u0434\u043b\u044f \u0447\u0442\u0435\u043d\u0438\u044f\" \/>\n\t<meta name=\"twitter:data1\" content=\"1 \u043c\u0438\u043d\u0443\u0442\u0430\" \/>\n<script type=\"application\/ld+json\" class=\"yoast-schema-graph\">{\"@context\":\"https:\\\/\\\/schema.org\",\"@graph\":[{\"@type\":\"WebPage\",\"@id\":\"https:\\\/\\\/www.segler.eu\\\/en\\\/industries\\\/energy-environment\\\/\",\"url\":\"https:\\\/\\\/www.segler.eu\\\/en\\\/industries\\\/energy-environment\\\/\",\"name\":\"F\u00f6rderanlagen & Maschinen f\u00fcr den Energie- & Umweltsektor\",\"isPartOf\":{\"@id\":\"https:\\\/\\\/www.segler.eu\\\/#website\"},\"datePublished\":\"2024-11-04T15:07:08+00:00\",\"dateModified\":\"2025-08-17T20:21:37+00:00\",\"description\":\"SEGLER bietet der Energie- und Umweltbranche ma\u00dfgeschneiderte F\u00f6rderanlagen und Sondermaschinen f\u00fcr effiziente und nachhaltige Prozesse.\",\"breadcrumb\":{\"@id\":\"https:\\\/\\\/www.segler.eu\\\/en\\\/industries\\\/energy-environment\\\/#breadcrumb\"},\"inLanguage\":\"ru-RU\",\"potentialAction\":[{\"@type\":\"ReadAction\",\"target\":[\"https:\\\/\\\/www.segler.eu\\\/en\\\/industries\\\/energy-environment\\\/\"]}]},{\"@type\":\"BreadcrumbList\",\"@id\":\"https:\\\/\\\/www.segler.eu\\\/en\\\/industries\\\/energy-environment\\\/#breadcrumb\",\"itemListElement\":[{\"@type\":\"ListItem\",\"position\":1,\"name\":\"Startseite\",\"item\":\"https:\\\/\\\/www.segler.eu\\\/\"},{\"@type\":\"ListItem\",\"position\":2,\"name\":\"Branchen\",\"item\":\"https:\\\/\\\/www.segler.eu\\\/branchen\\\/\"},{\"@type\":\"ListItem\",\"position\":3,\"name\":\"Energie &#038; Umwelt\"}]},{\"@type\":\"WebSite\",\"@id\":\"https:\\\/\\\/www.segler.eu\\\/#website\",\"url\":\"https:\\\/\\\/www.segler.eu\\\/\",\"name\":\"SEGLER\",\"description\":\"Materials in motion\",\"publisher\":{\"@id\":\"https:\\\/\\\/www.segler.eu\\\/#organization\"},\"potentialAction\":[{\"@type\":\"SearchAction\",\"target\":{\"@type\":\"EntryPoint\",\"urlTemplate\":\"https:\\\/\\\/www.segler.eu\\\/?s={search_term_string}\"},\"query-input\":{\"@type\":\"PropertyValueSpecification\",\"valueRequired\":true,\"valueName\":\"search_term_string\"}}],\"inLanguage\":\"ru-RU\"},{\"@type\":\"Organization\",\"@id\":\"https:\\\/\\\/www.segler.eu\\\/#organization\",\"name\":\"Segler-F\u00f6rderanlagen Maschinenfabrik GmbH\",\"alternateName\":\"SEGLER\",\"url\":\"https:\\\/\\\/www.segler.eu\\\/\",\"logo\":{\"@type\":\"ImageObject\",\"inLanguage\":\"ru-RU\",\"@id\":\"https:\\\/\\\/www.segler.eu\\\/#\\\/schema\\\/logo\\\/image\\\/\",\"url\":\"https:\\\/\\\/www.segler.eu\\\/wp-content\\\/uploads\\\/2024\\\/11\\\/SEGLER-BERGE-1.png\",\"contentUrl\":\"https:\\\/\\\/www.segler.eu\\\/wp-content\\\/uploads\\\/2024\\\/11\\\/SEGLER-BERGE-1.png\",\"width\":750,\"height\":750,\"caption\":\"Segler-F\u00f6rderanlagen Maschinenfabrik GmbH\"},\"image\":{\"@id\":\"https:\\\/\\\/www.segler.eu\\\/#\\\/schema\\\/logo\\\/image\\\/\"},\"sameAs\":[\"https:\\\/\\\/www.facebook.com\\\/people\\\/Segler-Frderanlagen-Maschinenfabrik-GmbH\\\/61567270711954\\\/\"]}]}<\/script>\n<!-- \/ Yoast SEO plugin. -->","yoast_head_json":{"title":"\u041a\u043e\u043d\u0432\u0435\u0439\u0435\u0440\u043d\u044b\u0435 \u0441\u0438\u0441\u0442\u0435\u043c\u044b \u0438 \u043c\u0430\u0448\u0438\u043d\u044b \u0434\u043b\u044f \u044d\u043d\u0435\u0440\u0433\u0435\u0442\u0438\u043a\u0438 \u0438 \u044d\u043a\u043e\u043b\u043e\u0433\u0438\u0438","description":"SEGLER \u043f\u0440\u0435\u0434\u043b\u0430\u0433\u0430\u0435\u0442 \u044d\u043d\u0435\u0440\u0433\u0435\u0442\u0438\u0447\u0435\u0441\u043a\u043e\u043c\u0443 \u0438 \u044d\u043a\u043e\u043b\u043e\u0433\u0438\u0447\u0435\u0441\u043a\u043e\u043c\u0443 \u0441\u0435\u043a\u0442\u043e\u0440\u0443 \u0438\u043d\u0434\u0438\u0432\u0438\u0434\u0443\u0430\u043b\u044c\u043d\u044b\u0435 \u043a\u043e\u043d\u0432\u0435\u0439\u0435\u0440\u043d\u044b\u0435 \u0441\u0438\u0441\u0442\u0435\u043c\u044b \u0438 \u0441\u043f\u0435\u0446\u0438\u0430\u043b\u044c\u043d\u044b\u0435 \u043c\u0430\u0448\u0438\u043d\u044b \u0434\u043b\u044f \u044d\u0444\u0444\u0435\u043a\u0442\u0438\u0432\u043d\u044b\u0445 \u0438 \u0443\u0441\u0442\u043e\u0439\u0447\u0438\u0432\u044b\u0445 \u043f\u0440\u043e\u0446\u0435\u0441\u0441\u043e\u0432.","robots":{"index":"index","follow":"follow","max-snippet":"max-snippet:-1","max-image-preview":"max-image-preview:large","max-video-preview":"max-video-preview:-1"},"canonical":"https:\/\/www.segler.eu\/ru\/\u043e\u0442\u0440\u0430\u0441\u043b\u0438-\u043f\u0440\u043e\u043c\u044b\u0448\u043b\u0435\u043d\u043d\u043e\u0441\u0442\u0438\/\u044d\u043d\u0435\u0440\u0433\u0435\u0442\u0438\u0447\u0435\u0441\u043a\u0430\u044f-\u0441\u0440\u0435\u0434\u0430\/","og_locale":"ru_RU","og_type":"article","og_title":"F\u00f6rderanlagen & Maschinen f\u00fcr den Energie- & Umweltsektor","og_description":"SEGLER bietet der Energie- und Umweltbranche ma\u00dfgeschneiderte F\u00f6rderanlagen und Sondermaschinen f\u00fcr effiziente und nachhaltige Prozesse.","og_url":"https:\/\/www.segler.eu\/ru\/\u043e\u0442\u0440\u0430\u0441\u043b\u0438-\u043f\u0440\u043e\u043c\u044b\u0448\u043b\u0435\u043d\u043d\u043e\u0441\u0442\u0438\/\u044d\u043d\u0435\u0440\u0433\u0435\u0442\u0438\u0447\u0435\u0441\u043a\u0430\u044f-\u0441\u0440\u0435\u0434\u0430\/","og_site_name":"SEGLER","article_publisher":"https:\/\/www.facebook.com\/people\/Segler-Frderanlagen-Maschinenfabrik-GmbH\/61567270711954\/","article_modified_time":"2025-08-17T20:21:37+00:00","og_image":[{"width":750,"height":750,"url":"https:\/\/www.segler.eu\/wp-content\/uploads\/2024\/11\/SEGLER-BERGE-1.png","type":"image\/png"}],"twitter_misc":{"\u041f\u0440\u0438\u043c\u0435\u0440\u043d\u043e\u0435 \u0432\u0440\u0435\u043c\u044f \u0434\u043b\u044f \u0447\u0442\u0435\u043d\u0438\u044f":"1 \u043c\u0438\u043d\u0443\u0442\u0430"},"schema":{"@context":"https:\/\/schema.org","@graph":[{"@type":"WebPage","@id":"https:\/\/www.segler.eu\/en\/industries\/energy-environment\/","url":"https:\/\/www.segler.eu\/en\/industries\/energy-environment\/","name":"\u041a\u043e\u043d\u0432\u0435\u0439\u0435\u0440\u043d\u044b\u0435 \u0441\u0438\u0441\u0442\u0435\u043c\u044b \u0438 \u043c\u0430\u0448\u0438\u043d\u044b \u0434\u043b\u044f \u044d\u043d\u0435\u0440\u0433\u0435\u0442\u0438\u043a\u0438 \u0438 \u044d\u043a\u043e\u043b\u043e\u0433\u0438\u0438","isPartOf":{"@id":"https:\/\/www.segler.eu\/#website"},"datePublished":"2024-11-04T15:07:08+00:00","dateModified":"2025-08-17T20:21:37+00:00","description":"SEGLER \u043f\u0440\u0435\u0434\u043b\u0430\u0433\u0430\u0435\u0442 \u044d\u043d\u0435\u0440\u0433\u0435\u0442\u0438\u0447\u0435\u0441\u043a\u043e\u043c\u0443 \u0438 \u044d\u043a\u043e\u043b\u043e\u0433\u0438\u0447\u0435\u0441\u043a\u043e\u043c\u0443 \u0441\u0435\u043a\u0442\u043e\u0440\u0443 \u0438\u043d\u0434\u0438\u0432\u0438\u0434\u0443\u0430\u043b\u044c\u043d\u044b\u0435 \u043a\u043e\u043d\u0432\u0435\u0439\u0435\u0440\u043d\u044b\u0435 \u0441\u0438\u0441\u0442\u0435\u043c\u044b \u0438 \u0441\u043f\u0435\u0446\u0438\u0430\u043b\u044c\u043d\u044b\u0435 \u043c\u0430\u0448\u0438\u043d\u044b \u0434\u043b\u044f \u044d\u0444\u0444\u0435\u043a\u0442\u0438\u0432\u043d\u044b\u0445 \u0438 \u0443\u0441\u0442\u043e\u0439\u0447\u0438\u0432\u044b\u0445 \u043f\u0440\u043e\u0446\u0435\u0441\u0441\u043e\u0432.","breadcrumb":{"@id":"https:\/\/www.segler.eu\/en\/industries\/energy-environment\/#breadcrumb"},"inLanguage":"ru-RU","potentialAction":[{"@type":"ReadAction","target":["https:\/\/www.segler.eu\/en\/industries\/energy-environment\/"]}]},{"@type":"BreadcrumbList","@id":"https:\/\/www.segler.eu\/en\/industries\/energy-environment\/#breadcrumb","itemListElement":[{"@type":"ListItem","position":1,"name":"Startseite","item":"https:\/\/www.segler.eu\/"},{"@type":"ListItem","position":2,"name":"Branchen","item":"https:\/\/www.segler.eu\/branchen\/"},{"@type":"ListItem","position":3,"name":"Energie &#038; Umwelt"}]},{"@type":"WebSite","@id":"https:\/\/www.segler.eu\/#website","url":"https:\/\/www.segler.eu\/","name":"SEGLER","description":"\u041c\u0430\u0442\u0435\u0440\u0438\u0430\u043b\u044b \u0432 \u0434\u0432\u0438\u0436\u0435\u043d\u0438\u0438","publisher":{"@id":"https:\/\/www.segler.eu\/#organization"},"potentialAction":[{"@type":"SearchAction","target":{"@type":"EntryPoint","urlTemplate":"https:\/\/www.segler.eu\/?s={search_term_string}"},"query-input":{"@type":"PropertyValueSpecification","valueRequired":true,"valueName":"search_term_string"}}],"inLanguage":"ru-RU"},{"@type":"Organization","@id":"https:\/\/www.segler.eu\/#organization","name":"Segler-F\u00f6rderanlagen Maschinenfabrik GmbH","alternateName":"SEGLER","url":"https:\/\/www.segler.eu\/","logo":{"@type":"ImageObject","inLanguage":"ru-RU","@id":"https:\/\/www.segler.eu\/#\/schema\/logo\/image\/","url":"https:\/\/www.segler.eu\/wp-content\/uploads\/2024\/11\/SEGLER-BERGE-1.png","contentUrl":"https:\/\/www.segler.eu\/wp-content\/uploads\/2024\/11\/SEGLER-BERGE-1.png","width":750,"height":750,"caption":"Segler-F\u00f6rderanlagen Maschinenfabrik GmbH"},"image":{"@id":"https:\/\/www.segler.eu\/#\/schema\/logo\/image\/"},"sameAs":["https:\/\/www.facebook.com\/people\/Segler-Frderanlagen-Maschinenfabrik-GmbH\/61567270711954\/"]}]}},"_links":{"self":[{"href":"https:\/\/www.segler.eu\/ru\/wp-json\/wp\/v2\/pages\/202","targetHints":{"allow":["GET"]}}],"collection":[{"href":"https:\/\/www.segler.eu\/ru\/wp-json\/wp\/v2\/pages"}],"about":[{"href":"https:\/\/www.segler.eu\/ru\/wp-json\/wp\/v2\/types\/page"}],"author":[{"embeddable":true,"href":"https:\/\/www.segler.eu\/ru\/wp-json\/wp\/v2\/users\/1"}],"replies":[{"embeddable":true,"href":"https:\/\/www.segler.eu\/ru\/wp-json\/wp\/v2\/comments?post=202"}],"version-history":[{"count":0,"href":"https:\/\/www.segler.eu\/ru\/wp-json\/wp\/v2\/pages\/202\/revisions"}],"up":[{"embeddable":true,"href":"https:\/\/www.segler.eu\/ru\/wp-json\/wp\/v2\/pages\/166"}],"wp:attachment":[{"href":"https:\/\/www.segler.eu\/ru\/wp-json\/wp\/v2\/media?parent=202"}],"curies":[{"name":"WP","href":"https:\/\/api.w.org\/{rel}","templated":true}]}}