{"id":206,"date":"2024-11-04T16:07:51","date_gmt":"2024-11-04T15:07:51","guid":{"rendered":"http:\/\/www.segler.eu\/?page_id=206"},"modified":"2025-10-13T09:57:31","modified_gmt":"2025-10-13T07:57:31","slug":"%d1%80%d0%b0%d1%81%d1%88%d0%b8%d1%80%d0%b5%d0%bd%d0%b8%d0%b5-%d0%ba%d0%be%d0%bd%d0%b2%d0%b5%d1%80%d1%81%d0%b8%d0%b8-%d0%b7%d0%b0%d0%b2%d0%be%d0%b4%d0%b0","status":"publish","type":"page","link":"https:\/\/www.segler.eu\/ru\/leistungen\/anlagenumbau-erweiterung\/","title":{"rendered":"\u041f\u0440\u0435\u043e\u0431\u0440\u0430\u0437\u043e\u0432\u0430\u043d\u0438\u0435 \u0438 \u0440\u0430\u0441\u0448\u0438\u0440\u0435\u043d\u0438\u0435 \u0437\u0430\u0432\u043e\u0434\u0430"},"content":{"rendered":"<p>[et_pb_section fb_built=&#8220;1&#8243; _builder_version=&#8220;4.27.4&#8243; _module_preset=&#8220;default&#8220; background_image=&#8220;https:\/\/www.segler.eu\/wp-content\/uploads\/2024\/12\/IMG_4615-scaled.jpg&#8220; height=&#8220;45vh&#8220; custom_margin=&#8220;-10%||||false|false&#8220; locked=&#8220;off&#8220; global_colors_info=&#8220;{}&#8220;][et_pb_row _builder_version=&#8220;4.27.2&#8243; _module_preset=&#8220;default&#8220; custom_padding=&#8220;20vh||||false|false&#8220; global_colors_info=&#8220;{}&#8220;][et_pb_column type=&#8220;4_4&#8243; _builder_version=&#8220;4.27.2&#8243; _module_preset=&#8220;default&#8220; global_colors_info=&#8220;{}&#8220;][\/et_pb_column][\/et_pb_row][\/et_pb_section][et_pb_section fb_built=&#8220;1&#8243; _builder_version=&#8220;4.27.2&#8243; _module_preset=&#8220;default&#8220; global_colors_info=&#8220;{}&#8220;][et_pb_row _builder_version=&#8220;4.27.2&#8243; _module_preset=&#8220;default&#8220; custom_margin=&#8220;0px||0px||true|false&#8220; custom_padding=&#8220;0px||0px||true|false&#8220; locked=&#8220;off&#8220; global_colors_info=&#8220;{}&#8220;][et_pb_column type=&#8220;4_4&#8243; _builder_version=&#8220;4.27.2&#8243; _module_preset=&#8220;default&#8220; global_colors_info=&#8220;{}&#8220;][et_pb_heading title=&#8220;Leistungen&#8220; _builder_version=&#8220;4.27.2&#8243; _module_preset=&#8220;default&#8220; title_level=&#8220;h4&#8243; title_font=&#8220;|||on|||||&#8220; title_text_color=&#8220;#b82435&#8243; custom_margin=&#8220;0px||0px||false|false&#8220; custom_padding=&#8220;0px||0px||false|false&#8220; global_colors_info=&#8220;{}&#8220;][\/et_pb_heading][et_pb_heading title=&#8220;Anlagenumbau &#038; -erweiterung&#8220; _builder_version=&#8220;4.27.2&#8243; _module_preset=&#8220;default&#8220; title_font=&#8220;|||on|||||&#8220; custom_margin=&#8220;0px||15px||false|false&#8220; custom_padding=&#8220;0px||0px||true|false&#8220; global_colors_info=&#8220;{}&#8220;][\/et_pb_heading][et_pb_divider _builder_version=&#8220;4.27.2&#8243; _module_preset=&#8220;default&#8220; width=&#8220;50%&#8220; global_colors_info=&#8220;{}&#8220;][\/et_pb_divider][\/et_pb_column][\/et_pb_row][et_pb_row _builder_version=&#8220;4.27.2&#8243; _module_preset=&#8220;default&#8220; global_colors_info=&#8220;{}&#8220;][et_pb_column type=&#8220;4_4&#8243; _builder_version=&#8220;4.27.2&#8243; _module_preset=&#8220;default&#8220; global_colors_info=&#8220;{}&#8220;][et_pb_text _builder_version=&#8220;4.27.4&#8243; _module_preset=&#8220;default&#8220; hover_enabled=&#8220;0&#8243; global_colors_info=&#8220;{}&#8220; sticky_enabled=&#8220;0&#8243;]<\/p>\n<p>Industrielle Produktionsanlagen sind das Herzst\u00fcck Ihres Unternehmens. Doch die M\u00e4rkte, technologischen M\u00f6glichkeiten und gesetzlichen Rahmenbedingungen entwickeln sich stetig weiter. Um langfristig wettbewerbsf\u00e4hig zu bleiben, m\u00fcssen auch bestehende Anlagen an neue Anforderungen angepasst, modernisiert oder erweitert werden. Genau hier steht Ihnen das SEGLER-Team als erfahrener und verl\u00e4sslicher Partner zur Seite. Wir verstehen Ihre Anlage nicht nur als eine Sammlung von Maschinen, sondern als ein dynamisches System, dessen Potenzial es zu erhalten und zu maximieren gilt.<\/p>\n<p><b>Vom Werterhalt bis zur Leistungssteigerung: Unsere Kernkompetenzen<\/b><\/p>\n<p>Unser Leistungsspektrum im Bereich Umbau und Erweiterung ist darauf ausgelegt, den Lebenszyklus Ihrer Investition nachhaltig zu verl\u00e4ngern und ihre Leistungsf\u00e4higkeit entscheidend zu verbessern. Ob es sich um eine geplante Modernisierung oder eine notwendige Anpassung handelt, Sie k\u00f6nnen sich auf unsere Expertise verlassen.<\/p>\n<p>Ein zentraler Bereich unserer T\u00e4tigkeit ist die <b>Steigerung der wirtschaftlichen Effizienz<\/b>. Oftmals schlummern in bestehenden Anlagen ungenutzte Potenziale. Durch eine gezielte Analyse identifizieren wir Flaschenh\u00e4lse und entwickeln ma\u00dfgeschneiderte L\u00f6sungen. Dies kann beispielsweise die <b>Erh\u00f6hung der F\u00f6rderleistung<\/b> durch den Austausch von Schnecken oder die Optimierung von Antrieben sein. In der Mischtechnik k\u00f6nnen wir durch eine Anpassung der Mischwerkzeuge oder eine Umstellung auf neue Technologien die <b>Mischhomogenit\u00e4t verbessern<\/b> und gleichzeitig die <b>Mischdauer signifikant verk\u00fcrzen<\/b>. Das Resultat sind h\u00f6here Durchs\u00e4tze, eine verbesserte Produktqualit\u00e4t und letztlich eine Steigerung Ihrer Rentabilit\u00e4t.<\/p>\n<p>Ein weiterer entscheidender Faktor ist die <b>Maximierung der Anlagenverf\u00fcgbarkeit<\/b>. Ungeplante Stillst\u00e4nde sind kostspielig und beeintr\u00e4chtigen Ihre Lieferf\u00e4higkeit. Wir analysieren die Schwachstellen Ihrer Anlage und erarbeiten Konzepte, um deren Robustheit zu erh\u00f6hen. Durch den Einsatz moderner Werkstoffe oder einen <b>verbesserten Verschlei\u00dfschutz<\/b>, beispielsweise durch spezielle Beschichtungen oder den Einsatz von Panzerungen, reduzieren wir den Wartungsaufwand und minimieren Ausfallzeiten. Ob es um abrasive Sch\u00fcttg\u00fcter oder korrosive Medien geht \u2013 wir finden den optimalen Werkstoff f\u00fcr eine maximale Lebensdauer Ihrer Komponenten.<\/p>\n<p><b>Anpassung an neue Gegebenheiten und h\u00f6chste Sicherheitsstandards<\/b><\/p>\n<p>Produktionsumgebungen sind selten statisch. Wir unterst\u00fctzen Sie dabei, Ihre Anlagen flexibel an <b>betriebliche und prozessbedingte \u00c4nderungen<\/b> anzupassen. Sei es die Verarbeitung neuer Rohstoffe, die Einf\u00fchrung eines neuen Produkts oder die Integration in eine erweiterte Prozesskette \u2013 wir sorgen f\u00fcr eine nahtlose und effiziente Adaption Ihrer Technik.<\/p>\n<p>Dabei hat die Sicherheit Ihrer Mitarbeiter und Ihrer gesamten Anlage oberste Priorit\u00e4t. Insbesondere in Branchen, in denen brennbare St\u00e4ube oder Gase auftreten, ist kompromissloser <b>Explosionsschutz<\/b> unerl\u00e4sslich. SEGLER verf\u00fcgt \u00fcber tiefgreifendes Know-how in der Umsetzung der ATEX-Richtlinien. Wir r\u00fcsten Ihre Anlagen so um, dass sie selbst den <b>h\u00f6chsten Anforderungen (bis Zone 0 bzw. 20)<\/b> entsprechen und Sie rechtlich sowie operativ auf der sicheren Seite sind. Von der Bereichs- bis zur Gesamt\u00fcberholung \u2013 wir machen Ihre Anlage fit f\u00fcr die Zukunft.<\/p>\n<p>[\/et_pb_text][\/et_pb_column][\/et_pb_row][et_pb_row column_structure=&#8220;3_5,2_5&#8243; make_equal=&#8220;on&#8220; _builder_version=&#8220;4.27.2&#8243; _module_preset=&#8220;default&#8220; background_color=&#8220;#b82435&#8243; custom_padding=&#8220;20px|25px|20px|25px|true|true&#8220; border_radii=&#8220;on|2px|2px|2px|2px&#8220; box_shadow_style=&#8220;preset1&#8243; global_colors_info=&#8220;{}&#8220;][et_pb_column type=&#8220;3_5&#8243; module_class=&#8220;vertikal-zentrieren&#8220; _builder_version=&#8220;4.27.2&#8243; _module_preset=&#8220;default&#8220; global_colors_info=&#8220;{}&#8220;][et_pb_heading title=&#8220;Ganz nach Ihrem Bedarf \u00fcbernimmt SEGLER alle gew\u00fcnschten Leistungen&#8220; _builder_version=&#8220;4.27.2&#8243; _module_preset=&#8220;default&#8220; title_level=&#8220;h4&#8243; title_text_align=&#8220;left&#8220; title_text_color=&#8220;#FFFFFF&#8220; custom_margin=&#8220;||0px||false|false&#8220; global_colors_info=&#8220;{}&#8220;][\/et_pb_heading][et_pb_text _builder_version=&#8220;4.27.2&#8243; _module_preset=&#8220;default&#8220; global_colors_info=&#8220;{}&#8220;]<\/p>\n<p><span style=\"color: #ffffff;\">von der Beratung \u00fcber die Planung, Ausarbeitung von alternativen Konzepten, Engineering und Konstruktion, Fertigung bis hin zur Installation und weit dar\u00fcber hinaus.<\/span><\/p>\n<p>[\/et_pb_text][\/et_pb_column][et_pb_column type=&#8220;2_5&#8243; module_class=&#8220;vertikal-zentrieren&#8220; _builder_version=&#8220;4.27.2&#8243; _module_preset=&#8220;default&#8220; global_colors_info=&#8220;{}&#8220;][et_pb_button button_url=&#8220;@ET-DC@eyJkeW5hbWljIjp0cnVlLCJjb250ZW50IjoicG9zdF9saW5rX3VybF9wYWdlIiwic2V0dGluZ3MiOnsicG9zdF9pZCI6IjI3MyJ9fQ==@&#8220; button_text=&#8220;Jetzt Kontakt aufnehmen&#8220; button_alignment=&#8220;center&#8220; _builder_version=&#8220;4.27.2&#8243; _dynamic_attributes=&#8220;button_url&#8220; _module_preset=&#8220;default&#8220; custom_button=&#8220;on&#8220; button_text_color=&#8220;#b82435&#8243; button_bg_color=&#8220;#FFFFFF&#8220; button_border_width=&#8220;1px&#8220; button_border_color=&#8220;#FFFFFF&#8220; box_shadow_style=&#8220;preset1&#8243; global_colors_info=&#8220;{}&#8220;][\/et_pb_button][\/et_pb_column][\/et_pb_row][\/et_pb_section]<\/p>\n","protected":false},"excerpt":{"rendered":"<p>Industrielle Produktionsanlagen sind das Herzst\u00fcck Ihres Unternehmens. Doch die M\u00e4rkte, technologischen M\u00f6glichkeiten und gesetzlichen Rahmenbedingungen entwickeln sich stetig weiter. Um langfristig wettbewerbsf\u00e4hig zu bleiben, m\u00fcssen auch bestehende Anlagen an neue Anforderungen angepasst, modernisiert oder erweitert werden. Genau hier steht Ihnen das SEGLER-Team als erfahrener und verl\u00e4sslicher Partner zur Seite. Wir verstehen Ihre Anlage nicht nur [&hellip;]<\/p>\n","protected":false},"author":1,"featured_media":0,"parent":168,"menu_order":0,"comment_status":"closed","ping_status":"closed","template":"","meta":{"_et_pb_use_builder":"on","_et_pb_old_content":"","_et_gb_content_width":"","footnotes":""},"class_list":["post-206","page","type-page","status-publish","hentry"],"yoast_head":"<!-- This site is optimized with the Yoast SEO plugin v27.4 - https:\/\/yoast.com\/product\/yoast-seo-wordpress\/ -->\n<title>Anlagenumbau &amp; -erweiterung - SEGLER<\/title>\n<meta name=\"description\" content=\"Anlagenumbau &amp; -erweiterung von SEGLER\" \/>\n<meta name=\"robots\" content=\"index, follow, max-snippet:-1, max-image-preview:large, max-video-preview:-1\" \/>\n<link rel=\"canonical\" href=\"https:\/\/www.segler.eu\/ru\/\u0443\u0441\u043b\u0443\u0433\u0438\/\u0440\u0430\u0441\u0448\u0438\u0440\u0435\u043d\u0438\u0435-\u043a\u043e\u043d\u0432\u0435\u0440\u0441\u0438\u0438-\u0437\u0430\u0432\u043e\u0434\u0430\/\" \/>\n<meta property=\"og:locale\" content=\"ru_RU\" \/>\n<meta property=\"og:type\" content=\"article\" \/>\n<meta property=\"og:title\" content=\"Anlagenumbau &amp; -erweiterung - SEGLER\" \/>\n<meta property=\"og:description\" content=\"Anlagenumbau &amp; -erweiterung von SEGLER\" \/>\n<meta property=\"og:url\" content=\"https:\/\/www.segler.eu\/ru\/\u0443\u0441\u043b\u0443\u0433\u0438\/\u0440\u0430\u0441\u0448\u0438\u0440\u0435\u043d\u0438\u0435-\u043a\u043e\u043d\u0432\u0435\u0440\u0441\u0438\u0438-\u0437\u0430\u0432\u043e\u0434\u0430\/\" \/>\n<meta property=\"og:site_name\" content=\"SEGLER\" \/>\n<meta property=\"article:publisher\" content=\"https:\/\/www.facebook.com\/people\/Segler-Frderanlagen-Maschinenfabrik-GmbH\/61567270711954\/\" \/>\n<meta property=\"article:modified_time\" content=\"2025-10-13T07:57:31+00:00\" \/>\n<meta property=\"og:image\" content=\"https:\/\/www.segler.eu\/wp-content\/uploads\/2024\/11\/SEGLER-BERGE-1.png\" \/>\n\t<meta property=\"og:image:width\" content=\"750\" \/>\n\t<meta property=\"og:image:height\" content=\"750\" \/>\n\t<meta property=\"og:image:type\" content=\"image\/png\" \/>\n<meta name=\"twitter:label1\" content=\"\u041f\u0440\u0438\u043c\u0435\u0440\u043d\u043e\u0435 \u0432\u0440\u0435\u043c\u044f \u0434\u043b\u044f \u0447\u0442\u0435\u043d\u0438\u044f\" \/>\n\t<meta name=\"twitter:data1\" content=\"5 \u043c\u0438\u043d\u0443\u0442\" \/>\n<script type=\"application\/ld+json\" class=\"yoast-schema-graph\">{\"@context\":\"https:\\\/\\\/schema.org\",\"@graph\":[{\"@type\":\"WebPage\",\"@id\":\"https:\\\/\\\/www.segler.eu\\\/leistungen\\\/anlagenumbau-erweiterung\\\/\",\"url\":\"https:\\\/\\\/www.segler.eu\\\/leistungen\\\/anlagenumbau-erweiterung\\\/\",\"name\":\"Anlagenumbau & -erweiterung - SEGLER\",\"isPartOf\":{\"@id\":\"https:\\\/\\\/www.segler.eu\\\/#website\"},\"datePublished\":\"2024-11-04T15:07:51+00:00\",\"dateModified\":\"2025-10-13T07:57:31+00:00\",\"description\":\"Anlagenumbau & -erweiterung von SEGLER\",\"breadcrumb\":{\"@id\":\"https:\\\/\\\/www.segler.eu\\\/leistungen\\\/anlagenumbau-erweiterung\\\/#breadcrumb\"},\"inLanguage\":\"ru-RU\",\"potentialAction\":[{\"@type\":\"ReadAction\",\"target\":[\"https:\\\/\\\/www.segler.eu\\\/leistungen\\\/anlagenumbau-erweiterung\\\/\"]}]},{\"@type\":\"BreadcrumbList\",\"@id\":\"https:\\\/\\\/www.segler.eu\\\/leistungen\\\/anlagenumbau-erweiterung\\\/#breadcrumb\",\"itemListElement\":[{\"@type\":\"ListItem\",\"position\":1,\"name\":\"Startseite\",\"item\":\"https:\\\/\\\/www.segler.eu\\\/\"},{\"@type\":\"ListItem\",\"position\":2,\"name\":\"Leistungen\",\"item\":\"https:\\\/\\\/www.segler.eu\\\/leistungen\\\/\"},{\"@type\":\"ListItem\",\"position\":3,\"name\":\"Anlagenumbau &#038; -erweiterung\"}]},{\"@type\":\"WebSite\",\"@id\":\"https:\\\/\\\/www.segler.eu\\\/#website\",\"url\":\"https:\\\/\\\/www.segler.eu\\\/\",\"name\":\"SEGLER\",\"description\":\"Materials in motion\",\"publisher\":{\"@id\":\"https:\\\/\\\/www.segler.eu\\\/#organization\"},\"potentialAction\":[{\"@type\":\"SearchAction\",\"target\":{\"@type\":\"EntryPoint\",\"urlTemplate\":\"https:\\\/\\\/www.segler.eu\\\/?s={search_term_string}\"},\"query-input\":{\"@type\":\"PropertyValueSpecification\",\"valueRequired\":true,\"valueName\":\"search_term_string\"}}],\"inLanguage\":\"ru-RU\"},{\"@type\":\"Organization\",\"@id\":\"https:\\\/\\\/www.segler.eu\\\/#organization\",\"name\":\"Segler-F\u00f6rderanlagen Maschinenfabrik GmbH\",\"alternateName\":\"SEGLER\",\"url\":\"https:\\\/\\\/www.segler.eu\\\/\",\"logo\":{\"@type\":\"ImageObject\",\"inLanguage\":\"ru-RU\",\"@id\":\"https:\\\/\\\/www.segler.eu\\\/#\\\/schema\\\/logo\\\/image\\\/\",\"url\":\"https:\\\/\\\/www.segler.eu\\\/wp-content\\\/uploads\\\/2024\\\/11\\\/SEGLER-BERGE-1.png\",\"contentUrl\":\"https:\\\/\\\/www.segler.eu\\\/wp-content\\\/uploads\\\/2024\\\/11\\\/SEGLER-BERGE-1.png\",\"width\":750,\"height\":750,\"caption\":\"Segler-F\u00f6rderanlagen Maschinenfabrik GmbH\"},\"image\":{\"@id\":\"https:\\\/\\\/www.segler.eu\\\/#\\\/schema\\\/logo\\\/image\\\/\"},\"sameAs\":[\"https:\\\/\\\/www.facebook.com\\\/people\\\/Segler-Frderanlagen-Maschinenfabrik-GmbH\\\/61567270711954\\\/\"]}]}<\/script>\n<!-- \/ Yoast SEO plugin. -->","yoast_head_json":{"title":"\u041c\u043e\u0434\u0435\u0440\u043d\u0438\u0437\u0430\u0446\u0438\u044f \u0438 \u0440\u0430\u0441\u0448\u0438\u0440\u0435\u043d\u0438\u0435 \u0437\u0430\u0432\u043e\u0434\u0430 - SEGLER","description":"\u041f\u0435\u0440\u0435\u043e\u0431\u043e\u0440\u0443\u0434\u043e\u0432\u0430\u043d\u0438\u0435 \u0438 \u0440\u0430\u0441\u0448\u0438\u0440\u0435\u043d\u0438\u0435 \u0437\u0430\u0432\u043e\u0434\u0430 \u043e\u0442 SEGLER","robots":{"index":"index","follow":"follow","max-snippet":"max-snippet:-1","max-image-preview":"max-image-preview:large","max-video-preview":"max-video-preview:-1"},"canonical":"https:\/\/www.segler.eu\/ru\/\u0443\u0441\u043b\u0443\u0433\u0438\/\u0440\u0430\u0441\u0448\u0438\u0440\u0435\u043d\u0438\u0435-\u043a\u043e\u043d\u0432\u0435\u0440\u0441\u0438\u0438-\u0437\u0430\u0432\u043e\u0434\u0430\/","og_locale":"ru_RU","og_type":"article","og_title":"Anlagenumbau & -erweiterung - SEGLER","og_description":"Anlagenumbau & -erweiterung von SEGLER","og_url":"https:\/\/www.segler.eu\/ru\/\u0443\u0441\u043b\u0443\u0433\u0438\/\u0440\u0430\u0441\u0448\u0438\u0440\u0435\u043d\u0438\u0435-\u043a\u043e\u043d\u0432\u0435\u0440\u0441\u0438\u0438-\u0437\u0430\u0432\u043e\u0434\u0430\/","og_site_name":"SEGLER","article_publisher":"https:\/\/www.facebook.com\/people\/Segler-Frderanlagen-Maschinenfabrik-GmbH\/61567270711954\/","article_modified_time":"2025-10-13T07:57:31+00:00","og_image":[{"width":750,"height":750,"url":"https:\/\/www.segler.eu\/wp-content\/uploads\/2024\/11\/SEGLER-BERGE-1.png","type":"image\/png"}],"twitter_misc":{"\u041f\u0440\u0438\u043c\u0435\u0440\u043d\u043e\u0435 \u0432\u0440\u0435\u043c\u044f \u0434\u043b\u044f \u0447\u0442\u0435\u043d\u0438\u044f":"5 \u043c\u0438\u043d\u0443\u0442"},"schema":{"@context":"https:\/\/schema.org","@graph":[{"@type":"WebPage","@id":"https:\/\/www.segler.eu\/leistungen\/anlagenumbau-erweiterung\/","url":"https:\/\/www.segler.eu\/leistungen\/anlagenumbau-erweiterung\/","name":"\u041c\u043e\u0434\u0435\u0440\u043d\u0438\u0437\u0430\u0446\u0438\u044f \u0438 \u0440\u0430\u0441\u0448\u0438\u0440\u0435\u043d\u0438\u0435 \u0437\u0430\u0432\u043e\u0434\u0430 - SEGLER","isPartOf":{"@id":"https:\/\/www.segler.eu\/#website"},"datePublished":"2024-11-04T15:07:51+00:00","dateModified":"2025-10-13T07:57:31+00:00","description":"\u041f\u0435\u0440\u0435\u043e\u0431\u043e\u0440\u0443\u0434\u043e\u0432\u0430\u043d\u0438\u0435 \u0438 \u0440\u0430\u0441\u0448\u0438\u0440\u0435\u043d\u0438\u0435 \u0437\u0430\u0432\u043e\u0434\u0430 \u043e\u0442 SEGLER","breadcrumb":{"@id":"https:\/\/www.segler.eu\/leistungen\/anlagenumbau-erweiterung\/#breadcrumb"},"inLanguage":"ru-RU","potentialAction":[{"@type":"ReadAction","target":["https:\/\/www.segler.eu\/leistungen\/anlagenumbau-erweiterung\/"]}]},{"@type":"BreadcrumbList","@id":"https:\/\/www.segler.eu\/leistungen\/anlagenumbau-erweiterung\/#breadcrumb","itemListElement":[{"@type":"ListItem","position":1,"name":"Startseite","item":"https:\/\/www.segler.eu\/"},{"@type":"ListItem","position":2,"name":"Leistungen","item":"https:\/\/www.segler.eu\/leistungen\/"},{"@type":"ListItem","position":3,"name":"Anlagenumbau &#038; -erweiterung"}]},{"@type":"WebSite","@id":"https:\/\/www.segler.eu\/#website","url":"https:\/\/www.segler.eu\/","name":"SEGLER","description":"\u041c\u0430\u0442\u0435\u0440\u0438\u0430\u043b\u044b \u0432 \u0434\u0432\u0438\u0436\u0435\u043d\u0438\u0438","publisher":{"@id":"https:\/\/www.segler.eu\/#organization"},"potentialAction":[{"@type":"SearchAction","target":{"@type":"EntryPoint","urlTemplate":"https:\/\/www.segler.eu\/?s={search_term_string}"},"query-input":{"@type":"PropertyValueSpecification","valueRequired":true,"valueName":"search_term_string"}}],"inLanguage":"ru-RU"},{"@type":"Organization","@id":"https:\/\/www.segler.eu\/#organization","name":"Segler-F\u00f6rderanlagen Maschinenfabrik GmbH","alternateName":"SEGLER","url":"https:\/\/www.segler.eu\/","logo":{"@type":"ImageObject","inLanguage":"ru-RU","@id":"https:\/\/www.segler.eu\/#\/schema\/logo\/image\/","url":"https:\/\/www.segler.eu\/wp-content\/uploads\/2024\/11\/SEGLER-BERGE-1.png","contentUrl":"https:\/\/www.segler.eu\/wp-content\/uploads\/2024\/11\/SEGLER-BERGE-1.png","width":750,"height":750,"caption":"Segler-F\u00f6rderanlagen Maschinenfabrik GmbH"},"image":{"@id":"https:\/\/www.segler.eu\/#\/schema\/logo\/image\/"},"sameAs":["https:\/\/www.facebook.com\/people\/Segler-Frderanlagen-Maschinenfabrik-GmbH\/61567270711954\/"]}]}},"_links":{"self":[{"href":"https:\/\/www.segler.eu\/ru\/wp-json\/wp\/v2\/pages\/206","targetHints":{"allow":["GET"]}}],"collection":[{"href":"https:\/\/www.segler.eu\/ru\/wp-json\/wp\/v2\/pages"}],"about":[{"href":"https:\/\/www.segler.eu\/ru\/wp-json\/wp\/v2\/types\/page"}],"author":[{"embeddable":true,"href":"https:\/\/www.segler.eu\/ru\/wp-json\/wp\/v2\/users\/1"}],"replies":[{"embeddable":true,"href":"https:\/\/www.segler.eu\/ru\/wp-json\/wp\/v2\/comments?post=206"}],"version-history":[{"count":0,"href":"https:\/\/www.segler.eu\/ru\/wp-json\/wp\/v2\/pages\/206\/revisions"}],"up":[{"embeddable":true,"href":"https:\/\/www.segler.eu\/ru\/wp-json\/wp\/v2\/pages\/168"}],"wp:attachment":[{"href":"https:\/\/www.segler.eu\/ru\/wp-json\/wp\/v2\/media?parent=206"}],"curies":[{"name":"WP","href":"https:\/\/api.w.org\/{rel}","templated":true}]}}