{"id":208,"date":"2024-11-04T16:07:57","date_gmt":"2024-11-04T15:07:57","guid":{"rendered":"http:\/\/www.segler.eu\/?page_id=208"},"modified":"2025-08-17T21:51:40","modified_gmt":"2025-08-17T19:51:40","slug":"%d0%bf%d1%80%d0%be%d0%b8%d0%b7%d0%b2%d0%be%d0%b4%d1%81%d1%82%d0%b2%d0%be","status":"publish","type":"page","link":"https:\/\/www.segler.eu\/ru\/leistungen\/fertigung\/","title":{"rendered":"\u043f\u0440\u043e\u0438\u0437\u0432\u043e\u0434\u0441\u0442\u0432\u043e"},"content":{"rendered":"<p>[et_pb_section fb_built=&#8220;1&#8243; _builder_version=&#8220;4.27.2&#8243; _module_preset=&#8220;default&#8220; background_image=&#8220;http:\/\/www.segler.eu\/wp-content\/uploads\/2024\/11\/fertigung.jpg&#8220; height=&#8220;45vh&#8220; custom_margin=&#8220;-10%||||false|false&#8220; locked=&#8220;off&#8220; global_colors_info=&#8220;{}&#8220;][et_pb_row _builder_version=&#8220;4.27.2&#8243; _module_preset=&#8220;default&#8220; custom_padding=&#8220;20vh||||false|false&#8220; global_colors_info=&#8220;{}&#8220;][et_pb_column type=&#8220;4_4&#8243; _builder_version=&#8220;4.27.2&#8243; _module_preset=&#8220;default&#8220; global_colors_info=&#8220;{}&#8220;][\/et_pb_column][\/et_pb_row][\/et_pb_section][et_pb_section fb_built=&#8220;1&#8243; _builder_version=&#8220;4.27.2&#8243; _module_preset=&#8220;default&#8220; locked=&#8220;off&#8220; global_colors_info=&#8220;{}&#8220;][et_pb_row _builder_version=&#8220;4.27.2&#8243; _module_preset=&#8220;default&#8220; custom_margin=&#8220;0px||0px||true|false&#8220; custom_padding=&#8220;0px||0px||true|false&#8220; locked=&#8220;off&#8220; global_colors_info=&#8220;{}&#8220;][et_pb_column type=&#8220;4_4&#8243; _builder_version=&#8220;4.27.2&#8243; _module_preset=&#8220;default&#8220; global_colors_info=&#8220;{}&#8220;][et_pb_heading title=&#8220;Leistungen&#8220; _builder_version=&#8220;4.27.2&#8243; _module_preset=&#8220;default&#8220; title_level=&#8220;h4&#8243; title_font=&#8220;|||on|||||&#8220; title_text_color=&#8220;#b82435&#8243; custom_margin=&#8220;0px||0px||false|false&#8220; custom_padding=&#8220;0px||0px||false|false&#8220; global_colors_info=&#8220;{}&#8220;][\/et_pb_heading][et_pb_heading title=&#8220;Fertigung&#8220; _builder_version=&#8220;4.27.2&#8243; _module_preset=&#8220;default&#8220; title_font=&#8220;|||on|||||&#8220; custom_margin=&#8220;0px||15px||false|false&#8220; custom_padding=&#8220;0px||0px||true|false&#8220; global_colors_info=&#8220;{}&#8220;][\/et_pb_heading][et_pb_divider _builder_version=&#8220;4.27.2&#8243; _module_preset=&#8220;default&#8220; width=&#8220;50%&#8220; global_colors_info=&#8220;{}&#8220;][\/et_pb_divider][\/et_pb_column][\/et_pb_row][et_pb_row _builder_version=&#8220;4.27.2&#8243; _module_preset=&#8220;default&#8220; global_colors_info=&#8220;{}&#8220;][et_pb_column type=&#8220;4_4&#8243; _builder_version=&#8220;4.27.2&#8243; _module_preset=&#8220;default&#8220; global_colors_info=&#8220;{}&#8220;][et_pb_text _builder_version=&#8220;4.27.4&#8243; _module_preset=&#8220;default&#8220; hover_enabled=&#8220;0&#8243; global_colors_info=&#8220;{}&#8220; sticky_enabled=&#8220;0&#8243;]<\/p>\n<p><span>H\u00f6chste Produktqualit\u00e4t, die den neuesten Entwicklungen entspricht, bedarf einer modernen, intelligenten Fertigung. SEGLER realisiert diese, indem wir unsere Prozesse laufend optimieren und durch innovative Technologien erg\u00e4nzen.<\/span><\/p>\n<p>Unsere Mitarbeiter verstehen ihr Handwerk. Durch ihren engagierten und meist langj\u00e4hrigen Einsatz f\u00fcr SEGLER, verf\u00fcgen wir \u00fcber ein au\u00dfergew\u00f6hnlich gro\u00dfes technisches Know-how. Dieses Erfahrungswissen, wie z.B. in der Metallverarbeitung und im Umgang mit g\u00e4ngigen, sowie Spezial-Werkstoffen wird von ihnen mit in die Arbeit mit eingebracht. Dabei legen wir gr\u00f6\u00dften Wert auf eine sehr gute Ausbildung und Weiterbildung unseres Personals.<\/p>\n<p>Ausschlie\u00dflich qualifizierte, gepr\u00fcfte Fachkr\u00e4fte f\u00fchren die Schwei\u00dfarbeiten aus, nat\u00fcrlich nach modernsten Verfahren.<\/p>\n<ul><\/ul>\n<p>[\/et_pb_text][et_pb_toggle title=&#8220;Lasertechnik&#8220; icon_color=&#8220;#b82435&#8243; _builder_version=&#8220;4.27.4&#8243; _module_preset=&#8220;default&#8220; title_text_color=&#8220;#b82435&#8243; title_level=&#8220;h3&#8243; hover_enabled=&#8220;0&#8243; locked=&#8220;off&#8220; global_colors_info=&#8220;{}&#8220; sticky_enabled=&#8220;0&#8243;]<\/p>\n<p>Warum sollten Sie Ihre Laserteile bei SEGLER bestellen?<\/p>\n<ul>\n<li>Schnelle Lieferung<\/li>\n<li>Saubere Schnittkanten<\/li>\n<li>Individuelle Anpassungen<\/li>\n<li>Mehr als 40 Jahre Erfahrung<\/li>\n<li>Modernster Maschinenpark<\/li>\n<li>Unsere Maschinen werden mit unserer PV-Anlage betrieben<\/li>\n<\/ul>\n<p>Know-how: Wir schneiden die verschiedensten Materialien mit unserem Laser<\/p>\n<ul>\n<li>Edelstahl bis zu 25 mm<\/li>\n<li>Baustahl bis zu 35 mm<\/li>\n<li>Aluminium bis zu 25 mm<\/li>\n<li>Kupfer\/Messing bis zu 15 mm<\/li>\n<\/ul>\n<p>Nachhaltigkeit: Durch unsere PV-Anlage betreiben wir den Laser zum gr\u00f6\u00dften Teil mit gr\u00fcnem Strom. Dadurch wird die Umwelt gesch\u00fctzt und nur wenige Ressourcen gebraucht. Dank unserer optimierten Software verschachteln wir die Bleche bis auf den letzten Millimeter.<\/p>\n<p>[\/et_pb_toggle][et_pb_text _builder_version=&#8220;4.27.2&#8243; _module_preset=&#8220;default&#8220; global_colors_info=&#8220;{}&#8220;]<\/p>\n<p><strong>Technische Ausstattung:<\/strong><\/p>\n<ul>\n<li>3D-CAD-Konstruktionssoftware Solid Works<\/li>\n<li>CNC-Bearbeitungszentrum (drehen und fr\u00e4sen)<\/li>\n<li>Montagehalle mit Portalkran Traglast von 2x 16t bei 6 Meter Arbeitsh\u00f6he<\/li>\n<li>Laserschneidanlage bis 12 mm Edelstahl<\/li>\n<li>Plasmaschneidanlage (Feinplasma) bis 60 mm Edelstahl und Rotator f\u00fcr Rohr- und Kl\u00f6pperbearbeitung<\/li>\n<li>Schleifmaschine<\/li>\n<li>CNC-Abkantzentrum mit 640 Tonnen Presskraft auf 6 Meter L\u00e4nge<\/li>\n<li>Diverse Fl\u00fcgelpressen, Walzen, S\u00e4gen<\/li>\n<li>Schwei\u00dfen\n<ul>\n<li>WIG, MIG\/MAG, PTA<\/li>\n<li>Schwei\u00dfroboter mit Lasernaht-Suchsystem<\/li>\n<li>Aufpanzern mit diversen F\u00fclldr\u00e4hten aus Wolframkarbid (auch Rohre von innen auf eine L\u00e4nge von bis zu 6 Meter)<\/li>\n<\/ul>\n<\/li>\n<\/ul>\n<p>[\/et_pb_text][\/et_pb_column][\/et_pb_row][et_pb_row column_structure=&#8220;3_5,2_5&#8243; make_equal=&#8220;on&#8220; _builder_version=&#8220;4.27.2&#8243; _module_preset=&#8220;default&#8220; background_color=&#8220;#b82435&#8243; custom_padding=&#8220;20px|25px|20px|25px|true|true&#8220; border_radii=&#8220;on|2px|2px|2px|2px&#8220; box_shadow_style=&#8220;preset1&#8243; global_colors_info=&#8220;{}&#8220;][et_pb_column type=&#8220;3_5&#8243; module_class=&#8220;vertikal-zentrieren&#8220; _builder_version=&#8220;4.27.2&#8243; _module_preset=&#8220;default&#8220; global_colors_info=&#8220;{}&#8220;][et_pb_heading title=&#8220; Sichern Sie sich h\u00f6chste Qualit\u00e4t \u2013 Kontaktieren Sie uns!&#8220; _builder_version=&#8220;4.27.2&#8243; _module_preset=&#8220;default&#8220; title_level=&#8220;h4&#8243; title_text_align=&#8220;left&#8220; title_text_color=&#8220;#FFFFFF&#8220; custom_margin=&#8220;||0px||false|false&#8220; global_colors_info=&#8220;{}&#8220;][\/et_pb_heading][et_pb_text _builder_version=&#8220;4.27.2&#8243; _module_preset=&#8220;default&#8220; global_colors_info=&#8220;{}&#8220;]<\/p>\n<p><span style=\"color: #ffffff;\">H\u00f6chste Qualit\u00e4t durch moderne Fertigung und erfahrene Fachkr\u00e4fte \u2013 Vertrauen Sie auf SEGLER f\u00fcr Ihre individuellen L\u00f6sungen.<\/span><\/p>\n<p>[\/et_pb_text][\/et_pb_column][et_pb_column type=&#8220;2_5&#8243; module_class=&#8220;vertikal-zentrieren&#8220; _builder_version=&#8220;4.27.2&#8243; _module_preset=&#8220;default&#8220; global_colors_info=&#8220;{}&#8220;][et_pb_button button_url=&#8220;@ET-DC@eyJkeW5hbWljIjp0cnVlLCJjb250ZW50IjoicG9zdF9saW5rX3VybF9wYWdlIiwic2V0dGluZ3MiOnsicG9zdF9pZCI6IjI3MyJ9fQ==@&#8220; button_text=&#8220;Jetzt Kontakt aufnehmen&#8220; button_alignment=&#8220;center&#8220; _builder_version=&#8220;4.27.2&#8243; _dynamic_attributes=&#8220;button_url&#8220; _module_preset=&#8220;default&#8220; custom_button=&#8220;on&#8220; button_text_color=&#8220;#b82435&#8243; button_bg_color=&#8220;#FFFFFF&#8220; button_border_width=&#8220;1px&#8220; button_border_color=&#8220;#FFFFFF&#8220; box_shadow_style=&#8220;preset1&#8243; global_colors_info=&#8220;{}&#8220;][\/et_pb_button][\/et_pb_column][\/et_pb_row][\/et_pb_section]<\/p>\n","protected":false},"excerpt":{"rendered":"<p>H\u00f6chste Produktqualit\u00e4t, die den neuesten Entwicklungen entspricht, bedarf einer modernen, intelligenten Fertigung. SEGLER realisiert diese, indem wir unsere Prozesse laufend optimieren und durch innovative Technologien erg\u00e4nzen. Unsere Mitarbeiter verstehen ihr Handwerk. Durch ihren engagierten und meist langj\u00e4hrigen Einsatz f\u00fcr SEGLER, verf\u00fcgen wir \u00fcber ein au\u00dfergew\u00f6hnlich gro\u00dfes technisches Know-how. Dieses Erfahrungswissen, wie z.B. in der Metallverarbeitung [&hellip;]<\/p>\n","protected":false},"author":1,"featured_media":0,"parent":168,"menu_order":0,"comment_status":"closed","ping_status":"closed","template":"","meta":{"_et_pb_use_builder":"on","_et_pb_old_content":"","_et_gb_content_width":"","footnotes":""},"class_list":["post-208","page","type-page","status-publish","hentry"],"yoast_head":"<!-- This site is optimized with the Yoast SEO plugin v27.6 - https:\/\/yoast.com\/product\/yoast-seo-wordpress\/ -->\n<title>SEGLER Fertigung \u2013 Pr\u00e4zision in der Metallverarbeitung<\/title>\n<meta name=\"description\" content=\"Modernste Fertigung bei SEGLER: Lasertechnik, CNC-Bearbeitung &amp; gepr\u00fcfte Schwei\u00dfarbeiten f\u00fcr h\u00f6chste Qualit\u00e4t &amp; nachhaltige Produktion.\" \/>\n<meta name=\"robots\" content=\"index, follow, max-snippet:-1, max-image-preview:large, max-video-preview:-1\" \/>\n<link rel=\"canonical\" href=\"https:\/\/www.segler.eu\/ru\/\u0443\u0441\u043b\u0443\u0433\u0438\/\u043f\u0440\u043e\u0438\u0437\u0432\u043e\u0434\u0441\u0442\u0432\u043e\/\" \/>\n<meta property=\"og:locale\" content=\"ru_RU\" \/>\n<meta property=\"og:type\" content=\"article\" \/>\n<meta property=\"og:title\" content=\"SEGLER Fertigung \u2013 Pr\u00e4zision in der Metallverarbeitung\" \/>\n<meta property=\"og:description\" content=\"Modernste Fertigung bei SEGLER: Lasertechnik, CNC-Bearbeitung &amp; gepr\u00fcfte Schwei\u00dfarbeiten f\u00fcr h\u00f6chste Qualit\u00e4t &amp; nachhaltige Produktion.\" \/>\n<meta property=\"og:url\" content=\"https:\/\/www.segler.eu\/ru\/\u0443\u0441\u043b\u0443\u0433\u0438\/\u043f\u0440\u043e\u0438\u0437\u0432\u043e\u0434\u0441\u0442\u0432\u043e\/\" \/>\n<meta property=\"og:site_name\" content=\"SEGLER\" \/>\n<meta property=\"article:publisher\" content=\"https:\/\/www.facebook.com\/people\/Segler-Frderanlagen-Maschinenfabrik-GmbH\/61567270711954\/\" \/>\n<meta property=\"article:modified_time\" content=\"2025-08-17T19:51:40+00:00\" \/>\n<meta property=\"og:image\" content=\"https:\/\/www.segler.eu\/wp-content\/uploads\/2024\/11\/SEGLER-BERGE-1.png\" \/>\n\t<meta property=\"og:image:width\" content=\"750\" \/>\n\t<meta property=\"og:image:height\" content=\"750\" \/>\n\t<meta property=\"og:image:type\" content=\"image\/png\" \/>\n<meta name=\"twitter:label1\" content=\"\u041f\u0440\u0438\u043c\u0435\u0440\u043d\u043e\u0435 \u0432\u0440\u0435\u043c\u044f \u0434\u043b\u044f \u0447\u0442\u0435\u043d\u0438\u044f\" \/>\n\t<meta name=\"twitter:data1\" content=\"2 \u043c\u0438\u043d\u0443\u0442\u044b\" \/>\n<script type=\"application\/ld+json\" class=\"yoast-schema-graph\">{\"@context\":\"https:\\\/\\\/schema.org\",\"@graph\":[{\"@type\":\"WebPage\",\"@id\":\"https:\\\/\\\/www.segler.eu\\\/leistungen\\\/fertigung\\\/\",\"url\":\"https:\\\/\\\/www.segler.eu\\\/leistungen\\\/fertigung\\\/\",\"name\":\"SEGLER Fertigung \u2013 Pr\u00e4zision in der Metallverarbeitung\",\"isPartOf\":{\"@id\":\"https:\\\/\\\/www.segler.eu\\\/#website\"},\"datePublished\":\"2024-11-04T15:07:57+00:00\",\"dateModified\":\"2025-08-17T19:51:40+00:00\",\"description\":\"Modernste Fertigung bei SEGLER: Lasertechnik, CNC-Bearbeitung & gepr\u00fcfte Schwei\u00dfarbeiten f\u00fcr h\u00f6chste Qualit\u00e4t & nachhaltige Produktion.\",\"breadcrumb\":{\"@id\":\"https:\\\/\\\/www.segler.eu\\\/leistungen\\\/fertigung\\\/#breadcrumb\"},\"inLanguage\":\"ru-RU\",\"potentialAction\":[{\"@type\":\"ReadAction\",\"target\":[\"https:\\\/\\\/www.segler.eu\\\/leistungen\\\/fertigung\\\/\"]}]},{\"@type\":\"BreadcrumbList\",\"@id\":\"https:\\\/\\\/www.segler.eu\\\/leistungen\\\/fertigung\\\/#breadcrumb\",\"itemListElement\":[{\"@type\":\"ListItem\",\"position\":1,\"name\":\"Startseite\",\"item\":\"https:\\\/\\\/www.segler.eu\\\/\"},{\"@type\":\"ListItem\",\"position\":2,\"name\":\"Leistungen\",\"item\":\"https:\\\/\\\/www.segler.eu\\\/leistungen\\\/\"},{\"@type\":\"ListItem\",\"position\":3,\"name\":\"Fertigung\"}]},{\"@type\":\"WebSite\",\"@id\":\"https:\\\/\\\/www.segler.eu\\\/#website\",\"url\":\"https:\\\/\\\/www.segler.eu\\\/\",\"name\":\"SEGLER\",\"description\":\"Materials in motion\",\"publisher\":{\"@id\":\"https:\\\/\\\/www.segler.eu\\\/#organization\"},\"potentialAction\":[{\"@type\":\"SearchAction\",\"target\":{\"@type\":\"EntryPoint\",\"urlTemplate\":\"https:\\\/\\\/www.segler.eu\\\/?s={search_term_string}\"},\"query-input\":{\"@type\":\"PropertyValueSpecification\",\"valueRequired\":true,\"valueName\":\"search_term_string\"}}],\"inLanguage\":\"ru-RU\"},{\"@type\":\"Organization\",\"@id\":\"https:\\\/\\\/www.segler.eu\\\/#organization\",\"name\":\"Segler-F\u00f6rderanlagen Maschinenfabrik GmbH\",\"alternateName\":\"SEGLER\",\"url\":\"https:\\\/\\\/www.segler.eu\\\/\",\"logo\":{\"@type\":\"ImageObject\",\"inLanguage\":\"ru-RU\",\"@id\":\"https:\\\/\\\/www.segler.eu\\\/#\\\/schema\\\/logo\\\/image\\\/\",\"url\":\"https:\\\/\\\/www.segler.eu\\\/wp-content\\\/uploads\\\/2024\\\/11\\\/SEGLER-BERGE-1.png\",\"contentUrl\":\"https:\\\/\\\/www.segler.eu\\\/wp-content\\\/uploads\\\/2024\\\/11\\\/SEGLER-BERGE-1.png\",\"width\":750,\"height\":750,\"caption\":\"Segler-F\u00f6rderanlagen Maschinenfabrik GmbH\"},\"image\":{\"@id\":\"https:\\\/\\\/www.segler.eu\\\/#\\\/schema\\\/logo\\\/image\\\/\"},\"sameAs\":[\"https:\\\/\\\/www.facebook.com\\\/people\\\/Segler-Frderanlagen-Maschinenfabrik-GmbH\\\/61567270711954\\\/\"]}]}<\/script>\n<!-- \/ Yoast SEO plugin. -->","yoast_head_json":{"title":"SEGLER \u041f\u0440\u043e\u0438\u0437\u0432\u043e\u0434\u0441\u0442\u0432\u043e - \u0442\u043e\u0447\u043d\u043e\u0441\u0442\u044c \u0432 \u043c\u0435\u0442\u0430\u043b\u043b\u043e\u043e\u0431\u0440\u0430\u0431\u043e\u0442\u043a\u0435","description":"\u0421\u043e\u0432\u0440\u0435\u043c\u0435\u043d\u043d\u043e\u0435 \u043f\u0440\u043e\u0438\u0437\u0432\u043e\u0434\u0441\u0442\u0432\u043e \u0432 SEGLER: \u043b\u0430\u0437\u0435\u0440\u043d\u044b\u0435 \u0442\u0435\u0445\u043d\u043e\u043b\u043e\u0433\u0438\u0438, \u043e\u0431\u0440\u0430\u0431\u043e\u0442\u043a\u0430 \u043d\u0430 \u0441\u0442\u0430\u043d\u043a\u0430\u0445 \u0441 \u0427\u041f\u0423 \u0438 \u0441\u0435\u0440\u0442\u0438\u0444\u0438\u0446\u0438\u0440\u043e\u0432\u0430\u043d\u043d\u0430\u044f \u0441\u0432\u0430\u0440\u043a\u0430 \u0434\u043b\u044f \u0432\u044b\u0441\u043e\u0447\u0430\u0439\u0448\u0435\u0433\u043e \u043a\u0430\u0447\u0435\u0441\u0442\u0432\u0430 \u0438 \u0443\u0441\u0442\u043e\u0439\u0447\u0438\u0432\u043e\u0433\u043e \u043f\u0440\u043e\u0438\u0437\u0432\u043e\u0434\u0441\u0442\u0432\u0430.","robots":{"index":"index","follow":"follow","max-snippet":"max-snippet:-1","max-image-preview":"max-image-preview:large","max-video-preview":"max-video-preview:-1"},"canonical":"https:\/\/www.segler.eu\/ru\/\u0443\u0441\u043b\u0443\u0433\u0438\/\u043f\u0440\u043e\u0438\u0437\u0432\u043e\u0434\u0441\u0442\u0432\u043e\/","og_locale":"ru_RU","og_type":"article","og_title":"SEGLER Fertigung \u2013 Pr\u00e4zision in der Metallverarbeitung","og_description":"Modernste Fertigung bei SEGLER: Lasertechnik, CNC-Bearbeitung & gepr\u00fcfte Schwei\u00dfarbeiten f\u00fcr h\u00f6chste Qualit\u00e4t & nachhaltige Produktion.","og_url":"https:\/\/www.segler.eu\/ru\/\u0443\u0441\u043b\u0443\u0433\u0438\/\u043f\u0440\u043e\u0438\u0437\u0432\u043e\u0434\u0441\u0442\u0432\u043e\/","og_site_name":"SEGLER","article_publisher":"https:\/\/www.facebook.com\/people\/Segler-Frderanlagen-Maschinenfabrik-GmbH\/61567270711954\/","article_modified_time":"2025-08-17T19:51:40+00:00","og_image":[{"width":750,"height":750,"url":"https:\/\/www.segler.eu\/wp-content\/uploads\/2024\/11\/SEGLER-BERGE-1.png","type":"image\/png"}],"twitter_misc":{"\u041f\u0440\u0438\u043c\u0435\u0440\u043d\u043e\u0435 \u0432\u0440\u0435\u043c\u044f \u0434\u043b\u044f \u0447\u0442\u0435\u043d\u0438\u044f":"2 \u043c\u0438\u043d\u0443\u0442\u044b"},"schema":{"@context":"https:\/\/schema.org","@graph":[{"@type":"WebPage","@id":"https:\/\/www.segler.eu\/leistungen\/fertigung\/","url":"https:\/\/www.segler.eu\/leistungen\/fertigung\/","name":"SEGLER \u041f\u0440\u043e\u0438\u0437\u0432\u043e\u0434\u0441\u0442\u0432\u043e - \u0442\u043e\u0447\u043d\u043e\u0441\u0442\u044c \u0432 \u043c\u0435\u0442\u0430\u043b\u043b\u043e\u043e\u0431\u0440\u0430\u0431\u043e\u0442\u043a\u0435","isPartOf":{"@id":"https:\/\/www.segler.eu\/#website"},"datePublished":"2024-11-04T15:07:57+00:00","dateModified":"2025-08-17T19:51:40+00:00","description":"\u0421\u043e\u0432\u0440\u0435\u043c\u0435\u043d\u043d\u043e\u0435 \u043f\u0440\u043e\u0438\u0437\u0432\u043e\u0434\u0441\u0442\u0432\u043e \u0432 SEGLER: \u043b\u0430\u0437\u0435\u0440\u043d\u044b\u0435 \u0442\u0435\u0445\u043d\u043e\u043b\u043e\u0433\u0438\u0438, \u043e\u0431\u0440\u0430\u0431\u043e\u0442\u043a\u0430 \u043d\u0430 \u0441\u0442\u0430\u043d\u043a\u0430\u0445 \u0441 \u0427\u041f\u0423 \u0438 \u0441\u0435\u0440\u0442\u0438\u0444\u0438\u0446\u0438\u0440\u043e\u0432\u0430\u043d\u043d\u0430\u044f \u0441\u0432\u0430\u0440\u043a\u0430 \u0434\u043b\u044f \u0432\u044b\u0441\u043e\u0447\u0430\u0439\u0448\u0435\u0433\u043e \u043a\u0430\u0447\u0435\u0441\u0442\u0432\u0430 \u0438 \u0443\u0441\u0442\u043e\u0439\u0447\u0438\u0432\u043e\u0433\u043e \u043f\u0440\u043e\u0438\u0437\u0432\u043e\u0434\u0441\u0442\u0432\u0430.","breadcrumb":{"@id":"https:\/\/www.segler.eu\/leistungen\/fertigung\/#breadcrumb"},"inLanguage":"ru-RU","potentialAction":[{"@type":"ReadAction","target":["https:\/\/www.segler.eu\/leistungen\/fertigung\/"]}]},{"@type":"BreadcrumbList","@id":"https:\/\/www.segler.eu\/leistungen\/fertigung\/#breadcrumb","itemListElement":[{"@type":"ListItem","position":1,"name":"Startseite","item":"https:\/\/www.segler.eu\/"},{"@type":"ListItem","position":2,"name":"Leistungen","item":"https:\/\/www.segler.eu\/leistungen\/"},{"@type":"ListItem","position":3,"name":"Fertigung"}]},{"@type":"WebSite","@id":"https:\/\/www.segler.eu\/#website","url":"https:\/\/www.segler.eu\/","name":"SEGLER","description":"\u041c\u0430\u0442\u0435\u0440\u0438\u0430\u043b\u044b \u0432 \u0434\u0432\u0438\u0436\u0435\u043d\u0438\u0438","publisher":{"@id":"https:\/\/www.segler.eu\/#organization"},"potentialAction":[{"@type":"SearchAction","target":{"@type":"EntryPoint","urlTemplate":"https:\/\/www.segler.eu\/?s={search_term_string}"},"query-input":{"@type":"PropertyValueSpecification","valueRequired":true,"valueName":"search_term_string"}}],"inLanguage":"ru-RU"},{"@type":"Organization","@id":"https:\/\/www.segler.eu\/#organization","name":"Segler-F\u00f6rderanlagen Maschinenfabrik GmbH","alternateName":"SEGLER","url":"https:\/\/www.segler.eu\/","logo":{"@type":"ImageObject","inLanguage":"ru-RU","@id":"https:\/\/www.segler.eu\/#\/schema\/logo\/image\/","url":"https:\/\/www.segler.eu\/wp-content\/uploads\/2024\/11\/SEGLER-BERGE-1.png","contentUrl":"https:\/\/www.segler.eu\/wp-content\/uploads\/2024\/11\/SEGLER-BERGE-1.png","width":750,"height":750,"caption":"Segler-F\u00f6rderanlagen Maschinenfabrik GmbH"},"image":{"@id":"https:\/\/www.segler.eu\/#\/schema\/logo\/image\/"},"sameAs":["https:\/\/www.facebook.com\/people\/Segler-Frderanlagen-Maschinenfabrik-GmbH\/61567270711954\/"]}]}},"_links":{"self":[{"href":"https:\/\/www.segler.eu\/ru\/wp-json\/wp\/v2\/pages\/208","targetHints":{"allow":["GET"]}}],"collection":[{"href":"https:\/\/www.segler.eu\/ru\/wp-json\/wp\/v2\/pages"}],"about":[{"href":"https:\/\/www.segler.eu\/ru\/wp-json\/wp\/v2\/types\/page"}],"author":[{"embeddable":true,"href":"https:\/\/www.segler.eu\/ru\/wp-json\/wp\/v2\/users\/1"}],"replies":[{"embeddable":true,"href":"https:\/\/www.segler.eu\/ru\/wp-json\/wp\/v2\/comments?post=208"}],"version-history":[{"count":0,"href":"https:\/\/www.segler.eu\/ru\/wp-json\/wp\/v2\/pages\/208\/revisions"}],"up":[{"embeddable":true,"href":"https:\/\/www.segler.eu\/ru\/wp-json\/wp\/v2\/pages\/168"}],"wp:attachment":[{"href":"https:\/\/www.segler.eu\/ru\/wp-json\/wp\/v2\/media?parent=208"}],"curies":[{"name":"WP","href":"https:\/\/api.w.org\/{rel}","templated":true}]}}