{"id":212,"date":"2024-11-04T16:08:28","date_gmt":"2024-11-04T15:08:28","guid":{"rendered":"http:\/\/www.segler.eu\/?page_id=212"},"modified":"2025-10-15T08:53:13","modified_gmt":"2025-10-15T06:53:13","slug":"%d0%b7%d0%b0%d0%bf%d1%87%d0%b0%d1%81%d1%82%d0%b8","status":"publish","type":"page","link":"https:\/\/www.segler.eu\/ru\/leistungen\/ersatzteile\/","title":{"rendered":"\u0417\u0430\u043f\u0447\u0430\u0441\u0442\u0438"},"content":{"rendered":"<p>[et_pb_section fb_built=&#8220;1&#8243; _builder_version=&#8220;4.27.4&#8243; _module_preset=&#8220;default&#8220; background_image=&#8220;https:\/\/www.segler.eu\/wp-content\/uploads\/2024\/12\/125_2011_04_27_ND30297.jpg&#8220; height=&#8220;45vh&#8220; custom_margin=&#8220;-10%||||false|false&#8220; locked=&#8220;off&#8220; global_colors_info=&#8220;{}&#8220;][et_pb_row _builder_version=&#8220;4.27.2&#8243; _module_preset=&#8220;default&#8220; custom_padding=&#8220;20vh||||false|false&#8220; global_colors_info=&#8220;{}&#8220;][et_pb_column type=&#8220;4_4&#8243; _builder_version=&#8220;4.27.2&#8243; _module_preset=&#8220;default&#8220; global_colors_info=&#8220;{}&#8220;][\/et_pb_column][\/et_pb_row][\/et_pb_section][et_pb_section fb_built=&#8220;1&#8243; _builder_version=&#8220;4.27.2&#8243; _module_preset=&#8220;default&#8220; locked=&#8220;off&#8220; global_colors_info=&#8220;{}&#8220;][et_pb_row _builder_version=&#8220;4.27.2&#8243; _module_preset=&#8220;default&#8220; custom_margin=&#8220;0px||0px||true|false&#8220; custom_padding=&#8220;0px||0px||true|false&#8220; locked=&#8220;off&#8220; global_colors_info=&#8220;{}&#8220;][et_pb_column type=&#8220;4_4&#8243; _builder_version=&#8220;4.27.2&#8243; _module_preset=&#8220;default&#8220; global_colors_info=&#8220;{}&#8220;][et_pb_heading title=&#8220;Leistungen&#8220; _builder_version=&#8220;4.27.2&#8243; _module_preset=&#8220;default&#8220; title_level=&#8220;h4&#8243; title_font=&#8220;|||on|||||&#8220; title_text_color=&#8220;#b82435&#8243; custom_margin=&#8220;0px||0px||false|false&#8220; custom_padding=&#8220;0px||0px||false|false&#8220; global_colors_info=&#8220;{}&#8220;][\/et_pb_heading][et_pb_heading title=&#8220;Ersatzteile&#8220; _builder_version=&#8220;4.27.2&#8243; _module_preset=&#8220;default&#8220; title_font=&#8220;|||on|||||&#8220; custom_margin=&#8220;0px||15px||false|false&#8220; custom_padding=&#8220;0px||0px||true|false&#8220; global_colors_info=&#8220;{}&#8220;][\/et_pb_heading][et_pb_divider _builder_version=&#8220;4.27.2&#8243; _module_preset=&#8220;default&#8220; width=&#8220;50%&#8220; global_colors_info=&#8220;{}&#8220;][\/et_pb_divider][\/et_pb_column][\/et_pb_row][et_pb_row _builder_version=&#8220;4.27.2&#8243; _module_preset=&#8220;default&#8220; global_colors_info=&#8220;{}&#8220;][et_pb_column type=&#8220;4_4&#8243; _builder_version=&#8220;4.27.2&#8243; _module_preset=&#8220;default&#8220; global_colors_info=&#8220;{}&#8220;][et_pb_text _builder_version=&#8220;4.27.4&#8243; _module_preset=&#8220;default&#8220; hover_enabled=&#8220;0&#8243; global_colors_info=&#8220;{}&#8220; sticky_enabled=&#8220;0&#8243;]<\/p>\n<p><b>Ihre Produktionssicherheit im Fokus: Schnell, pr\u00e4zise und zuverl\u00e4ssig.<\/b><\/p>\n<p>Ein unerwarteter Maschinenstillstand ist in jeder Produktionsanlage ein kritisches Szenario. Kostenintensive Ausf\u00e4lle und Lieferverz\u00f6gerungen sind die Folge. Genau in diesen Momenten ben\u00f6tigen Sie einen Partner, der nicht nur liefert, sondern mitdenkt. Der Ersatzteilservice von SEGLER ist darauf ausgelegt, Ihre Anlagenverf\u00fcgbarkeit zu maximieren und Stillstandzeiten auf ein absolutes Minimum zu reduzieren.<\/p>\n<p><b>Hohe Verf\u00fcgbarkeit durch intelligente Lagerhaltung<\/b><\/p>\n<p>F\u00fcr g\u00e4ngige Verschlei\u00df- und Standardbauteile unterhalten wir ein umfangreiches und gut sortiertes Lager. Dies erm\u00f6glicht uns, im Bedarfsfall sofort zu reagieren und Ihnen die ben\u00f6tigten Teile schnellstm\u00f6glich zukommen zu lassen. Doch wir gehen noch einen Schritt weiter: Unsere Experten beraten Sie proaktiv bei der Konzeption einer strategischen Ersatzteilbevorratung direkt bei Ihnen vor Ort. Gemeinsam definieren wir ein auf Ihre Anlage zugeschnittenes Paket kritischer Komponenten, damit Sie im Ernstfall sofort handlungsf\u00e4hig sind.<\/p>\n<p><b>Sonderanfertigungen: Wenn Standard keine L\u00f6sung ist<\/b><\/p>\n<p>Die St\u00e4rke von SEGLER liegt im Detail \u2013 das gilt auch f\u00fcr unsere Ersatzteile. Ben\u00f6tigen Sie eine individuelle Schneckenwelle mit spezieller Steigung, geh\u00e4rtete Spezialfl\u00fcgel f\u00fcr abrasive Produkte oder andere ma\u00dfgefertigte Komponenten? Unsere Fertigung ist darauf spezialisiert, auch komplexe Sonderteile schnell und in h\u00f6chster Pr\u00e4zision herzustellen. Jedes Bauteil wird dabei nach den neuesten technischen Standards und exakt nach den urspr\u00fcnglichen Konstruktionsdaten gefertigt. So stellen wir eine perfekte Passgenauigkeit und Funktionalit\u00e4t sicher. Selbstverst\u00e4ndlich erhalten Sie auf alle Original-Ersatzteile von SEGLER die volle Herstellergarantie.<\/p>\n<p><b>Begutachtung, Aufarbeitung und Service \u2013 auch f\u00fcr Fremdfabrikate<\/b><\/p>\n<p>Nicht jedes Verschlei\u00dfteil muss sofort ersetzt werden. Oft ist eine professionelle Aufarbeitung eine wirtschaftlich und nachhaltig sinnvolle Alternative. Unsere Servicetechniker begutachten Ihre Komponenten fachm\u00e4nnisch und geben eine klare Empfehlung, ob eine Reparatur m\u00f6glich und rentabel ist. Diese Expertise beschr\u00e4nkt sich nicht nur auf SEGLER-Anlagen: Wir bieten unseren Begutachtungs- und Aufarbeitungsservice ausdr\u00fccklich auch f\u00fcr die Maschinen und Bauteile von Fremdfabrikaten an.<\/p>\n<p>[\/et_pb_text][\/et_pb_column][\/et_pb_row][et_pb_row column_structure=&#8220;3_5,2_5&#8243; make_equal=&#8220;on&#8220; _builder_version=&#8220;4.27.2&#8243; _module_preset=&#8220;default&#8220; background_color=&#8220;#b82435&#8243; custom_padding=&#8220;20px|25px|20px|25px|true|true&#8220; border_radii=&#8220;on|2px|2px|2px|2px&#8220; box_shadow_style=&#8220;preset1&#8243; global_colors_info=&#8220;{}&#8220;][et_pb_column type=&#8220;3_5&#8243; module_class=&#8220;vertikal-zentrieren&#8220; _builder_version=&#8220;4.27.2&#8243; _module_preset=&#8220;default&#8220; global_colors_info=&#8220;{}&#8220;][et_pb_heading title=&#8220;Unsere Maxime ist es&#8220; _builder_version=&#8220;4.27.2&#8243; _module_preset=&#8220;default&#8220; title_level=&#8220;h4&#8243; title_text_align=&#8220;left&#8220; title_text_color=&#8220;#FFFFFF&#8220; custom_margin=&#8220;||0px||false|false&#8220; global_colors_info=&#8220;{}&#8220;][\/et_pb_heading][et_pb_text _builder_version=&#8220;4.27.2&#8243; _module_preset=&#8220;default&#8220; global_colors_info=&#8220;{}&#8220;]<\/p>\n<p><span style=\"color: #ffffff;\"><span class=\"hiddenGrammarError\" onkeypress=\"UPPERCASE_SENTENCE_START---#---undefined---#---Gro\u00df-\/Kleinschreibung---#---Dieser Satz f\u00e4ngt nicht mit einem gro\u00dfgeschriebenen Wort an.---#---eine hohe Funktionsbereitschaft Ihrer Anlage sicherzustellen und somit Ausfallzeiten bei Ihnen zu reduzieren.---#---Eine---#---eine---#---https:\/\/languagetool.org\/insights\/de\/beitrag\/gross-klein-schreibung-rechtschreibung\/#1-satzanf%C3%A4nge-schreiben-wir-gro%C3%9F\">eine<\/span>\u00a0hohe Funktionsbereitschaft Ihrer Anlage sicherzustellen und somit Ausfallzeiten bei Ihnen zu reduzieren.<\/span><\/p>\n<p>[\/et_pb_text][\/et_pb_column][et_pb_column type=&#8220;2_5&#8243; module_class=&#8220;vertikal-zentrieren&#8220; _builder_version=&#8220;4.27.2&#8243; _module_preset=&#8220;default&#8220; global_colors_info=&#8220;{}&#8220;][et_pb_button button_url=&#8220;@ET-DC@eyJkeW5hbWljIjp0cnVlLCJjb250ZW50IjoicG9zdF9saW5rX3VybF9wYWdlIiwic2V0dGluZ3MiOnsicG9zdF9pZCI6IjI3MyJ9fQ==@&#8220; button_text=&#8220;Jetzt Kontakt aufnehmen&#8220; button_alignment=&#8220;center&#8220; _builder_version=&#8220;4.27.2&#8243; _dynamic_attributes=&#8220;button_url&#8220; _module_preset=&#8220;default&#8220; custom_button=&#8220;on&#8220; button_text_color=&#8220;#b82435&#8243; button_bg_color=&#8220;#FFFFFF&#8220; button_border_width=&#8220;1px&#8220; button_border_color=&#8220;#FFFFFF&#8220; box_shadow_style=&#8220;preset1&#8243; global_colors_info=&#8220;{}&#8220;][\/et_pb_button][\/et_pb_column][\/et_pb_row][\/et_pb_section]<\/p>\n","protected":false},"excerpt":{"rendered":"<p>Ihre Produktionssicherheit im Fokus: Schnell, pr\u00e4zise und zuverl\u00e4ssig. Ein unerwarteter Maschinenstillstand ist in jeder Produktionsanlage ein kritisches Szenario. Kostenintensive Ausf\u00e4lle und Lieferverz\u00f6gerungen sind die Folge. Genau in diesen Momenten ben\u00f6tigen Sie einen Partner, der nicht nur liefert, sondern mitdenkt. Der Ersatzteilservice von SEGLER ist darauf ausgelegt, Ihre Anlagenverf\u00fcgbarkeit zu maximieren und Stillstandzeiten auf ein absolutes [&hellip;]<\/p>\n","protected":false},"author":1,"featured_media":0,"parent":168,"menu_order":0,"comment_status":"closed","ping_status":"closed","template":"","meta":{"_et_pb_use_builder":"on","_et_pb_old_content":"","_et_gb_content_width":"","footnotes":""},"class_list":["post-212","page","type-page","status-publish","hentry"],"yoast_head":"<!-- This site is optimized with the Yoast SEO plugin v27.6 - https:\/\/yoast.com\/product\/yoast-seo-wordpress\/ -->\n<title>SEGLER Ersatzteile \u2013 Komponenten f\u00fcr Ihre F\u00f6rderanlagen<\/title>\n<meta name=\"description\" content=\"Hochwertige Ersatzteile f\u00fcr F\u00f6rderanlagen: Schnelle Verf\u00fcgbarkeit und passgenaue Komponenten sichern Ihre Produktionsprozesse.\" \/>\n<meta name=\"robots\" content=\"index, follow, max-snippet:-1, max-image-preview:large, max-video-preview:-1\" \/>\n<link rel=\"canonical\" href=\"https:\/\/www.segler.eu\/ru\/\u0443\u0441\u043b\u0443\u0433\u0438\/\u0437\u0430\u043f\u0447\u0430\u0441\u0442\u0438\/\" \/>\n<meta property=\"og:locale\" content=\"ru_RU\" \/>\n<meta property=\"og:type\" content=\"article\" \/>\n<meta property=\"og:title\" content=\"SEGLER Ersatzteile \u2013 Komponenten f\u00fcr Ihre F\u00f6rderanlagen\" \/>\n<meta property=\"og:description\" content=\"Hochwertige Ersatzteile f\u00fcr F\u00f6rderanlagen: Schnelle Verf\u00fcgbarkeit und passgenaue Komponenten sichern Ihre Produktionsprozesse.\" \/>\n<meta property=\"og:url\" content=\"https:\/\/www.segler.eu\/ru\/\u0443\u0441\u043b\u0443\u0433\u0438\/\u0437\u0430\u043f\u0447\u0430\u0441\u0442\u0438\/\" \/>\n<meta property=\"og:site_name\" content=\"SEGLER\" \/>\n<meta property=\"article:publisher\" content=\"https:\/\/www.facebook.com\/people\/Segler-Frderanlagen-Maschinenfabrik-GmbH\/61567270711954\/\" \/>\n<meta property=\"article:modified_time\" content=\"2025-10-15T06:53:13+00:00\" \/>\n<meta property=\"og:image\" content=\"https:\/\/www.segler.eu\/wp-content\/uploads\/2024\/11\/SEGLER-BERGE-1.png\" \/>\n\t<meta property=\"og:image:width\" content=\"750\" \/>\n\t<meta property=\"og:image:height\" content=\"750\" \/>\n\t<meta property=\"og:image:type\" content=\"image\/png\" \/>\n<meta name=\"twitter:label1\" content=\"\u041f\u0440\u0438\u043c\u0435\u0440\u043d\u043e\u0435 \u0432\u0440\u0435\u043c\u044f \u0434\u043b\u044f \u0447\u0442\u0435\u043d\u0438\u044f\" \/>\n\t<meta name=\"twitter:data1\" content=\"1 \u043c\u0438\u043d\u0443\u0442\u0430\" \/>\n<script type=\"application\/ld+json\" class=\"yoast-schema-graph\">{\"@context\":\"https:\\\/\\\/schema.org\",\"@graph\":[{\"@type\":\"WebPage\",\"@id\":\"https:\\\/\\\/www.segler.eu\\\/leistungen\\\/ersatzteile\\\/\",\"url\":\"https:\\\/\\\/www.segler.eu\\\/leistungen\\\/ersatzteile\\\/\",\"name\":\"SEGLER Ersatzteile \u2013 Komponenten f\u00fcr Ihre F\u00f6rderanlagen\",\"isPartOf\":{\"@id\":\"https:\\\/\\\/www.segler.eu\\\/#website\"},\"datePublished\":\"2024-11-04T15:08:28+00:00\",\"dateModified\":\"2025-10-15T06:53:13+00:00\",\"description\":\"Hochwertige Ersatzteile f\u00fcr F\u00f6rderanlagen: Schnelle Verf\u00fcgbarkeit und passgenaue Komponenten sichern Ihre Produktionsprozesse.\",\"breadcrumb\":{\"@id\":\"https:\\\/\\\/www.segler.eu\\\/leistungen\\\/ersatzteile\\\/#breadcrumb\"},\"inLanguage\":\"ru-RU\",\"potentialAction\":[{\"@type\":\"ReadAction\",\"target\":[\"https:\\\/\\\/www.segler.eu\\\/leistungen\\\/ersatzteile\\\/\"]}]},{\"@type\":\"BreadcrumbList\",\"@id\":\"https:\\\/\\\/www.segler.eu\\\/leistungen\\\/ersatzteile\\\/#breadcrumb\",\"itemListElement\":[{\"@type\":\"ListItem\",\"position\":1,\"name\":\"Startseite\",\"item\":\"https:\\\/\\\/www.segler.eu\\\/\"},{\"@type\":\"ListItem\",\"position\":2,\"name\":\"Leistungen\",\"item\":\"https:\\\/\\\/www.segler.eu\\\/leistungen\\\/\"},{\"@type\":\"ListItem\",\"position\":3,\"name\":\"Ersatzteile\"}]},{\"@type\":\"WebSite\",\"@id\":\"https:\\\/\\\/www.segler.eu\\\/#website\",\"url\":\"https:\\\/\\\/www.segler.eu\\\/\",\"name\":\"SEGLER\",\"description\":\"Materials in motion\",\"publisher\":{\"@id\":\"https:\\\/\\\/www.segler.eu\\\/#organization\"},\"potentialAction\":[{\"@type\":\"SearchAction\",\"target\":{\"@type\":\"EntryPoint\",\"urlTemplate\":\"https:\\\/\\\/www.segler.eu\\\/?s={search_term_string}\"},\"query-input\":{\"@type\":\"PropertyValueSpecification\",\"valueRequired\":true,\"valueName\":\"search_term_string\"}}],\"inLanguage\":\"ru-RU\"},{\"@type\":\"Organization\",\"@id\":\"https:\\\/\\\/www.segler.eu\\\/#organization\",\"name\":\"Segler-F\u00f6rderanlagen Maschinenfabrik GmbH\",\"alternateName\":\"SEGLER\",\"url\":\"https:\\\/\\\/www.segler.eu\\\/\",\"logo\":{\"@type\":\"ImageObject\",\"inLanguage\":\"ru-RU\",\"@id\":\"https:\\\/\\\/www.segler.eu\\\/#\\\/schema\\\/logo\\\/image\\\/\",\"url\":\"https:\\\/\\\/www.segler.eu\\\/wp-content\\\/uploads\\\/2024\\\/11\\\/SEGLER-BERGE-1.png\",\"contentUrl\":\"https:\\\/\\\/www.segler.eu\\\/wp-content\\\/uploads\\\/2024\\\/11\\\/SEGLER-BERGE-1.png\",\"width\":750,\"height\":750,\"caption\":\"Segler-F\u00f6rderanlagen Maschinenfabrik GmbH\"},\"image\":{\"@id\":\"https:\\\/\\\/www.segler.eu\\\/#\\\/schema\\\/logo\\\/image\\\/\"},\"sameAs\":[\"https:\\\/\\\/www.facebook.com\\\/people\\\/Segler-Frderanlagen-Maschinenfabrik-GmbH\\\/61567270711954\\\/\"]}]}<\/script>\n<!-- \/ Yoast SEO plugin. -->","yoast_head_json":{"title":"\u0417\u0430\u043f\u0447\u0430\u0441\u0442\u0438 SEGLER \u2014 \u0434\u043b\u044f \u043a\u043e\u043d\u0432\u0435\u0439\u0435\u0440\u043d\u044b\u0445 \u0441\u0438\u0441\u0442\u0435\u043c","description":"\u0412\u044b\u0441\u043e\u043a\u043e\u043a\u0430\u0447\u0435\u0441\u0442\u0432\u0435\u043d\u043d\u044b\u0435 \u0437\u0430\u043f\u0430\u0441\u043d\u044b\u0435 \u0447\u0430\u0441\u0442\u0438 \u0434\u043b\u044f \u043a\u043e\u043d\u0432\u0435\u0439\u0435\u0440\u043d\u044b\u0445 \u0441\u0438\u0441\u0442\u0435\u043c: \u0431\u044b\u0441\u0442\u0440\u0430\u044f \u0434\u043e\u0441\u0442\u0443\u043f\u043d\u043e\u0441\u0442\u044c \u0438 \u0438\u043d\u0434\u0438\u0432\u0438\u0434\u0443\u0430\u043b\u044c\u043d\u044b\u0435 \u043a\u043e\u043c\u043f\u043e\u043d\u0435\u043d\u0442\u044b \u0433\u0430\u0440\u0430\u043d\u0442\u0438\u0440\u0443\u044e\u0442 \u0431\u0435\u0437\u043e\u043f\u0430\u0441\u043d\u043e\u0441\u0442\u044c \u0432\u0430\u0448\u0438\u0445 \u043f\u0440\u043e\u0438\u0437\u0432\u043e\u0434\u0441\u0442\u0432\u0435\u043d\u043d\u044b\u0445 \u043f\u0440\u043e\u0446\u0435\u0441\u0441\u043e\u0432.","robots":{"index":"index","follow":"follow","max-snippet":"max-snippet:-1","max-image-preview":"max-image-preview:large","max-video-preview":"max-video-preview:-1"},"canonical":"https:\/\/www.segler.eu\/ru\/\u0443\u0441\u043b\u0443\u0433\u0438\/\u0437\u0430\u043f\u0447\u0430\u0441\u0442\u0438\/","og_locale":"ru_RU","og_type":"article","og_title":"SEGLER Ersatzteile \u2013 Komponenten f\u00fcr Ihre F\u00f6rderanlagen","og_description":"Hochwertige Ersatzteile f\u00fcr F\u00f6rderanlagen: Schnelle Verf\u00fcgbarkeit und passgenaue Komponenten sichern Ihre Produktionsprozesse.","og_url":"https:\/\/www.segler.eu\/ru\/\u0443\u0441\u043b\u0443\u0433\u0438\/\u0437\u0430\u043f\u0447\u0430\u0441\u0442\u0438\/","og_site_name":"SEGLER","article_publisher":"https:\/\/www.facebook.com\/people\/Segler-Frderanlagen-Maschinenfabrik-GmbH\/61567270711954\/","article_modified_time":"2025-10-15T06:53:13+00:00","og_image":[{"width":750,"height":750,"url":"https:\/\/www.segler.eu\/wp-content\/uploads\/2024\/11\/SEGLER-BERGE-1.png","type":"image\/png"}],"twitter_misc":{"\u041f\u0440\u0438\u043c\u0435\u0440\u043d\u043e\u0435 \u0432\u0440\u0435\u043c\u044f \u0434\u043b\u044f \u0447\u0442\u0435\u043d\u0438\u044f":"1 \u043c\u0438\u043d\u0443\u0442\u0430"},"schema":{"@context":"https:\/\/schema.org","@graph":[{"@type":"WebPage","@id":"https:\/\/www.segler.eu\/leistungen\/ersatzteile\/","url":"https:\/\/www.segler.eu\/leistungen\/ersatzteile\/","name":"\u0417\u0430\u043f\u0447\u0430\u0441\u0442\u0438 SEGLER \u2014 \u0434\u043b\u044f \u043a\u043e\u043d\u0432\u0435\u0439\u0435\u0440\u043d\u044b\u0445 \u0441\u0438\u0441\u0442\u0435\u043c","isPartOf":{"@id":"https:\/\/www.segler.eu\/#website"},"datePublished":"2024-11-04T15:08:28+00:00","dateModified":"2025-10-15T06:53:13+00:00","description":"\u0412\u044b\u0441\u043e\u043a\u043e\u043a\u0430\u0447\u0435\u0441\u0442\u0432\u0435\u043d\u043d\u044b\u0435 \u0437\u0430\u043f\u0430\u0441\u043d\u044b\u0435 \u0447\u0430\u0441\u0442\u0438 \u0434\u043b\u044f \u043a\u043e\u043d\u0432\u0435\u0439\u0435\u0440\u043d\u044b\u0445 \u0441\u0438\u0441\u0442\u0435\u043c: \u0431\u044b\u0441\u0442\u0440\u0430\u044f \u0434\u043e\u0441\u0442\u0443\u043f\u043d\u043e\u0441\u0442\u044c \u0438 \u0438\u043d\u0434\u0438\u0432\u0438\u0434\u0443\u0430\u043b\u044c\u043d\u044b\u0435 \u043a\u043e\u043c\u043f\u043e\u043d\u0435\u043d\u0442\u044b \u0433\u0430\u0440\u0430\u043d\u0442\u0438\u0440\u0443\u044e\u0442 \u0431\u0435\u0437\u043e\u043f\u0430\u0441\u043d\u043e\u0441\u0442\u044c \u0432\u0430\u0448\u0438\u0445 \u043f\u0440\u043e\u0438\u0437\u0432\u043e\u0434\u0441\u0442\u0432\u0435\u043d\u043d\u044b\u0445 \u043f\u0440\u043e\u0446\u0435\u0441\u0441\u043e\u0432.","breadcrumb":{"@id":"https:\/\/www.segler.eu\/leistungen\/ersatzteile\/#breadcrumb"},"inLanguage":"ru-RU","potentialAction":[{"@type":"ReadAction","target":["https:\/\/www.segler.eu\/leistungen\/ersatzteile\/"]}]},{"@type":"BreadcrumbList","@id":"https:\/\/www.segler.eu\/leistungen\/ersatzteile\/#breadcrumb","itemListElement":[{"@type":"ListItem","position":1,"name":"Startseite","item":"https:\/\/www.segler.eu\/"},{"@type":"ListItem","position":2,"name":"Leistungen","item":"https:\/\/www.segler.eu\/leistungen\/"},{"@type":"ListItem","position":3,"name":"Ersatzteile"}]},{"@type":"WebSite","@id":"https:\/\/www.segler.eu\/#website","url":"https:\/\/www.segler.eu\/","name":"SEGLER","description":"\u041c\u0430\u0442\u0435\u0440\u0438\u0430\u043b\u044b \u0432 \u0434\u0432\u0438\u0436\u0435\u043d\u0438\u0438","publisher":{"@id":"https:\/\/www.segler.eu\/#organization"},"potentialAction":[{"@type":"SearchAction","target":{"@type":"EntryPoint","urlTemplate":"https:\/\/www.segler.eu\/?s={search_term_string}"},"query-input":{"@type":"PropertyValueSpecification","valueRequired":true,"valueName":"search_term_string"}}],"inLanguage":"ru-RU"},{"@type":"Organization","@id":"https:\/\/www.segler.eu\/#organization","name":"Segler-F\u00f6rderanlagen Maschinenfabrik GmbH","alternateName":"SEGLER","url":"https:\/\/www.segler.eu\/","logo":{"@type":"ImageObject","inLanguage":"ru-RU","@id":"https:\/\/www.segler.eu\/#\/schema\/logo\/image\/","url":"https:\/\/www.segler.eu\/wp-content\/uploads\/2024\/11\/SEGLER-BERGE-1.png","contentUrl":"https:\/\/www.segler.eu\/wp-content\/uploads\/2024\/11\/SEGLER-BERGE-1.png","width":750,"height":750,"caption":"Segler-F\u00f6rderanlagen Maschinenfabrik GmbH"},"image":{"@id":"https:\/\/www.segler.eu\/#\/schema\/logo\/image\/"},"sameAs":["https:\/\/www.facebook.com\/people\/Segler-Frderanlagen-Maschinenfabrik-GmbH\/61567270711954\/"]}]}},"_links":{"self":[{"href":"https:\/\/www.segler.eu\/ru\/wp-json\/wp\/v2\/pages\/212","targetHints":{"allow":["GET"]}}],"collection":[{"href":"https:\/\/www.segler.eu\/ru\/wp-json\/wp\/v2\/pages"}],"about":[{"href":"https:\/\/www.segler.eu\/ru\/wp-json\/wp\/v2\/types\/page"}],"author":[{"embeddable":true,"href":"https:\/\/www.segler.eu\/ru\/wp-json\/wp\/v2\/users\/1"}],"replies":[{"embeddable":true,"href":"https:\/\/www.segler.eu\/ru\/wp-json\/wp\/v2\/comments?post=212"}],"version-history":[{"count":0,"href":"https:\/\/www.segler.eu\/ru\/wp-json\/wp\/v2\/pages\/212\/revisions"}],"up":[{"embeddable":true,"href":"https:\/\/www.segler.eu\/ru\/wp-json\/wp\/v2\/pages\/168"}],"wp:attachment":[{"href":"https:\/\/www.segler.eu\/ru\/wp-json\/wp\/v2\/media?parent=212"}],"curies":[{"name":"WP","href":"https:\/\/api.w.org\/{rel}","templated":true}]}}