{"id":216,"date":"2024-11-04T16:09:06","date_gmt":"2024-11-04T15:09:06","guid":{"rendered":"http:\/\/www.segler.eu\/?page_id=216"},"modified":"2024-12-02T12:29:55","modified_gmt":"2024-12-02T11:29:55","slug":"%d0%bf%d0%bb%d0%b0%d0%bd%d0%b8%d1%80%d0%be%d0%b2%d0%b0%d0%bd%d0%b8%d0%b5-%d0%bf%d1%80%d0%be%d0%b5%d0%ba%d1%82%d0%b0","status":"publish","type":"page","link":"https:\/\/www.segler.eu\/ru\/leistungen\/projektierung\/","title":{"rendered":"\u041f\u043b\u0430\u043d\u0438\u0440\u043e\u0432\u0430\u043d\u0438\u0435 \u043f\u0440\u043e\u0435\u043a\u0442\u0430"},"content":{"rendered":"<p>[et_pb_section fb_built=&#8220;1&#8243; _builder_version=&#8220;4.27.2&#8243; _module_preset=&#8220;default&#8220; background_image=&#8220;http:\/\/www.segler.eu\/wp-content\/uploads\/2024\/11\/Projektierung.jpg&#8220; background_position=&#8220;top_center&#8220; height=&#8220;45vh&#8220; custom_margin=&#8220;-10%||||false|false&#8220; locked=&#8220;off&#8220; global_colors_info=&#8220;{}&#8220;][et_pb_row _builder_version=&#8220;4.27.2&#8243; _module_preset=&#8220;default&#8220; custom_padding=&#8220;20vh||||false|false&#8220; global_colors_info=&#8220;{}&#8220;][et_pb_column type=&#8220;4_4&#8243; _builder_version=&#8220;4.27.2&#8243; _module_preset=&#8220;default&#8220; global_colors_info=&#8220;{}&#8220;][\/et_pb_column][\/et_pb_row][\/et_pb_section][et_pb_section fb_built=&#8220;1&#8243; _builder_version=&#8220;4.27.2&#8243; _module_preset=&#8220;default&#8220; locked=&#8220;off&#8220; global_colors_info=&#8220;{}&#8220;][et_pb_row _builder_version=&#8220;4.27.2&#8243; _module_preset=&#8220;default&#8220; custom_margin=&#8220;0px||0px||true|false&#8220; custom_padding=&#8220;0px||0px||true|false&#8220; locked=&#8220;off&#8220; global_colors_info=&#8220;{}&#8220;][et_pb_column type=&#8220;4_4&#8243; _builder_version=&#8220;4.27.2&#8243; _module_preset=&#8220;default&#8220; global_colors_info=&#8220;{}&#8220;][et_pb_heading title=&#8220;Leistungen&#8220; _builder_version=&#8220;4.27.2&#8243; _module_preset=&#8220;default&#8220; title_level=&#8220;h4&#8243; title_font=&#8220;|||on|||||&#8220; title_text_color=&#8220;#b82435&#8243; custom_margin=&#8220;0px||0px||false|false&#8220; custom_padding=&#8220;0px||0px||false|false&#8220; global_colors_info=&#8220;{}&#8220;][\/et_pb_heading][et_pb_heading title=&#8220;Projektierung&#8220; _builder_version=&#8220;4.27.2&#8243; _module_preset=&#8220;default&#8220; title_font=&#8220;|||on|||||&#8220; custom_margin=&#8220;0px||15px||false|false&#8220; custom_padding=&#8220;0px||0px||true|false&#8220; global_colors_info=&#8220;{}&#8220;][\/et_pb_heading][et_pb_divider _builder_version=&#8220;4.27.2&#8243; _module_preset=&#8220;default&#8220; width=&#8220;50%&#8220; global_colors_info=&#8220;{}&#8220;][\/et_pb_divider][\/et_pb_column][\/et_pb_row][et_pb_row _builder_version=&#8220;4.27.2&#8243; _module_preset=&#8220;default&#8220; global_colors_info=&#8220;{}&#8220;][et_pb_column type=&#8220;4_4&#8243; _builder_version=&#8220;4.27.2&#8243; _module_preset=&#8220;default&#8220; global_colors_info=&#8220;{}&#8220;][et_pb_text _builder_version=&#8220;4.27.2&#8243; _module_preset=&#8220;default&#8220; global_colors_info=&#8220;{}&#8220;]<\/p>\n<p><span>Egal ob Sie bei einem Neubau, einer Modernisierung, einem Umbau oder einer Optimierung vorhandener Anlagen umfassende Unterst\u00fctzung suchen<\/span><span class=\"hiddenGrammarError\" onkeypress=\"FALSCHE_VERWENDUNG_DES_BINDESTRICHS---#---1---#---Typografie---#---Meinten Sie den Gedankenstrich?---#---Egal ob Sie bei einem Neubau, einer Modernisierung, einem Umbau oder einer Optimierung vorhandener Anlagen umfassende Unterst\u00fctzung suchen - wir \u00fcbernehmen gerne die vollst\u00e4ndige Projektierung Ihres noch so komplexen Vorhabens.---#--- \u2013 ---#--- - ---#---https:\/\/languagetool.org\/insights\/de\/beitrag\/gedankenstrich-bindestrich\/\"><span>\u00a0<\/span>&#8211;<span>\u00a0<\/span><\/span><span>wir \u00fcbernehmen gerne die vollst\u00e4ndige Projektierung Ihres noch so komplexen Vorhabens.<\/span><\/p>\n<p><span>Darunter fallen bei Bedarf folgende Leistungen:<\/span><\/p>\n<ul>\n<li><span>Bestandsaufnahme bei Ihnen vor Ort inkl. Abstimmung aller Anforderungen, Spezifikationen und Details<\/span><\/li>\n<li><span>Prozessberatung in allen technischen Fragen<\/span><\/li>\n<li><span>Erarbeiten der optimalen verfahrenstechnischen L\u00f6sung inkl. der Ber\u00fccksichtigung von Alternativen und der vergleichenden Bewertung verschiedener Ans\u00e4tze<\/span><\/li>\n<li><span>Unterst\u00fctzung bei der Erstellung des Lastenheftes<\/span><\/li>\n<li><span>Entwerfen des Layouts<\/span><\/li>\n<li><span>Ausf\u00fchrung s\u00e4mtlicher zur Auslegung notwendiger Berechnungen<\/span><\/li>\n<li><span>Erstellen des Konstruktionsplans in 2D und 3D<\/span><\/li>\n<li><span>Basic und Detail Engineering<\/span><\/li>\n<li><span>Projektplanung, -steuerung und -kontrolle<\/span><\/li>\n<li><span>Auswahl und Beschaffung ben\u00f6tigter Norm- und Kaufteile<\/span><\/li>\n<li><span>Vergabe von weiteren, externen Leistungen<\/span><\/li>\n<li><span>Fertigung<\/span><\/li>\n<li><span>Zertifizierungen<\/span><\/li>\n<li><span>Materialpr\u00fcfungen<\/span><\/li>\n<li><span>Durchf\u00fchrung von zus\u00e4tzlichen Tests in Kooperation mit externen Partnern (z. B. zur Mischg\u00fcte)<\/span><\/li>\n<li><span>Montage<\/span><\/li>\n<li><span>vollst\u00e4ndige Inbetriebnahme<\/span><\/li>\n<li><span>Erstellen von z. B. technischen Dokumentationen, Betriebsanleitungen und Gefahrenanalysen<\/span><\/li>\n<li><span>Erarbeiten von Instandhaltungspl\u00e4nen und bei Bedarf deren Umsetzung<\/span><\/li>\n<\/ul>\n<p>[\/et_pb_text][\/et_pb_column][\/et_pb_row][et_pb_row column_structure=&#8220;3_5,2_5&#8243; make_equal=&#8220;on&#8220; _builder_version=&#8220;4.27.2&#8243; _module_preset=&#8220;default&#8220; background_color=&#8220;#b82435&#8243; custom_padding=&#8220;20px|25px|20px|25px|true|true&#8220; border_radii=&#8220;on|2px|2px|2px|2px&#8220; box_shadow_style=&#8220;preset1&#8243; global_colors_info=&#8220;{}&#8220;][et_pb_column type=&#8220;3_5&#8243; module_class=&#8220;vertikal-zentrieren&#8220; _builder_version=&#8220;4.27.2&#8243; _module_preset=&#8220;default&#8220; global_colors_info=&#8220;{}&#8220;][et_pb_heading title=&#8220;Alle Schritte erfolgen in engster Abstimmung mit Ihnen.&#8220; _builder_version=&#8220;4.27.2&#8243; _module_preset=&#8220;default&#8220; title_level=&#8220;h4&#8243; title_text_align=&#8220;left&#8220; title_text_color=&#8220;#FFFFFF&#8220; custom_margin=&#8220;||0px||false|false&#8220; global_colors_info=&#8220;{}&#8220;][\/et_pb_heading][et_pb_text _builder_version=&#8220;4.27.2&#8243; _module_preset=&#8220;default&#8220; global_colors_info=&#8220;{}&#8220;]<\/p>\n<p><span style=\"color: #ffffff;\">Auf diese Weise k\u00f6nnen eventuelle Anpassungen fr\u00fchzeitig vorgenommen werden.<\/span><\/p>\n<p>[\/et_pb_text][\/et_pb_column][et_pb_column type=&#8220;2_5&#8243; module_class=&#8220;vertikal-zentrieren&#8220; _builder_version=&#8220;4.27.2&#8243; _module_preset=&#8220;default&#8220; global_colors_info=&#8220;{}&#8220;][et_pb_button button_text=&#8220;Jetzt Kontakt aufnehmen&#8220; button_alignment=&#8220;center&#8220; _builder_version=&#8220;4.27.2&#8243; _module_preset=&#8220;default&#8220; custom_button=&#8220;on&#8220; button_text_color=&#8220;#b82435&#8243; button_bg_color=&#8220;#FFFFFF&#8220; button_border_width=&#8220;1px&#8220; button_border_color=&#8220;#FFFFFF&#8220; hover_enabled=&#8220;0&#8243; box_shadow_style=&#8220;preset1&#8243; global_colors_info=&#8220;{}&#8220; button_url=&#8220;@ET-DC@eyJkeW5hbWljIjp0cnVlLCJjb250ZW50IjoicG9zdF9saW5rX3VybF9wYWdlIiwic2V0dGluZ3MiOnsicG9zdF9pZCI6IjI3MyJ9fQ==@&#8220; _dynamic_attributes=&#8220;button_url&#8220; sticky_enabled=&#8220;0&#8243;][\/et_pb_button][\/et_pb_column][\/et_pb_row][\/et_pb_section]<\/p>\n","protected":false},"excerpt":{"rendered":"<p>Egal ob Sie bei einem Neubau, einer Modernisierung, einem Umbau oder einer Optimierung vorhandener Anlagen umfassende Unterst\u00fctzung suchen\u00a0&#8211;\u00a0wir \u00fcbernehmen gerne die vollst\u00e4ndige Projektierung Ihres noch so komplexen Vorhabens. Darunter fallen bei Bedarf folgende Leistungen: Bestandsaufnahme bei Ihnen vor Ort inkl. Abstimmung aller Anforderungen, Spezifikationen und Details Prozessberatung in allen technischen Fragen Erarbeiten der optimalen verfahrenstechnischen [&hellip;]<\/p>\n","protected":false},"author":1,"featured_media":0,"parent":168,"menu_order":0,"comment_status":"closed","ping_status":"closed","template":"","meta":{"_et_pb_use_builder":"on","_et_pb_old_content":"","_et_gb_content_width":"","footnotes":""},"class_list":["post-216","page","type-page","status-publish","hentry"],"yoast_head":"<!-- This site is optimized with the Yoast SEO plugin v27.4 - https:\/\/yoast.com\/product\/yoast-seo-wordpress\/ -->\n<title>Projektierung - SEGLER<\/title>\n<meta name=\"description\" content=\"Projektierung von SEGLER\" \/>\n<meta name=\"robots\" content=\"index, follow, max-snippet:-1, max-image-preview:large, max-video-preview:-1\" \/>\n<link rel=\"canonical\" href=\"https:\/\/www.segler.eu\/ru\/\u0443\u0441\u043b\u0443\u0433\u0438\/\u043f\u043b\u0430\u043d\u0438\u0440\u043e\u0432\u0430\u043d\u0438\u0435-\u043f\u0440\u043e\u0435\u043a\u0442\u0430\/\" \/>\n<meta property=\"og:locale\" content=\"ru_RU\" \/>\n<meta property=\"og:type\" content=\"article\" \/>\n<meta property=\"og:title\" content=\"Projektierung - SEGLER\" \/>\n<meta property=\"og:description\" content=\"Projektierung von SEGLER\" \/>\n<meta property=\"og:url\" content=\"https:\/\/www.segler.eu\/ru\/\u0443\u0441\u043b\u0443\u0433\u0438\/\u043f\u043b\u0430\u043d\u0438\u0440\u043e\u0432\u0430\u043d\u0438\u0435-\u043f\u0440\u043e\u0435\u043a\u0442\u0430\/\" \/>\n<meta property=\"og:site_name\" content=\"SEGLER\" \/>\n<meta property=\"article:publisher\" content=\"https:\/\/www.facebook.com\/people\/Segler-Frderanlagen-Maschinenfabrik-GmbH\/61567270711954\/\" \/>\n<meta property=\"article:modified_time\" content=\"2024-12-02T11:29:55+00:00\" \/>\n<meta property=\"og:image\" content=\"https:\/\/www.segler.eu\/wp-content\/uploads\/2024\/11\/SEGLER-BERGE-1.png\" \/>\n\t<meta property=\"og:image:width\" content=\"750\" \/>\n\t<meta property=\"og:image:height\" content=\"750\" \/>\n\t<meta property=\"og:image:type\" content=\"image\/png\" \/>\n<meta name=\"twitter:label1\" content=\"\u041f\u0440\u0438\u043c\u0435\u0440\u043d\u043e\u0435 \u0432\u0440\u0435\u043c\u044f \u0434\u043b\u044f \u0447\u0442\u0435\u043d\u0438\u044f\" \/>\n\t<meta name=\"twitter:data1\" content=\"3 \u043c\u0438\u043d\u0443\u0442\u044b\" \/>\n<script type=\"application\/ld+json\" class=\"yoast-schema-graph\">{\"@context\":\"https:\\\/\\\/schema.org\",\"@graph\":[{\"@type\":\"WebPage\",\"@id\":\"https:\\\/\\\/www.segler.eu\\\/leistungen\\\/projektierung\\\/\",\"url\":\"https:\\\/\\\/www.segler.eu\\\/leistungen\\\/projektierung\\\/\",\"name\":\"Projektierung - SEGLER\",\"isPartOf\":{\"@id\":\"https:\\\/\\\/www.segler.eu\\\/#website\"},\"datePublished\":\"2024-11-04T15:09:06+00:00\",\"dateModified\":\"2024-12-02T11:29:55+00:00\",\"description\":\"Projektierung von SEGLER\",\"breadcrumb\":{\"@id\":\"https:\\\/\\\/www.segler.eu\\\/leistungen\\\/projektierung\\\/#breadcrumb\"},\"inLanguage\":\"ru-RU\",\"potentialAction\":[{\"@type\":\"ReadAction\",\"target\":[\"https:\\\/\\\/www.segler.eu\\\/leistungen\\\/projektierung\\\/\"]}]},{\"@type\":\"BreadcrumbList\",\"@id\":\"https:\\\/\\\/www.segler.eu\\\/leistungen\\\/projektierung\\\/#breadcrumb\",\"itemListElement\":[{\"@type\":\"ListItem\",\"position\":1,\"name\":\"Startseite\",\"item\":\"https:\\\/\\\/www.segler.eu\\\/\"},{\"@type\":\"ListItem\",\"position\":2,\"name\":\"Leistungen\",\"item\":\"https:\\\/\\\/www.segler.eu\\\/leistungen\\\/\"},{\"@type\":\"ListItem\",\"position\":3,\"name\":\"Projektierung\"}]},{\"@type\":\"WebSite\",\"@id\":\"https:\\\/\\\/www.segler.eu\\\/#website\",\"url\":\"https:\\\/\\\/www.segler.eu\\\/\",\"name\":\"SEGLER\",\"description\":\"Materials in motion\",\"publisher\":{\"@id\":\"https:\\\/\\\/www.segler.eu\\\/#organization\"},\"potentialAction\":[{\"@type\":\"SearchAction\",\"target\":{\"@type\":\"EntryPoint\",\"urlTemplate\":\"https:\\\/\\\/www.segler.eu\\\/?s={search_term_string}\"},\"query-input\":{\"@type\":\"PropertyValueSpecification\",\"valueRequired\":true,\"valueName\":\"search_term_string\"}}],\"inLanguage\":\"ru-RU\"},{\"@type\":\"Organization\",\"@id\":\"https:\\\/\\\/www.segler.eu\\\/#organization\",\"name\":\"Segler-F\u00f6rderanlagen Maschinenfabrik GmbH\",\"alternateName\":\"SEGLER\",\"url\":\"https:\\\/\\\/www.segler.eu\\\/\",\"logo\":{\"@type\":\"ImageObject\",\"inLanguage\":\"ru-RU\",\"@id\":\"https:\\\/\\\/www.segler.eu\\\/#\\\/schema\\\/logo\\\/image\\\/\",\"url\":\"https:\\\/\\\/www.segler.eu\\\/wp-content\\\/uploads\\\/2024\\\/11\\\/SEGLER-BERGE-1.png\",\"contentUrl\":\"https:\\\/\\\/www.segler.eu\\\/wp-content\\\/uploads\\\/2024\\\/11\\\/SEGLER-BERGE-1.png\",\"width\":750,\"height\":750,\"caption\":\"Segler-F\u00f6rderanlagen Maschinenfabrik GmbH\"},\"image\":{\"@id\":\"https:\\\/\\\/www.segler.eu\\\/#\\\/schema\\\/logo\\\/image\\\/\"},\"sameAs\":[\"https:\\\/\\\/www.facebook.com\\\/people\\\/Segler-Frderanlagen-Maschinenfabrik-GmbH\\\/61567270711954\\\/\"]}]}<\/script>\n<!-- \/ Yoast SEO plugin. -->","yoast_head_json":{"title":"\u041f\u043b\u0430\u043d\u0438\u0440\u043e\u0432\u0430\u043d\u0438\u0435 \u043f\u0440\u043e\u0435\u043a\u0442\u0430 - 1\u0422\u041f2\u0422","description":"\u041f\u043b\u0430\u043d\u0438\u0440\u043e\u0432\u0430\u043d\u0438\u0435 \u043f\u0440\u043e\u0435\u043a\u0442\u0430 SEGLER","robots":{"index":"index","follow":"follow","max-snippet":"max-snippet:-1","max-image-preview":"max-image-preview:large","max-video-preview":"max-video-preview:-1"},"canonical":"https:\/\/www.segler.eu\/ru\/\u0443\u0441\u043b\u0443\u0433\u0438\/\u043f\u043b\u0430\u043d\u0438\u0440\u043e\u0432\u0430\u043d\u0438\u0435-\u043f\u0440\u043e\u0435\u043a\u0442\u0430\/","og_locale":"ru_RU","og_type":"article","og_title":"Projektierung - SEGLER","og_description":"Projektierung von SEGLER","og_url":"https:\/\/www.segler.eu\/ru\/\u0443\u0441\u043b\u0443\u0433\u0438\/\u043f\u043b\u0430\u043d\u0438\u0440\u043e\u0432\u0430\u043d\u0438\u0435-\u043f\u0440\u043e\u0435\u043a\u0442\u0430\/","og_site_name":"SEGLER","article_publisher":"https:\/\/www.facebook.com\/people\/Segler-Frderanlagen-Maschinenfabrik-GmbH\/61567270711954\/","article_modified_time":"2024-12-02T11:29:55+00:00","og_image":[{"width":750,"height":750,"url":"https:\/\/www.segler.eu\/wp-content\/uploads\/2024\/11\/SEGLER-BERGE-1.png","type":"image\/png"}],"twitter_misc":{"\u041f\u0440\u0438\u043c\u0435\u0440\u043d\u043e\u0435 \u0432\u0440\u0435\u043c\u044f \u0434\u043b\u044f \u0447\u0442\u0435\u043d\u0438\u044f":"3 \u043c\u0438\u043d\u0443\u0442\u044b"},"schema":{"@context":"https:\/\/schema.org","@graph":[{"@type":"WebPage","@id":"https:\/\/www.segler.eu\/leistungen\/projektierung\/","url":"https:\/\/www.segler.eu\/leistungen\/projektierung\/","name":"\u041f\u043b\u0430\u043d\u0438\u0440\u043e\u0432\u0430\u043d\u0438\u0435 \u043f\u0440\u043e\u0435\u043a\u0442\u0430 - 1\u0422\u041f2\u0422","isPartOf":{"@id":"https:\/\/www.segler.eu\/#website"},"datePublished":"2024-11-04T15:09:06+00:00","dateModified":"2024-12-02T11:29:55+00:00","description":"\u041f\u043b\u0430\u043d\u0438\u0440\u043e\u0432\u0430\u043d\u0438\u0435 \u043f\u0440\u043e\u0435\u043a\u0442\u0430 SEGLER","breadcrumb":{"@id":"https:\/\/www.segler.eu\/leistungen\/projektierung\/#breadcrumb"},"inLanguage":"ru-RU","potentialAction":[{"@type":"ReadAction","target":["https:\/\/www.segler.eu\/leistungen\/projektierung\/"]}]},{"@type":"BreadcrumbList","@id":"https:\/\/www.segler.eu\/leistungen\/projektierung\/#breadcrumb","itemListElement":[{"@type":"ListItem","position":1,"name":"Startseite","item":"https:\/\/www.segler.eu\/"},{"@type":"ListItem","position":2,"name":"Leistungen","item":"https:\/\/www.segler.eu\/leistungen\/"},{"@type":"ListItem","position":3,"name":"Projektierung"}]},{"@type":"WebSite","@id":"https:\/\/www.segler.eu\/#website","url":"https:\/\/www.segler.eu\/","name":"SEGLER","description":"\u041c\u0430\u0442\u0435\u0440\u0438\u0430\u043b\u044b \u0432 \u0434\u0432\u0438\u0436\u0435\u043d\u0438\u0438","publisher":{"@id":"https:\/\/www.segler.eu\/#organization"},"potentialAction":[{"@type":"SearchAction","target":{"@type":"EntryPoint","urlTemplate":"https:\/\/www.segler.eu\/?s={search_term_string}"},"query-input":{"@type":"PropertyValueSpecification","valueRequired":true,"valueName":"search_term_string"}}],"inLanguage":"ru-RU"},{"@type":"Organization","@id":"https:\/\/www.segler.eu\/#organization","name":"Segler-F\u00f6rderanlagen Maschinenfabrik GmbH","alternateName":"SEGLER","url":"https:\/\/www.segler.eu\/","logo":{"@type":"ImageObject","inLanguage":"ru-RU","@id":"https:\/\/www.segler.eu\/#\/schema\/logo\/image\/","url":"https:\/\/www.segler.eu\/wp-content\/uploads\/2024\/11\/SEGLER-BERGE-1.png","contentUrl":"https:\/\/www.segler.eu\/wp-content\/uploads\/2024\/11\/SEGLER-BERGE-1.png","width":750,"height":750,"caption":"Segler-F\u00f6rderanlagen Maschinenfabrik GmbH"},"image":{"@id":"https:\/\/www.segler.eu\/#\/schema\/logo\/image\/"},"sameAs":["https:\/\/www.facebook.com\/people\/Segler-Frderanlagen-Maschinenfabrik-GmbH\/61567270711954\/"]}]}},"_links":{"self":[{"href":"https:\/\/www.segler.eu\/ru\/wp-json\/wp\/v2\/pages\/216","targetHints":{"allow":["GET"]}}],"collection":[{"href":"https:\/\/www.segler.eu\/ru\/wp-json\/wp\/v2\/pages"}],"about":[{"href":"https:\/\/www.segler.eu\/ru\/wp-json\/wp\/v2\/types\/page"}],"author":[{"embeddable":true,"href":"https:\/\/www.segler.eu\/ru\/wp-json\/wp\/v2\/users\/1"}],"replies":[{"embeddable":true,"href":"https:\/\/www.segler.eu\/ru\/wp-json\/wp\/v2\/comments?post=216"}],"version-history":[{"count":0,"href":"https:\/\/www.segler.eu\/ru\/wp-json\/wp\/v2\/pages\/216\/revisions"}],"up":[{"embeddable":true,"href":"https:\/\/www.segler.eu\/ru\/wp-json\/wp\/v2\/pages\/168"}],"wp:attachment":[{"href":"https:\/\/www.segler.eu\/ru\/wp-json\/wp\/v2\/media?parent=216"}],"curies":[{"name":"WP","href":"https:\/\/api.w.org\/{rel}","templated":true}]}}