{"id":218,"date":"2024-11-04T16:09:21","date_gmt":"2024-11-04T15:09:21","guid":{"rendered":"http:\/\/www.segler.eu\/?page_id=218"},"modified":"2025-02-10T13:34:18","modified_gmt":"2025-02-10T12:34:18","slug":"%d1%81%d0%b5%d1%80%d0%b2%d0%b8%d1%81%d0%bd%d0%be%d0%b5-%d0%be%d0%b1%d1%81%d0%bb%d1%83%d0%b6%d0%b8%d0%b2%d0%b0%d0%bd%d0%b8%d0%b5-%d1%80%d0%b5%d0%bc%d0%be%d0%bd%d1%82","status":"publish","type":"page","link":"https:\/\/www.segler.eu\/ru\/leistungen\/instandhaltung-wartung-reparatur\/","title":{"rendered":"\u0422\u0435\u0445\u043d\u0438\u0447\u0435\u0441\u043a\u043e\u0435 \u043e\u0431\u0441\u043b\u0443\u0436\u0438\u0432\u0430\u043d\u0438\u0435, \u0440\u0435\u043c\u043e\u043d\u0442 \u0438 \u043e\u0431\u0441\u043b\u0443\u0436\u0438\u0432\u0430\u043d\u0438\u0435"},"content":{"rendered":"<p>[et_pb_section fb_built=&#8220;1&#8243; _builder_version=&#8220;4.27.4&#8243; _module_preset=&#8220;default&#8220; background_image=&#8220;https:\/\/www.segler.eu\/wp-content\/uploads\/2024\/11\/Ersatzteile.jpg&#8220; height=&#8220;45vh&#8220; custom_margin=&#8220;-10%||||false|false&#8220; locked=&#8220;off&#8220; global_colors_info=&#8220;{}&#8220;][et_pb_row _builder_version=&#8220;4.27.2&#8243; _module_preset=&#8220;default&#8220; custom_padding=&#8220;20vh||||false|false&#8220; global_colors_info=&#8220;{}&#8220;][et_pb_column type=&#8220;4_4&#8243; _builder_version=&#8220;4.27.2&#8243; _module_preset=&#8220;default&#8220; global_colors_info=&#8220;{}&#8220;][\/et_pb_column][\/et_pb_row][\/et_pb_section][et_pb_section fb_built=&#8220;1&#8243; _builder_version=&#8220;4.27.2&#8243; _module_preset=&#8220;default&#8220; locked=&#8220;off&#8220; global_colors_info=&#8220;{}&#8220;][et_pb_row _builder_version=&#8220;4.27.2&#8243; _module_preset=&#8220;default&#8220; custom_margin=&#8220;0px||0px||true|false&#8220; custom_padding=&#8220;0px||0px||true|false&#8220; locked=&#8220;off&#8220; global_colors_info=&#8220;{}&#8220;][et_pb_column type=&#8220;4_4&#8243; _builder_version=&#8220;4.27.2&#8243; _module_preset=&#8220;default&#8220; global_colors_info=&#8220;{}&#8220;][et_pb_heading title=&#8220;Leistungen&#8220; _builder_version=&#8220;4.27.2&#8243; _module_preset=&#8220;default&#8220; title_level=&#8220;h4&#8243; title_font=&#8220;|||on|||||&#8220; title_text_color=&#8220;#b82435&#8243; custom_margin=&#8220;0px||0px||false|false&#8220; custom_padding=&#8220;0px||0px||false|false&#8220; global_colors_info=&#8220;{}&#8220;][\/et_pb_heading][et_pb_heading title=&#8220;Instandhaltung, Wartung, Reparatur&#8220; _builder_version=&#8220;4.27.2&#8243; _module_preset=&#8220;default&#8220; title_font=&#8220;|||on|||||&#8220; custom_margin=&#8220;0px||15px||false|false&#8220; custom_padding=&#8220;0px||0px||true|false&#8220; global_colors_info=&#8220;{}&#8220;][\/et_pb_heading][et_pb_divider _builder_version=&#8220;4.27.2&#8243; _module_preset=&#8220;default&#8220; width=&#8220;50%&#8220; global_colors_info=&#8220;{}&#8220;][\/et_pb_divider][\/et_pb_column][\/et_pb_row][et_pb_row _builder_version=&#8220;4.27.2&#8243; _module_preset=&#8220;default&#8220; global_colors_info=&#8220;{}&#8220;][et_pb_column type=&#8220;4_4&#8243; _builder_version=&#8220;4.27.2&#8243; _module_preset=&#8220;default&#8220; global_colors_info=&#8220;{}&#8220;][et_pb_text _builder_version=&#8220;4.27.2&#8243; _module_preset=&#8220;default&#8220; global_colors_info=&#8220;{}&#8220;]<\/p>\n<p>SEGLER Maschinen und Anlagen kommen oftmals in Hochleistungsbereichen zum Einsatz. Verschlei\u00df kann durch konstruktive Ma\u00dfnahmen und Materialauswahl reduziert, aber nicht g\u00e4nzlich vermieden werden. Es ist selbstverst\u00e4ndlich, dass das SEGLER-Team Ihnen auch nach der Inbetriebnahme zur Seite steht. Eine regelm\u00e4\u00dfige, pr\u00e4ventive Wartung und Instandhaltung verhindert fr\u00fchzeitig sich anbahnende Sch\u00e4den. Das Ausfallrisiko und damit einhergehende Reparatur- und Produktionsausfallkosten werden somit minimiert.<\/p>\n<p>Auch bei vorhandenen St\u00f6rungen und eingetretenen Sch\u00e4den sichern wir Ihnen durch unsere Serviceteams und Lagertechnik eine schnellstm\u00f6gliche Abhilfe zu.<\/p>\n<p><strong>Sie k\u00f6nnen sich auf uns verlassen bei:<\/strong><\/p>\n<ul>\n<li><span>Sicherheitskontrollen<\/span><\/li>\n<li><span>Ausr\u00e4umen CE-Defizite<\/span><\/li>\n<li><span>Allgemeine Instandhaltungs- und Wartungsarbeiten der kompletten Maschine bzw. Anlage oder einzelner Komponenten<\/span><\/li>\n<li><span>\u00dcberpr\u00fcfen der Wirtschaftlichkeit einer Instandsetzung und Erarbeiten von Vorschl\u00e4gen<\/span><\/li>\n<li><span>Ausarbeiten eines nachhaltigen Servicekonzeptes f\u00fcr Instandhaltung, Wartung, Inspektion<\/span><\/li>\n<li><span>Beseitigung von St\u00f6rf\u00e4llen durch Wechsel oder Reparatur der defekten Komponenten oder auch durch den vollst\u00e4ndigen Austausch ganzer Einheiten<\/span><\/li>\n<li><span>kompetente Unterst\u00fctzung in Sachen Verfahrenstechnik, Mechanik und Elektronik<\/span><\/li>\n<li><span>Optimale Maschinen-\/Anlageneinstellungen, Anpassung an neue Maschinenstandards, Optimierung von Produktionsprozessen<\/span><\/li>\n<li><span>telefonischer Support durch unsere Spezialisten in der Zentrale zus\u00e4tzlich zum Vor-Ort-Service<\/span><\/li>\n<\/ul>\n<p>[\/et_pb_text][\/et_pb_column][\/et_pb_row][et_pb_row column_structure=&#8220;3_5,2_5&#8243; make_equal=&#8220;on&#8220; _builder_version=&#8220;4.27.2&#8243; _module_preset=&#8220;default&#8220; background_color=&#8220;#b82435&#8243; custom_padding=&#8220;20px|25px|20px|25px|true|true&#8220; border_radii=&#8220;on|2px|2px|2px|2px&#8220; box_shadow_style=&#8220;preset1&#8243; global_colors_info=&#8220;{}&#8220;][et_pb_column type=&#8220;3_5&#8243; module_class=&#8220;vertikal-zentrieren&#8220; _builder_version=&#8220;4.27.2&#8243; _module_preset=&#8220;default&#8220; global_colors_info=&#8220;{}&#8220;][et_pb_heading title=&#8220;Durch unsere reaktionsschnellen Servicema\u00dfnahmen&#8220; _builder_version=&#8220;4.27.2&#8243; _module_preset=&#8220;default&#8220; title_level=&#8220;h4&#8243; title_text_align=&#8220;left&#8220; title_text_color=&#8220;#FFFFFF&#8220; custom_margin=&#8220;||0px||false|false&#8220; global_colors_info=&#8220;{}&#8220;][\/et_pb_heading][et_pb_text _builder_version=&#8220;4.27.2&#8243; _module_preset=&#8220;default&#8220; global_colors_info=&#8220;{}&#8220;]<\/p>\n<p><span style=\"color: #ffffff;\"><span class=\"hiddenGrammarError\" onkeypress=\"UPPERCASE_SENTENCE_START---#---undefined---#---Gro\u00df-\/Kleinschreibung---#---Dieser Satz f\u00e4ngt nicht mit einem gro\u00dfgeschriebenen Wort an.---#---verl\u00e4ngern Sie die Betriebsdauer Ihrer Maschinen und Anlagen und gewinnen ein H\u00f6chstma\u00df an Betriebssicherheit und Wirtschaftlichkeit.---#---Verl\u00e4ngern---#---verl\u00e4ngern---#---https:\/\/languagetool.org\/insights\/de\/beitrag\/gross-klein-schreibung-rechtschreibung\/#1-satzanf%C3%A4nge-schreiben-wir-gro%C3%9F\">verl\u00e4ngern<\/span>\u00a0Sie die Betriebsdauer Ihrer Maschinen und Anlagen und gewinnen ein H\u00f6chstma\u00df an Betriebssicherheit und Wirtschaftlichkeit.<\/span><\/p>\n<p>[\/et_pb_text][\/et_pb_column][et_pb_column type=&#8220;2_5&#8243; module_class=&#8220;vertikal-zentrieren&#8220; _builder_version=&#8220;4.27.2&#8243; _module_preset=&#8220;default&#8220; global_colors_info=&#8220;{}&#8220;][et_pb_button button_url=&#8220;@ET-DC@eyJkeW5hbWljIjp0cnVlLCJjb250ZW50IjoicG9zdF9saW5rX3VybF9wYWdlIiwic2V0dGluZ3MiOnsicG9zdF9pZCI6IjI3MyJ9fQ==@&#8220; button_text=&#8220;Jetzt Kontakt aufnehmen&#8220; button_alignment=&#8220;center&#8220; _builder_version=&#8220;4.27.2&#8243; _dynamic_attributes=&#8220;button_url&#8220; _module_preset=&#8220;default&#8220; custom_button=&#8220;on&#8220; button_text_color=&#8220;#b82435&#8243; button_bg_color=&#8220;#FFFFFF&#8220; button_border_width=&#8220;1px&#8220; button_border_color=&#8220;#FFFFFF&#8220; box_shadow_style=&#8220;preset1&#8243; global_colors_info=&#8220;{}&#8220;][\/et_pb_button][\/et_pb_column][\/et_pb_row][\/et_pb_section]<\/p>\n","protected":false},"excerpt":{"rendered":"<p>SEGLER Maschinen und Anlagen kommen oftmals in Hochleistungsbereichen zum Einsatz. Verschlei\u00df kann durch konstruktive Ma\u00dfnahmen und Materialauswahl reduziert, aber nicht g\u00e4nzlich vermieden werden. Es ist selbstverst\u00e4ndlich, dass das SEGLER-Team Ihnen auch nach der Inbetriebnahme zur Seite steht. Eine regelm\u00e4\u00dfige, pr\u00e4ventive Wartung und Instandhaltung verhindert fr\u00fchzeitig sich anbahnende Sch\u00e4den. Das Ausfallrisiko und damit einhergehende Reparatur- und [&hellip;]<\/p>\n","protected":false},"author":1,"featured_media":0,"parent":168,"menu_order":0,"comment_status":"closed","ping_status":"closed","template":"","meta":{"_et_pb_use_builder":"on","_et_pb_old_content":"","_et_gb_content_width":"","footnotes":""},"class_list":["post-218","page","type-page","status-publish","hentry"],"yoast_head":"<!-- This site is optimized with the Yoast SEO plugin v27.4 - https:\/\/yoast.com\/product\/yoast-seo-wordpress\/ -->\n<title>Instandhaltung, Wartung &amp; Reparatur - SEGLER<\/title>\n<meta name=\"description\" content=\"Instandhaltung, Wartung &amp; Reparatur von SEGLER\" \/>\n<meta name=\"robots\" content=\"index, follow, max-snippet:-1, max-image-preview:large, max-video-preview:-1\" \/>\n<link rel=\"canonical\" href=\"https:\/\/www.segler.eu\/ru\/\u0443\u0441\u043b\u0443\u0433\u0438\/\u0441\u0435\u0440\u0432\u0438\u0441\u043d\u043e\u0435-\u043e\u0431\u0441\u043b\u0443\u0436\u0438\u0432\u0430\u043d\u0438\u0435-\u0440\u0435\u043c\u043e\u043d\u0442\/\" \/>\n<meta property=\"og:locale\" content=\"ru_RU\" \/>\n<meta property=\"og:type\" content=\"article\" \/>\n<meta property=\"og:title\" content=\"Instandhaltung, Wartung &amp; Reparatur - SEGLER\" \/>\n<meta property=\"og:description\" content=\"Instandhaltung, Wartung &amp; Reparatur von SEGLER\" \/>\n<meta property=\"og:url\" content=\"https:\/\/www.segler.eu\/ru\/\u0443\u0441\u043b\u0443\u0433\u0438\/\u0441\u0435\u0440\u0432\u0438\u0441\u043d\u043e\u0435-\u043e\u0431\u0441\u043b\u0443\u0436\u0438\u0432\u0430\u043d\u0438\u0435-\u0440\u0435\u043c\u043e\u043d\u0442\/\" \/>\n<meta property=\"og:site_name\" content=\"SEGLER\" \/>\n<meta property=\"article:publisher\" content=\"https:\/\/www.facebook.com\/people\/Segler-Frderanlagen-Maschinenfabrik-GmbH\/61567270711954\/\" \/>\n<meta property=\"article:modified_time\" content=\"2025-02-10T12:34:18+00:00\" \/>\n<meta property=\"og:image\" content=\"https:\/\/www.segler.eu\/wp-content\/uploads\/2024\/11\/SEGLER-BERGE-1.png\" \/>\n\t<meta property=\"og:image:width\" content=\"750\" \/>\n\t<meta property=\"og:image:height\" content=\"750\" \/>\n\t<meta property=\"og:image:type\" content=\"image\/png\" \/>\n<meta name=\"twitter:label1\" content=\"\u041f\u0440\u0438\u043c\u0435\u0440\u043d\u043e\u0435 \u0432\u0440\u0435\u043c\u044f \u0434\u043b\u044f \u0447\u0442\u0435\u043d\u0438\u044f\" \/>\n\t<meta name=\"twitter:data1\" content=\"2 \u043c\u0438\u043d\u0443\u0442\u044b\" \/>\n<script type=\"application\/ld+json\" class=\"yoast-schema-graph\">{\"@context\":\"https:\\\/\\\/schema.org\",\"@graph\":[{\"@type\":\"WebPage\",\"@id\":\"https:\\\/\\\/www.segler.eu\\\/leistungen\\\/instandhaltung-wartung-reparatur\\\/\",\"url\":\"https:\\\/\\\/www.segler.eu\\\/leistungen\\\/instandhaltung-wartung-reparatur\\\/\",\"name\":\"Instandhaltung, Wartung & Reparatur - SEGLER\",\"isPartOf\":{\"@id\":\"https:\\\/\\\/www.segler.eu\\\/#website\"},\"datePublished\":\"2024-11-04T15:09:21+00:00\",\"dateModified\":\"2025-02-10T12:34:18+00:00\",\"description\":\"Instandhaltung, Wartung & Reparatur von SEGLER\",\"breadcrumb\":{\"@id\":\"https:\\\/\\\/www.segler.eu\\\/leistungen\\\/instandhaltung-wartung-reparatur\\\/#breadcrumb\"},\"inLanguage\":\"ru-RU\",\"potentialAction\":[{\"@type\":\"ReadAction\",\"target\":[\"https:\\\/\\\/www.segler.eu\\\/leistungen\\\/instandhaltung-wartung-reparatur\\\/\"]}]},{\"@type\":\"BreadcrumbList\",\"@id\":\"https:\\\/\\\/www.segler.eu\\\/leistungen\\\/instandhaltung-wartung-reparatur\\\/#breadcrumb\",\"itemListElement\":[{\"@type\":\"ListItem\",\"position\":1,\"name\":\"Startseite\",\"item\":\"https:\\\/\\\/www.segler.eu\\\/\"},{\"@type\":\"ListItem\",\"position\":2,\"name\":\"Leistungen\",\"item\":\"https:\\\/\\\/www.segler.eu\\\/leistungen\\\/\"},{\"@type\":\"ListItem\",\"position\":3,\"name\":\"Instandhaltung, Wartung &#038; Reparatur\"}]},{\"@type\":\"WebSite\",\"@id\":\"https:\\\/\\\/www.segler.eu\\\/#website\",\"url\":\"https:\\\/\\\/www.segler.eu\\\/\",\"name\":\"SEGLER\",\"description\":\"Materials in motion\",\"publisher\":{\"@id\":\"https:\\\/\\\/www.segler.eu\\\/#organization\"},\"potentialAction\":[{\"@type\":\"SearchAction\",\"target\":{\"@type\":\"EntryPoint\",\"urlTemplate\":\"https:\\\/\\\/www.segler.eu\\\/?s={search_term_string}\"},\"query-input\":{\"@type\":\"PropertyValueSpecification\",\"valueRequired\":true,\"valueName\":\"search_term_string\"}}],\"inLanguage\":\"ru-RU\"},{\"@type\":\"Organization\",\"@id\":\"https:\\\/\\\/www.segler.eu\\\/#organization\",\"name\":\"Segler-F\u00f6rderanlagen Maschinenfabrik GmbH\",\"alternateName\":\"SEGLER\",\"url\":\"https:\\\/\\\/www.segler.eu\\\/\",\"logo\":{\"@type\":\"ImageObject\",\"inLanguage\":\"ru-RU\",\"@id\":\"https:\\\/\\\/www.segler.eu\\\/#\\\/schema\\\/logo\\\/image\\\/\",\"url\":\"https:\\\/\\\/www.segler.eu\\\/wp-content\\\/uploads\\\/2024\\\/11\\\/SEGLER-BERGE-1.png\",\"contentUrl\":\"https:\\\/\\\/www.segler.eu\\\/wp-content\\\/uploads\\\/2024\\\/11\\\/SEGLER-BERGE-1.png\",\"width\":750,\"height\":750,\"caption\":\"Segler-F\u00f6rderanlagen Maschinenfabrik GmbH\"},\"image\":{\"@id\":\"https:\\\/\\\/www.segler.eu\\\/#\\\/schema\\\/logo\\\/image\\\/\"},\"sameAs\":[\"https:\\\/\\\/www.facebook.com\\\/people\\\/Segler-Frderanlagen-Maschinenfabrik-GmbH\\\/61567270711954\\\/\"]}]}<\/script>\n<!-- \/ Yoast SEO plugin. -->","yoast_head_json":{"title":"\u0422\u0435\u0445\u043d\u0438\u0447\u0435\u0441\u043a\u043e\u0435 \u043e\u0431\u0441\u043b\u0443\u0436\u0438\u0432\u0430\u043d\u0438\u0435, \u0441\u0435\u0440\u0432\u0438\u0441 \u0438 \u0440\u0435\u043c\u043e\u043d\u0442 - SEGLER","description":"\u0422\u0435\u0445\u043d\u0438\u0447\u0435\u0441\u043a\u043e\u0435 \u043e\u0431\u0441\u043b\u0443\u0436\u0438\u0432\u0430\u043d\u0438\u0435, \u0441\u0435\u0440\u0432\u0438\u0441 \u0438 \u0440\u0435\u043c\u043e\u043d\u0442 SEGLER","robots":{"index":"index","follow":"follow","max-snippet":"max-snippet:-1","max-image-preview":"max-image-preview:large","max-video-preview":"max-video-preview:-1"},"canonical":"https:\/\/www.segler.eu\/ru\/\u0443\u0441\u043b\u0443\u0433\u0438\/\u0441\u0435\u0440\u0432\u0438\u0441\u043d\u043e\u0435-\u043e\u0431\u0441\u043b\u0443\u0436\u0438\u0432\u0430\u043d\u0438\u0435-\u0440\u0435\u043c\u043e\u043d\u0442\/","og_locale":"ru_RU","og_type":"article","og_title":"Instandhaltung, Wartung & Reparatur - SEGLER","og_description":"Instandhaltung, Wartung & Reparatur von SEGLER","og_url":"https:\/\/www.segler.eu\/ru\/\u0443\u0441\u043b\u0443\u0433\u0438\/\u0441\u0435\u0440\u0432\u0438\u0441\u043d\u043e\u0435-\u043e\u0431\u0441\u043b\u0443\u0436\u0438\u0432\u0430\u043d\u0438\u0435-\u0440\u0435\u043c\u043e\u043d\u0442\/","og_site_name":"SEGLER","article_publisher":"https:\/\/www.facebook.com\/people\/Segler-Frderanlagen-Maschinenfabrik-GmbH\/61567270711954\/","article_modified_time":"2025-02-10T12:34:18+00:00","og_image":[{"width":750,"height":750,"url":"https:\/\/www.segler.eu\/wp-content\/uploads\/2024\/11\/SEGLER-BERGE-1.png","type":"image\/png"}],"twitter_misc":{"\u041f\u0440\u0438\u043c\u0435\u0440\u043d\u043e\u0435 \u0432\u0440\u0435\u043c\u044f \u0434\u043b\u044f \u0447\u0442\u0435\u043d\u0438\u044f":"2 \u043c\u0438\u043d\u0443\u0442\u044b"},"schema":{"@context":"https:\/\/schema.org","@graph":[{"@type":"WebPage","@id":"https:\/\/www.segler.eu\/leistungen\/instandhaltung-wartung-reparatur\/","url":"https:\/\/www.segler.eu\/leistungen\/instandhaltung-wartung-reparatur\/","name":"\u0422\u0435\u0445\u043d\u0438\u0447\u0435\u0441\u043a\u043e\u0435 \u043e\u0431\u0441\u043b\u0443\u0436\u0438\u0432\u0430\u043d\u0438\u0435, \u0441\u0435\u0440\u0432\u0438\u0441 \u0438 \u0440\u0435\u043c\u043e\u043d\u0442 - SEGLER","isPartOf":{"@id":"https:\/\/www.segler.eu\/#website"},"datePublished":"2024-11-04T15:09:21+00:00","dateModified":"2025-02-10T12:34:18+00:00","description":"\u0422\u0435\u0445\u043d\u0438\u0447\u0435\u0441\u043a\u043e\u0435 \u043e\u0431\u0441\u043b\u0443\u0436\u0438\u0432\u0430\u043d\u0438\u0435, \u0441\u0435\u0440\u0432\u0438\u0441 \u0438 \u0440\u0435\u043c\u043e\u043d\u0442 SEGLER","breadcrumb":{"@id":"https:\/\/www.segler.eu\/leistungen\/instandhaltung-wartung-reparatur\/#breadcrumb"},"inLanguage":"ru-RU","potentialAction":[{"@type":"ReadAction","target":["https:\/\/www.segler.eu\/leistungen\/instandhaltung-wartung-reparatur\/"]}]},{"@type":"BreadcrumbList","@id":"https:\/\/www.segler.eu\/leistungen\/instandhaltung-wartung-reparatur\/#breadcrumb","itemListElement":[{"@type":"ListItem","position":1,"name":"Startseite","item":"https:\/\/www.segler.eu\/"},{"@type":"ListItem","position":2,"name":"Leistungen","item":"https:\/\/www.segler.eu\/leistungen\/"},{"@type":"ListItem","position":3,"name":"Instandhaltung, Wartung &#038; Reparatur"}]},{"@type":"WebSite","@id":"https:\/\/www.segler.eu\/#website","url":"https:\/\/www.segler.eu\/","name":"SEGLER","description":"\u041c\u0430\u0442\u0435\u0440\u0438\u0430\u043b\u044b \u0432 \u0434\u0432\u0438\u0436\u0435\u043d\u0438\u0438","publisher":{"@id":"https:\/\/www.segler.eu\/#organization"},"potentialAction":[{"@type":"SearchAction","target":{"@type":"EntryPoint","urlTemplate":"https:\/\/www.segler.eu\/?s={search_term_string}"},"query-input":{"@type":"PropertyValueSpecification","valueRequired":true,"valueName":"search_term_string"}}],"inLanguage":"ru-RU"},{"@type":"Organization","@id":"https:\/\/www.segler.eu\/#organization","name":"Segler-F\u00f6rderanlagen Maschinenfabrik GmbH","alternateName":"SEGLER","url":"https:\/\/www.segler.eu\/","logo":{"@type":"ImageObject","inLanguage":"ru-RU","@id":"https:\/\/www.segler.eu\/#\/schema\/logo\/image\/","url":"https:\/\/www.segler.eu\/wp-content\/uploads\/2024\/11\/SEGLER-BERGE-1.png","contentUrl":"https:\/\/www.segler.eu\/wp-content\/uploads\/2024\/11\/SEGLER-BERGE-1.png","width":750,"height":750,"caption":"Segler-F\u00f6rderanlagen Maschinenfabrik GmbH"},"image":{"@id":"https:\/\/www.segler.eu\/#\/schema\/logo\/image\/"},"sameAs":["https:\/\/www.facebook.com\/people\/Segler-Frderanlagen-Maschinenfabrik-GmbH\/61567270711954\/"]}]}},"_links":{"self":[{"href":"https:\/\/www.segler.eu\/ru\/wp-json\/wp\/v2\/pages\/218","targetHints":{"allow":["GET"]}}],"collection":[{"href":"https:\/\/www.segler.eu\/ru\/wp-json\/wp\/v2\/pages"}],"about":[{"href":"https:\/\/www.segler.eu\/ru\/wp-json\/wp\/v2\/types\/page"}],"author":[{"embeddable":true,"href":"https:\/\/www.segler.eu\/ru\/wp-json\/wp\/v2\/users\/1"}],"replies":[{"embeddable":true,"href":"https:\/\/www.segler.eu\/ru\/wp-json\/wp\/v2\/comments?post=218"}],"version-history":[{"count":0,"href":"https:\/\/www.segler.eu\/ru\/wp-json\/wp\/v2\/pages\/218\/revisions"}],"up":[{"embeddable":true,"href":"https:\/\/www.segler.eu\/ru\/wp-json\/wp\/v2\/pages\/168"}],"wp:attachment":[{"href":"https:\/\/www.segler.eu\/ru\/wp-json\/wp\/v2\/media?parent=218"}],"curies":[{"name":"WP","href":"https:\/\/api.w.org\/{rel}","templated":true}]}}