{"id":269,"date":"2024-11-04T16:18:39","date_gmt":"2024-11-04T15:18:39","guid":{"rendered":"http:\/\/www.segler.eu\/?page_id=269"},"modified":"2025-08-17T21:42:46","modified_gmt":"2025-08-17T19:42:46","slug":"%d0%b8%d1%81%d1%81%d0%bb%d0%b5%d0%b4%d0%be%d0%b2%d0%b0%d0%bd%d0%b8%d1%8f","status":"publish","type":"page","link":"https:\/\/www.segler.eu\/ru\/karriere\/studium\/","title":{"rendered":"\u0418\u0441\u0441\u043b\u0435\u0434\u043e\u0432\u0430\u043d\u0438\u044f"},"content":{"rendered":"<p>[et_pb_section fb_built=&#8220;1&#8243; _builder_version=&#8220;4.27.2&#8243; _module_preset=&#8220;default&#8220; background_image=&#8220;http:\/\/www.segler.eu\/wp-content\/uploads\/2024\/11\/Studium-Informatik-Wirtschaftsinformatik.jpg&#8220; background_position=&#8220;top_center&#8220; background_vertical_offset=&#8220;-5%&#8220; height=&#8220;45vh&#8220; custom_margin=&#8220;-10%||||false|false&#8220; locked=&#8220;off&#8220; global_colors_info=&#8220;{}&#8220;][et_pb_row _builder_version=&#8220;4.27.2&#8243; _module_preset=&#8220;default&#8220; custom_padding=&#8220;20vh||||false|false&#8220; global_colors_info=&#8220;{}&#8220;][et_pb_column type=&#8220;4_4&#8243; _builder_version=&#8220;4.27.2&#8243; _module_preset=&#8220;default&#8220; global_colors_info=&#8220;{}&#8220;][\/et_pb_column][\/et_pb_row][\/et_pb_section][et_pb_section fb_built=&#8220;1&#8243; _builder_version=&#8220;4.27.2&#8243; _module_preset=&#8220;default&#8220; global_colors_info=&#8220;{}&#8220;][et_pb_row _builder_version=&#8220;4.27.2&#8243; _module_preset=&#8220;default&#8220; custom_margin=&#8220;0px||0px||true|false&#8220; custom_padding=&#8220;0px||0px||true|false&#8220; locked=&#8220;off&#8220; global_colors_info=&#8220;{}&#8220;][et_pb_column type=&#8220;4_4&#8243; _builder_version=&#8220;4.27.2&#8243; _module_preset=&#8220;default&#8220; global_colors_info=&#8220;{}&#8220;][et_pb_heading title=&#8220;Karriere&#8220; _builder_version=&#8220;4.27.2&#8243; _module_preset=&#8220;default&#8220; title_level=&#8220;h4&#8243; title_font=&#8220;|||on|||||&#8220; title_text_color=&#8220;#b82435&#8243; custom_margin=&#8220;0px||0px||false|false&#8220; custom_padding=&#8220;0px||0px||false|false&#8220; global_colors_info=&#8220;{}&#8220;][\/et_pb_heading][et_pb_heading title=&#8220;Studium bei Segler&#8220; _builder_version=&#8220;4.27.2&#8243; _module_preset=&#8220;default&#8220; title_font=&#8220;|||on|||||&#8220; custom_margin=&#8220;0px||15px||false|false&#8220; custom_padding=&#8220;0px||0px||true|false&#8220; global_colors_info=&#8220;{}&#8220;][\/et_pb_heading][et_pb_divider _builder_version=&#8220;4.27.2&#8243; _module_preset=&#8220;default&#8220; width=&#8220;50%&#8220; global_colors_info=&#8220;{}&#8220;][\/et_pb_divider][\/et_pb_column][\/et_pb_row][et_pb_row _builder_version=&#8220;4.27.2&#8243; _module_preset=&#8220;default&#8220; locked=&#8220;off&#8220; global_colors_info=&#8220;{}&#8220;][et_pb_column type=&#8220;4_4&#8243; _builder_version=&#8220;4.27.2&#8243; _module_preset=&#8220;default&#8220; global_colors_info=&#8220;{}&#8220;][et_pb_text _builder_version=&#8220;4.27.4&#8243; _module_preset=&#8220;default&#8220; hover_enabled=&#8220;0&#8243; global_colors_info=&#8220;{}&#8220; sticky_enabled=&#8220;0&#8243;]<\/p>\n<p>Bei SEGLER entwickeln wir innovative Produkte wie F\u00f6rderschnecken, Mischer und R\u00fchrwerksbeh\u00e4lter, die weltweit gefragt sind \u2013 von der M\u00fcsliproduktion in Deutschland \u00fcber die D\u00fcngemittelherstellung in Frankreich bis hin zum russischen Bergbau. Unser Erfolg basiert auf einem starken Team aus Ingenieuren, Schwei\u00dfern, Konstrukteuren, Lageristen und Eink\u00e4ufern, die t\u00e4glich an ma\u00dfgeschneiderten L\u00f6sungen arbeiten.<\/p>\n<p><strong>Jetzt kommst du ins Spiel!<\/strong> Als Student\/in hast du bei uns die M\u00f6glichkeit, dein Wissen in der Praxis anzuwenden und erste Berufserfahrungen zu sammeln. Bei SEGLER \u00fcbernimmst du spannende Aufgaben und kannst aktiv an Projekten mitwirken. Du bist motiviert, neugierig und bereit, Verantwortung zu \u00fcbernehmen? Dann bist du bei uns genau richtig!<br \/><strong><br \/>Das bieten wir dir als Student\/in:<\/strong><strong><\/strong><\/p>\n<ul>\n<li>Famili\u00e4re Atmosph\u00e4re: Arbeite in einem mittelst\u00e4ndischen, wachstumsorientierten Familienunternehmen.<\/li>\n<li>Direkter Einstieg in die Praxis: Von Anfang an bist du Teil unseres Teams und kannst zeigen, was in dir steckt.<\/li>\n<li>Abwechslungsreiche Aufgaben: Arbeite an spannenden Projekten und erlebe ein vielseitiges Arbeitsumfeld.<\/li>\n<li>Teamgeist pur: Werde Teil eines starken Netzwerks, das sich gegenseitig unterst\u00fctzt.<\/li>\n<li>Modernste Technik: Nutze unseren hochmodernen Maschinenpark f\u00fcr deine Projekte.<\/li>\n<li>Perspektiven f\u00fcr die Zukunft: Ein zukunftssicherer Arbeitsplatz und Entwicklungsm\u00f6glichkeiten warten auf dich.<\/li>\n<li>Individuelle F\u00f6rderung: Wir unterst\u00fctzen dich bei deiner fachlichen und pers\u00f6nlichen Weiterentwicklung.<\/li>\n<li>Gesundheit im Fokus: Profitiere von unserer betrieblichen Gesundheitsf\u00f6rderung.<\/li>\n<\/ul>\n<p>Bewirb dich jetzt und lege den Grundstein f\u00fcr deine Karriere bei SEGLER!<\/p>\n<p>[\/et_pb_text][\/et_pb_column][\/et_pb_row][et_pb_row _builder_version=&#8220;4.27.2&#8243; _module_preset=&#8220;default&#8220; custom_padding=&#8220;||15px||false|false&#8220; locked=&#8220;off&#8220; global_colors_info=&#8220;{}&#8220;][et_pb_column type=&#8220;4_4&#8243; _builder_version=&#8220;4.27.2&#8243; _module_preset=&#8220;default&#8220; global_colors_info=&#8220;{}&#8220;][et_pb_heading title=&#8220;Deine Karrierechancen&#8220; _builder_version=&#8220;4.27.2&#8243; _module_preset=&#8220;default&#8220; title_level=&#8220;h3&#8243; title_font=&#8220;|||on|||||&#8220; global_colors_info=&#8220;{}&#8220;][\/et_pb_heading][\/et_pb_column][\/et_pb_row][et_pb_row _builder_version=&#8220;4.27.2&#8243; _module_preset=&#8220;default&#8220; custom_padding=&#8220;0px||||false|false&#8220; locked=&#8220;off&#8220; global_colors_info=&#8220;{}&#8220;][et_pb_column type=&#8220;4_4&#8243; _builder_version=&#8220;4.27.2&#8243; _module_preset=&#8220;default&#8220; global_colors_info=&#8220;{}&#8220;][et_pb_toggle title=&#8220;Duales Studium Informatik \/ Wirtschaftsinformatik&#8220; icon_color=&#8220;#b82435&#8243; _builder_version=&#8220;4.27.4&#8243; _module_preset=&#8220;default&#8220; title_text_color=&#8220;#b82435&#8243; hover_enabled=&#8220;0&#8243; global_colors_info=&#8220;{}&#8220; sticky_enabled=&#8220;0&#8243;]<\/p>\n<article class=\"w-full scroll-mb-[var(--thread-trailing-height,150px)] text-token-text-primary focus-visible:outline-2 focus-visible:outline-offset-[-4px]\" dir=\"auto\" data-testid=\"conversation-turn-35\" data-scroll-anchor=\"false\">\n<div class=\"m-auto text-base py-[18px] px-3 md:px-4 w-full md:px-5 lg:px-4 xl:px-5\">\n<div class=\"mx-auto flex flex-1 gap-4 text-base md:gap-5 lg:gap-6 md:max-w-3xl lg:max-w-[40rem] xl:max-w-[48rem]\">\n<div class=\"group\/conversation-turn relative flex w-full min-w-0 flex-col agent-turn\">\n<div class=\"flex-col gap-1 md:gap-3\">\n<div class=\"flex max-w-full flex-col flex-grow\">\n<div data-message-author-role=\"assistant\" data-message-id=\"3829ae4a-5893-4d9e-8225-7bac8c4dd6f9\" dir=\"auto\" class=\"min-h-8 text-message flex w-full flex-col items-end gap-2 whitespace-normal break-words [.text-message+&amp;]:mt-5\" data-message-model-slug=\"gpt-4o\">\n<div class=\"flex w-full flex-col gap-1 empty:hidden first:pt-[3px]\">\n<div class=\"markdown prose w-full break-words dark:prose-invert dark\">\n<h3>Starte dein Duales Studium bei SEGLER \u2013 Informatik oder Wirtschaftsinformatik<\/h3>\n<p>&nbsp;<\/p>\n<p>Deine Studieninhalte:<\/p>\n<ul>\n<li>Entwickle innovative Softwarel\u00f6sungen und Anwendungen.<\/li>\n<li>Analysiere, konzipiere und implementiere spannende IT-Projekte.<\/li>\n<li>Optimiere Datenbanken und Gesch\u00e4ftsprozesse.<\/li>\n<li>Unterst\u00fctze die Integration moderner Technologien in unserem Unternehmen.<\/li>\n<\/ul>\n<p>Das lernst du bei uns:<\/p>\n<ul>\n<li>Programmierung im Client\/Server-Bereich (Angular, TypeScript, Node.js) und mit C++.<\/li>\n<li>Entwicklung, Implementierung und Wartung von IT-Systemen.<\/li>\n<li>Umgang mit Datenbankmanagementsystemen.<\/li>\n<li>Grundlagen der Systemadministration und Netzwerktechnik.<\/li>\n<\/ul>\n<p>Das bieten wir dir:<\/p>\n<ul>\n<li>Intensive Betreuung und praxisnahe Einbindung in unser Team.<\/li>\n<li>Mitarbeit an spannenden Projekten in einem modernen Arbeitsumfeld.<\/li>\n<li>\u00dcbernahme deiner Studiengeb\u00fchren und ein attraktives Gehalt.<\/li>\n<li>Flexible Arbeitszeiten und 30 Tage Urlaub.<\/li>\n<li>Eine angenehme Arbeits- und Lernatmosph\u00e4re in einem wachstumsorientierten Familienunternehmen.<\/li>\n<\/ul>\n<p>Das solltest du mitbringen:<\/p>\n<ul>\n<li>Eine Hochschulzugangsberechtigung (Abitur\/Fachabitur) oder eine vergleichbare abgeschlossene Ausbildung.<\/li>\n<li>Begeisterung f\u00fcr Informatik oder Wirtschaftsinformatik.<\/li>\n<li>Analytisches Denken und Probleml\u00f6sungskompetenz.<\/li>\n<li>Teamf\u00e4higkeit, Kommunikationsst\u00e4rke und gute Mathematikkenntnisse.<\/li>\n<li>Erste Erfahrungen mit Programmiersprachen oder Betriebssystemen sind ein Plus, aber kein Muss.<\/li>\n<\/ul>\n<p>Studienorte:<\/p>\n<ul>\n<li>Praxisphasen: SEGLER-F\u00f6rderanlagen in Berge.<\/li>\n<li>Theoriephasen:\n<ul>\n<li>PHWT Vechta\/Diepholz<\/li>\n<li>Hochschule Osnabr\u00fcck \u2013 Standort Lingen<\/li>\n<\/ul>\n<\/li>\n<\/ul>\n<p>Starte jetzt durch und verbinde Theorie und Praxis bei SEGLER! Bewerb dich und werde Teil eines innovativen Teams, das IT-L\u00f6sungen auf ein neues Level hebt.<\/p>\n<\/div>\n<\/div>\n<\/div>\n<\/div>\n<\/div>\n<\/div>\n<\/div>\n<\/div>\n<\/article>\n<p>[\/et_pb_toggle][\/et_pb_column][\/et_pb_row][et_pb_row column_structure=&#8220;3_5,2_5&#8243; make_equal=&#8220;on&#8220; _builder_version=&#8220;4.27.2&#8243; _module_preset=&#8220;default&#8220; background_color=&#8220;#b82435&#8243; custom_margin=&#8220;25px||||false|false&#8220; custom_padding=&#8220;20px|25px|20px|25px|true|true&#8220; border_radii=&#8220;on|2px|2px|2px|2px&#8220; box_shadow_style=&#8220;preset1&#8243; locked=&#8220;off&#8220; global_colors_info=&#8220;{}&#8220;][et_pb_column type=&#8220;3_5&#8243; module_class=&#8220;vertikal-zentrieren&#8220; _builder_version=&#8220;4.27.2&#8243; _module_preset=&#8220;default&#8220; global_colors_info=&#8220;{}&#8220;][et_pb_heading title=&#8220;Dein Weg zu SEGLER \u2013 Bewerbung &#038; Kontakt&#8220; _builder_version=&#8220;4.27.2&#8243; _module_preset=&#8220;default&#8220; title_level=&#8220;h4&#8243; title_text_align=&#8220;left&#8220; title_text_color=&#8220;#FFFFFF&#8220; custom_margin=&#8220;||0px||false|false&#8220; global_colors_info=&#8220;{}&#8220;][\/et_pb_heading][et_pb_text _builder_version=&#8220;4.27.2&#8243; _module_preset=&#8220;default&#8220; global_colors_info=&#8220;{}&#8220;]<\/p>\n<p><span style=\"color: #ffffff;\">Unser Gesch\u00e4ftsf\u00fchrer Thomas Neteler ist jederzeit f\u00fcr dich da und beantwortet gerne alle deine Fragen.<\/span><\/p>\n<p><span style=\"color: #ffffff;\">Deine vollst\u00e4ndigen Bewerbungsunterlagen kannst du uns bequem per E-Mail zusenden. Wir freuen uns auf dich!<\/span><\/p>\n<p>[\/et_pb_text][\/et_pb_column][et_pb_column type=&#8220;2_5&#8243; module_class=&#8220;vertikal-zentrieren&#8220; _builder_version=&#8220;4.27.2&#8243; _module_preset=&#8220;default&#8220; global_colors_info=&#8220;{}&#8220;][et_pb_button button_url=&#8220;mailto:tn@segler.eu&#8220; url_new_window=&#8220;on&#8220; button_text=&#8220;Jetzt E-Mail schicken&#8220; button_alignment=&#8220;center&#8220; _builder_version=&#8220;4.27.2&#8243; _module_preset=&#8220;default&#8220; custom_button=&#8220;on&#8220; button_text_color=&#8220;#b82435&#8243; button_bg_color=&#8220;#FFFFFF&#8220; button_border_width=&#8220;1px&#8220; button_border_color=&#8220;#FFFFFF&#8220; box_shadow_style=&#8220;preset1&#8243; global_colors_info=&#8220;{}&#8220;][\/et_pb_button][\/et_pb_column][\/et_pb_row][\/et_pb_section]<\/p>\n","protected":false},"excerpt":{"rendered":"<p>Bei SEGLER entwickeln wir innovative Produkte wie F\u00f6rderschnecken, Mischer und R\u00fchrwerksbeh\u00e4lter, die weltweit gefragt sind \u2013 von der M\u00fcsliproduktion in Deutschland \u00fcber die D\u00fcngemittelherstellung in Frankreich bis hin zum russischen Bergbau. Unser Erfolg basiert auf einem starken Team aus Ingenieuren, Schwei\u00dfern, Konstrukteuren, Lageristen und Eink\u00e4ufern, die t\u00e4glich an ma\u00dfgeschneiderten L\u00f6sungen arbeiten. Jetzt kommst du ins [&hellip;]<\/p>\n","protected":false},"author":1,"featured_media":0,"parent":181,"menu_order":0,"comment_status":"closed","ping_status":"closed","template":"","meta":{"_et_pb_use_builder":"on","_et_pb_old_content":"","_et_gb_content_width":"","footnotes":""},"class_list":["post-269","page","type-page","status-publish","hentry"],"yoast_head":"<!-- This site is optimized with the Yoast SEO plugin v27.4 - https:\/\/yoast.com\/product\/yoast-seo-wordpress\/ -->\n<title>Studium bei SEGLER \u2013 Praxisorientierte Karrierechancen<\/title>\n<meta name=\"description\" content=\"Starte dein duales Studium in Informatik oder Wirtschaftsinformatik bei SEGLER. Verbinde Theorie und Praxis in der F\u00f6rdertechnik.\" \/>\n<meta name=\"robots\" content=\"index, follow, max-snippet:-1, max-image-preview:large, max-video-preview:-1\" \/>\n<link rel=\"canonical\" href=\"https:\/\/www.segler.eu\/ru\/\u043a\u0430\u0440\u044c\u0435\u0440\u0430\/\u0438\u0441\u0441\u043b\u0435\u0434\u043e\u0432\u0430\u043d\u0438\u044f\/\" \/>\n<meta property=\"og:locale\" content=\"ru_RU\" \/>\n<meta property=\"og:type\" content=\"article\" \/>\n<meta property=\"og:title\" content=\"Studium bei SEGLER \u2013 Praxisorientierte Karrierechancen\" \/>\n<meta property=\"og:description\" content=\"Starte dein duales Studium in Informatik oder Wirtschaftsinformatik bei SEGLER. Verbinde Theorie und Praxis in der F\u00f6rdertechnik.\" \/>\n<meta property=\"og:url\" content=\"https:\/\/www.segler.eu\/ru\/\u043a\u0430\u0440\u044c\u0435\u0440\u0430\/\u0438\u0441\u0441\u043b\u0435\u0434\u043e\u0432\u0430\u043d\u0438\u044f\/\" \/>\n<meta property=\"og:site_name\" content=\"SEGLER\" \/>\n<meta property=\"article:publisher\" content=\"https:\/\/www.facebook.com\/people\/Segler-Frderanlagen-Maschinenfabrik-GmbH\/61567270711954\/\" \/>\n<meta property=\"article:modified_time\" content=\"2025-08-17T19:42:46+00:00\" \/>\n<meta property=\"og:image\" content=\"https:\/\/www.segler.eu\/wp-content\/uploads\/2024\/11\/SEGLER-BERGE-1.png\" \/>\n\t<meta property=\"og:image:width\" content=\"750\" \/>\n\t<meta property=\"og:image:height\" content=\"750\" \/>\n\t<meta property=\"og:image:type\" content=\"image\/png\" \/>\n<meta name=\"twitter:label1\" content=\"\u041f\u0440\u0438\u043c\u0435\u0440\u043d\u043e\u0435 \u0432\u0440\u0435\u043c\u044f \u0434\u043b\u044f \u0447\u0442\u0435\u043d\u0438\u044f\" \/>\n\t<meta name=\"twitter:data1\" content=\"3 \u043c\u0438\u043d\u0443\u0442\u044b\" \/>\n<script type=\"application\/ld+json\" class=\"yoast-schema-graph\">{\"@context\":\"https:\\\/\\\/schema.org\",\"@graph\":[{\"@type\":\"WebPage\",\"@id\":\"https:\\\/\\\/www.segler.eu\\\/karriere\\\/studium\\\/\",\"url\":\"https:\\\/\\\/www.segler.eu\\\/karriere\\\/studium\\\/\",\"name\":\"Studium bei SEGLER \u2013 Praxisorientierte Karrierechancen\",\"isPartOf\":{\"@id\":\"https:\\\/\\\/www.segler.eu\\\/#website\"},\"datePublished\":\"2024-11-04T15:18:39+00:00\",\"dateModified\":\"2025-08-17T19:42:46+00:00\",\"description\":\"Starte dein duales Studium in Informatik oder Wirtschaftsinformatik bei SEGLER. Verbinde Theorie und Praxis in der F\u00f6rdertechnik.\",\"breadcrumb\":{\"@id\":\"https:\\\/\\\/www.segler.eu\\\/karriere\\\/studium\\\/#breadcrumb\"},\"inLanguage\":\"ru-RU\",\"potentialAction\":[{\"@type\":\"ReadAction\",\"target\":[\"https:\\\/\\\/www.segler.eu\\\/karriere\\\/studium\\\/\"]}]},{\"@type\":\"BreadcrumbList\",\"@id\":\"https:\\\/\\\/www.segler.eu\\\/karriere\\\/studium\\\/#breadcrumb\",\"itemListElement\":[{\"@type\":\"ListItem\",\"position\":1,\"name\":\"Startseite\",\"item\":\"https:\\\/\\\/www.segler.eu\\\/\"},{\"@type\":\"ListItem\",\"position\":2,\"name\":\"Karriere\",\"item\":\"https:\\\/\\\/www.segler.eu\\\/karriere\\\/\"},{\"@type\":\"ListItem\",\"position\":3,\"name\":\"Studium\"}]},{\"@type\":\"WebSite\",\"@id\":\"https:\\\/\\\/www.segler.eu\\\/#website\",\"url\":\"https:\\\/\\\/www.segler.eu\\\/\",\"name\":\"SEGLER\",\"description\":\"Materials in motion\",\"publisher\":{\"@id\":\"https:\\\/\\\/www.segler.eu\\\/#organization\"},\"potentialAction\":[{\"@type\":\"SearchAction\",\"target\":{\"@type\":\"EntryPoint\",\"urlTemplate\":\"https:\\\/\\\/www.segler.eu\\\/?s={search_term_string}\"},\"query-input\":{\"@type\":\"PropertyValueSpecification\",\"valueRequired\":true,\"valueName\":\"search_term_string\"}}],\"inLanguage\":\"ru-RU\"},{\"@type\":\"Organization\",\"@id\":\"https:\\\/\\\/www.segler.eu\\\/#organization\",\"name\":\"Segler-F\u00f6rderanlagen Maschinenfabrik GmbH\",\"alternateName\":\"SEGLER\",\"url\":\"https:\\\/\\\/www.segler.eu\\\/\",\"logo\":{\"@type\":\"ImageObject\",\"inLanguage\":\"ru-RU\",\"@id\":\"https:\\\/\\\/www.segler.eu\\\/#\\\/schema\\\/logo\\\/image\\\/\",\"url\":\"https:\\\/\\\/www.segler.eu\\\/wp-content\\\/uploads\\\/2024\\\/11\\\/SEGLER-BERGE-1.png\",\"contentUrl\":\"https:\\\/\\\/www.segler.eu\\\/wp-content\\\/uploads\\\/2024\\\/11\\\/SEGLER-BERGE-1.png\",\"width\":750,\"height\":750,\"caption\":\"Segler-F\u00f6rderanlagen Maschinenfabrik GmbH\"},\"image\":{\"@id\":\"https:\\\/\\\/www.segler.eu\\\/#\\\/schema\\\/logo\\\/image\\\/\"},\"sameAs\":[\"https:\\\/\\\/www.facebook.com\\\/people\\\/Segler-Frderanlagen-Maschinenfabrik-GmbH\\\/61567270711954\\\/\"]}]}<\/script>\n<!-- \/ Yoast SEO plugin. -->","yoast_head_json":{"title":"\u041e\u0431\u0443\u0447\u0435\u043d\u0438\u0435 \u0432 SEGLER \u2014 \u043f\u0440\u0430\u043a\u0442\u0438\u0447\u043d\u044b\u0439 \u043a\u0430\u0440\u044c\u0435\u0440\u043d\u044b\u0439 \u0440\u043e\u0441\u0442","description":"\u041d\u0430\u0447\u043d\u0438\u0442\u0435 \u043f\u0440\u043e\u0433\u0440\u0430\u043c\u043c\u0443 \u0434\u0443\u0430\u043b\u044c\u043d\u043e\u0433\u043e \u043e\u0431\u0443\u0447\u0435\u043d\u0438\u044f \u043f\u043e \u0438\u043d\u0444\u043e\u0440\u043c\u0430\u0442\u0438\u043a\u0435 \u0438\u043b\u0438 \u0431\u0438\u0437\u043d\u0435\u0441-\u0438\u043d\u0444\u043e\u0440\u043c\u0430\u0442\u0438\u043a\u0435 \u043d\u0430 SEGLER. \u041e\u0431\u044a\u0435\u0434\u0438\u043d\u0438\u0442\u044c \u0442\u0435\u043e\u0440\u0438\u044e \u0438 \u043f\u0440\u0430\u043a\u0442\u0438\u043a\u0443 \u0432 \u043a\u043e\u043d\u0432\u0435\u0439\u0435\u0440\u043d\u043e\u0439 \u0442\u0435\u0445\u043d\u043e\u043b\u043e\u0433\u0438\u0438.","robots":{"index":"index","follow":"follow","max-snippet":"max-snippet:-1","max-image-preview":"max-image-preview:large","max-video-preview":"max-video-preview:-1"},"canonical":"https:\/\/www.segler.eu\/ru\/\u043a\u0430\u0440\u044c\u0435\u0440\u0430\/\u0438\u0441\u0441\u043b\u0435\u0434\u043e\u0432\u0430\u043d\u0438\u044f\/","og_locale":"ru_RU","og_type":"article","og_title":"Studium bei SEGLER \u2013 Praxisorientierte Karrierechancen","og_description":"Starte dein duales Studium in Informatik oder Wirtschaftsinformatik bei SEGLER. Verbinde Theorie und Praxis in der F\u00f6rdertechnik.","og_url":"https:\/\/www.segler.eu\/ru\/\u043a\u0430\u0440\u044c\u0435\u0440\u0430\/\u0438\u0441\u0441\u043b\u0435\u0434\u043e\u0432\u0430\u043d\u0438\u044f\/","og_site_name":"SEGLER","article_publisher":"https:\/\/www.facebook.com\/people\/Segler-Frderanlagen-Maschinenfabrik-GmbH\/61567270711954\/","article_modified_time":"2025-08-17T19:42:46+00:00","og_image":[{"width":750,"height":750,"url":"https:\/\/www.segler.eu\/wp-content\/uploads\/2024\/11\/SEGLER-BERGE-1.png","type":"image\/png"}],"twitter_misc":{"\u041f\u0440\u0438\u043c\u0435\u0440\u043d\u043e\u0435 \u0432\u0440\u0435\u043c\u044f \u0434\u043b\u044f \u0447\u0442\u0435\u043d\u0438\u044f":"3 \u043c\u0438\u043d\u0443\u0442\u044b"},"schema":{"@context":"https:\/\/schema.org","@graph":[{"@type":"WebPage","@id":"https:\/\/www.segler.eu\/karriere\/studium\/","url":"https:\/\/www.segler.eu\/karriere\/studium\/","name":"\u041e\u0431\u0443\u0447\u0435\u043d\u0438\u0435 \u0432 SEGLER \u2014 \u043f\u0440\u0430\u043a\u0442\u0438\u0447\u043d\u044b\u0439 \u043a\u0430\u0440\u044c\u0435\u0440\u043d\u044b\u0439 \u0440\u043e\u0441\u0442","isPartOf":{"@id":"https:\/\/www.segler.eu\/#website"},"datePublished":"2024-11-04T15:18:39+00:00","dateModified":"2025-08-17T19:42:46+00:00","description":"\u041d\u0430\u0447\u043d\u0438\u0442\u0435 \u043f\u0440\u043e\u0433\u0440\u0430\u043c\u043c\u0443 \u0434\u0443\u0430\u043b\u044c\u043d\u043e\u0433\u043e \u043e\u0431\u0443\u0447\u0435\u043d\u0438\u044f \u043f\u043e \u0438\u043d\u0444\u043e\u0440\u043c\u0430\u0442\u0438\u043a\u0435 \u0438\u043b\u0438 \u0431\u0438\u0437\u043d\u0435\u0441-\u0438\u043d\u0444\u043e\u0440\u043c\u0430\u0442\u0438\u043a\u0435 \u043d\u0430 SEGLER. \u041e\u0431\u044a\u0435\u0434\u0438\u043d\u0438\u0442\u044c \u0442\u0435\u043e\u0440\u0438\u044e \u0438 \u043f\u0440\u0430\u043a\u0442\u0438\u043a\u0443 \u0432 \u043a\u043e\u043d\u0432\u0435\u0439\u0435\u0440\u043d\u043e\u0439 \u0442\u0435\u0445\u043d\u043e\u043b\u043e\u0433\u0438\u0438.","breadcrumb":{"@id":"https:\/\/www.segler.eu\/karriere\/studium\/#breadcrumb"},"inLanguage":"ru-RU","potentialAction":[{"@type":"ReadAction","target":["https:\/\/www.segler.eu\/karriere\/studium\/"]}]},{"@type":"BreadcrumbList","@id":"https:\/\/www.segler.eu\/karriere\/studium\/#breadcrumb","itemListElement":[{"@type":"ListItem","position":1,"name":"Startseite","item":"https:\/\/www.segler.eu\/"},{"@type":"ListItem","position":2,"name":"Karriere","item":"https:\/\/www.segler.eu\/karriere\/"},{"@type":"ListItem","position":3,"name":"Studium"}]},{"@type":"WebSite","@id":"https:\/\/www.segler.eu\/#website","url":"https:\/\/www.segler.eu\/","name":"SEGLER","description":"\u041c\u0430\u0442\u0435\u0440\u0438\u0430\u043b\u044b \u0432 \u0434\u0432\u0438\u0436\u0435\u043d\u0438\u0438","publisher":{"@id":"https:\/\/www.segler.eu\/#organization"},"potentialAction":[{"@type":"SearchAction","target":{"@type":"EntryPoint","urlTemplate":"https:\/\/www.segler.eu\/?s={search_term_string}"},"query-input":{"@type":"PropertyValueSpecification","valueRequired":true,"valueName":"search_term_string"}}],"inLanguage":"ru-RU"},{"@type":"Organization","@id":"https:\/\/www.segler.eu\/#organization","name":"Segler-F\u00f6rderanlagen Maschinenfabrik GmbH","alternateName":"SEGLER","url":"https:\/\/www.segler.eu\/","logo":{"@type":"ImageObject","inLanguage":"ru-RU","@id":"https:\/\/www.segler.eu\/#\/schema\/logo\/image\/","url":"https:\/\/www.segler.eu\/wp-content\/uploads\/2024\/11\/SEGLER-BERGE-1.png","contentUrl":"https:\/\/www.segler.eu\/wp-content\/uploads\/2024\/11\/SEGLER-BERGE-1.png","width":750,"height":750,"caption":"Segler-F\u00f6rderanlagen Maschinenfabrik GmbH"},"image":{"@id":"https:\/\/www.segler.eu\/#\/schema\/logo\/image\/"},"sameAs":["https:\/\/www.facebook.com\/people\/Segler-Frderanlagen-Maschinenfabrik-GmbH\/61567270711954\/"]}]}},"_links":{"self":[{"href":"https:\/\/www.segler.eu\/ru\/wp-json\/wp\/v2\/pages\/269","targetHints":{"allow":["GET"]}}],"collection":[{"href":"https:\/\/www.segler.eu\/ru\/wp-json\/wp\/v2\/pages"}],"about":[{"href":"https:\/\/www.segler.eu\/ru\/wp-json\/wp\/v2\/types\/page"}],"author":[{"embeddable":true,"href":"https:\/\/www.segler.eu\/ru\/wp-json\/wp\/v2\/users\/1"}],"replies":[{"embeddable":true,"href":"https:\/\/www.segler.eu\/ru\/wp-json\/wp\/v2\/comments?post=269"}],"version-history":[{"count":0,"href":"https:\/\/www.segler.eu\/ru\/wp-json\/wp\/v2\/pages\/269\/revisions"}],"up":[{"embeddable":true,"href":"https:\/\/www.segler.eu\/ru\/wp-json\/wp\/v2\/pages\/181"}],"wp:attachment":[{"href":"https:\/\/www.segler.eu\/ru\/wp-json\/wp\/v2\/media?parent=269"}],"curies":[{"name":"WP","href":"https:\/\/api.w.org\/{rel}","templated":true}]}}